{"id":5245,"date":"2026-01-14T11:32:57","date_gmt":"2026-01-14T11:32:57","guid":{"rendered":"https:\/\/turkishtrade.co\/product\/mens-leather-loafer-shoes-4\/"},"modified":"2026-04-09T19:40:03","modified_gmt":"2026-04-09T19:40:03","slug":"mens-leather-loafer-shoes-4","status":"publish","type":"product","link":"https:\/\/turkishtrade.co\/tr\/shop\/mens-leather-loafer-shoes-4\/","title":{"rendered":"Premium El Yap\u0131m\u0131 Erkek Deri Loafer Ayakkab\u0131"},"content":{"rendered":"<p><strong>Erkek Deri Loafer Ayakkab\u0131<\/strong><\/p>\n<p>Premium El Yap\u0131m\u0131 Erkek Deri Loafer Ayakkab\u0131lar\u0131m\u0131zla benzersiz bir sofistikeli\u011fe ad\u0131m at\u0131n. Se\u00e7kin beyefendiler i\u00e7in tasarlanan bu zarif mokasen ayakkab\u0131lar, klasik zarafeti modern konforla harmanlayarak her l\u00fcks ayakkab\u0131 koleksiyonunun vazge\u00e7ilmez bir par\u00e7as\u0131 haline geliyor. Bu birinci s\u0131n\u0131f erkek deri loafer ayakkab\u0131lar\u0131n her bir \u00e7ifti, \u00fcst\u00fcn i\u015f\u00e7ili\u011fin bir kan\u0131t\u0131d\u0131r ve her durum i\u00e7in hem zamans\u0131z stil hem de kal\u0131c\u0131 kalite sa\u011flar.<\/p>\n<h3>E\u015fsiz Kalite ve Konfor<\/h3>\n<p>Ger\u00e7ek, y\u00fcksek kaliteli malzemelerin yaratt\u0131\u011f\u0131 fark\u0131 deneyimleyin. Erkek deri loafer ayakkab\u0131lar\u0131m\u0131z\u0131n d\u0131\u015f y\u00fczeyi, p\u00fcr\u00fczs\u00fcz dokusu, dayan\u0131kl\u0131l\u0131\u011f\u0131 ve zaman i\u00e7inde g\u00fczel bir patine geli\u015ftirme yetene\u011fi ile bilinen esnek dana derisinden titizlikle \u00fcretilmi\u015ftir. \u0130\u00e7 k\u0131s\u0131mda, ayaklar\u0131n\u0131z ilk giyimden itibaren ola\u011fan\u00fcst\u00fc nefes alabilirlik ve rahatl\u0131k sunan saf ke\u00e7i derisi astar\u0131n l\u00fcks yumu\u015fakl\u0131\u011f\u0131n\u0131n keyfini \u00e7\u0131karacak. Bu erkek deri loafer ayakkab\u0131lar, m\u00fckemmel duru\u015f ve g\u00fcn boyu rahatl\u0131k i\u00e7in 1-3 cm'lik ince bir topukla e\u015fle\u015ftirilmi\u015f, inan\u0131lmaz derecede hafif bir his ve m\u00fckemmel esneklik sa\u011flayan devrim niteli\u011finde bir mikro \u0131\u015f\u0131k taban\u0131 \u00fczerine in\u015fa edilmi\u015ftir. Bu kombinasyon, erkek deri loafer ayakkab\u0131lar\u0131m\u0131z\u0131n sadece \u015f\u0131k de\u011fil, ayn\u0131 zamanda son derece rahat olmas\u0131n\u0131 sa\u011flar.<\/p>\n<h3>Her Durum \u0130\u00e7in Zarif Tasar\u0131m<\/h3>\n<p>Erkek deri loafer ayakkab\u0131 koleksiyonumuz, zahmetsiz stil i\u00e7in m\u00fckemmel olan se\u00e7kin bir slip-on tasar\u0131ma sahiptir. Her bir \u00e7ift, bireysellik ve \u015f\u0131kl\u0131k katan benzersiz, sofistike toka vurgular\u0131yla s\u00fcslenmi\u015ftir. Derin, zarif mavi ve zengin, s\u0131cak kahverengi gibi rafine renklerden olu\u015fan bir palette sunulan bu \u00e7ok y\u00f6nl\u00fc erkek deri loafer ayakkab\u0131lar, resmi i\u015f ortamlar\u0131ndan \u015f\u0131k ve g\u00fcndelik etkinliklere sorunsuz bir \u015fekilde ge\u00e7i\u015f yapar. \u0130ster \u00f6zel dikim tak\u0131m elbiselerle ister sofistike chino pantolonlarla e\u015fle\u015ftirilsin, bu el yap\u0131m\u0131 erkek deri loafer ayakkab\u0131lar rafine esteti\u011fiyle kombininizi y\u00fckseltmeyi vaat ediyor.<\/p>\n<h3>Dayan\u0131kl\u0131l\u0131k ve Stil i\u00e7in \u00dcretildi<\/h3>\n<p>Bu erkek deri loafer ayakkab\u0131lar\u0131ndaki her ayr\u0131nt\u0131, m\u00fckemmelli\u011fe adanm\u0131\u015fl\u0131k hakk\u0131nda \u00e7ok \u015fey anlat\u0131yor. Hassas diki\u015flerden \u00f6zenle se\u00e7ilen derilere kadar, bu ayakkab\u0131lar uzun s\u00fcre dayanacak \u015fekilde \u00fcretilmi\u015ftir ve d\u00fczenli kullan\u0131mda bile bozulmam\u0131\u015f g\u00f6r\u00fcn\u00fcmlerini korurlar. Erkek deri loafer ayakkab\u0131lar\u0131m\u0131za yat\u0131r\u0131m yapmak, geleneksel zanaatkar tekniklerini \u00e7a\u011fda\u015f tasar\u0131m ilkeleriyle birle\u015ftiren, hem kalite hem de stil a\u00e7\u0131s\u0131ndan \u00f6ne \u00e7\u0131kan bir \u00fcr\u00fcn sunan ayakkab\u0131 se\u00e7mek anlam\u0131na gelir.<\/p>\n<h3>Toptan Sat\u0131\u015f F\u0131rsat\u0131 ve Verimli Teslimat<\/h3>\n<p>Bu ola\u011fan\u00fcst\u00fc erkek deri loafer ayakkab\u0131lar\u0131n\u0131 toptan sat\u0131\u015fa sunmaktan gurur duyuyoruz. Sadece 8 \u00e7iftlik minimum sipari\u015f miktar\u0131yla, perakendeciler ve toplu al\u0131c\u0131lar bu aranan \u00fcr\u00fcnleri kolayca stoklayabilir. Envanterinizin derhal yenilenebilmesi i\u00e7in tahmini 12 g\u00fcnl\u00fck teslimat s\u00fcresi ve standart nakliye ile kolayla\u015ft\u0131r\u0131lm\u0131\u015f bir s\u00fcre\u00e7 sa\u011fl\u0131yoruz. M\u00fc\u015fterilerinize l\u00fcks ve konforu tan\u0131mlayan ayakkab\u0131lar sunmak i\u00e7in el yap\u0131m\u0131 erkek deri loafer ayakkab\u0131lar\u0131m\u0131z\u0131 se\u00e7in.<\/p>","protected":false},"excerpt":{"rendered":"<ul>\n<li><b>Premium Malzemeler:<\/b> En \u00fcst d\u00fczeyde konfor i\u00e7in dayan\u0131kl\u0131 dana derisi d\u0131\u015f y\u00fczey ve yumu\u015fak ke\u00e7i derisi i\u00e7 k\u0131s\u0131m ile \u00fcretilmi\u015ftir.<\/li>\n<li><b>Hafif Konfor:<\/b> Zahmetsiz kullan\u0131m i\u00e7in mikro hafif tabana ve 1-3 cm'lik ince bir topu\u011fa sahiptir.<\/li>\n<li><b>Zarif Tasar\u0131m:<\/b> Sofistike loafer stili \u00e7e\u015fitli bedenlerde (AB 39-45) mevcuttur.<\/li>\n<li><b>Toptan Sat\u0131\u015f:<\/b> Minimum 8 \u00e7ift sipari\u015f; perakendeciler ve toplu al\u0131m yapanlar i\u00e7in idealdir.<\/li>\n<li><b>Etkili Teslimat:<\/b> Teslimat\u0131n 12 g\u00fcn art\u0131 nakliye s\u00fcresi i\u00e7inde ger\u00e7ekle\u015fmesini bekleyin.<\/li>\n<\/ul>","protected":false},"featured_media":3534,"template":"","meta":{"_acf_changed":false,"_uag_custom_page_level_css":"","site-sidebar-layout":"default","site-content-layout":"","ast-site-content-layout":"default","site-content-style":"default","site-sidebar-style":"default","ast-global-header-display":"","ast-banner-title-visibility":"","ast-main-header-display":"","ast-hfb-above-header-display":"","ast-hfb-below-header-display":"","ast-hfb-mobile-header-display":"","site-post-title":"","ast-breadcrumbs-content":"","ast-featured-img":"","footer-sml-layout":"","ast-disable-related-posts":"","theme-transparent-header-meta":"default","adv-header-id-meta":"","stick-header-meta":"","header-above-stick-meta":"","header-main-stick-meta":"","header-below-stick-meta":"","astra-migrate-meta-layouts":"set","ast-page-background-enabled":"default","ast-page-background-meta":{"desktop":{"background-color":"var(--ast-global-color-4)","background-image":"","background-repeat":"repeat","background-position":"center center","background-size":"auto","background-attachment":"scroll","background-type":"","background-media":"","overlay-type":"","overlay-color":"","overlay-opacity":"","overlay-gradient":""},"tablet":{"background-color":"","background-image":"","background-repeat":"repeat","background-position":"center center","background-size":"auto","background-attachment":"scroll","background-type":"","background-media":"","overlay-type":"","overlay-color":"","overlay-opacity":"","overlay-gradient":""},"mobile":{"background-color":"","background-image":"","background-repeat":"repeat","background-position":"center center","background-size":"auto","background-attachment":"scroll","background-type":"","background-media":"","overlay-type":"","overlay-color":"","overlay-opacity":"","overlay-gradient":""}},"ast-content-background-meta":{"desktop":{"background-color":"var(--ast-global-color-5)","background-image":"","background-repeat":"repeat","background-position":"center center","background-size":"auto","background-attachment":"scroll","background-type":"","background-media":"","overlay-type":"","overlay-color":"","overlay-opacity":"","overlay-gradient":""},"tablet":{"background-color":"var(--ast-global-color-5)","background-image":"","background-repeat":"repeat","background-position":"center center","background-size":"auto","background-attachment":"scroll","background-type":"","background-media":"","overlay-type":"","overlay-color":"","overlay-opacity":"","overlay-gradient":""},"mobile":{"background-color":"var(--ast-global-color-5)","background-image":"","background-repeat":"repeat","background-position":"center center","background-size":"auto","background-attachment":"scroll","background-type":"","background-media":"","overlay-type":"","overlay-color":"","overlay-opacity":"","overlay-gradient":""}}},"product_brand":[],"product_cat":[47,430,40],"product_tag":[635,147,555,352,556,450,148,217,324,817,466,374,184,280,281],"class_list":{"0":"post-5245","1":"product","2":"type-product","3":"status-publish","4":"has-post-thumbnail","6":"product_cat-classic","7":"product_cat-men","8":"product_cat-mens-shoes","9":"product_tag-blue-loafers","10":"product_tag-brown-loafers","11":"product_tag-calfskin-loafers","12":"product_tag-formal-loafers","13":"product_tag-goatskin-lining","14":"product_tag-handcrafted-shoes","15":"product_tag-loafers","16":"product_tag-luxury-footwear","17":"product_tag-mens-dress-shoes","18":"product_tag-mens-leather-loafer-shoes","19":"product_tag-microlight-sole","20":"product_tag-premium-loafers","21":"product_tag-slip-on-shoes","22":"product_tag-smart-casual-shoes","23":"product_tag-wholesale-shoes","24":"desktop-align-center","25":"tablet-align-center","26":"mobile-align-center","28":"first","29":"instock","30":"shipping-taxable","31":"purchasable","32":"product-type-variable","33":"has-default-attributes"},"acf":[],"uagb_featured_image_src":{"full":["https:\/\/turkishtrade.co\/wp-content\/uploads\/2026\/01\/2400EJOMN00132-BROWN-Y_568.png",453,250,false],"thumbnail":["https:\/\/turkishtrade.co\/wp-content\/uploads\/2026\/01\/2400EJOMN00132-BROWN-Y_568-150x150.png",150,150,true],"medium":["https:\/\/turkishtrade.co\/wp-content\/uploads\/2026\/01\/2400EJOMN00132-BROWN-Y_568-300x166.png",300,166,true],"medium_large":["https:\/\/turkishtrade.co\/wp-content\/uploads\/2026\/01\/2400EJOMN00132-BROWN-Y_568.png",453,250,false],"large":["https:\/\/turkishtrade.co\/wp-content\/uploads\/2026\/01\/2400EJOMN00132-BROWN-Y_568.png",453,250,false],"1536x1536":["https:\/\/turkishtrade.co\/wp-content\/uploads\/2026\/01\/2400EJOMN00132-BROWN-Y_568.png",453,250,false],"2048x2048":["https:\/\/turkishtrade.co\/wp-content\/uploads\/2026\/01\/2400EJOMN00132-BROWN-Y_568.png",453,250,false],"trp-custom-language-flag":["https:\/\/turkishtrade.co\/wp-content\/uploads\/2026\/01\/2400EJOMN00132-BROWN-Y_568-18x10.png",18,10,true],"woocommerce_thumbnail":["https:\/\/turkishtrade.co\/wp-content\/uploads\/2026\/01\/2400EJOMN00132-BROWN-Y_568-400x250.png",400,250,true],"woocommerce_single":["https:\/\/turkishtrade.co\/wp-content\/uploads\/2026\/01\/2400EJOMN00132-BROWN-Y_568.png",453,250,false],"woocommerce_gallery_thumbnail":["https:\/\/turkishtrade.co\/wp-content\/uploads\/2026\/01\/2400EJOMN00132-BROWN-Y_568-100x100.png",100,100,true]},"uagb_author_info":{"display_name":"yaser olabi","author_link":"https:\/\/turkishtrade.co\/tr\/author\/"},"uagb_comment_info":0,"uagb_excerpt":"Premium Materials: Crafted with a durable calfskin exterior and soft goatskin interior for ultimate comfort. Lightweight Comfort: Features a microlight sole and a subtle 1-3 cm heel for effortless wear. Elegant Design: Sophisticated loafer style available in a range of sizes (EU 39-45). Wholesale Availability: Minimum order of 8 pairs; ideal for retailers and bulk&hellip;","_links":{"self":[{"href":"https:\/\/turkishtrade.co\/tr\/wp-json\/wp\/v2\/product\/5245","targetHints":{"allow":["GET"]}}],"collection":[{"href":"https:\/\/turkishtrade.co\/tr\/wp-json\/wp\/v2\/product"}],"about":[{"href":"https:\/\/turkishtrade.co\/tr\/wp-json\/wp\/v2\/types\/product"}],"wp:featuredmedia":[{"embeddable":true,"href":"https:\/\/turkishtrade.co\/tr\/wp-json\/wp\/v2\/media\/3534"}],"wp:attachment":[{"href":"https:\/\/turkishtrade.co\/tr\/wp-json\/wp\/v2\/media?parent=5245"}],"wp:term":[{"taxonomy":"product_brand","embeddable":true,"href":"https:\/\/turkishtrade.co\/tr\/wp-json\/wp\/v2\/product_brand?post=5245"},{"taxonomy":"product_cat","embeddable":true,"href":"https:\/\/turkishtrade.co\/tr\/wp-json\/wp\/v2\/product_cat?post=5245"},{"taxonomy":"product_tag","embeddable":true,"href":"https:\/\/turkishtrade.co\/tr\/wp-json\/wp\/v2\/product_tag?post=5245"}],"curies":[{"name":"wp","href":"https:\/\/api.w.org\/{rel}","templated":true}]}}