{"id":5240,"date":"2026-01-14T11:32:20","date_gmt":"2026-01-14T11:32:20","guid":{"rendered":"https:\/\/turkishtrade.co\/product\/croc-embossed-monk-strap-shoes\/"},"modified":"2026-04-09T19:40:10","modified_gmt":"2026-04-09T19:40:10","slug":"croc-embossed-monk-strap-shoes","status":"publish","type":"product","link":"https:\/\/turkishtrade.co\/tr\/shop\/croc-embossed-monk-strap-shoes\/","title":{"rendered":"Erkek Timsah Kabartmal\u0131 Premium Deri Monk Kay\u0131\u015fl\u0131 Ayakkab\u0131"},"content":{"rendered":"<p><strong>Krok Kabartmal\u0131 Monk Kay\u0131\u015fl\u0131 Ayakkab\u0131<\/strong><\/p>\n<p>\u00dcst\u00fcn kaliteli \u00fcr\u00fcnlerimizle benzersiz bir zarafete ve sofistike bir tarza ad\u0131m at\u0131n <strong>Krok Kabartmal\u0131 Monk Kay\u0131\u015fl\u0131 Ayakkab\u0131<\/strong>. \u0130nce i\u015f\u00e7ili\u011fi ve kendine \u00f6zg\u00fc moday\u0131 takdir eden modern beyefendiler i\u00e7in tasarlanan bu ayakkab\u0131lar, l\u00fcks ve konforun bir kan\u0131t\u0131d\u0131r. Her bir \u00e7ift, sadece ayakkab\u0131 de\u011fil, i\u015f k\u0131yafetlerinden \u015f\u0131k g\u00fcndelik tak\u0131mlara kadar her t\u00fcrl\u00fc gard\u0131robu zenginle\u015ftiren bir ifade par\u00e7as\u0131 sunmak i\u00e7in titizlikle haz\u0131rlanm\u0131\u015ft\u0131r. Bizim <strong>Krok Kabartmal\u0131 Monk Kay\u0131\u015fl\u0131 Ayakkab\u0131<\/strong> m\u00fc\u015fterilerine ger\u00e7ekten benzersiz ve y\u00fcksek kaliteli bir \u015fey sunmak isteyen perakendeciler i\u00e7in vazge\u00e7ilmez bir eklentidir.<\/p>\n<p>Bu ola\u011fan\u00fcst\u00fc binan\u0131n d\u0131\u015f cephesi <strong>Krok Kabartmal\u0131 Monk Kay\u0131\u015fl\u0131 Ayakkab\u0131<\/strong> dayan\u0131kl\u0131l\u0131\u011f\u0131, p\u00fcr\u00fczs\u00fcz dokusu ve zarif y\u00fczeyiyle tan\u0131nan y\u00fcksek kaliteli dana derisinden \u00fcretilmi\u015ftir. \u00c7arp\u0131c\u0131 timsah kabartmas\u0131 zengin, dokulu bir boyut katarak bu ayakkab\u0131lar\u0131 geleneksel tasar\u0131mlardan ay\u0131r\u0131r. Bu karma\u015f\u0131k detaylar ayr\u0131cal\u0131kl\u0131 bir hava yaratarak bu ayakkab\u0131lar\u0131 \u00f6zel g\u00fcnler i\u00e7in veya g\u00fcnl\u00fck profesyonel g\u00f6r\u00fcn\u00fcm\u00fcn\u00fcz\u00fcn imza unsuru olarak m\u00fckemmel k\u0131lar. Tekli monk kay\u0131\u015f kapama sadece g\u00fcvenli ve ayarlanabilir bir uyum sa\u011flamakla kalmaz, ayn\u0131 zamanda ba\u011fc\u0131kl\u0131 ayakkab\u0131lara zarif bir alternatif sunarak ayakkab\u0131n\u0131n zamans\u0131z \u00e7ekicili\u011fine katk\u0131da bulunur.<\/p>\n<h3>Rakipsiz Konfor ve \u0130\u015f\u00e7ilik<\/h3>\n<p>\u00c7arp\u0131c\u0131 g\u00f6r\u00fcn\u00fcmlerinin \u00f6tesinde, tasar\u0131m felsefemizde konfor her \u015feyden \u00f6nemlidir. Bu erkek ayakkab\u0131s\u0131n\u0131n i\u00e7 k\u0131sm\u0131 inan\u0131lmaz yumu\u015fak ke\u00e7i derisiyle astarlanm\u0131\u015ft\u0131r ve g\u00fcn boyunca ayaklar\u0131n\u0131z i\u00e7in nefes alabilen ve pel\u00fc\u015f bir ortam sa\u011flar. Bu i\u00e7 konfor taahh\u00fcd\u00fc, ayakkab\u0131n\u0131z\u0131 g\u00fcn boyunca giyebilece\u011finiz anlam\u0131na gelir. <strong>Krok Kabartmal\u0131 Monk Kay\u0131\u015fl\u0131 Ayakkab\u0131<\/strong> uzun s\u00fcreler boyunca \u00f6d\u00fcn vermeden kullanabilirsiniz. Bu zarif ayakkab\u0131lar\u0131n temelini hafif ama sa\u011flam microlight taban olu\u015fturur. Bu yenilik\u00e7i taban teknolojisi m\u00fckemmel tutu\u015f ve esneklik sa\u011flayarak her ad\u0131mda \u015foku emer ve bu ayakkab\u0131lar\u0131 hem hareketli \u015fehir sokaklar\u0131 hem de resmi etkinlikler i\u00e7in ideal bir se\u00e7im haline getirir.<\/p>\n<h3>Toptan ve Toplu Sipari\u015fler i\u00e7in M\u00fckemmel<\/h3>\n<p>Toptan sat\u0131\u015f ortaklar\u0131m\u0131z\u0131n ihtiya\u00e7lar\u0131n\u0131 anl\u0131yoruz. Bu enfes <strong>Krok Kabartmal\u0131 Monk Kay\u0131\u015fl\u0131 Ayakkab\u0131<\/strong> minimum 8 \u00e7ift sipari\u015f miktar\u0131 ile toplu al\u0131m i\u00e7in mevcuttur. \u00c7ift ba\u015f\u0131na rekabet\u00e7i USD fiyatlar\u0131 sunarak envanterinize de\u011ferli bir katk\u0131 sa\u011fl\u0131yoruz. Her sipari\u015f \u00f6zenle ele al\u0131nmakta olup, \u00fcretim ve teslimat s\u00fcresi yakla\u015f\u0131k 12 g\u00fcn art\u0131 nakliye olup, stoklar\u0131n\u0131z\u0131 etkili bir \u015fekilde planlaman\u0131za olanak tan\u0131r. Ayakkab\u0131lar\u0131m\u0131z, geni\u015f bir m\u00fc\u015fteri taban\u0131na hitap edecek \u015fekilde 39 ila 45 numara aras\u0131nda kapsaml\u0131 bir Avrupa beden yelpazesinde mevcuttur. M\u00fc\u015fterilerinize, \u00e7e\u015fitli k\u0131yafetleri zahmetsizce tamamlayan klasik siyah ve zengin kahverengi renklerde birinci s\u0131n\u0131f deri ayakkab\u0131lar\u0131n l\u00fcks\u00fcn\u00fc sunun.<\/p>\n<p>Kalite, stil ve konfora yat\u0131r\u0131m yap\u0131n <strong>Krok Kabartmal\u0131 Monk Kay\u0131\u015fl\u0131 Ayakkab\u0131<\/strong>. Geleneksel ayakkab\u0131c\u0131l\u0131k sanat\u0131n\u0131 \u00e7a\u011fda\u015f tasar\u0131m hassasiyetleriyle birle\u015ftiren bu ayakkab\u0131lar, zarif erkek ayakkab\u0131lar\u0131n\u0131n zirvesini temsil ediyor. \u0130ster ki\u015fisel kullan\u0131m i\u00e7in ister perakende koleksiyonunuzda se\u00e7kin bir \u00fcr\u00fcn olarak bu ayakkab\u0131lar etkilemeyi ve kal\u0131c\u0131 memnuniyet sa\u011flamay\u0131 vaat ediyor. Sadece hakiki deri ve uzman i\u015f\u00e7ili\u011fin sa\u011flayabilece\u011fi se\u00e7kin cazibe ve konforu kucaklay\u0131n.<\/p>","protected":false},"excerpt":{"rendered":"<ul>\n<li>Zarif Krok Kabartmal\u0131 Dana Derisi Saya<\/li>\n<li>\u00dcst\u00fcn Konfor i\u00e7in L\u00fcks Ke\u00e7i Derisi Astar<\/li>\n<li>Hafif ve Dayan\u0131kl\u0131 Microlight Taban<\/li>\n<li>Sofistike Tek Monk Kay\u0131\u015f Tasar\u0131m\u0131<\/li>\n<li>Klasik Siyah ve Zengin Kahverengi Tonlar\u0131nda Mevcuttur<\/li>\n<li>Geni\u015f Beden Aral\u0131\u011f\u0131: AB 39-45<\/li>\n<li>Toptan Sat\u0131\u015f Mevcuttur: Minimum 8 \u00e7ift sipari\u015f<\/li>\n<li>Rekabet\u00e7i Toptan Fiyatland\u0131rma: \u00c7ift ba\u015f\u0131na USD<\/li>\n<\/ul>","protected":false},"featured_media":3531,"template":"","meta":{"_acf_changed":false,"_uag_custom_page_level_css":"","site-sidebar-layout":"default","site-content-layout":"","ast-site-content-layout":"default","site-content-style":"default","site-sidebar-style":"default","ast-global-header-display":"","ast-banner-title-visibility":"","ast-main-header-display":"","ast-hfb-above-header-display":"","ast-hfb-below-header-display":"","ast-hfb-mobile-header-display":"","site-post-title":"","ast-breadcrumbs-content":"","ast-featured-img":"","footer-sml-layout":"","ast-disable-related-posts":"","theme-transparent-header-meta":"default","adv-header-id-meta":"","stick-header-meta":"","header-above-stick-meta":"","header-main-stick-meta":"","header-below-stick-meta":"","astra-migrate-meta-layouts":"set","ast-page-background-enabled":"default","ast-page-background-meta":{"desktop":{"background-color":"var(--ast-global-color-4)","background-image":"","background-repeat":"repeat","background-position":"center center","background-size":"auto","background-attachment":"scroll","background-type":"","background-media":"","overlay-type":"","overlay-color":"","overlay-opacity":"","overlay-gradient":""},"tablet":{"background-color":"","background-image":"","background-repeat":"repeat","background-position":"center center","background-size":"auto","background-attachment":"scroll","background-type":"","background-media":"","overlay-type":"","overlay-color":"","overlay-opacity":"","overlay-gradient":""},"mobile":{"background-color":"","background-image":"","background-repeat":"repeat","background-position":"center center","background-size":"auto","background-attachment":"scroll","background-type":"","background-media":"","overlay-type":"","overlay-color":"","overlay-opacity":"","overlay-gradient":""}},"ast-content-background-meta":{"desktop":{"background-color":"var(--ast-global-color-5)","background-image":"","background-repeat":"repeat","background-position":"center center","background-size":"auto","background-attachment":"scroll","background-type":"","background-media":"","overlay-type":"","overlay-color":"","overlay-opacity":"","overlay-gradient":""},"tablet":{"background-color":"var(--ast-global-color-5)","background-image":"","background-repeat":"repeat","background-position":"center center","background-size":"auto","background-attachment":"scroll","background-type":"","background-media":"","overlay-type":"","overlay-color":"","overlay-opacity":"","overlay-gradient":""},"mobile":{"background-color":"var(--ast-global-color-5)","background-image":"","background-repeat":"repeat","background-position":"center center","background-size":"auto","background-attachment":"scroll","background-type":"","background-media":"","overlay-type":"","overlay-color":"","overlay-opacity":"","overlay-gradient":""}}},"product_brand":[],"product_cat":[47,430,40],"product_tag":[605,218,391,202,251,437,219,227,416,324,466,404,254],"class_list":{"0":"post-5240","1":"product","2":"type-product","3":"status-publish","4":"has-post-thumbnail","6":"product_cat-classic","7":"product_cat-men","8":"product_cat-mens-shoes","9":"product_tag-black-shoes","10":"product_tag-brown-shoes","11":"product_tag-buckle-shoes","12":"product_tag-calf-leather","13":"product_tag-formal-shoes","14":"product_tag-goat-leather","15":"product_tag-handmade-shoes","16":"product_tag-leather-shoes","17":"product_tag-luxury-shoes","18":"product_tag-mens-dress-shoes","19":"product_tag-microlight-sole","20":"product_tag-monk-strap","21":"product_tag-wholesale-footwear","22":"desktop-align-center","23":"tablet-align-center","24":"mobile-align-center","26":"first","27":"instock","28":"shipping-taxable","29":"purchasable","30":"product-type-variable","31":"has-default-attributes"},"acf":[],"uagb_featured_image_src":{"full":["https:\/\/turkishtrade.co\/wp-content\/uploads\/2026\/01\/2400EJOMN00130-BROWN-Z_231.png",453,250,false],"thumbnail":["https:\/\/turkishtrade.co\/wp-content\/uploads\/2026\/01\/2400EJOMN00130-BROWN-Z_231-150x150.png",150,150,true],"medium":["https:\/\/turkishtrade.co\/wp-content\/uploads\/2026\/01\/2400EJOMN00130-BROWN-Z_231-300x166.png",300,166,true],"medium_large":["https:\/\/turkishtrade.co\/wp-content\/uploads\/2026\/01\/2400EJOMN00130-BROWN-Z_231.png",453,250,false],"large":["https:\/\/turkishtrade.co\/wp-content\/uploads\/2026\/01\/2400EJOMN00130-BROWN-Z_231.png",453,250,false],"1536x1536":["https:\/\/turkishtrade.co\/wp-content\/uploads\/2026\/01\/2400EJOMN00130-BROWN-Z_231.png",453,250,false],"2048x2048":["https:\/\/turkishtrade.co\/wp-content\/uploads\/2026\/01\/2400EJOMN00130-BROWN-Z_231.png",453,250,false],"trp-custom-language-flag":["https:\/\/turkishtrade.co\/wp-content\/uploads\/2026\/01\/2400EJOMN00130-BROWN-Z_231-18x10.png",18,10,true],"woocommerce_thumbnail":["https:\/\/turkishtrade.co\/wp-content\/uploads\/2026\/01\/2400EJOMN00130-BROWN-Z_231-400x250.png",400,250,true],"woocommerce_single":["https:\/\/turkishtrade.co\/wp-content\/uploads\/2026\/01\/2400EJOMN00130-BROWN-Z_231.png",453,250,false],"woocommerce_gallery_thumbnail":["https:\/\/turkishtrade.co\/wp-content\/uploads\/2026\/01\/2400EJOMN00130-BROWN-Z_231-100x100.png",100,100,true]},"uagb_author_info":{"display_name":"yaser olabi","author_link":"https:\/\/turkishtrade.co\/tr\/author\/"},"uagb_comment_info":0,"uagb_excerpt":"Exquisite Croc Embossed Calf Leather Upper Luxurious Goat Leather Lining for Supreme Comfort Lightweight and Durable Microlight Sole Sophisticated Single Monk Strap Design Available in Classic Black and Rich Brown Hues Generous Size Range: EU 39-45 Wholesale Availability: Minimum order of 8 pairs Competitive Wholesale Pricing: USD per pair","_links":{"self":[{"href":"https:\/\/turkishtrade.co\/tr\/wp-json\/wp\/v2\/product\/5240","targetHints":{"allow":["GET"]}}],"collection":[{"href":"https:\/\/turkishtrade.co\/tr\/wp-json\/wp\/v2\/product"}],"about":[{"href":"https:\/\/turkishtrade.co\/tr\/wp-json\/wp\/v2\/types\/product"}],"wp:featuredmedia":[{"embeddable":true,"href":"https:\/\/turkishtrade.co\/tr\/wp-json\/wp\/v2\/media\/3531"}],"wp:attachment":[{"href":"https:\/\/turkishtrade.co\/tr\/wp-json\/wp\/v2\/media?parent=5240"}],"wp:term":[{"taxonomy":"product_brand","embeddable":true,"href":"https:\/\/turkishtrade.co\/tr\/wp-json\/wp\/v2\/product_brand?post=5240"},{"taxonomy":"product_cat","embeddable":true,"href":"https:\/\/turkishtrade.co\/tr\/wp-json\/wp\/v2\/product_cat?post=5240"},{"taxonomy":"product_tag","embeddable":true,"href":"https:\/\/turkishtrade.co\/tr\/wp-json\/wp\/v2\/product_tag?post=5240"}],"curies":[{"name":"wp","href":"https:\/\/api.w.org\/{rel}","templated":true}]}}