{"id":5237,"date":"2026-01-14T11:32:01","date_gmt":"2026-01-14T11:32:01","guid":{"rendered":"https:\/\/turkishtrade.co\/product\/men-leather-monk-strap-shoes-2\/"},"modified":"2026-04-09T19:40:17","modified_gmt":"2026-04-09T19:40:17","slug":"luxury-mens-leather-monk-strap-shoes","status":"publish","type":"product","link":"https:\/\/turkishtrade.co\/tr\/shop\/luxury-mens-leather-monk-strap-shoes\/","title":{"rendered":"Erkek Premium Dana Derisi Monk Kay\u0131\u015fl\u0131 Ayakkab\u0131"},"content":{"rendered":"<p><strong>Erkek Deri Monk Strap Ayakkab\u0131<\/strong><\/p>\n<p>Enfes koleksiyonumuzla benzersiz bir sofistikeli\u011fe ad\u0131m at\u0131n <strong>Erkek Deri Monk Strap Ayakkab\u0131<\/strong>. Bunlar sadece ayakkab\u0131 de\u011fil; zamans\u0131z \u015f\u0131kl\u0131\u011f\u0131n ve \u00fcst\u00fcn i\u015f\u00e7ili\u011fin bir ifadesidir. Se\u00e7kin beyefendiler i\u00e7in tasarlanan birinci s\u0131n\u0131f <strong>erkek deri tek kay\u0131\u015fl\u0131 ayakkab\u0131<\/strong> klasik stili modern konforla harmanlayarak her gard\u0131robun vazge\u00e7ilmez bir par\u00e7as\u0131 haline getiriyor.<\/p>\n<h3>Her Durum i\u00e7in \u00c7ok Y\u00f6nl\u00fc Stil<\/h3>\n<p>Zarif toka ba\u011flant\u0131s\u0131yla karakterize edilen ikonik monk kay\u0131\u015f tasar\u0131m\u0131, geleneksel ba\u011fc\u0131kl\u0131 ayakkab\u0131lara farkl\u0131 bir alternatif sunuyor. Bu \u00e7ok y\u00f6nl\u00fc <strong>erkek deri tek kay\u0131\u015fl\u0131 ayakkab\u0131<\/strong> Resmi i\u015f toplant\u0131lar\u0131ndan siyah kravatl\u0131 etkinliklere ve hatta \u015f\u0131k g\u00fcndelik tak\u0131mlara sorunsuzca ge\u00e7i\u015f yapar. Klasik mavi ve zengin kahverengi gibi sofistike tonlarda mevcut olan bu ayakkab\u0131lar, ki\u015fisel tarz\u0131n\u0131z\u0131 tamamlamak i\u00e7in geni\u015f se\u00e7enekler sunar. Keskin bir profesyonel g\u00f6r\u00fcn\u00fcm i\u00e7in \u00f6zel dikim bir tak\u0131m elbise ile e\u015fle\u015ftirin veya zarif bir hafta sonu k\u0131yafeti i\u00e7in chino pantolon ve blazer ceket ile giydirin. Durum ne olursa olsun, bu birinci s\u0131n\u0131f <strong>deri tek kay\u0131\u015fl\u0131 ayakkab\u0131<\/strong> k\u0131yafetlerinizi rafine bir g\u00fcven havas\u0131yla y\u00fckseltecek.<\/p>\n<p>&nbsp;<\/p>","protected":false},"excerpt":{"rendered":"<ul>\n<li><strong>Premium Malzemeler:<\/strong> \u00dcst\u00fcn konfor ve dayan\u0131kl\u0131l\u0131k i\u00e7in hakiki dana derisi d\u0131\u015f y\u00fczey ve yumu\u015fak ke\u00e7i derisi i\u00e7 k\u0131s\u0131m ile \u00fcretilmi\u015ftir.<\/li>\n<li><strong>Rahat ve Hafif:<\/strong> Dayan\u0131kl\u0131 mikro hafif tabana ve g\u00fcn boyu kullan\u0131m i\u00e7in 1-3 cm'lik ince bir topu\u011fa sahiptir.<\/li>\n<li><strong>Zarif Tasar\u0131m:<\/strong> Klasik ke\u015fi\u015f kay\u0131\u015f\u0131 stili, resmi etkinlikler, i\u015f k\u0131yafetleri veya sofistike g\u00fcndelik g\u00f6r\u00fcn\u00fcmler i\u00e7in m\u00fckemmeldir.<\/li>\n<li><strong>\u00c7ok Y\u00f6nl\u00fc Boyutland\u0131rma:<\/strong> M\u00fckemmel bir uyum sa\u011flamak i\u00e7in 39-45 AB bedenlerinde mevcuttur.<\/li>\n<li><strong>Toptan Sat\u0131\u015f F\u0131rsat\u0131:<\/strong> Minimum 8 \u00e7ift sipari\u015f, 12 g\u00fcn teslim s\u00fcresi art\u0131 nakliye ile mevcuttur.<\/li>\n<\/ul>","protected":false},"featured_media":3529,"template":"","meta":{"_acf_changed":false,"_uag_custom_page_level_css":"","site-sidebar-layout":"default","site-content-layout":"","ast-site-content-layout":"default","site-content-style":"default","site-sidebar-style":"default","ast-global-header-display":"","ast-banner-title-visibility":"","ast-main-header-display":"","ast-hfb-above-header-display":"","ast-hfb-below-header-display":"","ast-hfb-mobile-header-display":"","site-post-title":"","ast-breadcrumbs-content":"","ast-featured-img":"","footer-sml-layout":"","ast-disable-related-posts":"","theme-transparent-header-meta":"default","adv-header-id-meta":"","stick-header-meta":"","header-above-stick-meta":"","header-main-stick-meta":"","header-below-stick-meta":"","astra-migrate-meta-layouts":"set","ast-page-background-enabled":"default","ast-page-background-meta":{"desktop":{"background-color":"var(--ast-global-color-4)","background-image":"","background-repeat":"repeat","background-position":"center center","background-size":"auto","background-attachment":"scroll","background-type":"","background-media":"","overlay-type":"","overlay-color":"","overlay-opacity":"","overlay-gradient":""},"tablet":{"background-color":"","background-image":"","background-repeat":"repeat","background-position":"center center","background-size":"auto","background-attachment":"scroll","background-type":"","background-media":"","overlay-type":"","overlay-color":"","overlay-opacity":"","overlay-gradient":""},"mobile":{"background-color":"","background-image":"","background-repeat":"repeat","background-position":"center center","background-size":"auto","background-attachment":"scroll","background-type":"","background-media":"","overlay-type":"","overlay-color":"","overlay-opacity":"","overlay-gradient":""}},"ast-content-background-meta":{"desktop":{"background-color":"var(--ast-global-color-5)","background-image":"","background-repeat":"repeat","background-position":"center center","background-size":"auto","background-attachment":"scroll","background-type":"","background-media":"","overlay-type":"","overlay-color":"","overlay-opacity":"","overlay-gradient":""},"tablet":{"background-color":"var(--ast-global-color-5)","background-image":"","background-repeat":"repeat","background-position":"center center","background-size":"auto","background-attachment":"scroll","background-type":"","background-media":"","overlay-type":"","overlay-color":"","overlay-opacity":"","overlay-gradient":""},"mobile":{"background-color":"var(--ast-global-color-5)","background-image":"","background-repeat":"repeat","background-position":"center center","background-size":"auto","background-attachment":"scroll","background-type":"","background-media":"","overlay-type":"","overlay-color":"","overlay-opacity":"","overlay-gradient":""}}},"product_brand":[],"product_cat":[47,430,40],"product_tag":[391,688,566,284,201,189,198,286,466,404,362,280,254],"class_list":{"0":"post-5237","1":"product","2":"type-product","3":"status-publish","4":"has-post-thumbnail","6":"product_cat-classic","7":"product_cat-men","8":"product_cat-mens-shoes","9":"product_tag-buckle-shoes","10":"product_tag-business-attire","11":"product_tag-calfskin-shoes","12":"product_tag-dress-shoes","13":"product_tag-formal-footwear","14":"product_tag-goat-leather-lining","15":"product_tag-mens-fashion","16":"product_tag-mens-leather-shoes","17":"product_tag-microlight-sole","18":"product_tag-monk-strap","19":"product_tag-premium-footwear","20":"product_tag-smart-casual-shoes","21":"product_tag-wholesale-footwear","22":"desktop-align-center","23":"tablet-align-center","24":"mobile-align-center","26":"first","27":"instock","28":"shipping-taxable","29":"purchasable","30":"product-type-variable","31":"has-default-attributes"},"acf":[],"uagb_featured_image_src":{"full":["https:\/\/turkishtrade.co\/wp-content\/uploads\/2026\/01\/2400EJOMN00129-BURGUNDY-X_12573.png",453,250,false],"thumbnail":["https:\/\/turkishtrade.co\/wp-content\/uploads\/2026\/01\/2400EJOMN00129-BURGUNDY-X_12573-150x150.png",150,150,true],"medium":["https:\/\/turkishtrade.co\/wp-content\/uploads\/2026\/01\/2400EJOMN00129-BURGUNDY-X_12573-300x166.png",300,166,true],"medium_large":["https:\/\/turkishtrade.co\/wp-content\/uploads\/2026\/01\/2400EJOMN00129-BURGUNDY-X_12573.png",453,250,false],"large":["https:\/\/turkishtrade.co\/wp-content\/uploads\/2026\/01\/2400EJOMN00129-BURGUNDY-X_12573.png",453,250,false],"1536x1536":["https:\/\/turkishtrade.co\/wp-content\/uploads\/2026\/01\/2400EJOMN00129-BURGUNDY-X_12573.png",453,250,false],"2048x2048":["https:\/\/turkishtrade.co\/wp-content\/uploads\/2026\/01\/2400EJOMN00129-BURGUNDY-X_12573.png",453,250,false],"trp-custom-language-flag":["https:\/\/turkishtrade.co\/wp-content\/uploads\/2026\/01\/2400EJOMN00129-BURGUNDY-X_12573-18x10.png",18,10,true],"woocommerce_thumbnail":["https:\/\/turkishtrade.co\/wp-content\/uploads\/2026\/01\/2400EJOMN00129-BURGUNDY-X_12573-400x250.png",400,250,true],"woocommerce_single":["https:\/\/turkishtrade.co\/wp-content\/uploads\/2026\/01\/2400EJOMN00129-BURGUNDY-X_12573.png",453,250,false],"woocommerce_gallery_thumbnail":["https:\/\/turkishtrade.co\/wp-content\/uploads\/2026\/01\/2400EJOMN00129-BURGUNDY-X_12573-100x100.png",100,100,true]},"uagb_author_info":{"display_name":"yaser olabi","author_link":"https:\/\/turkishtrade.co\/tr\/author\/"},"uagb_comment_info":0,"uagb_excerpt":"Premium Materials: Crafted with genuine calfskin leather exterior and soft goat leather interior for ultimate comfort and durability. Comfortable &amp; Lightweight: Features a durable microlight sole and a subtle 1-3 cm heel for all-day wear. Elegant Design: Classic monk strap style, perfect for formal events, business attire, or sophisticated casual looks. Versatile Sizing: Available in&hellip;","_links":{"self":[{"href":"https:\/\/turkishtrade.co\/tr\/wp-json\/wp\/v2\/product\/5237","targetHints":{"allow":["GET"]}}],"collection":[{"href":"https:\/\/turkishtrade.co\/tr\/wp-json\/wp\/v2\/product"}],"about":[{"href":"https:\/\/turkishtrade.co\/tr\/wp-json\/wp\/v2\/types\/product"}],"wp:featuredmedia":[{"embeddable":true,"href":"https:\/\/turkishtrade.co\/tr\/wp-json\/wp\/v2\/media\/3529"}],"wp:attachment":[{"href":"https:\/\/turkishtrade.co\/tr\/wp-json\/wp\/v2\/media?parent=5237"}],"wp:term":[{"taxonomy":"product_brand","embeddable":true,"href":"https:\/\/turkishtrade.co\/tr\/wp-json\/wp\/v2\/product_brand?post=5237"},{"taxonomy":"product_cat","embeddable":true,"href":"https:\/\/turkishtrade.co\/tr\/wp-json\/wp\/v2\/product_cat?post=5237"},{"taxonomy":"product_tag","embeddable":true,"href":"https:\/\/turkishtrade.co\/tr\/wp-json\/wp\/v2\/product_tag?post=5237"}],"curies":[{"name":"wp","href":"https:\/\/api.w.org\/{rel}","templated":true}]}}