{"id":5231,"date":"2026-01-14T11:31:13","date_gmt":"2026-01-14T11:31:13","guid":{"rendered":"https:\/\/turkishtrade.co\/product\/men-crocodile-embossed-dress-shoes\/"},"modified":"2026-04-09T19:40:25","modified_gmt":"2026-04-09T19:40:25","slug":"mens-crocodile-embossed-dress-shoes","status":"publish","type":"product","link":"https:\/\/turkishtrade.co\/tr\/shop\/mens-crocodile-embossed-dress-shoes\/","title":{"rendered":"Premium Erkek Kahverengi Timsah Kabartmal\u0131 Deri Oxford Elbise Ayakkab\u0131s\u0131"},"content":{"rendered":"<p><strong>Erkek Timsah Kabartmal\u0131 Elbise Ayakkab\u0131s\u0131<\/strong><\/p>\n<p>Enfes \u00fcr\u00fcnlerimizle benzersiz bir zarafet ve sofistike bir d\u00fcnyaya ad\u0131m at\u0131n <b>Erkek Timsah Kabartmal\u0131 Elbise Ayakkab\u0131s\u0131<\/b>. Se\u00e7kin beyefendiler i\u00e7in tasarlanan bu ayakkab\u0131lar sadece bir ayakkab\u0131 de\u011fil; l\u00fcks ve rafine bir zevkin ifadesidir. Zengin, koyu kahverengi dana derisi d\u0131\u015f y\u00fczeyiyle titizlikle \u00fcretilen bu oxford ayakkab\u0131lar, dikkat \u00e7eken timsah kabartmal\u0131 dokusuyla resmi etkinlikler, \u00f6nemli i\u015f toplant\u0131lar\u0131 veya kal\u0131c\u0131 bir izlenim b\u0131rakman\u0131n \u00f6nemli oldu\u011fu her durum i\u00e7in m\u00fckemmel bir se\u00e7imdir. Bu birinci s\u0131n\u0131f ayakkab\u0131larla \u015f\u0131kl\u0131\u011f\u0131n zirvesini ya\u015fay\u0131n <b>Erkek Timsah Kabartmal\u0131 Elbise Ayakkab\u0131s\u0131<\/b>.<\/p>\n<h3>Rakipsiz \u0130\u015f\u00e7ilik ve Birinci S\u0131n\u0131f Malzemeler<\/h3>\n<p>Kaliteye olan ba\u011fl\u0131l\u0131\u011f\u0131m\u0131z g\u00f6rsel \u00e7ekicili\u011fin \u00f6tesine ge\u00e7er. D\u0131\u015f y\u00fczeyi, dayan\u0131kl\u0131l\u0131\u011f\u0131, esnek hissi ve zarif bir \u015fekilde eskime kabiliyeti ile bilinen birinci s\u0131n\u0131f dana derisinden \u00fcretilmi\u015ftir. <b>Erkek Timsah Kabartmal\u0131 Elbise Ayakkab\u0131s\u0131<\/b> y\u0131llarca gard\u0131robunuzun de\u011ferli bir par\u00e7as\u0131 olmaya devam edecek. Her bir \u00e7ift, \u00fcst\u00fcn i\u015f\u00e7ili\u011fin ay\u0131rt edici \u00f6zelli\u011fi olan detaylara g\u00f6sterilen titiz dikkati sergiler. Bu l\u00fcks d\u0131\u015f katman\u0131 tamamlayan i\u00e7 k\u0131s\u0131m tamamen yumu\u015fak ke\u00e7i derisiyle astarlanm\u0131\u015ft\u0131r. Bu \u00f6zenli se\u00e7im, uzun s\u00fcreli kullan\u0131mdan sonra bile g\u00f6r\u00fcnd\u00fc\u011f\u00fc kadar iyi hissettiren \u0131smarlama bir uyum i\u00e7in ayaklar\u0131n\u0131za uyum sa\u011flayarak ola\u011fan\u00fcst\u00fc nefes alabilirlik ve rahatl\u0131k sunar. Bunlar <b>Erkek Timsah Kabartmal\u0131 Elbise Ayakkab\u0131s\u0131<\/b> modern profesyoneller i\u00e7in m\u00fckemmel olan e\u015fsiz bir stil ve konfor kar\u0131\u015f\u0131m\u0131 sunar.<\/p>\n<h3>Sizin \u0130\u00e7in Tasarlanm\u0131\u015f Konfor ve Dayan\u0131kl\u0131l\u0131k<\/h3>\n<p>Bu ola\u011fan\u00fcst\u00fc eserlerin temeli <b>Erkek Timsah Kabartmal\u0131 Elbise Ayakkab\u0131s\u0131<\/b> y\u00fcksek performansl\u0131 bir microlight taband\u0131r. Hem hafiflik hem de esneklik i\u00e7in tasarlanan microlight taban, gereksiz a\u011f\u0131rl\u0131k eklemeden \u00fcst\u00fcn kavrama ve \u015fok emilimi sunarak zahmetsiz bir y\u00fcr\u00fcy\u00fc\u015fe katk\u0131da bulunur. \u0130nce ama zarif 1-3 cm topukla e\u015fle\u015ftirilen bu ayakkab\u0131lar, duru\u015funuzu ve genel varl\u0131\u011f\u0131n\u0131z\u0131 geli\u015ftirerek m\u00fckemmel bir kald\u0131rma sa\u011flar. 39'dan 45'e kadar kapsaml\u0131 bir Avrupa beden yelpazesi sunuyoruz ve her beyefendinin bu ola\u011fan\u00fcst\u00fc ayakkab\u0131larla m\u00fckemmel uyumunu bulabilmesini sa\u011fl\u0131yoruz. <b>Erkek Timsah Kabartmal\u0131 Elbise Ayakkab\u0131s\u0131<\/b>.<\/p>\n<h3>Dikkatli Al\u0131c\u0131lar i\u00e7in Toptan Sat\u0131\u015f F\u0131rsatlar\u0131<\/h3>\n<p>\u0130\u015fletmeler ve perakendeciler i\u00e7in kalite ve ayr\u0131cal\u0131k talebini anl\u0131yoruz. Bu l\u00fcks <b>Erkek Timsah Kabartmal\u0131 Elbise Ayakkab\u0131s\u0131<\/b> minimum 8 \u00e7ift sipari\u015f miktar\u0131 ile toptan sat\u0131\u015f i\u00e7in mevcuttur. M\u00fc\u015fterilerinize \u00f6ne \u00e7\u0131kan birinci s\u0131n\u0131f ayakkab\u0131lar sunman\u0131za olanak tan\u0131yan, botlar hari\u00e7 \u00e7ift ba\u015f\u0131na USD gibi rekabet\u00e7i bir fiyat sunuyoruz. Yakla\u015f\u0131k 12 g\u00fcnl\u00fck teslimat s\u00fcresi ve kargo ile bu talep g\u00f6ren ayakkab\u0131lar\u0131 h\u0131zl\u0131 bir \u015fekilde stoklayabilirsiniz. En iyi i\u015f\u00e7ili\u011fe yat\u0131r\u0131m yap\u0131n ve ola\u011fan\u00fcst\u00fc \u00fcr\u00fcnlerimiz sayesinde zamans\u0131z stili modern l\u00fcksle harmanlayan ayakkab\u0131larla envanterinizi y\u00fckseltin. <b>Erkek Timsah Kabartmal\u0131 Elbise Ayakkab\u0131s\u0131<\/b>. Bunlar resmi erkek ayakkab\u0131lar\u0131 i\u00e7in ger\u00e7ekten en iyi se\u00e7imdir.<\/p>","protected":false},"excerpt":{"rendered":"<ul>\n<li>Zarif Krokodil Kabartmal\u0131 Dana Derisi D\u0131\u015f Y\u00fczey<\/li>\n<li>Konfor i\u00e7in L\u00fcks Ke\u00e7i Derisi \u0130\u00e7 Astar<\/li>\n<li>Hafif ve Dayan\u0131kl\u0131 Microlight Taban<\/li>\n<li>Zarif 1-3cm Topuk Y\u00fcksekli\u011fi<\/li>\n<li>39-45 Avrupa Bedenlerinde Mevcuttur<\/li>\n<li>Minimum Sipari\u015f Miktar\u0131: 8 \u00c7ift<\/li>\n<li>Toptan Sat\u0131\u015f Fiyat\u0131: \u00c7ift ba\u015f\u0131na USD<\/li>\n<\/ul>","protected":false},"featured_media":3525,"template":"","meta":{"_acf_changed":false,"_uag_custom_page_level_css":"","site-sidebar-layout":"default","site-content-layout":"","ast-site-content-layout":"default","site-content-style":"default","site-sidebar-style":"default","ast-global-header-display":"","ast-banner-title-visibility":"","ast-main-header-display":"","ast-hfb-above-header-display":"","ast-hfb-below-header-display":"","ast-hfb-mobile-header-display":"","site-post-title":"","ast-breadcrumbs-content":"","ast-featured-img":"","footer-sml-layout":"","ast-disable-related-posts":"","theme-transparent-header-meta":"default","adv-header-id-meta":"","stick-header-meta":"","header-above-stick-meta":"","header-main-stick-meta":"","header-below-stick-meta":"","astra-migrate-meta-layouts":"set","ast-page-background-enabled":"default","ast-page-background-meta":{"desktop":{"background-color":"var(--ast-global-color-4)","background-image":"","background-repeat":"repeat","background-position":"center center","background-size":"auto","background-attachment":"scroll","background-type":"","background-media":"","overlay-type":"","overlay-color":"","overlay-opacity":"","overlay-gradient":""},"tablet":{"background-color":"","background-image":"","background-repeat":"repeat","background-position":"center center","background-size":"auto","background-attachment":"scroll","background-type":"","background-media":"","overlay-type":"","overlay-color":"","overlay-opacity":"","overlay-gradient":""},"mobile":{"background-color":"","background-image":"","background-repeat":"repeat","background-position":"center center","background-size":"auto","background-attachment":"scroll","background-type":"","background-media":"","overlay-type":"","overlay-color":"","overlay-opacity":"","overlay-gradient":""}},"ast-content-background-meta":{"desktop":{"background-color":"var(--ast-global-color-5)","background-image":"","background-repeat":"repeat","background-position":"center center","background-size":"auto","background-attachment":"scroll","background-type":"","background-media":"","overlay-type":"","overlay-color":"","overlay-opacity":"","overlay-gradient":""},"tablet":{"background-color":"var(--ast-global-color-5)","background-image":"","background-repeat":"repeat","background-position":"center center","background-size":"auto","background-attachment":"scroll","background-type":"","background-media":"","overlay-type":"","overlay-color":"","overlay-opacity":"","overlay-gradient":""},"mobile":{"background-color":"var(--ast-global-color-5)","background-image":"","background-repeat":"repeat","background-position":"center center","background-size":"auto","background-attachment":"scroll","background-type":"","background-media":"","overlay-type":"","overlay-color":"","overlay-opacity":"","overlay-gradient":""}}},"product_brand":[],"product_cat":[47,430,40],"product_tag":[199,405,185,534,418,251,189,803,217,324,198,466,804,362,281],"class_list":{"0":"post-5231","1":"product","2":"type-product","3":"status-publish","4":"has-post-thumbnail","6":"product_cat-classic","7":"product_cat-men","8":"product_cat-mens-shoes","9":"product_tag-brown-dress-shoes","10":"product_tag-business-shoes","11":"product_tag-calf-leather-shoes","12":"product_tag-crocodile-embossed-shoes","13":"product_tag-embossed-leather","14":"product_tag-formal-shoes","15":"product_tag-goat-leather-lining","16":"product_tag-leather-oxford-shoes","17":"product_tag-luxury-footwear","18":"product_tag-mens-dress-shoes","19":"product_tag-mens-fashion","20":"product_tag-microlight-sole","21":"product_tag-oxford-style","22":"product_tag-premium-footwear","23":"product_tag-wholesale-shoes","24":"desktop-align-center","25":"tablet-align-center","26":"mobile-align-center","28":"first","29":"instock","30":"shipping-taxable","31":"purchasable","32":"product-type-variable","33":"has-default-attributes"},"acf":[],"uagb_featured_image_src":{"full":["https:\/\/turkishtrade.co\/wp-content\/uploads\/2026\/01\/2400EJOMN00124-BROWN-Y_7661.png",453,250,false],"thumbnail":["https:\/\/turkishtrade.co\/wp-content\/uploads\/2026\/01\/2400EJOMN00124-BROWN-Y_7661-150x150.png",150,150,true],"medium":["https:\/\/turkishtrade.co\/wp-content\/uploads\/2026\/01\/2400EJOMN00124-BROWN-Y_7661-300x166.png",300,166,true],"medium_large":["https:\/\/turkishtrade.co\/wp-content\/uploads\/2026\/01\/2400EJOMN00124-BROWN-Y_7661.png",453,250,false],"large":["https:\/\/turkishtrade.co\/wp-content\/uploads\/2026\/01\/2400EJOMN00124-BROWN-Y_7661.png",453,250,false],"1536x1536":["https:\/\/turkishtrade.co\/wp-content\/uploads\/2026\/01\/2400EJOMN00124-BROWN-Y_7661.png",453,250,false],"2048x2048":["https:\/\/turkishtrade.co\/wp-content\/uploads\/2026\/01\/2400EJOMN00124-BROWN-Y_7661.png",453,250,false],"trp-custom-language-flag":["https:\/\/turkishtrade.co\/wp-content\/uploads\/2026\/01\/2400EJOMN00124-BROWN-Y_7661-18x10.png",18,10,true],"woocommerce_thumbnail":["https:\/\/turkishtrade.co\/wp-content\/uploads\/2026\/01\/2400EJOMN00124-BROWN-Y_7661-400x250.png",400,250,true],"woocommerce_single":["https:\/\/turkishtrade.co\/wp-content\/uploads\/2026\/01\/2400EJOMN00124-BROWN-Y_7661.png",453,250,false],"woocommerce_gallery_thumbnail":["https:\/\/turkishtrade.co\/wp-content\/uploads\/2026\/01\/2400EJOMN00124-BROWN-Y_7661-100x100.png",100,100,true]},"uagb_author_info":{"display_name":"yaser olabi","author_link":"https:\/\/turkishtrade.co\/tr\/author\/"},"uagb_comment_info":0,"uagb_excerpt":"Exquisite Crocodile Embossed Calf Leather Exterior Luxurious Goat Leather Interior Lining for Comfort Lightweight and Durable Microlight Sole Elegant 1-3cm Heel Height Available in European Sizes 39-45 Minimum Order Quantity: 8 Pairs Wholesale Price: USD per pair","_links":{"self":[{"href":"https:\/\/turkishtrade.co\/tr\/wp-json\/wp\/v2\/product\/5231","targetHints":{"allow":["GET"]}}],"collection":[{"href":"https:\/\/turkishtrade.co\/tr\/wp-json\/wp\/v2\/product"}],"about":[{"href":"https:\/\/turkishtrade.co\/tr\/wp-json\/wp\/v2\/types\/product"}],"wp:featuredmedia":[{"embeddable":true,"href":"https:\/\/turkishtrade.co\/tr\/wp-json\/wp\/v2\/media\/3525"}],"wp:attachment":[{"href":"https:\/\/turkishtrade.co\/tr\/wp-json\/wp\/v2\/media?parent=5231"}],"wp:term":[{"taxonomy":"product_brand","embeddable":true,"href":"https:\/\/turkishtrade.co\/tr\/wp-json\/wp\/v2\/product_brand?post=5231"},{"taxonomy":"product_cat","embeddable":true,"href":"https:\/\/turkishtrade.co\/tr\/wp-json\/wp\/v2\/product_cat?post=5231"},{"taxonomy":"product_tag","embeddable":true,"href":"https:\/\/turkishtrade.co\/tr\/wp-json\/wp\/v2\/product_tag?post=5231"}],"curies":[{"name":"wp","href":"https:\/\/api.w.org\/{rel}","templated":true}]}}