{"id":5227,"date":"2026-01-14T11:30:41","date_gmt":"2026-01-14T11:30:41","guid":{"rendered":"https:\/\/turkishtrade.co\/product\/men-s-calf-leather-derby-shoes\/"},"modified":"2026-04-09T19:40:32","modified_gmt":"2026-04-09T19:40:32","slug":"derby-shoes-mens-calf-leather-derby-shoes","status":"publish","type":"product","link":"https:\/\/turkishtrade.co\/tr\/shop\/derby-shoes-mens-calf-leather-derby-shoes\/","title":{"rendered":"Premium Erkek Dana Derisi Derby Ayakkab\u0131"},"content":{"rendered":"<p><strong>Erkek Dana Derisi Derby Ayakkab\u0131<\/strong><\/p>\n<p>Ayakkab\u0131 koleksiyonunuzu se\u00e7kin \u00fcr\u00fcnlerimizle geli\u015ftirin <strong>Erkek Dana Derisi Derby Ayakkab\u0131<\/strong>. Se\u00e7kin beyefendiler i\u00e7in tasarlanan bu ayakkab\u0131lar, zamans\u0131z \u015f\u0131kl\u0131\u011f\u0131 modern konforla m\u00fckemmel bir \u015fekilde harmanlayarak her gard\u0131robun vazge\u00e7ilmez bir par\u00e7as\u0131 haline geliyor. Bizim <strong>dana derisi Derby ayakkab\u0131<\/strong> hem benzersiz stil hem de kal\u0131c\u0131 kalite sa\u011flamak i\u00e7in titizlikle \u00fcretilmi\u015ftir ve birinci s\u0131n\u0131f erkek ayakkab\u0131lar\u0131nda yeni bir standart belirlemektedir.<\/p>\n<h3>Rakipsiz \u0130\u015f\u00e7ilik ve Birinci S\u0131n\u0131f Malzemeler<\/h3>\n<p>Bu ola\u011fan\u00fcst\u00fc \u00e7iftlerin her biri <strong>Erkek Dana Derisi Derby Ayakkab\u0131<\/strong> \u00fcst\u00fcn i\u015f\u00e7ili\u011fin bir kan\u0131t\u0131d\u0131r. D\u0131\u015f y\u00fczey, ola\u011fan\u00fcst\u00fc dayan\u0131kl\u0131l\u0131\u011f\u0131, zengin dokusu ve zaman i\u00e7inde g\u00fczel bir patine geli\u015ftirme yetene\u011fi ile tan\u0131nan y\u00fcksek kaliteli, esnek dana derisinden \u00fcretilmi\u015ftir. Bu malzeme se\u00e7imi, \u00e7antan\u0131z\u0131n <strong>dana derisi Derby ayakkab\u0131<\/strong> sadece sofistike g\u00f6r\u00fcnmekle kalmaz, ayn\u0131 zamanda zamana kar\u015f\u0131 da dayan\u0131kl\u0131d\u0131r. Sa\u011flam d\u0131\u015f y\u00fczeyi tamamlayan i\u00e7 k\u0131s\u0131m, l\u00fcks ve yumu\u015fak ke\u00e7i derisiyle astarlanm\u0131\u015ft\u0131r. Bu birinci s\u0131n\u0131f astar, ayaklar\u0131n\u0131z i\u00e7in nefes alabilen ve son derece rahat bir ortam sa\u011flayarak s\u00fcrt\u00fcnmeyi azalt\u0131r ve uzun s\u00fcreler boyunca bile genel giyilebilirli\u011fi art\u0131r\u0131r.<\/p>\n<h3>Microlight Teknolojisi ile Yeniden Tan\u0131mlanan Konforu Deneyimleyin<\/h3>\n<p>G\u00f6rsel \u00e7ekiciliklerinin \u00f6tesinde, bu <strong>erkek deri Derby ayakkab\u0131<\/strong> \u00fcst\u00fcn konfor i\u00e7in tasarlanm\u0131\u015ft\u0131r. Geleneksel tabanlara k\u0131yasla ola\u011fan\u00fcst\u00fc hafiflik ve esneklik sunan \u00f6nemli bir y\u00fckseltme olan yenilik\u00e7i Microlight tabana sahiptir. Bu geli\u015fmi\u015f taban teknolojisi m\u00fckemmel \u015fok emilimi sa\u011flar ve ayakkab\u0131n\u0131n toplam a\u011f\u0131rl\u0131\u011f\u0131n\u0131 azaltarak g\u00fcn boyunca zahmetsizce hareket etmenizi sa\u011flar. \u0130nce 1-3 cm topuk y\u00fcksekli\u011fi, konfordan \u00f6d\u00fcn vermeden klasik sofistike bir dokunu\u015f katar. EU 39'dan 45'e kadar kapsaml\u0131 bir beden yelpazesinde mevcut olan bu temel ayakkab\u0131lar i\u00e7in m\u00fckemmel uyumu bulmak <strong>Erkek Dana Derisi Derby Ayakkab\u0131<\/strong> basit.<\/p>\n<h3>Her Durum i\u00e7in \u00c7ok Y\u00f6nl\u00fc Stil<\/h3>\n<p>\u0130ster \u00f6nemli bir i\u015f toplant\u0131s\u0131na, ister resmi bir etkinli\u011fe, ister \u015f\u0131k ve g\u00fcndelik bir bulu\u015fmaya gidiyor olun, bu <strong>Erkek Dana Derisi Derby Ayakkab\u0131<\/strong> ideal arkada\u015f\u0131n\u0131zd\u0131r. \u00c7ok y\u00f6nl\u00fc tasar\u0131m\u0131 ve zengin malzemesi sayesinde keskin tak\u0131m elbiselerden \u00f6zel pantolonlara ve blazer ceketlere kadar geni\u015f bir yelpazedeki k\u0131yafetler i\u00e7in uygundur. Bu ola\u011fan\u00fcst\u00fc modellerden bir \u00e7ift al\u0131n <strong>dana derisi Derby ayakkab\u0131<\/strong> ve l\u00fcks, konfor ve zamans\u0131z stilin m\u00fckemmel birle\u015fimini deneyimleyin. Toptan sat\u0131\u015f talepleri i\u00e7in, minimum sipari\u015f miktar\u0131n\u0131n 8 \u00e7ift oldu\u011funu ve teslimat s\u00fcresinin 12 g\u00fcn art\u0131 nakliye oldu\u011funu l\u00fctfen unutmay\u0131n. Bu premium ayakkab\u0131lar\u0131n her bir \u00e7ifti <strong>erkek deri Derby ayakkab\u0131<\/strong> USD gibi rekabet\u00e7i bir toptan sat\u0131\u015f fiyat\u0131yla sunulmaktad\u0131r.<\/p>","protected":false},"excerpt":{"rendered":"<ul>\n<li>Dayan\u0131kl\u0131l\u0131k ve zamans\u0131z \u015f\u0131kl\u0131k i\u00e7in birinci s\u0131n\u0131f dana derisinden \u00fcretilmi\u015ftir.<\/li>\n<li>\u00dcst\u00fcn konfor ve nefes alabilirlik i\u00e7in l\u00fcks ke\u00e7i derisi i\u00e7 astar.<\/li>\n<li>Hafif esneklik ve uzun s\u00fcreli kullan\u0131m i\u00e7in yenilik\u00e7i Microlight taban.<\/li>\n<li>Sofistike bir stil i\u00e7in klasik 1-3 cm topuk y\u00fcksekli\u011fi.<\/li>\n<li>Kapsaml\u0131 bir beden aral\u0131\u011f\u0131nda mevcuttur: AB 39-45.<\/li>\n<li>Minimum sipari\u015f miktar\u0131: 8 \u00e7ift.<\/li>\n<li>Toptan Sat\u0131\u015f Fiyat\u0131: \u00c7ift ba\u015f\u0131na USD.<\/li>\n<li>Teslimat S\u00fcresi: 12 g\u00fcn + nakliye.<\/li>\n<\/ul>","protected":false},"featured_media":3523,"template":"","meta":{"_acf_changed":false,"_uag_custom_page_level_css":"","site-sidebar-layout":"default","site-content-layout":"","ast-site-content-layout":"default","site-content-style":"default","site-sidebar-style":"default","ast-global-header-display":"","ast-banner-title-visibility":"","ast-main-header-display":"","ast-hfb-above-header-display":"","ast-hfb-below-header-display":"","ast-hfb-mobile-header-display":"","site-post-title":"","ast-breadcrumbs-content":"","ast-featured-img":"","footer-sml-layout":"","ast-disable-related-posts":"","theme-transparent-header-meta":"default","adv-header-id-meta":"","stick-header-meta":"","header-above-stick-meta":"","header-main-stick-meta":"","header-below-stick-meta":"","astra-migrate-meta-layouts":"set","ast-page-background-enabled":"default","ast-page-background-meta":{"desktop":{"background-color":"var(--ast-global-color-4)","background-image":"","background-repeat":"repeat","background-position":"center center","background-size":"auto","background-attachment":"scroll","background-type":"","background-media":"","overlay-type":"","overlay-color":"","overlay-opacity":"","overlay-gradient":""},"tablet":{"background-color":"","background-image":"","background-repeat":"repeat","background-position":"center center","background-size":"auto","background-attachment":"scroll","background-type":"","background-media":"","overlay-type":"","overlay-color":"","overlay-opacity":"","overlay-gradient":""},"mobile":{"background-color":"","background-image":"","background-repeat":"repeat","background-position":"center center","background-size":"auto","background-attachment":"scroll","background-type":"","background-media":"","overlay-type":"","overlay-color":"","overlay-opacity":"","overlay-gradient":""}},"ast-content-background-meta":{"desktop":{"background-color":"var(--ast-global-color-5)","background-image":"","background-repeat":"repeat","background-position":"center center","background-size":"auto","background-attachment":"scroll","background-type":"","background-media":"","overlay-type":"","overlay-color":"","overlay-opacity":"","overlay-gradient":""},"tablet":{"background-color":"var(--ast-global-color-5)","background-image":"","background-repeat":"repeat","background-position":"center center","background-size":"auto","background-attachment":"scroll","background-type":"","background-media":"","overlay-type":"","overlay-color":"","overlay-opacity":"","overlay-gradient":""},"mobile":{"background-color":"var(--ast-global-color-5)","background-image":"","background-repeat":"repeat","background-position":"center center","background-size":"auto","background-attachment":"scroll","background-type":"","background-media":"","overlay-type":"","overlay-color":"","overlay-opacity":"","overlay-gradient":""}}},"product_brand":[],"product_cat":[47,430,40],"product_tag":[199,405,185,181,545,251,189,535,310,466,250,289],"class_list":{"0":"post-5227","1":"product","2":"type-product","3":"status-publish","4":"has-post-thumbnail","6":"product_cat-classic","7":"product_cat-men","8":"product_cat-mens-shoes","9":"product_tag-brown-dress-shoes","10":"product_tag-business-shoes","11":"product_tag-calf-leather-shoes","12":"product_tag-comfortable-dress-shoes","13":"product_tag-eu-39-45","14":"product_tag-formal-shoes","15":"product_tag-goat-leather-lining","16":"product_tag-leather-dress-shoes","17":"product_tag-mens-derby-shoes","18":"product_tag-microlight-sole","19":"product_tag-premium-leather","20":"product_tag-wholesale-leather-shoes","21":"desktop-align-center","22":"tablet-align-center","23":"mobile-align-center","25":"first","26":"instock","27":"shipping-taxable","28":"purchasable","29":"product-type-variable","30":"has-default-attributes"},"acf":[],"uagb_featured_image_src":{"full":["https:\/\/turkishtrade.co\/wp-content\/uploads\/2026\/01\/2400EJOMN00122-DARK-BROWN-Z_952.png",453,250,false],"thumbnail":["https:\/\/turkishtrade.co\/wp-content\/uploads\/2026\/01\/2400EJOMN00122-DARK-BROWN-Z_952-150x150.png",150,150,true],"medium":["https:\/\/turkishtrade.co\/wp-content\/uploads\/2026\/01\/2400EJOMN00122-DARK-BROWN-Z_952-300x166.png",300,166,true],"medium_large":["https:\/\/turkishtrade.co\/wp-content\/uploads\/2026\/01\/2400EJOMN00122-DARK-BROWN-Z_952.png",453,250,false],"large":["https:\/\/turkishtrade.co\/wp-content\/uploads\/2026\/01\/2400EJOMN00122-DARK-BROWN-Z_952.png",453,250,false],"1536x1536":["https:\/\/turkishtrade.co\/wp-content\/uploads\/2026\/01\/2400EJOMN00122-DARK-BROWN-Z_952.png",453,250,false],"2048x2048":["https:\/\/turkishtrade.co\/wp-content\/uploads\/2026\/01\/2400EJOMN00122-DARK-BROWN-Z_952.png",453,250,false],"trp-custom-language-flag":["https:\/\/turkishtrade.co\/wp-content\/uploads\/2026\/01\/2400EJOMN00122-DARK-BROWN-Z_952-18x10.png",18,10,true],"woocommerce_thumbnail":["https:\/\/turkishtrade.co\/wp-content\/uploads\/2026\/01\/2400EJOMN00122-DARK-BROWN-Z_952-400x250.png",400,250,true],"woocommerce_single":["https:\/\/turkishtrade.co\/wp-content\/uploads\/2026\/01\/2400EJOMN00122-DARK-BROWN-Z_952.png",453,250,false],"woocommerce_gallery_thumbnail":["https:\/\/turkishtrade.co\/wp-content\/uploads\/2026\/01\/2400EJOMN00122-DARK-BROWN-Z_952-100x100.png",100,100,true]},"uagb_author_info":{"display_name":"yaser olabi","author_link":"https:\/\/turkishtrade.co\/tr\/author\/"},"uagb_comment_info":0,"uagb_excerpt":"Crafted from premium calf leather for durability and timeless elegance. Luxurious goat leather interior lining for superior comfort and breathability. Innovative Microlight sole for lightweight flexibility and lasting wear. Classic 1-3 cm heel height for sophisticated styling. Available in a comprehensive size range: EU 39-45. Minimum order quantity: 8 pairs. Wholesale Price: USD per pair.&hellip;","_links":{"self":[{"href":"https:\/\/turkishtrade.co\/tr\/wp-json\/wp\/v2\/product\/5227","targetHints":{"allow":["GET"]}}],"collection":[{"href":"https:\/\/turkishtrade.co\/tr\/wp-json\/wp\/v2\/product"}],"about":[{"href":"https:\/\/turkishtrade.co\/tr\/wp-json\/wp\/v2\/types\/product"}],"wp:featuredmedia":[{"embeddable":true,"href":"https:\/\/turkishtrade.co\/tr\/wp-json\/wp\/v2\/media\/3523"}],"wp:attachment":[{"href":"https:\/\/turkishtrade.co\/tr\/wp-json\/wp\/v2\/media?parent=5227"}],"wp:term":[{"taxonomy":"product_brand","embeddable":true,"href":"https:\/\/turkishtrade.co\/tr\/wp-json\/wp\/v2\/product_brand?post=5227"},{"taxonomy":"product_cat","embeddable":true,"href":"https:\/\/turkishtrade.co\/tr\/wp-json\/wp\/v2\/product_cat?post=5227"},{"taxonomy":"product_tag","embeddable":true,"href":"https:\/\/turkishtrade.co\/tr\/wp-json\/wp\/v2\/product_tag?post=5227"}],"curies":[{"name":"wp","href":"https:\/\/api.w.org\/{rel}","templated":true}]}}