{"id":5223,"date":"2026-01-14T11:30:09","date_gmt":"2026-01-14T11:30:09","guid":{"rendered":"https:\/\/turkishtrade.co\/product\/brown-leather-monk-strap-shoes-2\/"},"modified":"2026-04-09T19:40:37","modified_gmt":"2026-04-09T19:40:37","slug":"brown-leather-monk-strap-shoes-2","status":"publish","type":"product","link":"https:\/\/turkishtrade.co\/tr\/shop\/brown-leather-monk-strap-shoes-2\/","title":{"rendered":"Erkekler i\u00e7in L\u00fcks Kahverengi Deri Monk Strap Ayakkab\u0131"},"content":{"rendered":"<p><strong>Kahverengi Deri Monk Kay\u0131\u015fl\u0131 Ayakkab\u0131<\/strong><\/p>\n<p>Ayakkab\u0131 koleksiyonunuzu se\u00e7kin \u00fcr\u00fcnlerimizle geli\u015ftirin <strong>Kahverengi Deri Monk Kay\u0131\u015fl\u0131 Ayakkab\u0131<\/strong>, Zamans\u0131z stilin ve kusursuz i\u015f\u00e7ili\u011fin ger\u00e7ek bir kan\u0131t\u0131d\u0131r. Se\u00e7kin beyefendiler i\u00e7in tasarlanan bu ayakkab\u0131lar, klasik \u015f\u0131kl\u0131\u011f\u0131 modern konforla kusursuz bir \u015fekilde harmanlayarak her gard\u0131rop i\u00e7in vazge\u00e7ilmez bir eklenti haline geliyor. \u0130ster resmi bir etkinli\u011fe, ister bir i\u015f toplant\u0131s\u0131na kat\u0131l\u0131yor olun, ister sadece g\u00fcnl\u00fck g\u00f6r\u00fcn\u00fcm\u00fcn\u00fcz\u00fc iyile\u015ftirmek istiyor olun, bu birinci s\u0131n\u0131f <strong>Erkek Elbise Ayakkab\u0131lar\u0131<\/strong> m\u00fckemmel bir se\u00e7imdir.<\/p>\n<p>D\u0131\u015f y\u00fczeyi en iyi tam tah\u0131ll\u0131 dana derisinden \u00fcretilen bu <strong>Kahverengi Deri Monk Kay\u0131\u015fl\u0131 Ayakkab\u0131<\/strong> sofistike ve \u00e7ok y\u00f6nl\u00fcl\u00fc\u011f\u00fc yans\u0131tan zengin, koyu kahverengi bir tona sahiptir. Dana derisi ola\u011fan\u00fcst\u00fc dayan\u0131kl\u0131l\u0131k ve l\u00fcks bir parlakl\u0131k sunar ve zamanla aya\u011f\u0131n\u0131za g\u00fczelce \u015fekil vererek \u00f6zel bir uyum sa\u011flar. \u0130\u00e7 k\u0131s\u0131mda, ayaklar\u0131n\u0131z nefes alabilirli\u011fi ve rahatl\u0131\u011f\u0131 ile \u00fcnl\u00fc, son derece yumu\u015fak ke\u00e7i derisi ile sar\u0131l\u0131r. Bu birinci s\u0131n\u0131f ke\u00e7i derisi astar, uzun s\u00fcreli kullan\u0131mlarda bile ayaklar\u0131n\u0131z\u0131 g\u00fcn boyunca rahat tutarak ho\u015f bir deneyim sa\u011flar.<\/p>\n<h3>Benzersiz Tasar\u0131m ve Konfor<\/h3>\n<p>\u015e\u0131k bir metal toka ile vurgulanan ay\u0131rt edici tekli monk kay\u0131\u015f tasar\u0131m\u0131, hem g\u00fcvenli bir uyum hem de cesur bir stil ifadesi sa\u011flar. Burun k\u0131sm\u0131ndaki ince brogue detaylar, ayakkab\u0131n\u0131n zarif siluetini bo\u011fmadan klasik bir hava katar. Bunlar <strong>Kahverengi Deri Monk Kay\u0131\u015fl\u0131 Ayakkab\u0131<\/strong> son derece \u00e7ok y\u00f6nl\u00fcd\u00fcr; \u00f6zel tak\u0131m elbiseler, \u015f\u0131k pantolonlar ve hatta sofistike i\u015f k\u0131yafetleri ile zahmetsizce e\u015fle\u015fir. Zarif esteti\u011fi her zaman \u015f\u0131k ve se\u00e7kin g\u00f6r\u00fcnmenizi sa\u011flar.<\/p>\n<p>Bu l\u00fcks tasar\u0131m\u0131n temelinde hafif ve sa\u011flam Microlight taban yer al\u0131r. Bu geli\u015fmi\u015f taban teknolojisi m\u00fckemmel yast\u0131klama ve destek sa\u011flayarak her ad\u0131mda rahatl\u0131k sunarken ayn\u0131 zamanda \u00fcst\u00fcn kavrama ve a\u015f\u0131nma direnci sa\u011flar. \u0130nce 1-3 cm topuk y\u00fcksekli\u011fi, konfordan \u00f6d\u00fcn vermeden zarif bir duru\u015fa katk\u0131da bulunarak bir y\u00fckselme dokunu\u015fu ekler. Bu ayakkab\u0131lar\u0131n her y\u00f6n\u00fc, \u00fcst\u00fcn kalitelerini vurgulayacak \u015fekilde en \u00fcst d\u00fczeyde memnuniyetiniz d\u00fc\u015f\u00fcn\u00fclerek tasarlanm\u0131\u015ft\u0131r.<\/p>\n<h3>Perakendeciler i\u00e7in Toptan Sat\u0131\u015f F\u0131rsat\u0131<\/h3>\n<p>AB 39'dan 45'e kadar kapsaml\u0131 bir beden yelpazesinde sunulan bu \u00fcst\u00fcn <strong>Kahverengi Deri Monk Kay\u0131\u015fl\u0131 Ayakkab\u0131<\/strong> en y\u00fcksek standartlar\u0131 kar\u015f\u0131lamak \u00fczere titizlikle in\u015fa edilmi\u015ftir. \u00dcst\u00fcn kaliteli \u00fcr\u00fcnler sunmak isteyen perakendeciler ve i\u015fletmeler i\u00e7in <strong>erkek resmi\u0307 ayakkabi<\/strong>, Bu ola\u011fan\u00fcst\u00fc ke\u015fi\u015f kay\u0131\u015fl\u0131 ayakkab\u0131lar\u0131 toptan sipari\u015fler i\u00e7in sunuyoruz. Minimum sipari\u015f miktar\u0131 sadece 8 \u00e7ift ve \u00e7ift ba\u015f\u0131na cazip toptan sat\u0131\u015f fiyat\u0131 ile bu l\u00fcks ayakkab\u0131lar\u0131 stoklamak m\u00fckemmel bir yat\u0131r\u0131md\u0131r. Yakla\u015f\u0131k 12 g\u00fcn i\u00e7inde verimli teslimat ve nakliye s\u00fcresi bekleyerek m\u00fc\u015fterilerinizin bu zarif ayakkab\u0131lar\u0131n keyfini gecikmeden \u00e7\u0131karmas\u0131n\u0131 sa\u011flay\u0131n. Envanterinizi hem l\u00fcks hem de kal\u0131c\u0131 de\u011fer vaat eden ayakkab\u0131larla zenginle\u015ftirin.<\/p>","protected":false},"excerpt":{"rendered":"<ul>\n<li>Zengin bir g\u00f6r\u00fcn\u00fcm ve his i\u00e7in zarif dana derisi d\u0131\u015f y\u00fczey<\/li>\n<li>G\u00fcn boyu konfor i\u00e7in yumu\u015fak ve nefes alabilen ke\u00e7i derisi i\u00e7 k\u0131s\u0131m<\/li>\n<li>Ola\u011fan\u00fcst\u00fc yast\u0131klama ve destek i\u00e7in dayan\u0131kl\u0131 Microlight taban<\/li>\n<li>\u0130nce brogue detaylar\u0131na sahip zarif tekli monk kay\u0131\u015f tasar\u0131m\u0131<\/li>\n<li>Kapsaml\u0131 bir AB beden yelpazesinde mevcuttur: 39, 40, 41, 42, 43, 44, 45<\/li>\n<li>Minimum sipari\u015f miktar\u0131: 8 \u00e7ift (toptan sat\u0131\u015f ortaklar\u0131 i\u00e7in ideal)<\/li>\n<li>Cazip toptan sat\u0131\u015f fiyat\u0131: \u00e7ift ba\u015f\u0131na<\/li>\n<li>Tahmini teslim s\u00fcresi: 12 g\u00fcn + nakliye<\/li>\n<\/ul>","protected":false},"featured_media":3521,"template":"","meta":{"_acf_changed":false,"_uag_custom_page_level_css":"","site-sidebar-layout":"default","site-content-layout":"","ast-site-content-layout":"default","site-content-style":"default","site-sidebar-style":"default","ast-global-header-display":"","ast-banner-title-visibility":"","ast-main-header-display":"","ast-hfb-above-header-display":"","ast-hfb-below-header-display":"","ast-hfb-mobile-header-display":"","site-post-title":"","ast-breadcrumbs-content":"","ast-featured-img":"","footer-sml-layout":"","ast-disable-related-posts":"","theme-transparent-header-meta":"default","adv-header-id-meta":"","stick-header-meta":"","header-above-stick-meta":"","header-main-stick-meta":"","header-below-stick-meta":"","astra-migrate-meta-layouts":"set","ast-page-background-enabled":"default","ast-page-background-meta":{"desktop":{"background-color":"var(--ast-global-color-4)","background-image":"","background-repeat":"repeat","background-position":"center center","background-size":"auto","background-attachment":"scroll","background-type":"","background-media":"","overlay-type":"","overlay-color":"","overlay-opacity":"","overlay-gradient":""},"tablet":{"background-color":"","background-image":"","background-repeat":"repeat","background-position":"center center","background-size":"auto","background-attachment":"scroll","background-type":"","background-media":"","overlay-type":"","overlay-color":"","overlay-opacity":"","overlay-gradient":""},"mobile":{"background-color":"","background-image":"","background-repeat":"repeat","background-position":"center center","background-size":"auto","background-attachment":"scroll","background-type":"","background-media":"","overlay-type":"","overlay-color":"","overlay-opacity":"","overlay-gradient":""}},"ast-content-background-meta":{"desktop":{"background-color":"var(--ast-global-color-5)","background-image":"","background-repeat":"repeat","background-position":"center center","background-size":"auto","background-attachment":"scroll","background-type":"","background-media":"","overlay-type":"","overlay-color":"","overlay-opacity":"","overlay-gradient":""},"tablet":{"background-color":"var(--ast-global-color-5)","background-image":"","background-repeat":"repeat","background-position":"center center","background-size":"auto","background-attachment":"scroll","background-type":"","background-media":"","overlay-type":"","overlay-color":"","overlay-opacity":"","overlay-gradient":""},"mobile":{"background-color":"var(--ast-global-color-5)","background-image":"","background-repeat":"repeat","background-position":"center center","background-size":"auto","background-attachment":"scroll","background-type":"","background-media":"","overlay-type":"","overlay-color":"","overlay-opacity":"","overlay-gradient":""}}},"product_brand":[],"product_cat":[47,430,40],"product_tag":[796,218,513,451,251,556,219,217,324,466,404,281,702],"class_list":{"0":"post-5223","1":"product","2":"type-product","3":"status-publish","4":"has-post-thumbnail","6":"product_cat-classic","7":"product_cat-men","8":"product_cat-mens-shoes","9":"product_tag-brown-leather-monk-strap-shoes","10":"product_tag-brown-shoes","11":"product_tag-business-casual-shoes","12":"product_tag-calfskin-leather","13":"product_tag-formal-shoes","14":"product_tag-goatskin-lining","15":"product_tag-handmade-shoes","16":"product_tag-luxury-footwear","17":"product_tag-mens-dress-shoes","18":"product_tag-microlight-sole","19":"product_tag-monk-strap","20":"product_tag-wholesale-shoes","21":"product_tag-wingtip-shoes","22":"desktop-align-center","23":"tablet-align-center","24":"mobile-align-center","26":"first","27":"instock","28":"shipping-taxable","29":"purchasable","30":"product-type-variable","31":"has-default-attributes"},"acf":[],"uagb_featured_image_src":{"full":["https:\/\/turkishtrade.co\/wp-content\/uploads\/2026\/01\/2400EJOMN00120-BROWN-X_12573.png",453,250,false],"thumbnail":["https:\/\/turkishtrade.co\/wp-content\/uploads\/2026\/01\/2400EJOMN00120-BROWN-X_12573-150x150.png",150,150,true],"medium":["https:\/\/turkishtrade.co\/wp-content\/uploads\/2026\/01\/2400EJOMN00120-BROWN-X_12573-300x166.png",300,166,true],"medium_large":["https:\/\/turkishtrade.co\/wp-content\/uploads\/2026\/01\/2400EJOMN00120-BROWN-X_12573.png",453,250,false],"large":["https:\/\/turkishtrade.co\/wp-content\/uploads\/2026\/01\/2400EJOMN00120-BROWN-X_12573.png",453,250,false],"1536x1536":["https:\/\/turkishtrade.co\/wp-content\/uploads\/2026\/01\/2400EJOMN00120-BROWN-X_12573.png",453,250,false],"2048x2048":["https:\/\/turkishtrade.co\/wp-content\/uploads\/2026\/01\/2400EJOMN00120-BROWN-X_12573.png",453,250,false],"trp-custom-language-flag":["https:\/\/turkishtrade.co\/wp-content\/uploads\/2026\/01\/2400EJOMN00120-BROWN-X_12573-18x10.png",18,10,true],"woocommerce_thumbnail":["https:\/\/turkishtrade.co\/wp-content\/uploads\/2026\/01\/2400EJOMN00120-BROWN-X_12573-400x250.png",400,250,true],"woocommerce_single":["https:\/\/turkishtrade.co\/wp-content\/uploads\/2026\/01\/2400EJOMN00120-BROWN-X_12573.png",453,250,false],"woocommerce_gallery_thumbnail":["https:\/\/turkishtrade.co\/wp-content\/uploads\/2026\/01\/2400EJOMN00120-BROWN-X_12573-100x100.png",100,100,true]},"uagb_author_info":{"display_name":"yaser olabi","author_link":"https:\/\/turkishtrade.co\/tr\/author\/"},"uagb_comment_info":0,"uagb_excerpt":"Exquisite calfskin leather exterior for a rich look and feel Soft and breathable goatskin leather interior for all-day comfort Durable Microlight sole for exceptional cushioning and support Elegant single monk strap design with subtle brogue detailing Available in a comprehensive range of EU sizes: 39, 40, 41, 42, 43, 44, 45 Minimum order quantity: 8&hellip;","_links":{"self":[{"href":"https:\/\/turkishtrade.co\/tr\/wp-json\/wp\/v2\/product\/5223","targetHints":{"allow":["GET"]}}],"collection":[{"href":"https:\/\/turkishtrade.co\/tr\/wp-json\/wp\/v2\/product"}],"about":[{"href":"https:\/\/turkishtrade.co\/tr\/wp-json\/wp\/v2\/types\/product"}],"wp:featuredmedia":[{"embeddable":true,"href":"https:\/\/turkishtrade.co\/tr\/wp-json\/wp\/v2\/media\/3521"}],"wp:attachment":[{"href":"https:\/\/turkishtrade.co\/tr\/wp-json\/wp\/v2\/media?parent=5223"}],"wp:term":[{"taxonomy":"product_brand","embeddable":true,"href":"https:\/\/turkishtrade.co\/tr\/wp-json\/wp\/v2\/product_brand?post=5223"},{"taxonomy":"product_cat","embeddable":true,"href":"https:\/\/turkishtrade.co\/tr\/wp-json\/wp\/v2\/product_cat?post=5223"},{"taxonomy":"product_tag","embeddable":true,"href":"https:\/\/turkishtrade.co\/tr\/wp-json\/wp\/v2\/product_tag?post=5223"}],"curies":[{"name":"wp","href":"https:\/\/api.w.org\/{rel}","templated":true}]}}