{"id":5221,"date":"2026-01-14T11:29:53","date_gmt":"2026-01-14T11:29:53","guid":{"rendered":"https:\/\/turkishtrade.co\/product\/mens-blue-leather-loafers-3\/"},"modified":"2026-04-09T19:40:40","modified_gmt":"2026-04-09T19:40:40","slug":"mens-blue-leather-loafers-3","status":"publish","type":"product","link":"https:\/\/turkishtrade.co\/tr\/shop\/mens-blue-leather-loafers-3\/","title":{"rendered":"Premium Erkek Mavi Dana Derisi Slip-On Loafer"},"content":{"rendered":"<p><strong>Erkek Mavi Deri Loafer<\/strong><\/p>\n<p>Premium Erkek Mavi Dana Derisi Slip-On Loafer'lar\u0131m\u0131zla benzersiz bir sofistikeli\u011fe ad\u0131m at\u0131n. Hem stil hem de konforu takdir eden modern beyefendiler i\u00e7in tasarlanan bu ola\u011fan\u00fcst\u00fc <b>erkek mavi\u0307 deri\u0307 mokasen<\/b> her se\u00e7kin gard\u0131rop i\u00e7in olmazsa olmaz bir eklentidir. Detaylara titizlikle \u00f6zen g\u00f6sterilerek \u00fcretilen her bir \u00e7ift, geleneksel i\u015f\u00e7ilik ve \u00e7a\u011fda\u015f zarafetin bir kar\u0131\u015f\u0131m\u0131n\u0131 temsil eder ve bu sayede g\u00fcnl\u00fck i\u015f hayat\u0131ndan ak\u015fam etkinliklerine kadar \u00e7e\u015fitli durumlar i\u00e7in m\u00fckemmeldir.<\/p>\n<h3>Rakipsiz \u0130\u015f\u00e7ilik ve \u00dcst\u00fcn Malzemeler<\/h3>\n<p>Bu \u00e7arp\u0131c\u0131 mokasenlerin d\u0131\u015f y\u00fczeyi, zengin bir doku ve ger\u00e7ekten g\u00f6ze \u00e7arpan g\u00fczel bir koyu mavi renk tonu sunan y\u00fcksek kaliteli hakiki dana derisinden \u00fcretilmi\u015ftir. Dana derisi dayan\u0131kl\u0131l\u0131\u011f\u0131, p\u00fcr\u00fczs\u00fcz y\u00fczeyi ve zarif bir \u015fekilde eskime kabiliyeti ile \u00fcnl\u00fcd\u00fcr ve mokasenlerinizin y\u0131llar boyunca zamans\u0131z bir par\u00e7a olarak kalmas\u0131n\u0131 sa\u011flar. Sa\u011flam d\u0131\u015f y\u00fczeyi tamamlayan i\u00e7 k\u0131s\u0131m, yumu\u015fak ke\u00e7i derisiyle g\u00f6rkemli bir \u015fekilde astarlanm\u0131\u015ft\u0131r. Bu \u00f6zenli se\u00e7im, ola\u011fan\u00fcst\u00fc nefes alabilirlik ve cildinize kar\u015f\u0131 pel\u00fc\u015f bir his sa\u011flayarak att\u0131\u011f\u0131n\u0131z her ad\u0131mda \u00fcst\u00fcn konforu garanti eder. Bu birinci s\u0131n\u0131f derilerin kombinasyonu, yaln\u0131zca orijinal malzemelerin sunabilece\u011fi l\u00fcks bir his sa\u011flayarak genel kullan\u0131m deneyimini y\u00fckseltir.<\/p>\n<h3>Konfor ve \u00c7ok Y\u00f6nl\u00fcl\u00fck i\u00e7in Tasarland\u0131<\/h3>\n<p>Konfor her \u015feyden \u00f6nemlidir ve bu <b>erkek mavi\u0307 deri\u0307 mokasen<\/b> teslim edin. Hafif ancak sa\u011flam Microlight tabana sahip olan bu ayakkab\u0131lar, m\u00fckemmel destek ve esneklik sunarak uzun saatler giyildikten sonra bile ayak yorgunlu\u011funu azalt\u0131r. \u0130nce 1-3 cm topuk, do\u011fru miktarda y\u00fckselti sa\u011flayarak stilden \u00f6d\u00fcn vermeden rahat bir ad\u0131m atman\u0131z\u0131 sa\u011flar. Slip-on tasar\u0131m\u0131 zahmetsizce giyilebilirlik sa\u011flayarak bir ni\u015fandan di\u011ferine sorunsuzca ge\u00e7i\u015f yapman\u0131za olanak tan\u0131r. \u0130ster \u015f\u0131k bir i\u015f g\u00f6r\u00fcn\u00fcm\u00fc i\u00e7in \u00f6zel dikim pantolonlarla e\u015fle\u015ftirin, ister \u015f\u0131k bir g\u00fcndelik gezi i\u00e7in chino pantolonlarla giyin, bu loaferlar inan\u0131lmaz derecede \u00e7ok y\u00f6nl\u00fcd\u00fcr.<\/p>\n<h3>Bu Temel Loafer'larla Stilinizi Y\u00fckseltin<\/h3>\n<p>Bizim <b>erkek mavi\u0307 deri\u0307 mokasen<\/b> ayakkab\u0131dan daha fazlas\u0131d\u0131r; rafine bir zevkin ifadesidir. 39'dan 45'e kadar geni\u015f bir beden yelpazesinde mevcut olup, m\u00fckemmel uyumunuzu bulmak kolayd\u0131r. Toptan m\u00fc\u015fterilerimizin ihtiya\u00e7lar\u0131n\u0131 anl\u0131yoruz, bu nedenle bu birinci s\u0131n\u0131f mokasen ayakkab\u0131lar minimum 8 \u00e7ift sipari\u015f i\u00e7in mevcuttur. Yakla\u015f\u0131k 12 g\u00fcnl\u00fck teslimat s\u00fcresi ve nakliye ile sipari\u015finizin zaman\u0131nda ula\u015fmas\u0131n\u0131 bekleyebilirsiniz. \u00c7ift ba\u015f\u0131na eri\u015filebilir bir USD fiyat\u0131na sahip olan bu mokasen ayakkab\u0131lar, kaliteleri ve tasar\u0131mlar\u0131 i\u00e7in ola\u011fan\u00fcst\u00fc bir de\u011fer sunar. Klasik tarz\u0131, \u00fcst\u00fcn konforu ve dayan\u0131kl\u0131 i\u015f\u00e7ili\u011fi bir araya getiren bir \u00e7ifte bug\u00fcn yat\u0131r\u0131m yap\u0131n.<\/p>","protected":false},"excerpt":{"rendered":"<ul>\n<li><b>Enfes Malzeme:<\/b> D\u0131\u015f\u0131 hakiki Dana Derisinden \u00fcretilmi\u015ftir, i\u00e7 k\u0131sm\u0131 \u00fcst\u00fcn konfor i\u00e7in yumu\u015fak Ke\u00e7i Derisi ile astarlanm\u0131\u015ft\u0131r.<\/li>\n<li><b>Hafif Taban:<\/b> T\u00fcm g\u00fcn kullan\u0131m i\u00e7in ideal olan dayan\u0131kl\u0131 ve esnek Microlight tabana sahiptir.<\/li>\n<li><b>\u0130nce topuk:<\/b> Abart\u0131s\u0131z \u015f\u0131kl\u0131k i\u00e7in 1-3 cm'lik d\u00fc\u015f\u00fck profilli topuk y\u00fcksekli\u011fi.<\/li>\n<li><b>Mevcut Boyutlar:<\/b> 39'dan 45'e kadar kapsaml\u0131 bir aral\u0131kta sunulmaktad\u0131r.<\/li>\n<li><b>Toplu Bulunabilirlik:<\/b> Minimum 8 \u00e7ift sipari\u015f gereklidir.<\/li>\n<li><b>Teslimat S\u00fcresi:<\/b> Yakla\u015f\u0131k 12 g\u00fcn art\u0131 nakliye.<\/li>\n<li><b>Fiyat:<\/b> \u00c7ift ba\u015f\u0131na cazip bir USD ile fiyatland\u0131r\u0131lm\u0131\u015ft\u0131r.<\/li>\n<\/ul>","protected":false},"featured_media":3520,"template":"","meta":{"_acf_changed":false,"_uag_custom_page_level_css":"","site-sidebar-layout":"default","site-content-layout":"","ast-site-content-layout":"default","site-content-style":"default","site-sidebar-style":"default","ast-global-header-display":"","ast-banner-title-visibility":"","ast-main-header-display":"","ast-hfb-above-header-display":"","ast-hfb-below-header-display":"","ast-hfb-mobile-header-display":"","site-post-title":"","ast-breadcrumbs-content":"","ast-featured-img":"","footer-sml-layout":"","ast-disable-related-posts":"","theme-transparent-header-meta":"default","adv-header-id-meta":"","stick-header-meta":"","header-above-stick-meta":"","header-main-stick-meta":"","header-below-stick-meta":"","astra-migrate-meta-layouts":"set","ast-page-background-enabled":"default","ast-page-background-meta":{"desktop":{"background-color":"var(--ast-global-color-4)","background-image":"","background-repeat":"repeat","background-position":"center center","background-size":"auto","background-attachment":"scroll","background-type":"","background-media":"","overlay-type":"","overlay-color":"","overlay-opacity":"","overlay-gradient":""},"tablet":{"background-color":"","background-image":"","background-repeat":"repeat","background-position":"center center","background-size":"auto","background-attachment":"scroll","background-type":"","background-media":"","overlay-type":"","overlay-color":"","overlay-opacity":"","overlay-gradient":""},"mobile":{"background-color":"","background-image":"","background-repeat":"repeat","background-position":"center center","background-size":"auto","background-attachment":"scroll","background-type":"","background-media":"","overlay-type":"","overlay-color":"","overlay-opacity":"","overlay-gradient":""}},"ast-content-background-meta":{"desktop":{"background-color":"var(--ast-global-color-5)","background-image":"","background-repeat":"repeat","background-position":"center center","background-size":"auto","background-attachment":"scroll","background-type":"","background-media":"","overlay-type":"","overlay-color":"","overlay-opacity":"","overlay-gradient":""},"tablet":{"background-color":"var(--ast-global-color-5)","background-image":"","background-repeat":"repeat","background-position":"center center","background-size":"auto","background-attachment":"scroll","background-type":"","background-media":"","overlay-type":"","overlay-color":"","overlay-opacity":"","overlay-gradient":""},"mobile":{"background-color":"var(--ast-global-color-5)","background-image":"","background-repeat":"repeat","background-position":"center center","background-size":"auto","background-attachment":"scroll","background-type":"","background-media":"","overlay-type":"","overlay-color":"","overlay-opacity":"","overlay-gradient":""}}},"product_brand":[],"product_cat":[47,430,40],"product_tag":[322,202,512,220,284,352,189,198,186,466,362,184,281],"class_list":{"0":"post-5221","1":"product","2":"type-product","3":"status-publish","4":"has-post-thumbnail","6":"product_cat-classic","7":"product_cat-men","8":"product_cat-mens-shoes","9":"product_tag-blue-leather-shoes","10":"product_tag-calf-leather","11":"product_tag-casual-loafers","12":"product_tag-comfortable-loafers","13":"product_tag-dress-shoes","14":"product_tag-formal-loafers","15":"product_tag-goat-leather-lining","16":"product_tag-mens-fashion","17":"product_tag-mens-loafers","18":"product_tag-microlight-sole","19":"product_tag-premium-footwear","20":"product_tag-slip-on-shoes","21":"product_tag-wholesale-shoes","22":"desktop-align-center","23":"tablet-align-center","24":"mobile-align-center","26":"first","27":"instock","28":"shipping-taxable","29":"purchasable","30":"product-type-variable","31":"has-default-attributes"},"acf":[],"uagb_featured_image_src":{"full":["https:\/\/turkishtrade.co\/wp-content\/uploads\/2026\/01\/2400EJOMN00119-DARK-BLUE-Z_570.png",453,250,false],"thumbnail":["https:\/\/turkishtrade.co\/wp-content\/uploads\/2026\/01\/2400EJOMN00119-DARK-BLUE-Z_570-150x150.png",150,150,true],"medium":["https:\/\/turkishtrade.co\/wp-content\/uploads\/2026\/01\/2400EJOMN00119-DARK-BLUE-Z_570-300x166.png",300,166,true],"medium_large":["https:\/\/turkishtrade.co\/wp-content\/uploads\/2026\/01\/2400EJOMN00119-DARK-BLUE-Z_570.png",453,250,false],"large":["https:\/\/turkishtrade.co\/wp-content\/uploads\/2026\/01\/2400EJOMN00119-DARK-BLUE-Z_570.png",453,250,false],"1536x1536":["https:\/\/turkishtrade.co\/wp-content\/uploads\/2026\/01\/2400EJOMN00119-DARK-BLUE-Z_570.png",453,250,false],"2048x2048":["https:\/\/turkishtrade.co\/wp-content\/uploads\/2026\/01\/2400EJOMN00119-DARK-BLUE-Z_570.png",453,250,false],"trp-custom-language-flag":["https:\/\/turkishtrade.co\/wp-content\/uploads\/2026\/01\/2400EJOMN00119-DARK-BLUE-Z_570-18x10.png",18,10,true],"woocommerce_thumbnail":["https:\/\/turkishtrade.co\/wp-content\/uploads\/2026\/01\/2400EJOMN00119-DARK-BLUE-Z_570-400x250.png",400,250,true],"woocommerce_single":["https:\/\/turkishtrade.co\/wp-content\/uploads\/2026\/01\/2400EJOMN00119-DARK-BLUE-Z_570.png",453,250,false],"woocommerce_gallery_thumbnail":["https:\/\/turkishtrade.co\/wp-content\/uploads\/2026\/01\/2400EJOMN00119-DARK-BLUE-Z_570-100x100.png",100,100,true]},"uagb_author_info":{"display_name":"yaser olabi","author_link":"https:\/\/turkishtrade.co\/tr\/author\/"},"uagb_comment_info":0,"uagb_excerpt":"Exquisite Material: Outer crafted from genuine Calf Leather, inner lined with soft Goat Leather for superior comfort. Lightweight Sole: Features a durable and flexible Microlight sole, ideal for all-day wear. Subtle Heel: Low profile heel height of 1-3 cm for understated elegance. Available Sizes: Offered in a comprehensive range from 39 to 45. Bulk Availability:&hellip;","_links":{"self":[{"href":"https:\/\/turkishtrade.co\/tr\/wp-json\/wp\/v2\/product\/5221","targetHints":{"allow":["GET"]}}],"collection":[{"href":"https:\/\/turkishtrade.co\/tr\/wp-json\/wp\/v2\/product"}],"about":[{"href":"https:\/\/turkishtrade.co\/tr\/wp-json\/wp\/v2\/types\/product"}],"wp:featuredmedia":[{"embeddable":true,"href":"https:\/\/turkishtrade.co\/tr\/wp-json\/wp\/v2\/media\/3520"}],"wp:attachment":[{"href":"https:\/\/turkishtrade.co\/tr\/wp-json\/wp\/v2\/media?parent=5221"}],"wp:term":[{"taxonomy":"product_brand","embeddable":true,"href":"https:\/\/turkishtrade.co\/tr\/wp-json\/wp\/v2\/product_brand?post=5221"},{"taxonomy":"product_cat","embeddable":true,"href":"https:\/\/turkishtrade.co\/tr\/wp-json\/wp\/v2\/product_cat?post=5221"},{"taxonomy":"product_tag","embeddable":true,"href":"https:\/\/turkishtrade.co\/tr\/wp-json\/wp\/v2\/product_tag?post=5221"}],"curies":[{"name":"wp","href":"https:\/\/api.w.org\/{rel}","templated":true}]}}