{"id":5219,"date":"2026-01-14T11:29:37","date_gmt":"2026-01-14T11:29:37","guid":{"rendered":"https:\/\/turkishtrade.co\/product\/dark-brown-calf-leather-shoes\/"},"modified":"2026-04-09T19:40:43","modified_gmt":"2026-04-09T19:40:43","slug":"dark-brown-calf-leather-shoes","status":"publish","type":"product","link":"https:\/\/turkishtrade.co\/tr\/shop\/dark-brown-calf-leather-shoes\/","title":{"rendered":"Erkek Koyu Kahverengi Dana Derisi Derby Ayakkab\u0131"},"content":{"rendered":"<p><strong>Koyu Kahverengi Dana Derisi Ayakkab\u0131<\/strong><\/p>\n<p>Bu <strong>koyu kahverengi dana derisi ayakkab\u0131<\/strong> Arad\u0131\u011f\u0131n\u0131z klasik \u015f\u0131kl\u0131\u011f\u0131 modern konforla birle\u015ftiren bu ayakkab\u0131lar burada. Birinci s\u0131n\u0131f dana derisinden titizlikle \u00fcretilen bu zarif <strong>koyu kahverengi dana derisi ayakkab\u0131<\/strong> benzersiz bir stil ve dayan\u0131kl\u0131l\u0131k sunar. Se\u00e7ici beyefendiler i\u00e7in m\u00fckemmel olan <strong>koyu kahverengi dana derisi ayakkab\u0131<\/strong> ister toplant\u0131 odas\u0131nda ister \u00f6zel bir etkinlikte olsun, kal\u0131c\u0131 bir etki b\u0131rakmak i\u00e7in tasarlanm\u0131\u015ft\u0131r.<\/p>\n<p>&nbsp;<\/p>\n<h3>Her Durum i\u00e7in \u00c7ok Y\u00f6nl\u00fcl\u00fck ve Stil<\/h3>\n<p>Bu \u00e7ok y\u00f6nl\u00fc <strong>koyu kahverengi dana derisi ayakkab\u0131<\/strong> her gard\u0131rop i\u00e7in vazge\u00e7ilmez bir eklentidir. Zarif diki\u015flere sahip zamans\u0131z derby tasar\u0131m\u0131, bu ayakkab\u0131lar\u0131 resmi i\u015f toplant\u0131lar\u0131ndan \u015f\u0131k ak\u015fam etkinliklerine kadar \u00e7ok \u00e7e\u015fitli durumlar i\u00e7in uygun hale getirir. Bu sofistike ayakkab\u0131lar\u0131 <strong>koyu kahverengi dana derisi ayakkab\u0131<\/strong> Profesyonel bir g\u00f6r\u00fcn\u00fcm i\u00e7in \u00f6zel dikim tak\u0131m elbiselerle veya g\u00f6steri\u015fli ancak rahat bir topluluk i\u00e7in \u015f\u0131k g\u00fcndelik k\u0131yafetlerle. 39 ila 45 numara se\u00e7enekleri ile m\u00fckemmel uyumunuzu bulmak \u00e7ok kolay. Bu temel ayakkab\u0131larla ayakkab\u0131 koleksiyonunuzu geli\u015ftirin <strong>koyu kahverengi dana derisi ayakkab\u0131<\/strong>, Hem estetik \u00e7ekicilik hem de kal\u0131c\u0131 performans i\u00e7in \u00fcretilmi\u015ftir.<\/p>\n<h3>Toptan Sat\u0131\u015f F\u0131rsatlar\u0131 ve G\u00fcvenilir Teslimat<\/h3>\n<p>Y\u00fcksek kaliteli erkek ayakkab\u0131s\u0131 arayan i\u015fletmeler ve perakendeciler i\u00e7in bu premium <strong>koyu kahverengi dana derisi ayakkab\u0131<\/strong> toptan sat\u0131n al\u0131nabilir. Toplu sipari\u015fler i\u00e7in minimum 8 \u00e7iftten ba\u015flayan rekabet\u00e7i fiyatlar sunuyoruz. Cazip bir USD fiyat\u0131na sahip olan her bir \u00e7ift, bu kadar kaliteli malzeme ve i\u015f\u00e7ilik i\u00e7in m\u00fckemmel bir de\u011feri temsil etmektedir. Etkin teslimat sistemimiz, bu kaliteli \u00fcr\u00fcnlerden sipari\u015f vermenizi sa\u011flar <strong>koyu kahverengi dana derisi ayakkab\u0131<\/strong> standart nakliye s\u00fcresine ek olarak 12 g\u00fcn i\u00e7inde elinize ula\u015facakt\u0131r. Kaliteye yat\u0131r\u0131m yap\u0131n ve m\u00fc\u015fterilerinize \u00f6ne \u00e7\u0131kan hakiki dana ve ke\u00e7i derisi ayakkab\u0131lar\u0131n l\u00fcks\u00fcn\u00fc sunun.<\/p>","protected":false},"excerpt":{"rendered":"<ul>\n<li><strong>D\u0131\u015f Malzeme:<\/strong> Premium Dana Derisi<\/li>\n<li><strong>\u0130\u00e7 Malzeme:<\/strong> Yumu\u015fak Ke\u00e7i Derisi<\/li>\n<li><strong>Taban:<\/strong> \u00dcst\u00fcn konfor ve dayan\u0131kl\u0131l\u0131k i\u00e7in mikro hafiflik<\/li>\n<li><strong>Topuk Y\u00fcksekli\u011fi:<\/strong> 1-3 cm<\/li>\n<li><strong>Mevcut Boyutlar:<\/strong> AB 39, 40, 41, 42, 43, 44, 45<\/li>\n<li><strong>Minimum Sipari\u015f:<\/strong> 8 \u00e7ift (toplu al\u0131m i\u00e7in mevcuttur)<\/li>\n<li><strong>Teslimat S\u00fcresi:<\/strong> 12 g\u00fcn + Kargo<\/li>\n<li><strong>Toptan Sat\u0131\u015f Fiyat\u0131 (Ayakkab\u0131):<\/strong> \u00c7ift ba\u015f\u0131na USD<\/li>\n<\/ul>","protected":false},"featured_media":3519,"template":"","meta":{"_acf_changed":false,"_uag_custom_page_level_css":"","site-sidebar-layout":"default","site-content-layout":"","ast-site-content-layout":"default","site-content-style":"default","site-sidebar-style":"default","ast-global-header-display":"","ast-banner-title-visibility":"","ast-main-header-display":"","ast-hfb-above-header-display":"","ast-hfb-below-header-display":"","ast-hfb-mobile-header-display":"","site-post-title":"","ast-breadcrumbs-content":"","ast-featured-img":"","footer-sml-layout":"","ast-disable-related-posts":"","theme-transparent-header-meta":"default","adv-header-id-meta":"","stick-header-meta":"","header-above-stick-meta":"","header-main-stick-meta":"","header-below-stick-meta":"","astra-migrate-meta-layouts":"set","ast-page-background-enabled":"default","ast-page-background-meta":{"desktop":{"background-color":"var(--ast-global-color-4)","background-image":"","background-repeat":"repeat","background-position":"center center","background-size":"auto","background-attachment":"scroll","background-type":"","background-media":"","overlay-type":"","overlay-color":"","overlay-opacity":"","overlay-gradient":""},"tablet":{"background-color":"","background-image":"","background-repeat":"repeat","background-position":"center center","background-size":"auto","background-attachment":"scroll","background-type":"","background-media":"","overlay-type":"","overlay-color":"","overlay-opacity":"","overlay-gradient":""},"mobile":{"background-color":"","background-image":"","background-repeat":"repeat","background-position":"center center","background-size":"auto","background-attachment":"scroll","background-type":"","background-media":"","overlay-type":"","overlay-color":"","overlay-opacity":"","overlay-gradient":""}},"ast-content-background-meta":{"desktop":{"background-color":"var(--ast-global-color-5)","background-image":"","background-repeat":"repeat","background-position":"center center","background-size":"auto","background-attachment":"scroll","background-type":"","background-media":"","overlay-type":"","overlay-color":"","overlay-opacity":"","overlay-gradient":""},"tablet":{"background-color":"var(--ast-global-color-5)","background-image":"","background-repeat":"repeat","background-position":"center center","background-size":"auto","background-attachment":"scroll","background-type":"","background-media":"","overlay-type":"","overlay-color":"","overlay-opacity":"","overlay-gradient":""},"mobile":{"background-color":"var(--ast-global-color-5)","background-image":"","background-repeat":"repeat","background-position":"center center","background-size":"auto","background-attachment":"scroll","background-type":"","background-media":"","overlay-type":"","overlay-color":"","overlay-opacity":"","overlay-gradient":""}}},"product_brand":[],"product_cat":[47,430,40],"product_tag":[405,202,145,408,212,454,251,189,351,324,198,466,281],"class_list":{"0":"post-5219","1":"product","2":"type-product","3":"status-publish","4":"has-post-thumbnail","6":"product_cat-classic","7":"product_cat-men","8":"product_cat-mens-shoes","9":"product_tag-business-shoes","10":"product_tag-calf-leather","11":"product_tag-classic-shoes","12":"product_tag-dark-brown-shoes","13":"product_tag-derby-shoes","14":"product_tag-elegant-footwear","15":"product_tag-formal-shoes","16":"product_tag-goat-leather-lining","17":"product_tag-leather-footwear","18":"product_tag-mens-dress-shoes","19":"product_tag-mens-fashion","20":"product_tag-microlight-sole","21":"product_tag-wholesale-shoes","22":"desktop-align-center","23":"tablet-align-center","24":"mobile-align-center","26":"first","27":"instock","28":"shipping-taxable","29":"purchasable","30":"product-type-variable","31":"has-default-attributes"},"acf":[],"uagb_featured_image_src":{"full":["https:\/\/turkishtrade.co\/wp-content\/uploads\/2026\/01\/2400EJOMN00118-BROWN-X_0032.png",453,250,false],"thumbnail":["https:\/\/turkishtrade.co\/wp-content\/uploads\/2026\/01\/2400EJOMN00118-BROWN-X_0032-150x150.png",150,150,true],"medium":["https:\/\/turkishtrade.co\/wp-content\/uploads\/2026\/01\/2400EJOMN00118-BROWN-X_0032-300x166.png",300,166,true],"medium_large":["https:\/\/turkishtrade.co\/wp-content\/uploads\/2026\/01\/2400EJOMN00118-BROWN-X_0032.png",453,250,false],"large":["https:\/\/turkishtrade.co\/wp-content\/uploads\/2026\/01\/2400EJOMN00118-BROWN-X_0032.png",453,250,false],"1536x1536":["https:\/\/turkishtrade.co\/wp-content\/uploads\/2026\/01\/2400EJOMN00118-BROWN-X_0032.png",453,250,false],"2048x2048":["https:\/\/turkishtrade.co\/wp-content\/uploads\/2026\/01\/2400EJOMN00118-BROWN-X_0032.png",453,250,false],"trp-custom-language-flag":["https:\/\/turkishtrade.co\/wp-content\/uploads\/2026\/01\/2400EJOMN00118-BROWN-X_0032-18x10.png",18,10,true],"woocommerce_thumbnail":["https:\/\/turkishtrade.co\/wp-content\/uploads\/2026\/01\/2400EJOMN00118-BROWN-X_0032-400x250.png",400,250,true],"woocommerce_single":["https:\/\/turkishtrade.co\/wp-content\/uploads\/2026\/01\/2400EJOMN00118-BROWN-X_0032.png",453,250,false],"woocommerce_gallery_thumbnail":["https:\/\/turkishtrade.co\/wp-content\/uploads\/2026\/01\/2400EJOMN00118-BROWN-X_0032-100x100.png",100,100,true]},"uagb_author_info":{"display_name":"yaser olabi","author_link":"https:\/\/turkishtrade.co\/tr\/author\/"},"uagb_comment_info":0,"uagb_excerpt":"Outer Material: Premium Calf Leather Inner Material: Soft Goat Leather Sole: Microlight for superior comfort and durability Heel Height: 1-3 cm Available Sizes: EU 39, 40, 41, 42, 43, 44, 45 Minimum Order: 8 pairs (available for bulk purchase) Delivery Time: 12 days + Shipping Wholesale Price (Shoes): USD per pair","_links":{"self":[{"href":"https:\/\/turkishtrade.co\/tr\/wp-json\/wp\/v2\/product\/5219","targetHints":{"allow":["GET"]}}],"collection":[{"href":"https:\/\/turkishtrade.co\/tr\/wp-json\/wp\/v2\/product"}],"about":[{"href":"https:\/\/turkishtrade.co\/tr\/wp-json\/wp\/v2\/types\/product"}],"wp:featuredmedia":[{"embeddable":true,"href":"https:\/\/turkishtrade.co\/tr\/wp-json\/wp\/v2\/media\/3519"}],"wp:attachment":[{"href":"https:\/\/turkishtrade.co\/tr\/wp-json\/wp\/v2\/media?parent=5219"}],"wp:term":[{"taxonomy":"product_brand","embeddable":true,"href":"https:\/\/turkishtrade.co\/tr\/wp-json\/wp\/v2\/product_brand?post=5219"},{"taxonomy":"product_cat","embeddable":true,"href":"https:\/\/turkishtrade.co\/tr\/wp-json\/wp\/v2\/product_cat?post=5219"},{"taxonomy":"product_tag","embeddable":true,"href":"https:\/\/turkishtrade.co\/tr\/wp-json\/wp\/v2\/product_tag?post=5219"}],"curies":[{"name":"wp","href":"https:\/\/api.w.org\/{rel}","templated":true}]}}