{"id":5217,"date":"2026-01-14T11:29:20","date_gmt":"2026-01-14T11:29:20","guid":{"rendered":"https:\/\/turkishtrade.co\/product\/mens-blue-leather-loafers-2\/"},"modified":"2026-04-09T19:40:46","modified_gmt":"2026-04-09T19:40:46","slug":"mens-blue-leather-loafers-2","status":"publish","type":"product","link":"https:\/\/turkishtrade.co\/tr\/shop\/mens-blue-leather-loafers-2\/","title":{"rendered":"Microlight Tabanl\u0131 Zarif Erkek Mavi Dana Derisi Loafer"},"content":{"rendered":"<p><strong>Erkek Mavi Deri Loafer<\/strong><\/p>\n<p>Elegant Erkek Mavi Dana Derisi Loafer'lar\u0131m\u0131zla zamans\u0131z \u015f\u0131kl\u0131\u011f\u0131n ve modern konforun m\u00fckemmel kar\u0131\u015f\u0131m\u0131n\u0131 ke\u015ffedin. Bu sofistike slip-on ayakkab\u0131lar, benzersiz bir stil ve dayan\u0131kl\u0131l\u0131k sunmak i\u00e7in titizlikle \u00fcretilmi\u015ftir. Y\u00fcksek kaliteli hakiki dana derisinden \u00fcretilen d\u0131\u015f y\u00fczeyi, dikkat \u00e7eken zengin, dokulu mavi bir y\u00fczeye sahiptir ve bu Erkek Mavi Deri Loafer'lar\u0131 her se\u00e7kin beyefendinin gard\u0131robuna \u00f6nemli bir katk\u0131 haline getirir. \u0130ster i\u015f ama\u00e7l\u0131 g\u00fcndelik bir etkinli\u011fe, ister hafta sonu brunch'\u0131na veya resmi bir toplant\u0131ya gidiyor olun, bu mokasen ayakkab\u0131lar \u00e7ok \u00e7e\u015fitli k\u0131yafetleri zahmetsiz bir zarafetle tamamlamak i\u00e7in tasarlanm\u0131\u015ft\u0131r.<\/p>\n<p>Bu ola\u011fan\u00fcst\u00fc Erkek Mavi Deri Loafer'\u0131n i\u00e7 k\u0131sm\u0131, aya\u011f\u0131n\u0131za l\u00fcks bir his veren ve g\u00fcn boyunca nefes alabilirlik sa\u011flayan g\u00f6rkemli yumu\u015fak ke\u00e7i derisiyle astarlanm\u0131\u015ft\u0131r. Birinci s\u0131n\u0131f malzemelerin bu \u00f6zenli kombinasyonu, uzun s\u00fcreli kullan\u0131mlarda bile rahat bir oturu\u015fu garanti eder. \u00c7arp\u0131c\u0131 esteti\u011finin \u00f6tesinde, bu Erkek Mavi Deri Loafer'lar geli\u015fmi\u015f bir Microlight tabana sahiptir. Bu yenilik\u00e7i taban teknolojisi \u00fcst\u00fcn hafiflik ve esneklik sunarak do\u011fal hareketlere olanak tan\u0131r ve ayak yorgunlu\u011funu azalt\u0131r. Dikkat \u00e7ekmeyen 1-3 cm topuk y\u00fcksekli\u011fi, konfordan \u00f6d\u00fcn vermeden klasik sofistike bir dokunu\u015f katar.<\/p>\n<h3>E\u015fsiz Kalite ve \u0130\u015f\u00e7ilik<\/h3>\n<p>Erkek Mavi Deri Loafer'lar\u0131m\u0131z\u0131n her bir \u00e7ifti \u00fcst\u00fcn i\u015f\u00e7ili\u011fin bir kan\u0131t\u0131d\u0131r. Her bir diki\u015f hem estetik \u00e7ekicili\u011fi hem de kal\u0131c\u0131 kaliteyi sa\u011flamak i\u00e7in \u00f6zenle ger\u00e7ekle\u015ftirilmi\u015ftir. Dayan\u0131kl\u0131 yap\u0131, bu mokasenlerin bozulmam\u0131\u015f g\u00f6r\u00fcn\u00fcmlerini korurken g\u00fcnl\u00fck kullan\u0131m\u0131n zorluklar\u0131na dayanacak \u015fekilde \u00fcretildi\u011fi anlam\u0131na gelir. Ger\u00e7ek stilin ayr\u0131nt\u0131larda yatt\u0131\u011f\u0131na inan\u0131yoruz ve bu Erkek Mavi Deri Loafer'lar bu felsefeyi somutla\u015ft\u0131r\u0131yor.<\/p>\n<h3>Toptan Sipari\u015fler i\u00e7in M\u00fckemmel<\/h3>\n<p>Y\u00fcksek kaliteli ayakkab\u0131 arayan perakendeciler ve i\u015fletmeler i\u00e7in, Erkek Mavi Deri Loafer'lar\u0131m\u0131z yaln\u0131zca 8 \u00e7ift minimum sipari\u015f miktar\u0131 ile toptan sat\u0131n al\u0131nabilir. Bu, onlar\u0131 buti\u011finizi veya \u00e7evrimi\u00e7i ma\u011fazan\u0131z\u0131 birinci s\u0131n\u0131f, aranan erkek ayakkab\u0131lar\u0131yla stoklamak i\u00e7in ideal bir se\u00e7im haline getirir. Verimli s\u00fcrecimiz, 12 g\u00fcn art\u0131 nakliye s\u00fcresi sa\u011flar, b\u00f6ylece bu \u00e7ok sevilen Erkek Mavi Deri Loafer'lar\u0131 m\u00fc\u015fterilerinizin ellerine h\u0131zl\u0131 bir \u015fekilde ula\u015ft\u0131rabilirsiniz. Geni\u015f bir m\u00fc\u015fteri kitlesine hitap etmek i\u00e7in 39 ila 45 numara aras\u0131nda mevcut olan bu \u015f\u0131k ve rahat Erkek Mavi Deri Loafer'larla koleksiyonunuzu geli\u015ftirin. Orijinal malzemelerin ve uzman i\u015f\u00e7ili\u011fin yaratt\u0131\u011f\u0131 fark\u0131 deneyimleyin.<\/p>","protected":false},"excerpt":{"rendered":"<ul>\n<li>Sofistike bir g\u00f6r\u00fcn\u00fcm i\u00e7in birinci s\u0131n\u0131f hakiki dana derisinden \u00fcretilmi\u015ftir.<\/li>\n<li>L\u00fcks ke\u00e7i derisi i\u00e7 k\u0131s\u0131m, \u00fcst\u00fcn konfor ve nefes alabilirlik sa\u011flar.<\/li>\n<li>Ola\u011fan\u00fcst\u00fc y\u00fcr\u00fcy\u00fc\u015f deneyimi i\u00e7in hafif ve esnek Microlight taban.<\/li>\n<li>Zarif bir y\u00fckseli\u015f i\u00e7in 1-3 cm'lik ince topuk y\u00fcksekli\u011fi.<\/li>\n<li>Kapsaml\u0131 bir beden aral\u0131\u011f\u0131nda mevcuttur: 39, 40, 41, 42, 43, 44, 45.<\/li>\n<li>Minimum sipari\u015f miktar\u0131: 8 \u00e7ift, toptan ve toplu al\u0131mlar i\u00e7in idealdir.<\/li>\n<li>Art\u0131 nakliye s\u00fcresi 12 g\u00fcn i\u00e7inde g\u00fcvenilir teslimat.<\/li>\n<\/ul>","protected":false},"featured_media":3518,"template":"","meta":{"_acf_changed":false,"_uag_custom_page_level_css":"","site-sidebar-layout":"default","site-content-layout":"","ast-site-content-layout":"default","site-content-style":"default","site-sidebar-style":"default","ast-global-header-display":"","ast-banner-title-visibility":"","ast-main-header-display":"","ast-hfb-above-header-display":"","ast-hfb-below-header-display":"","ast-hfb-mobile-header-display":"","site-post-title":"","ast-breadcrumbs-content":"","ast-featured-img":"","footer-sml-layout":"","ast-disable-related-posts":"","theme-transparent-header-meta":"default","adv-header-id-meta":"","stick-header-meta":"","header-above-stick-meta":"","header-main-stick-meta":"","header-below-stick-meta":"","astra-migrate-meta-layouts":"set","ast-page-background-enabled":"default","ast-page-background-meta":{"desktop":{"background-color":"var(--ast-global-color-4)","background-image":"","background-repeat":"repeat","background-position":"center center","background-size":"auto","background-attachment":"scroll","background-type":"","background-media":"","overlay-type":"","overlay-color":"","overlay-opacity":"","overlay-gradient":""},"tablet":{"background-color":"","background-image":"","background-repeat":"repeat","background-position":"center center","background-size":"auto","background-attachment":"scroll","background-type":"","background-media":"","overlay-type":"","overlay-color":"","overlay-opacity":"","overlay-gradient":""},"mobile":{"background-color":"","background-image":"","background-repeat":"repeat","background-position":"center center","background-size":"auto","background-attachment":"scroll","background-type":"","background-media":"","overlay-type":"","overlay-color":"","overlay-opacity":"","overlay-gradient":""}},"ast-content-background-meta":{"desktop":{"background-color":"var(--ast-global-color-5)","background-image":"","background-repeat":"repeat","background-position":"center center","background-size":"auto","background-attachment":"scroll","background-type":"","background-media":"","overlay-type":"","overlay-color":"","overlay-opacity":"","overlay-gradient":""},"tablet":{"background-color":"var(--ast-global-color-5)","background-image":"","background-repeat":"repeat","background-position":"center center","background-size":"auto","background-attachment":"scroll","background-type":"","background-media":"","overlay-type":"","overlay-color":"","overlay-opacity":"","overlay-gradient":""},"mobile":{"background-color":"var(--ast-global-color-5)","background-image":"","background-repeat":"repeat","background-position":"center center","background-size":"auto","background-attachment":"scroll","background-type":"","background-media":"","overlay-type":"","overlay-color":"","overlay-opacity":"","overlay-gradient":""}}},"product_brand":[],"product_cat":[47,430,40],"product_tag":[322,202,220,737,251,189,217,198,186,466,184,280,281],"class_list":{"0":"post-5217","1":"product","2":"type-product","3":"status-publish","4":"has-post-thumbnail","6":"product_cat-classic","7":"product_cat-men","8":"product_cat-mens-shoes","9":"product_tag-blue-leather-shoes","10":"product_tag-calf-leather","11":"product_tag-comfortable-loafers","12":"product_tag-dress-loafers","13":"product_tag-formal-shoes","14":"product_tag-goat-leather-lining","15":"product_tag-luxury-footwear","16":"product_tag-mens-fashion","17":"product_tag-mens-loafers","18":"product_tag-microlight-sole","19":"product_tag-slip-on-shoes","20":"product_tag-smart-casual-shoes","21":"product_tag-wholesale-shoes","22":"desktop-align-center","23":"tablet-align-center","24":"mobile-align-center","26":"first","27":"instock","28":"shipping-taxable","29":"purchasable","30":"product-type-variable","31":"has-default-attributes"},"acf":[],"uagb_featured_image_src":{"full":["https:\/\/turkishtrade.co\/wp-content\/uploads\/2026\/01\/2400EJOMN00117-DARK-BLUE-T_809.png",453,250,false],"thumbnail":["https:\/\/turkishtrade.co\/wp-content\/uploads\/2026\/01\/2400EJOMN00117-DARK-BLUE-T_809-150x150.png",150,150,true],"medium":["https:\/\/turkishtrade.co\/wp-content\/uploads\/2026\/01\/2400EJOMN00117-DARK-BLUE-T_809-300x166.png",300,166,true],"medium_large":["https:\/\/turkishtrade.co\/wp-content\/uploads\/2026\/01\/2400EJOMN00117-DARK-BLUE-T_809.png",453,250,false],"large":["https:\/\/turkishtrade.co\/wp-content\/uploads\/2026\/01\/2400EJOMN00117-DARK-BLUE-T_809.png",453,250,false],"1536x1536":["https:\/\/turkishtrade.co\/wp-content\/uploads\/2026\/01\/2400EJOMN00117-DARK-BLUE-T_809.png",453,250,false],"2048x2048":["https:\/\/turkishtrade.co\/wp-content\/uploads\/2026\/01\/2400EJOMN00117-DARK-BLUE-T_809.png",453,250,false],"trp-custom-language-flag":["https:\/\/turkishtrade.co\/wp-content\/uploads\/2026\/01\/2400EJOMN00117-DARK-BLUE-T_809-18x10.png",18,10,true],"woocommerce_thumbnail":["https:\/\/turkishtrade.co\/wp-content\/uploads\/2026\/01\/2400EJOMN00117-DARK-BLUE-T_809-400x250.png",400,250,true],"woocommerce_single":["https:\/\/turkishtrade.co\/wp-content\/uploads\/2026\/01\/2400EJOMN00117-DARK-BLUE-T_809.png",453,250,false],"woocommerce_gallery_thumbnail":["https:\/\/turkishtrade.co\/wp-content\/uploads\/2026\/01\/2400EJOMN00117-DARK-BLUE-T_809-100x100.png",100,100,true]},"uagb_author_info":{"display_name":"yaser olabi","author_link":"https:\/\/turkishtrade.co\/tr\/author\/"},"uagb_comment_info":0,"uagb_excerpt":"Crafted from premium genuine calf leather for a sophisticated look. Luxurious goat leather interior ensures ultimate comfort and breathability. Lightweight and flexible Microlight sole for exceptional walking experience. Subtle heel height of 1-3 cm for an elegant lift. Available in a comprehensive size range: 39, 40, 41, 42, 43, 44, 45. Minimum order quantity: 8&hellip;","_links":{"self":[{"href":"https:\/\/turkishtrade.co\/tr\/wp-json\/wp\/v2\/product\/5217","targetHints":{"allow":["GET"]}}],"collection":[{"href":"https:\/\/turkishtrade.co\/tr\/wp-json\/wp\/v2\/product"}],"about":[{"href":"https:\/\/turkishtrade.co\/tr\/wp-json\/wp\/v2\/types\/product"}],"wp:featuredmedia":[{"embeddable":true,"href":"https:\/\/turkishtrade.co\/tr\/wp-json\/wp\/v2\/media\/3518"}],"wp:attachment":[{"href":"https:\/\/turkishtrade.co\/tr\/wp-json\/wp\/v2\/media?parent=5217"}],"wp:term":[{"taxonomy":"product_brand","embeddable":true,"href":"https:\/\/turkishtrade.co\/tr\/wp-json\/wp\/v2\/product_brand?post=5217"},{"taxonomy":"product_cat","embeddable":true,"href":"https:\/\/turkishtrade.co\/tr\/wp-json\/wp\/v2\/product_cat?post=5217"},{"taxonomy":"product_tag","embeddable":true,"href":"https:\/\/turkishtrade.co\/tr\/wp-json\/wp\/v2\/product_tag?post=5217"}],"curies":[{"name":"wp","href":"https:\/\/api.w.org\/{rel}","templated":true}]}}