{"id":5215,"date":"2026-01-14T11:29:05","date_gmt":"2026-01-14T11:29:05","guid":{"rendered":"https:\/\/turkishtrade.co\/product\/mens-brown-leather-buckle-loafers\/"},"modified":"2026-04-09T19:40:49","modified_gmt":"2026-04-09T19:40:49","slug":"mens-brown-leather-buckle-loafers","status":"publish","type":"product","link":"https:\/\/turkishtrade.co\/tr\/shop\/mens-brown-leather-buckle-loafers\/","title":{"rendered":"Erkek Kahverengi Deri Tokal\u0131 Loafer"},"content":{"rendered":"<p><strong>Erkek Kahverengi Deri Tokal\u0131 Loafer<\/strong><\/p>\n<p>Enfes \u00fcr\u00fcnlerimizle benzersiz bir sofistike ortama ad\u0131m at\u0131n <strong>Erkek Kahverengi Deri Tokal\u0131 Loafer<\/strong>. Klasik tarz\u0131 \u00e7a\u011fda\u015f konforla birle\u015ftiren modern beyefendiler i\u00e7in tasarlanan bu mokasen ayakkab\u0131lar, bir ayakkab\u0131dan \u00e7ok daha fazlas\u0131n\u0131 ifade ediyor. Detaylara titizlikle \u00f6zen g\u00f6sterilerek \u00fcretilen bu <strong>Erkek Kahverengi Deri Tokal\u0131 Loafer<\/strong> i\u015f toplant\u0131lar\u0131ndan l\u00fcks sosyal etkinliklere kadar her t\u00fcrl\u00fc toplulu\u011fu y\u00fckseltmek i\u00e7in m\u00fckemmel bir zarafet timsalidir.<\/p>\n<h3>Rakipsiz \u0130\u015f\u00e7ilik ve Birinci S\u0131n\u0131f Malzemeler<\/h3>\n<p>Her bir \u00e7iftimiz <strong>Erkek Kahverengi Deri Tokal\u0131 Loafer<\/strong> hakiki dana derisinden yap\u0131lm\u0131\u015f l\u00fcks bir d\u0131\u015f y\u00fczeye sahiptir. Bu birinci s\u0131n\u0131f malzeme sadece zengin, esnek bir doku sa\u011flamakla kalmaz, ayn\u0131 zamanda ola\u011fan\u00fcst\u00fc dayan\u0131kl\u0131l\u0131k ve zaman i\u00e7inde geli\u015fen g\u00fczel bir patina sa\u011flar. \u0130\u00e7 k\u0131sm\u0131 yumu\u015fak, nefes alabilen ke\u00e7i derisi ile astarlanm\u0131\u015ft\u0131r ve aya\u011f\u0131n\u0131za uyum sa\u011flayarak inan\u0131lmaz rahat bir deneyim sunar. Alt k\u0131s\u0131mdaki yenilik\u00e7i Microlight taban, \u00fcst\u00fcn yast\u0131klama ve hafif esneklik sunarak bu ayakkab\u0131lar\u0131 <strong>Erkek Kahverengi Deri Tokal\u0131 Loafer<\/strong> g\u00fcn boyunca giymek i\u00e7in bir zevk. \u0130nce 1-3 cm topuk, zarif bir siluet i\u00e7in do\u011fru miktarda y\u00fckselti sa\u011flar.<\/p>\n<h3>Her Durum \u0130\u00e7in Zarif Tasar\u0131m<\/h3>\n<p>Bunlar\u0131n \u00fczerindeki ay\u0131rt edici toka detay\u0131 <strong>Erkek Kahverengi Deri Tokal\u0131 Loafer<\/strong> \u0131smarlama bir cazibe ve zamans\u0131z bir \u00e7ekicilik katar. Zengin kahverengi tonu \u00e7ok y\u00f6nl\u00fcd\u00fcr, geni\u015f bir renk ve stil yelpazesini zahmetsizce tamamlayarak gard\u0131robunuz i\u00e7in vazge\u00e7ilmez bir katk\u0131 sa\u011flar. \u0130ster \u00f6zel dikim tak\u0131m elbiselerle, ister \u015f\u0131k pantolonlarla, hatta sofistike g\u00fcndelik k\u0131yafetlerle e\u015fle\u015ftirin, bu <strong>Erkek Kahverengi Deri Tokal\u0131 Loafer<\/strong> resmi ortamlardan \u015f\u0131k ve g\u00fcndelik toplant\u0131lara sorunsuz ge\u00e7i\u015f sa\u011flar. Zarif tasar\u0131mlar\u0131 her durumda \u015f\u0131k ve se\u00e7kin g\u00f6r\u00fcnmenizi sa\u011flar.<\/p>\n<h3>Konfor Dayan\u0131kl\u0131l\u0131kla Bulu\u015fuyor<\/h3>\n<p>Konfor ve uzun \u00f6m\u00fcrl\u00fcl\u00fc\u011f\u00fcn m\u00fckemmel kar\u0131\u015f\u0131m\u0131n\u0131 deneyimleyin. Dana derisi ve ke\u00e7i derisi kombinasyonu ayaklar\u0131n\u0131z\u0131n rahat kalmas\u0131n\u0131 ve iyi havaland\u0131r\u0131lmas\u0131n\u0131 sa\u011flarken, sa\u011flam yap\u0131 bu ayakkab\u0131lar\u0131n <strong>Erkek Kahverengi Deri Tokal\u0131 Loafer<\/strong> uzun s\u00fcre dayanacak \u015fekilde \u00fcretilmi\u015ftir. Kendimizi sadece ola\u011fan\u00fcst\u00fc g\u00f6r\u00fcnmekle kalmay\u0131p ayn\u0131 zamanda zamana meydan okuyan, kal\u0131c\u0131 stil ve g\u00fcvenilirlik sunan ayakkab\u0131lar sa\u011flamaya adad\u0131k. Her se\u00e7ici m\u00fc\u015fteri i\u00e7in m\u00fckemmel bir uyum sa\u011flayan 39'dan 45'e kadar kapsaml\u0131 bir beden yelpazesinde mevcuttur.<\/p>\n<h3>Toptan Sat\u0131\u015f F\u0131rsatlar\u0131 ve G\u00fcvenilir Teslimat<\/h3>\n<p>Perakendeciler ve i\u015fletmeler i\u00e7in bu ola\u011fan\u00fcst\u00fc <strong>Erkek Kahverengi Deri Tokal\u0131 Loafer<\/strong> minimum 8 \u00e7ift sipari\u015f ile toplu al\u0131m i\u00e7in mevcuttur. Genellikle 12 g\u00fcn i\u00e7inde teslimat art\u0131 nakliye s\u00fcresi ile verimli hizmetten gurur duyuyoruz. M\u00fc\u015fterilerinizin de\u011fer verece\u011fi kalite ve stile yat\u0131r\u0131m yap\u0131n. Premium \u00fcr\u00fcnlerimizi se\u00e7in <strong>Erkek Kahverengi Deri Tokal\u0131 Loafer<\/strong> bug\u00fcn ve ayakkab\u0131 koleksiyonunuzu yeniden tan\u0131mlay\u0131n.<\/p>","protected":false},"excerpt":{"rendered":"<ul>\n<li>Birinci s\u0131n\u0131f dana derisi d\u0131\u015f y\u00fczey ve l\u00fcks ke\u00e7i derisi i\u00e7 k\u0131s\u0131mdan \u00fcretilmi\u015ftir<\/li>\n<li>Zarif bir g\u00f6r\u00fcn\u00fcm i\u00e7in zarif toka detay\u0131na sahiptir<\/li>\n<li>Rahat bir Microlight taban ve 1-3 cm'lik ince bir topuk ile donat\u0131lm\u0131\u015ft\u0131r<\/li>\n<li>39'dan 45'e kadar kapsaml\u0131 bir beden aral\u0131\u011f\u0131nda mevcuttur<\/li>\n<li>Minimum 8 \u00e7ift miktarl\u0131 toplu sipari\u015fler i\u00e7in idealdir<\/li>\n<li>Genellikle 12 g\u00fcn i\u00e7inde teslimat + nakliye<\/li>\n<\/ul>","protected":false},"featured_media":3517,"template":"","meta":{"_acf_changed":false,"_uag_custom_page_level_css":"","site-sidebar-layout":"default","site-content-layout":"","ast-site-content-layout":"default","site-content-style":"default","site-sidebar-style":"default","ast-global-header-display":"","ast-banner-title-visibility":"","ast-main-header-display":"","ast-hfb-above-header-display":"","ast-hfb-below-header-display":"","ast-hfb-mobile-header-display":"","site-post-title":"","ast-breadcrumbs-content":"","ast-featured-img":"","footer-sml-layout":"","ast-disable-related-posts":"","theme-transparent-header-meta":"default","adv-header-id-meta":"","stick-header-meta":"","header-above-stick-meta":"","header-main-stick-meta":"","header-below-stick-meta":"","astra-migrate-meta-layouts":"set","ast-page-background-enabled":"default","ast-page-background-meta":{"desktop":{"background-color":"var(--ast-global-color-4)","background-image":"","background-repeat":"repeat","background-position":"center center","background-size":"auto","background-attachment":"scroll","background-type":"","background-media":"","overlay-type":"","overlay-color":"","overlay-opacity":"","overlay-gradient":""},"tablet":{"background-color":"","background-image":"","background-repeat":"repeat","background-position":"center center","background-size":"auto","background-attachment":"scroll","background-type":"","background-media":"","overlay-type":"","overlay-color":"","overlay-opacity":"","overlay-gradient":""},"mobile":{"background-color":"","background-image":"","background-repeat":"repeat","background-position":"center center","background-size":"auto","background-attachment":"scroll","background-type":"","background-media":"","overlay-type":"","overlay-color":"","overlay-opacity":"","overlay-gradient":""}},"ast-content-background-meta":{"desktop":{"background-color":"var(--ast-global-color-5)","background-image":"","background-repeat":"repeat","background-position":"center center","background-size":"auto","background-attachment":"scroll","background-type":"","background-media":"","overlay-type":"","overlay-color":"","overlay-opacity":"","overlay-gradient":""},"tablet":{"background-color":"var(--ast-global-color-5)","background-image":"","background-repeat":"repeat","background-position":"center center","background-size":"auto","background-attachment":"scroll","background-type":"","background-media":"","overlay-type":"","overlay-color":"","overlay-opacity":"","overlay-gradient":""},"mobile":{"background-color":"var(--ast-global-color-5)","background-image":"","background-repeat":"repeat","background-position":"center center","background-size":"auto","background-attachment":"scroll","background-type":"","background-media":"","overlay-type":"","overlay-color":"","overlay-opacity":"","overlay-gradient":""}}},"product_brand":[],"product_cat":[47,430,40],"product_tag":[147,315,566,284,251,793,556,148,384,719,466,184,280,456],"class_list":{"0":"post-5215","1":"product","2":"type-product","3":"status-publish","4":"has-post-thumbnail","6":"product_cat-classic","7":"product_cat-men","8":"product_cat-mens-shoes","9":"product_tag-brown-loafers","10":"product_tag-buckle-loafers","11":"product_tag-calfskin-shoes","12":"product_tag-dress-shoes","13":"product_tag-formal-shoes","14":"product_tag-gentleman-shoes","15":"product_tag-goatskin-lining","16":"product_tag-loafers","17":"product_tag-luxury-loafers","18":"product_tag-mens-leather-loafers","19":"product_tag-microlight-sole","20":"product_tag-slip-on-shoes","21":"product_tag-smart-casual-shoes","22":"product_tag-wholesale-loafers","23":"desktop-align-center","24":"tablet-align-center","25":"mobile-align-center","27":"first","28":"instock","29":"shipping-taxable","30":"purchasable","31":"product-type-variable","32":"has-default-attributes"},"acf":[],"uagb_featured_image_src":{"full":["https:\/\/turkishtrade.co\/wp-content\/uploads\/2026\/01\/2400EJOMN00116-BROWN-X_12574.png",453,250,false],"thumbnail":["https:\/\/turkishtrade.co\/wp-content\/uploads\/2026\/01\/2400EJOMN00116-BROWN-X_12574-150x150.png",150,150,true],"medium":["https:\/\/turkishtrade.co\/wp-content\/uploads\/2026\/01\/2400EJOMN00116-BROWN-X_12574-300x166.png",300,166,true],"medium_large":["https:\/\/turkishtrade.co\/wp-content\/uploads\/2026\/01\/2400EJOMN00116-BROWN-X_12574.png",453,250,false],"large":["https:\/\/turkishtrade.co\/wp-content\/uploads\/2026\/01\/2400EJOMN00116-BROWN-X_12574.png",453,250,false],"1536x1536":["https:\/\/turkishtrade.co\/wp-content\/uploads\/2026\/01\/2400EJOMN00116-BROWN-X_12574.png",453,250,false],"2048x2048":["https:\/\/turkishtrade.co\/wp-content\/uploads\/2026\/01\/2400EJOMN00116-BROWN-X_12574.png",453,250,false],"trp-custom-language-flag":["https:\/\/turkishtrade.co\/wp-content\/uploads\/2026\/01\/2400EJOMN00116-BROWN-X_12574-18x10.png",18,10,true],"woocommerce_thumbnail":["https:\/\/turkishtrade.co\/wp-content\/uploads\/2026\/01\/2400EJOMN00116-BROWN-X_12574-400x250.png",400,250,true],"woocommerce_single":["https:\/\/turkishtrade.co\/wp-content\/uploads\/2026\/01\/2400EJOMN00116-BROWN-X_12574.png",453,250,false],"woocommerce_gallery_thumbnail":["https:\/\/turkishtrade.co\/wp-content\/uploads\/2026\/01\/2400EJOMN00116-BROWN-X_12574-100x100.png",100,100,true]},"uagb_author_info":{"display_name":"yaser olabi","author_link":"https:\/\/turkishtrade.co\/tr\/author\/"},"uagb_comment_info":0,"uagb_excerpt":"Crafted from premium calfskin exterior and luxurious goatskin interior Features an elegant buckle detail for a refined look Equipped with a comfortable Microlight sole and a subtle 1-3cm heel Available in a comprehensive size range from 39 to 45 Ideal for bulk orders with a minimum quantity of 8 pairs Delivery typically within 12 days&hellip;","_links":{"self":[{"href":"https:\/\/turkishtrade.co\/tr\/wp-json\/wp\/v2\/product\/5215","targetHints":{"allow":["GET"]}}],"collection":[{"href":"https:\/\/turkishtrade.co\/tr\/wp-json\/wp\/v2\/product"}],"about":[{"href":"https:\/\/turkishtrade.co\/tr\/wp-json\/wp\/v2\/types\/product"}],"wp:featuredmedia":[{"embeddable":true,"href":"https:\/\/turkishtrade.co\/tr\/wp-json\/wp\/v2\/media\/3517"}],"wp:attachment":[{"href":"https:\/\/turkishtrade.co\/tr\/wp-json\/wp\/v2\/media?parent=5215"}],"wp:term":[{"taxonomy":"product_brand","embeddable":true,"href":"https:\/\/turkishtrade.co\/tr\/wp-json\/wp\/v2\/product_brand?post=5215"},{"taxonomy":"product_cat","embeddable":true,"href":"https:\/\/turkishtrade.co\/tr\/wp-json\/wp\/v2\/product_cat?post=5215"},{"taxonomy":"product_tag","embeddable":true,"href":"https:\/\/turkishtrade.co\/tr\/wp-json\/wp\/v2\/product_tag?post=5215"}],"curies":[{"name":"wp","href":"https:\/\/api.w.org\/{rel}","templated":true}]}}