{"id":5211,"date":"2026-01-14T11:28:33","date_gmt":"2026-01-14T11:28:33","guid":{"rendered":"https:\/\/turkishtrade.co\/product\/mens-premium-leather-loafers-3\/"},"modified":"2026-04-09T19:40:55","modified_gmt":"2026-04-09T19:40:55","slug":"mens-premium-leather-loafers-3","status":"publish","type":"product","link":"https:\/\/turkishtrade.co\/tr\/shop\/mens-premium-leather-loafers-3\/","title":{"rendered":"Microlight Tabanl\u0131 Erkek Premium Lacivert Deri Loafer"},"content":{"rendered":"<p><strong>Erkek Premium Deri Loafer'lar<\/strong><\/p>\n<p>Enfes \u00fcr\u00fcnlerimizle benzersiz bir sofistike ortama ad\u0131m at\u0131n <b>Erkek Premium Deri Loafer'lar<\/b>. Se\u00e7kin beyefendiler i\u00e7in tasarlanan bu mokasen ayakkab\u0131lar, zamans\u0131z stili modern konforla m\u00fckemmel bir \u015fekilde harmanl\u0131yor. Her bir \u00e7ift, \u00fcst\u00fcn i\u015f\u00e7ili\u011fin bir kan\u0131t\u0131d\u0131r ve ister bir toplant\u0131 odas\u0131nda ister g\u00fcndelik bir toplant\u0131da kal\u0131c\u0131 bir izlenim b\u0131rakman\u0131z\u0131 sa\u011flar. Bunlar sadece ayakkab\u0131 de\u011fil; kal\u0131c\u0131 \u015f\u0131kl\u0131k ve konfora yap\u0131lan bir yat\u0131r\u0131md\u0131r ve ger\u00e7ekten birinci s\u0131n\u0131f erkek ayakkab\u0131s\u0131n\u0131n ne olmas\u0131 gerekti\u011fini tan\u0131mlar.<\/p>\n<h3>Rakipsiz \u0130\u015f\u00e7ilik ve Malzemeler<\/h3>\n<p>Bizim <b>Erkek Premium Deri Loafer'lar<\/b> sadece en iyi malzemeler kullan\u0131larak titizlikle \u00fcretilmi\u015ftir. D\u0131\u015f y\u00fczeyinde, esnek dokusu, dayan\u0131kl\u0131l\u0131\u011f\u0131 ve l\u00fcks g\u00f6r\u00fcn\u00fcm\u00fcyle tan\u0131nan hakiki dana derisi kullan\u0131lm\u0131\u015ft\u0131r. Bu y\u00fcksek kaliteli deri, zaman i\u00e7inde benzersiz bir patina geli\u015ftirerek g\u00fczel bir \u015fekilde eskiyen zarif bir y\u00fczey sa\u011flar. \u0130\u00e7 k\u0131s\u0131mda, ayaklar\u0131n\u0131z m\u00fckemmel nefes alabilirlik ve p\u00fcr\u00fczs\u00fcz bir his sunan, uzun s\u00fcreli kullan\u0131mdan sonra bile rahats\u0131zl\u0131\u011f\u0131 \u00f6nleyen yumu\u015fak Ke\u00e7i Derisi astar\u0131n pel\u00fc\u015f konforunu ya\u015fayacak. Birinci s\u0131n\u0131f derilerin bu kombinasyonu, hem sofistike bir g\u00f6r\u00fcn\u00fcm hem de ola\u011fan\u00fcst\u00fc bir konfor sa\u011flayarak bu <b>Erkek Premium Deri Loafer'lar<\/b> ayr\u0131.<\/p>\n<h3>\u00dcst\u00fcn Konfor ve Stil i\u00e7in Tasarland\u0131<\/h3>\n<p>Tasar\u0131m felsefemizde konfor her \u015feyden \u00f6nemlidir. Bunlar <b>Erkek Premium Deri Loafer'lar<\/b> inan\u0131lmaz derecede hafif ve esnek olan yenilik\u00e7i Microlight tabana sahiptir ve t\u00fcm g\u00fcn kullan\u0131m i\u00e7in m\u00fckemmel yast\u0131klama ve destek sa\u011flar. \u0130nce 1-3 cm topuk, dengeden \u00f6d\u00fcn vermeden do\u011fru miktarda y\u00fckselme sa\u011flar. Zevkli alt\u0131n renkli amblemle zenginle\u015ftirilen klasik loafer silueti, rafine bir mask\u00fclenlik havas\u0131 yayar. \u00c7ok y\u00f6nl\u00fc lacivert tonu, bu mokasen ayakkab\u0131lar\u0131n \u00f6zel tak\u0131mlardan \u015f\u0131k g\u00fcndelik k\u0131yafetlere kadar \u00e7ok \u00e7e\u015fitli k\u0131yafetlerle zahmetsizce e\u015fle\u015ftirilebilmesini sa\u011flayarak onlar\u0131 her modern gard\u0131robun temel ta\u015f\u0131 haline getirir. \u015e\u0131kl\u0131k ve pratikli\u011fin m\u00fckemmel birle\u015fimini bu s\u0131ra d\u0131\u015f\u0131 ayakkab\u0131larla ke\u015ffedin <b>Erkek Premium Deri Loafer'lar<\/b>.<\/p>\n<h3>\u0130\u015f \u0130htiya\u00e7lar\u0131n\u0131z i\u00e7in Esnek Sipari\u015f<\/h3>\n<p>\u0130\u015fletmelerin ve perakendecilerin taleplerini anl\u0131yoruz. \u0130\u015fte bu y\u00fczden bu l\u00fcks <b>Erkek Premium Deri Loafer'lar<\/b> minimum sipari\u015f miktar\u0131 sadece 8 \u00e7ifttir. Bu, \u00e7ok aranan bir \u00fcr\u00fcn\u00fc kolayl\u0131kla stoklaman\u0131za olanak tan\u0131r. G\u00fcvenilir teslimat s\u00fcresi 12 g\u00fcn art\u0131 kargo ile envanterinizi etkili bir \u015fekilde planlayabilir ve m\u00fc\u015fterilerinizin her zaman en \u00fcst d\u00fczey ayakkab\u0131lara eri\u015fmesini sa\u011flayabilirsiniz. Bu temel \u00fcr\u00fcnlerle koleksiyonunuzu geli\u015ftirin <b>Erkek Premium Deri Loafer'lar<\/b> ve m\u00fc\u015fterilerinize ger\u00e7ekten kalite ve tarz\u0131 temsil eden bir \u00fcr\u00fcn sunun.<\/p>","protected":false},"excerpt":{"rendered":"<ul>\n<li><b>Enfes Malzemeler:<\/b> Hakiki Dana Derisi d\u0131\u015f y\u00fczey ve yumu\u015fak Ke\u00e7i Derisi astar ile \u00fcretilmi\u015ftir.<\/li>\n<li><b>\u00dcst\u00fcn Konfor:<\/b> Hafif Microlight taban ve 1-3 cm rahat topuk ile donat\u0131lm\u0131\u015ft\u0131r.<\/li>\n<li><b>Zarif Tasar\u0131m:<\/b> Zengin lacivert renkte klasik loafer stili, ay\u0131rt edici bir amblemle s\u00fcslenmi\u015ftir.<\/li>\n<li><b>Mevcut Boyutlar:<\/b> 39, 40, 41, 42, 43, 44, 45 AB bedenlerinde sunulmaktad\u0131r.<\/li>\n<li><b>Toplu Bulunabilirlik:<\/b> Minimum sipari\u015f miktar\u0131 8 \u00e7ifttir ve teslimat s\u00fcresi nakliye dahil 12 g\u00fcnd\u00fcr.<\/li>\n<\/ul>","protected":false},"featured_media":3515,"template":"","meta":{"_acf_changed":false,"_uag_custom_page_level_css":"","site-sidebar-layout":"default","site-content-layout":"","ast-site-content-layout":"default","site-content-style":"default","site-sidebar-style":"default","ast-global-header-display":"","ast-banner-title-visibility":"","ast-main-header-display":"","ast-hfb-above-header-display":"","ast-hfb-below-header-display":"","ast-hfb-mobile-header-display":"","site-post-title":"","ast-breadcrumbs-content":"","ast-featured-img":"","footer-sml-layout":"","ast-disable-related-posts":"","theme-transparent-header-meta":"default","adv-header-id-meta":"","stick-header-meta":"","header-above-stick-meta":"","header-main-stick-meta":"","header-below-stick-meta":"","astra-migrate-meta-layouts":"set","ast-page-background-enabled":"default","ast-page-background-meta":{"desktop":{"background-color":"var(--ast-global-color-4)","background-image":"","background-repeat":"repeat","background-position":"center center","background-size":"auto","background-attachment":"scroll","background-type":"","background-media":"","overlay-type":"","overlay-color":"","overlay-opacity":"","overlay-gradient":""},"tablet":{"background-color":"","background-image":"","background-repeat":"repeat","background-position":"center center","background-size":"auto","background-attachment":"scroll","background-type":"","background-media":"","overlay-type":"","overlay-color":"","overlay-opacity":"","overlay-gradient":""},"mobile":{"background-color":"","background-image":"","background-repeat":"repeat","background-position":"center center","background-size":"auto","background-attachment":"scroll","background-type":"","background-media":"","overlay-type":"","overlay-color":"","overlay-opacity":"","overlay-gradient":""}},"ast-content-background-meta":{"desktop":{"background-color":"var(--ast-global-color-5)","background-image":"","background-repeat":"repeat","background-position":"center center","background-size":"auto","background-attachment":"scroll","background-type":"","background-media":"","overlay-type":"","overlay-color":"","overlay-opacity":"","overlay-gradient":""},"tablet":{"background-color":"var(--ast-global-color-5)","background-image":"","background-repeat":"repeat","background-position":"center center","background-size":"auto","background-attachment":"scroll","background-type":"","background-media":"","overlay-type":"","overlay-color":"","overlay-opacity":"","overlay-gradient":""},"mobile":{"background-color":"var(--ast-global-color-5)","background-image":"","background-repeat":"repeat","background-position":"center center","background-size":"auto","background-attachment":"scroll","background-type":"","background-media":"","overlay-type":"","overlay-color":"","overlay-opacity":"","overlay-gradient":""}}},"product_brand":[],"product_cat":[47,430,40],"product_tag":[513,185,284,480,189,215,217,198,186,790,466,557,374,184],"class_list":{"0":"post-5211","1":"product","2":"type-product","3":"status-publish","4":"has-post-thumbnail","6":"product_cat-classic","7":"product_cat-men","8":"product_cat-mens-shoes","9":"product_tag-business-casual-shoes","10":"product_tag-calf-leather-shoes","11":"product_tag-dress-shoes","12":"product_tag-elegant-shoes","13":"product_tag-goat-leather-lining","14":"product_tag-leather-loafers","15":"product_tag-luxury-footwear","16":"product_tag-mens-fashion","17":"product_tag-mens-loafers","18":"product_tag-mens-slip-ons","19":"product_tag-microlight-sole","20":"product_tag-navy-loafers","21":"product_tag-premium-loafers","22":"product_tag-slip-on-shoes","23":"desktop-align-center","24":"tablet-align-center","25":"mobile-align-center","27":"first","28":"instock","29":"shipping-taxable","30":"purchasable","31":"product-type-variable","32":"has-default-attributes"},"acf":[],"uagb_featured_image_src":{"full":["https:\/\/turkishtrade.co\/wp-content\/uploads\/2026\/01\/2400EJOMN00114-DARK-BLUE-Z_446-1-USD.png",453,250,false],"thumbnail":["https:\/\/turkishtrade.co\/wp-content\/uploads\/2026\/01\/2400EJOMN00114-DARK-BLUE-Z_446-1-USD-150x150.png",150,150,true],"medium":["https:\/\/turkishtrade.co\/wp-content\/uploads\/2026\/01\/2400EJOMN00114-DARK-BLUE-Z_446-1-USD-300x166.png",300,166,true],"medium_large":["https:\/\/turkishtrade.co\/wp-content\/uploads\/2026\/01\/2400EJOMN00114-DARK-BLUE-Z_446-1-USD.png",453,250,false],"large":["https:\/\/turkishtrade.co\/wp-content\/uploads\/2026\/01\/2400EJOMN00114-DARK-BLUE-Z_446-1-USD.png",453,250,false],"1536x1536":["https:\/\/turkishtrade.co\/wp-content\/uploads\/2026\/01\/2400EJOMN00114-DARK-BLUE-Z_446-1-USD.png",453,250,false],"2048x2048":["https:\/\/turkishtrade.co\/wp-content\/uploads\/2026\/01\/2400EJOMN00114-DARK-BLUE-Z_446-1-USD.png",453,250,false],"trp-custom-language-flag":["https:\/\/turkishtrade.co\/wp-content\/uploads\/2026\/01\/2400EJOMN00114-DARK-BLUE-Z_446-1-USD-18x10.png",18,10,true],"woocommerce_thumbnail":["https:\/\/turkishtrade.co\/wp-content\/uploads\/2026\/01\/2400EJOMN00114-DARK-BLUE-Z_446-1-USD-400x250.png",400,250,true],"woocommerce_single":["https:\/\/turkishtrade.co\/wp-content\/uploads\/2026\/01\/2400EJOMN00114-DARK-BLUE-Z_446-1-USD.png",453,250,false],"woocommerce_gallery_thumbnail":["https:\/\/turkishtrade.co\/wp-content\/uploads\/2026\/01\/2400EJOMN00114-DARK-BLUE-Z_446-1-USD-100x100.png",100,100,true]},"uagb_author_info":{"display_name":"yaser olabi","author_link":"https:\/\/turkishtrade.co\/tr\/author\/"},"uagb_comment_info":0,"uagb_excerpt":"Exquisite Materials: Crafted with genuine Calf Leather exterior and soft Goat Leather lining. Superior Comfort: Equipped with a lightweight Microlight sole and a comfortable 1-3 cm heel. Elegant Design: Classic loafer style in a rich navy blue, adorned with a distinctive emblem. Available Sizes: Offered in EU sizes 39, 40, 41, 42, 43, 44, 45.&hellip;","_links":{"self":[{"href":"https:\/\/turkishtrade.co\/tr\/wp-json\/wp\/v2\/product\/5211","targetHints":{"allow":["GET"]}}],"collection":[{"href":"https:\/\/turkishtrade.co\/tr\/wp-json\/wp\/v2\/product"}],"about":[{"href":"https:\/\/turkishtrade.co\/tr\/wp-json\/wp\/v2\/types\/product"}],"wp:featuredmedia":[{"embeddable":true,"href":"https:\/\/turkishtrade.co\/tr\/wp-json\/wp\/v2\/media\/3515"}],"wp:attachment":[{"href":"https:\/\/turkishtrade.co\/tr\/wp-json\/wp\/v2\/media?parent=5211"}],"wp:term":[{"taxonomy":"product_brand","embeddable":true,"href":"https:\/\/turkishtrade.co\/tr\/wp-json\/wp\/v2\/product_brand?post=5211"},{"taxonomy":"product_cat","embeddable":true,"href":"https:\/\/turkishtrade.co\/tr\/wp-json\/wp\/v2\/product_cat?post=5211"},{"taxonomy":"product_tag","embeddable":true,"href":"https:\/\/turkishtrade.co\/tr\/wp-json\/wp\/v2\/product_tag?post=5211"}],"curies":[{"name":"wp","href":"https:\/\/api.w.org\/{rel}","templated":true}]}}