{"id":5209,"date":"2026-01-14T11:28:17","date_gmt":"2026-01-14T11:28:17","guid":{"rendered":"https:\/\/turkishtrade.co\/product\/men-s-leather-loafers-2\/"},"modified":"2026-04-09T19:40:58","modified_gmt":"2026-04-09T19:40:58","slug":"exclusive-mens-leather-loafers-dress-shoes","status":"publish","type":"product","link":"https:\/\/turkishtrade.co\/tr\/shop\/exclusive-mens-leather-loafers-dress-shoes\/","title":{"rendered":"Toka Detayl\u0131 Zarif Koyu Kahverengi Erkek Deri Loafer"},"content":{"rendered":"<p><strong>Erkek Deri Loaferlar<\/strong><\/p>\n<p>Enfes Koyu Kahverengi \u00fcr\u00fcn\u00fcm\u00fczle benzersiz bir \u015f\u0131kl\u0131\u011fa ve konfora ad\u0131m at\u0131n <b>Erkek Deri Loaferlar<\/b>. M\u00fckemmellik i\u00e7in titizlikle haz\u0131rlanm\u0131\u015f bu sofistike mokasen ayakkab\u0131lar, her se\u00e7ici beyefendinin gard\u0131robuna \u00f6nemli bir ektir. Hem stil hem de uzun \u00f6m\u00fcrl\u00fcl\u00fck i\u00e7in tasarlanan birinci s\u0131n\u0131f <b>erkek deri\u0307 mokasen<\/b> Klasik l\u00fcks\u00fc modern bir dokunu\u015fla somutla\u015ft\u0131ran bu ayakkab\u0131lar, \u00f6nemli i\u015f toplant\u0131lar\u0131ndan \u015f\u0131k g\u00fcndelik bulu\u015fmalara kadar \u00e7ok \u00e7e\u015fitli durumlar i\u00e7in uygundur. Bu \u00e7ok y\u00f6nl\u00fc ayakkab\u0131larla ayakkab\u0131 koleksiyonunuzu geli\u015ftirin <b>erkek deri\u0307 mokasen<\/b>.<\/p>\n<h3>Rakipsiz Kalite i\u00e7in Birinci S\u0131n\u0131f Malzemeler<\/h3>\n<p>Bu \u00fcr\u00fcnlerin \u00fcst\u00fcn kalitesi <b>erkek deri\u0307 mokasen<\/b> malzeme se\u00e7imi ile ba\u015flar. D\u0131\u015f y\u00fczeyi, p\u00fcr\u00fczs\u00fcz dokusu, ola\u011fan\u00fcst\u00fc dayan\u0131kl\u0131l\u0131\u011f\u0131 ve zaman i\u00e7inde g\u00fczel bir patina geli\u015ftirme yetene\u011fi ile bilinen birinci s\u0131n\u0131f dana derisinden \u00fcretilmi\u015ftir. Bu y\u00fcksek kaliteli dana derisi, \u00e7antan\u0131z\u0131n <b>erkek deri\u0307 mokasen<\/b> sadece \u00e7arp\u0131c\u0131 g\u00f6r\u00fcnmekle kalmaz, ayn\u0131 zamanda ak\u0131ll\u0131ca bir yat\u0131r\u0131m oldu\u011funu kan\u0131tlayarak zaman\u0131n testine de dayan\u0131r. Sa\u011flam d\u0131\u015f y\u00fczeyi tamamlayan i\u00e7 k\u0131s\u0131m, ola\u011fan\u00fcst\u00fc nefes alabilirlik ve aya\u011fa yumu\u015fak bir his veren esnek ke\u00e7i derisiyle astarlanm\u0131\u015ft\u0131r. Bu l\u00fcks kombinasyon, \u00fcst\u00fcn bir konfor deneyimi sunarak ayakkab\u0131n\u0131z\u0131 rahatl\u0131kla giymenizi sa\u011flar. <b>erkek deri\u0307 mokasen<\/b> b\u00fct\u00fcn g\u00fcn taviz vermeden.<\/p>\n<h3>Her Ad\u0131mda Konfor ve Stil<\/h3>\n<p>Yenilik\u00e7i Microlight taban sayesinde konfor daha da artar. Bu hafif ama esnek taban, m\u00fckemmel yast\u0131klama ve destek sa\u011flayarak yorgunlu\u011fu azalt\u0131r ve bu ayakkab\u0131lar\u0131 <b>erkek deri\u0307 mokasen<\/b> uzun s\u00fcreli kullan\u0131m i\u00e7in inan\u0131lmaz derecede rahatt\u0131r. 1-3 cm'lik ince topuk, ergonomik bir profili korurken sofistike bir dokunu\u015f katar. Klasik tasar\u0131m, zevkli bir toka detay\u0131 ile zarif bir \u015fekilde y\u00fckseltilerek bu yak\u0131\u015f\u0131kl\u0131 ayakkab\u0131lara farkl\u0131 bir karakter katar. <b>erkek deri\u0307 mokasen<\/b>. 39'dan 45'e kadar geni\u015f bir beden yelpazesinde mevcut olan bu zarif \u00fcr\u00fcnlere m\u00fckemmel uyumunuzu bulmak i\u00e7in <b>erkek deri\u0307 mokasen<\/b> zahmetsizdir.<\/p>\n<h3>Toptan ve Perakendeciler i\u00e7in ideal<\/h3>\n<p>\u0130\u015fletmeler ve perakendeciler i\u00e7in bu y\u00fcksek kaliteli <b>erkek deri\u0307 mokasen<\/b> m\u00fckemmel bir toptan sat\u0131\u015f f\u0131rsat\u0131n\u0131 temsil etmektedir. Yaln\u0131zca 8 \u00e7iftlik minimum sipari\u015f miktar\u0131yla, bu pop\u00fcler ve \u015f\u0131k ayakkab\u0131lar\u0131 kolayca stoklayabilir ve m\u00fc\u015fterilerin birinci s\u0131n\u0131f ayakkab\u0131 talebini kar\u015f\u0131layabilirsiniz. Tahmini teslimat s\u00fcresi 12 g\u00fcn art\u0131 nakliye ile verimli bir i\u015flem sa\u011fl\u0131yoruz. Toplu sipari\u015fler i\u00e7in \u00e7ift ba\u015f\u0131na rekabet\u00e7i bir \u015fekilde USD olarak fiyatland\u0131r\u0131lan bu ola\u011fan\u00fcst\u00fc <b>erkek deri\u0307 mokasen<\/b> m\u00fc\u015fterilerinize cazip bir fiyat noktas\u0131nda birinci s\u0131n\u0131f ayakkab\u0131lar sunman\u0131za olanak tan\u0131yan inan\u0131lmaz bir de\u011fer sunar. Konforu se\u00e7in, stili se\u00e7in, kusursuz ayakkab\u0131lar\u0131m\u0131z\u0131 se\u00e7in <b>erkek deri\u0307 mokasen<\/b>.<\/p>","protected":false},"excerpt":{"rendered":"<ul>\n<li>Birinci s\u0131n\u0131f malzemeden \u00fcretilmi\u015ftir <strong>Dana derisi<\/strong> d\u0131\u015f ve l\u00fcks <strong>Ke\u00e7i Derisi<\/strong> \u0130\u00e7 mekan.<\/li>\n<li>Hafif bir yap\u0131ya sahiptir <strong>Microlight<\/strong> \u00dcst\u00fcn konfor ve dayan\u0131kl\u0131l\u0131k i\u00e7in taban.<\/li>\n<li>Sofistike ve rahat bir profil i\u00e7in 1-3 cm'lik ince topuk y\u00fcksekli\u011fi.<\/li>\n<li>Kapsaml\u0131 bir beden aral\u0131\u011f\u0131nda mevcuttur: 39, 40, 41, 42, 43, 44, 45.<\/li>\n<li>Minimum sipari\u015f miktar\u0131: 8 \u00e7ift, toplu ve toptan al\u0131mlar i\u00e7in idealdir.<\/li>\n<li>Tahmini teslim s\u00fcresi: 12 g\u00fcn art\u0131 nakliye.<\/li>\n<li>Toptan sat\u0131\u015f fiyat\u0131: \u00c7ift ba\u015f\u0131na USD, ola\u011fan\u00fcst\u00fc de\u011fer sunar.<\/li>\n<\/ul>","protected":false},"featured_media":3514,"template":"","meta":{"_acf_changed":false,"_uag_custom_page_level_css":"","site-sidebar-layout":"default","site-content-layout":"","ast-site-content-layout":"default","site-content-style":"default","site-sidebar-style":"default","ast-global-header-display":"","ast-banner-title-visibility":"","ast-main-header-display":"","ast-hfb-above-header-display":"","ast-hfb-below-header-display":"","ast-hfb-mobile-header-display":"","site-post-title":"","ast-breadcrumbs-content":"","ast-featured-img":"","footer-sml-layout":"","ast-disable-related-posts":"","theme-transparent-header-meta":"default","adv-header-id-meta":"","stick-header-meta":"","header-above-stick-meta":"","header-main-stick-meta":"","header-below-stick-meta":"","astra-migrate-meta-layouts":"set","ast-page-background-enabled":"default","ast-page-background-meta":{"desktop":{"background-color":"var(--ast-global-color-4)","background-image":"","background-repeat":"repeat","background-position":"center center","background-size":"auto","background-attachment":"scroll","background-type":"","background-media":"","overlay-type":"","overlay-color":"","overlay-opacity":"","overlay-gradient":""},"tablet":{"background-color":"","background-image":"","background-repeat":"repeat","background-position":"center center","background-size":"auto","background-attachment":"scroll","background-type":"","background-media":"","overlay-type":"","overlay-color":"","overlay-opacity":"","overlay-gradient":""},"mobile":{"background-color":"","background-image":"","background-repeat":"repeat","background-position":"center center","background-size":"auto","background-attachment":"scroll","background-type":"","background-media":"","overlay-type":"","overlay-color":"","overlay-opacity":"","overlay-gradient":""}},"ast-content-background-meta":{"desktop":{"background-color":"var(--ast-global-color-5)","background-image":"","background-repeat":"repeat","background-position":"center center","background-size":"auto","background-attachment":"scroll","background-type":"","background-media":"","overlay-type":"","overlay-color":"","overlay-opacity":"","overlay-gradient":""},"tablet":{"background-color":"var(--ast-global-color-5)","background-image":"","background-repeat":"repeat","background-position":"center center","background-size":"auto","background-attachment":"scroll","background-type":"","background-media":"","overlay-type":"","overlay-color":"","overlay-opacity":"","overlay-gradient":""},"mobile":{"background-color":"var(--ast-global-color-5)","background-image":"","background-repeat":"repeat","background-position":"center center","background-size":"auto","background-attachment":"scroll","background-type":"","background-media":"","overlay-type":"","overlay-color":"","overlay-opacity":"","overlay-gradient":""}}},"product_brand":[],"product_cat":[47,430,40],"product_tag":[147,315,405,566,737,251,556,215,186,466,374,380,456],"class_list":{"0":"post-5209","1":"product","2":"type-product","3":"status-publish","4":"has-post-thumbnail","6":"product_cat-classic","7":"product_cat-men","8":"product_cat-mens-shoes","9":"product_tag-brown-loafers","10":"product_tag-buckle-loafers","11":"product_tag-business-shoes","12":"product_tag-calfskin-shoes","13":"product_tag-dress-loafers","14":"product_tag-formal-shoes","15":"product_tag-goatskin-lining","16":"product_tag-leather-loafers","17":"product_tag-mens-loafers","18":"product_tag-microlight-sole","19":"product_tag-premium-loafers","20":"product_tag-smart-casual-footwear","21":"product_tag-wholesale-loafers","22":"desktop-align-center","23":"tablet-align-center","24":"mobile-align-center","26":"first","27":"instock","28":"shipping-taxable","29":"purchasable","30":"product-type-variable","31":"has-default-attributes"},"acf":[],"uagb_featured_image_src":{"full":["https:\/\/turkishtrade.co\/wp-content\/uploads\/2026\/01\/2400EJOMN00113-BROWN-TNC_816.png",453,250,false],"thumbnail":["https:\/\/turkishtrade.co\/wp-content\/uploads\/2026\/01\/2400EJOMN00113-BROWN-TNC_816.png",150,83,false],"medium":["https:\/\/turkishtrade.co\/wp-content\/uploads\/2026\/01\/2400EJOMN00113-BROWN-TNC_816.png",300,166,false],"medium_large":["https:\/\/turkishtrade.co\/wp-content\/uploads\/2026\/01\/2400EJOMN00113-BROWN-TNC_816.png",453,250,false],"large":["https:\/\/turkishtrade.co\/wp-content\/uploads\/2026\/01\/2400EJOMN00113-BROWN-TNC_816.png",453,250,false],"1536x1536":["https:\/\/turkishtrade.co\/wp-content\/uploads\/2026\/01\/2400EJOMN00113-BROWN-TNC_816.png",453,250,false],"2048x2048":["https:\/\/turkishtrade.co\/wp-content\/uploads\/2026\/01\/2400EJOMN00113-BROWN-TNC_816.png",453,250,false],"trp-custom-language-flag":["https:\/\/turkishtrade.co\/wp-content\/uploads\/2026\/01\/2400EJOMN00113-BROWN-TNC_816.png",18,10,false],"woocommerce_thumbnail":["https:\/\/turkishtrade.co\/wp-content\/uploads\/2026\/01\/2400EJOMN00113-BROWN-TNC_816-400x250.png",400,250,true],"woocommerce_single":["https:\/\/turkishtrade.co\/wp-content\/uploads\/2026\/01\/2400EJOMN00113-BROWN-TNC_816.png",453,250,false],"woocommerce_gallery_thumbnail":["https:\/\/turkishtrade.co\/wp-content\/uploads\/2026\/01\/2400EJOMN00113-BROWN-TNC_816-100x100.png",100,100,true]},"uagb_author_info":{"display_name":"yaser olabi","author_link":"https:\/\/turkishtrade.co\/tr\/author\/"},"uagb_comment_info":0,"uagb_excerpt":"Crafted from premium Calfskin exterior and luxurious Goatskin interior. Features a lightweight Microlight sole for ultimate comfort and durability. Subtle heel height of 1-3 cm for a sophisticated and comfortable profile. Available in a comprehensive size range: 39, 40, 41, 42, 43, 44, 45. Minimum order quantity: 8 pairs, ideal for bulk and wholesale purchases.&hellip;","_links":{"self":[{"href":"https:\/\/turkishtrade.co\/tr\/wp-json\/wp\/v2\/product\/5209","targetHints":{"allow":["GET"]}}],"collection":[{"href":"https:\/\/turkishtrade.co\/tr\/wp-json\/wp\/v2\/product"}],"about":[{"href":"https:\/\/turkishtrade.co\/tr\/wp-json\/wp\/v2\/types\/product"}],"wp:featuredmedia":[{"embeddable":true,"href":"https:\/\/turkishtrade.co\/tr\/wp-json\/wp\/v2\/media\/3514"}],"wp:attachment":[{"href":"https:\/\/turkishtrade.co\/tr\/wp-json\/wp\/v2\/media?parent=5209"}],"wp:term":[{"taxonomy":"product_brand","embeddable":true,"href":"https:\/\/turkishtrade.co\/tr\/wp-json\/wp\/v2\/product_brand?post=5209"},{"taxonomy":"product_cat","embeddable":true,"href":"https:\/\/turkishtrade.co\/tr\/wp-json\/wp\/v2\/product_cat?post=5209"},{"taxonomy":"product_tag","embeddable":true,"href":"https:\/\/turkishtrade.co\/tr\/wp-json\/wp\/v2\/product_tag?post=5209"}],"curies":[{"name":"wp","href":"https:\/\/api.w.org\/{rel}","templated":true}]}}