{"id":5207,"date":"2026-01-14T11:28:00","date_gmt":"2026-01-14T11:28:00","guid":{"rendered":"https:\/\/turkishtrade.co\/product\/mens-brown-leather-derby-shoes\/"},"modified":"2026-04-09T19:41:01","modified_gmt":"2026-04-09T19:41:01","slug":"mens-brown-leather-derby-shoes","status":"publish","type":"product","link":"https:\/\/turkishtrade.co\/tr\/shop\/mens-brown-leather-derby-shoes\/","title":{"rendered":"El Yap\u0131m\u0131 Erkek Kahverengi Deri Derby Ayakkab\u0131"},"content":{"rendered":"<p><strong>Erkek Kahverengi Deri Derby Ayakkab\u0131<\/strong><\/p>\n<p>Ayakkab\u0131 koleksiyonunuzu se\u00e7kin \u00fcr\u00fcnlerimizle geli\u015ftirin <strong>Erkek Kahverengi Deri Derby Ayakkab\u0131<\/strong>. Se\u00e7kin bireyler i\u00e7in tasarlanan bu ayakkab\u0131lar, zamans\u0131z stili benzersiz konfor ve i\u015f\u00e7ilikle harmanl\u0131yor. Bu birinci s\u0131n\u0131f ayakkab\u0131lar\u0131n her \u00e7ifti <strong>Erkek Kahverengi Deri Derby Ayakkab\u0131<\/strong> titizlikle el yap\u0131m\u0131d\u0131r, kalite ve detaylara g\u00f6sterilen \u00f6zen hakk\u0131nda \u00e7ok \u015fey anlatan bir y\u00fczey sa\u011flar. Y\u00fcksek kaliteli, dayan\u0131kl\u0131 ayakkab\u0131lar sunmak isteyen perakendeciler ve butikler i\u00e7in m\u00fckemmeldir.<\/p>\n<h3>\u00dcst\u00fcn \u0130\u015f\u00e7ilik ve Birinci S\u0131n\u0131f Malzemeler<\/h3>\n<p>Bizim <strong>Erkek Kahverengi Deri Derby Ayakkab\u0131<\/strong> hem l\u00fcks\u00fc hem de uzun \u00f6m\u00fcrl\u00fcl\u00fc\u011f\u00fc garanti etmek i\u00e7in en iyi malzemelerden \u00fcretilmi\u015ftir. D\u0131\u015f y\u00fczeyi, p\u00fcr\u00fczs\u00fcz dokusu, esnekli\u011fi ve zarif parlakl\u0131\u011f\u0131yla bilinen hakiki dana derisine sahiptir. Bu birinci s\u0131n\u0131f deri, zaman i\u00e7inde aya\u011fa g\u00fczel bir \u015fekilde uyum sa\u011flayarak ki\u015fiselle\u015ftirilmi\u015f bir uyum sunar. \u0130\u00e7 k\u0131s\u0131mda, ilk giyimden itibaren ola\u011fan\u00fcst\u00fc nefes alabilirlik ve rahatl\u0131k sa\u011flayan, son derece yumu\u015fak ke\u00e7i derisinden bir astar bulacaks\u0131n\u0131z. Bu malzeme kombinasyonu, bu ayakkab\u0131lar\u0131n <strong>Erkek Kahverengi Deri Derby Ayakkab\u0131<\/strong> sadece \u015f\u0131k de\u011fil, ayn\u0131 zamanda g\u00fcn boyunca giymesi de bir zevktir.<\/p>\n<h3>Konfor ve Stil i\u00e7in Tasarland\u0131<\/h3>\n<p>\u00c7arp\u0131c\u0131 esteti\u011finin \u00f6tesinde, bu <strong>Erkek Kahverengi Deri Derby Ayakkab\u0131<\/strong> \u00fcst\u00fcn konfor i\u00e7in tasarlanm\u0131\u015ft\u0131r. Yenilik\u00e7i Microlight taban, darbeyi emen ve yorgunlu\u011fu azaltan hafif ve esnek bir temel sa\u011flar. Bu geli\u015fmi\u015f taban teknolojisi, bu ayakkab\u0131lar\u0131 <strong>Erkek Kahverengi Deri Derby Ayakkab\u0131<\/strong> \u0130ster ofiste ister \u00f6zel etkinliklerde olsun, uzun g\u00fcnler boyunca ayakta kalmak i\u00e7in idealdir. 1-3 cm'lik ince topu\u011fuyla, zarif bir siluet i\u00e7in do\u011fru miktarda kald\u0131rma kuvveti sunar. A\u00e7\u0131k ba\u011fc\u0131k sistemiyle karakterize edilen klasik Derby tasar\u0131m\u0131, hem \u00e7ok y\u00f6nl\u00fcl\u00fck hem de sofistike bir \u00e7ekicilik sunarak bu ayakkab\u0131lar\u0131 <strong>Erkek Kahverengi Deri Derby Ayakkab\u0131<\/strong> her gard\u0131rop i\u00e7in temel bir par\u00e7a.<\/p>\n<h3>Toptan Al\u0131c\u0131lar i\u00e7in \u0130deal<\/h3>\n<p>\u00dcst\u00fcn kaliteli ayakkab\u0131 stoklamak isteyen i\u015fletmeler i\u00e7in bu <strong>Erkek Kahverengi Deri Derby Ayakkab\u0131<\/strong> m\u00fckemmel bir f\u0131rsat sunuyor. Minimum sipari\u015f miktar\u0131 sadece 8 \u00e7ift olmak \u00fczere, \u00e7ift ba\u015f\u0131na USD gibi rekabet\u00e7i bir toptan sat\u0131\u015f fiyat\u0131 sunuyoruz. Bu sayede envanterinizi AB 39 ila 45 aras\u0131nda de\u011fi\u015fen, aranan bedenlerle kolayca doldurabilirsiniz. Verimli \u00fcretim ve teslimat sistemimiz, sipari\u015finizin <strong>Erkek Kahverengi Deri Derby Ayakkab\u0131<\/strong> nakliye s\u00fcresi de dahil olmak \u00fczere 12 g\u00fcn i\u00e7inde sevkiyata haz\u0131r olacakt\u0131r. M\u00fc\u015fterilerinize gelenek, modernlik ve konforun m\u00fckemmel kar\u0131\u015f\u0131m\u0131n\u0131 bu ola\u011fan\u00fcst\u00fc \u00fcr\u00fcnlerle sunun <strong>Erkek Kahverengi Deri Derby Ayakkab\u0131<\/strong>.<\/p>","protected":false},"excerpt":{"rendered":"<ul>\n<li><strong>Premium Malzemeler:<\/strong> Hakiki dana derisinden d\u0131\u015f y\u00fczey ve yumu\u015fak ke\u00e7i derisinden i\u00e7 y\u00fczey ile \u00fcretilmi\u015ftir.<\/li>\n<li><strong>Konfor Taban:<\/strong> \u00dcst\u00fcn konfor ve dayan\u0131kl\u0131l\u0131k i\u00e7in hafif Microlight tabana sahiptir.<\/li>\n<li><strong>Zarif Tasar\u0131m:<\/strong> Klasik 1-3 cm topuk y\u00fcksekli\u011fi ve sofistike kahverengi kaplama, resmi veya \u015f\u0131k g\u00fcndelik giyim i\u00e7in m\u00fckemmeldir.<\/li>\n<li><strong>Mevcut Boyutlar:<\/strong> 39'dan 45'e kadar kapsaml\u0131 bir AB beden yelpazesinde sunulmaktad\u0131r.<\/li>\n<li><strong>Toptan Sat\u0131\u015f:<\/strong> Minimum 8 \u00e7ift sipari\u015f. Ayakkab\u0131lar i\u00e7in toptan sat\u0131\u015f fiyat\u0131 \u00e7ift ba\u015f\u0131na USD'dir.<\/li>\n<li><strong>Etkili Teslimat:<\/strong> Teslim s\u00fcresi 12 g\u00fcn art\u0131 toplu sipari\u015fler i\u00e7in nakliye.<\/li>\n<\/ul>","protected":false},"featured_media":3513,"template":"","meta":{"_acf_changed":false,"_uag_custom_page_level_css":"","site-sidebar-layout":"default","site-content-layout":"","ast-site-content-layout":"default","site-content-style":"default","site-sidebar-style":"default","ast-global-header-display":"","ast-banner-title-visibility":"","ast-main-header-display":"","ast-hfb-above-header-display":"","ast-hfb-below-header-display":"","ast-hfb-mobile-header-display":"","site-post-title":"","ast-breadcrumbs-content":"","ast-featured-img":"","footer-sml-layout":"","ast-disable-related-posts":"","theme-transparent-header-meta":"default","adv-header-id-meta":"","stick-header-meta":"","header-above-stick-meta":"","header-main-stick-meta":"","header-below-stick-meta":"","astra-migrate-meta-layouts":"set","ast-page-background-enabled":"default","ast-page-background-meta":{"desktop":{"background-color":"var(--ast-global-color-4)","background-image":"","background-repeat":"repeat","background-position":"center center","background-size":"auto","background-attachment":"scroll","background-type":"","background-media":"","overlay-type":"","overlay-color":"","overlay-opacity":"","overlay-gradient":""},"tablet":{"background-color":"","background-image":"","background-repeat":"repeat","background-position":"center center","background-size":"auto","background-attachment":"scroll","background-type":"","background-media":"","overlay-type":"","overlay-color":"","overlay-opacity":"","overlay-gradient":""},"mobile":{"background-color":"","background-image":"","background-repeat":"repeat","background-position":"center center","background-size":"auto","background-attachment":"scroll","background-type":"","background-media":"","overlay-type":"","overlay-color":"","overlay-opacity":"","overlay-gradient":""}},"ast-content-background-meta":{"desktop":{"background-color":"var(--ast-global-color-5)","background-image":"","background-repeat":"repeat","background-position":"center center","background-size":"auto","background-attachment":"scroll","background-type":"","background-media":"","overlay-type":"","overlay-color":"","overlay-opacity":"","overlay-gradient":""},"tablet":{"background-color":"var(--ast-global-color-5)","background-image":"","background-repeat":"repeat","background-position":"center center","background-size":"auto","background-attachment":"scroll","background-type":"","background-media":"","overlay-type":"","overlay-color":"","overlay-opacity":"","overlay-gradient":""},"mobile":{"background-color":"var(--ast-global-color-5)","background-image":"","background-repeat":"repeat","background-position":"center center","background-size":"auto","background-attachment":"scroll","background-type":"","background-media":"","overlay-type":"","overlay-color":"","overlay-opacity":"","overlay-gradient":""}}},"product_brand":[],"product_cat":[47,430,40],"product_tag":[199,513,185,181,212,480,650,251,189,786,286,466,787,281],"class_list":{"0":"post-5207","1":"product","2":"type-product","3":"status-publish","4":"has-post-thumbnail","6":"product_cat-classic","7":"product_cat-men","8":"product_cat-mens-shoes","9":"product_tag-brown-dress-shoes","10":"product_tag-business-casual-shoes","11":"product_tag-calf-leather-shoes","12":"product_tag-comfortable-dress-shoes","13":"product_tag-derby-shoes","14":"product_tag-elegant-shoes","15":"product_tag-eu-sizes","16":"product_tag-formal-shoes","17":"product_tag-goat-leather-lining","18":"product_tag-handcrafted-footwear","19":"product_tag-mens-leather-shoes","20":"product_tag-microlight-sole","21":"product_tag-premium-mens-shoes","22":"product_tag-wholesale-shoes","23":"desktop-align-center","24":"tablet-align-center","25":"mobile-align-center","27":"first","28":"instock","29":"shipping-taxable","30":"purchasable","31":"product-type-variable","32":"has-default-attributes"},"acf":[],"uagb_featured_image_src":{"full":["https:\/\/turkishtrade.co\/wp-content\/uploads\/2026\/01\/2400EJOMN00112-BROWN-Y_541.png",453,250,false],"thumbnail":["https:\/\/turkishtrade.co\/wp-content\/uploads\/2026\/01\/2400EJOMN00112-BROWN-Y_541-150x150.png",150,150,true],"medium":["https:\/\/turkishtrade.co\/wp-content\/uploads\/2026\/01\/2400EJOMN00112-BROWN-Y_541-300x166.png",300,166,true],"medium_large":["https:\/\/turkishtrade.co\/wp-content\/uploads\/2026\/01\/2400EJOMN00112-BROWN-Y_541.png",453,250,false],"large":["https:\/\/turkishtrade.co\/wp-content\/uploads\/2026\/01\/2400EJOMN00112-BROWN-Y_541.png",453,250,false],"1536x1536":["https:\/\/turkishtrade.co\/wp-content\/uploads\/2026\/01\/2400EJOMN00112-BROWN-Y_541.png",453,250,false],"2048x2048":["https:\/\/turkishtrade.co\/wp-content\/uploads\/2026\/01\/2400EJOMN00112-BROWN-Y_541.png",453,250,false],"trp-custom-language-flag":["https:\/\/turkishtrade.co\/wp-content\/uploads\/2026\/01\/2400EJOMN00112-BROWN-Y_541-18x10.png",18,10,true],"woocommerce_thumbnail":["https:\/\/turkishtrade.co\/wp-content\/uploads\/2026\/01\/2400EJOMN00112-BROWN-Y_541-400x250.png",400,250,true],"woocommerce_single":["https:\/\/turkishtrade.co\/wp-content\/uploads\/2026\/01\/2400EJOMN00112-BROWN-Y_541.png",453,250,false],"woocommerce_gallery_thumbnail":["https:\/\/turkishtrade.co\/wp-content\/uploads\/2026\/01\/2400EJOMN00112-BROWN-Y_541-100x100.png",100,100,true]},"uagb_author_info":{"display_name":"yaser olabi","author_link":"https:\/\/turkishtrade.co\/tr\/author\/"},"uagb_comment_info":0,"uagb_excerpt":"Premium Materials: Crafted with genuine calf leather exterior and soft goat leather interior. Comfort Sole: Features a lightweight Microlight sole for superior comfort and durability. Elegant Design: Classic 1-3 cm heel height and sophisticated brown finish, perfect for formal or smart-casual wear. Available Sizes: Offered in a comprehensive range of EU sizes from 39 to&hellip;","_links":{"self":[{"href":"https:\/\/turkishtrade.co\/tr\/wp-json\/wp\/v2\/product\/5207","targetHints":{"allow":["GET"]}}],"collection":[{"href":"https:\/\/turkishtrade.co\/tr\/wp-json\/wp\/v2\/product"}],"about":[{"href":"https:\/\/turkishtrade.co\/tr\/wp-json\/wp\/v2\/types\/product"}],"wp:featuredmedia":[{"embeddable":true,"href":"https:\/\/turkishtrade.co\/tr\/wp-json\/wp\/v2\/media\/3513"}],"wp:attachment":[{"href":"https:\/\/turkishtrade.co\/tr\/wp-json\/wp\/v2\/media?parent=5207"}],"wp:term":[{"taxonomy":"product_brand","embeddable":true,"href":"https:\/\/turkishtrade.co\/tr\/wp-json\/wp\/v2\/product_brand?post=5207"},{"taxonomy":"product_cat","embeddable":true,"href":"https:\/\/turkishtrade.co\/tr\/wp-json\/wp\/v2\/product_cat?post=5207"},{"taxonomy":"product_tag","embeddable":true,"href":"https:\/\/turkishtrade.co\/tr\/wp-json\/wp\/v2\/product_tag?post=5207"}],"curies":[{"name":"wp","href":"https:\/\/api.w.org\/{rel}","templated":true}]}}