{"id":5205,"date":"2026-01-14T11:27:42","date_gmt":"2026-01-14T11:27:42","guid":{"rendered":"https:\/\/turkishtrade.co\/product\/men-black-monk-strap-shoes\/"},"modified":"2026-04-09T19:41:04","modified_gmt":"2026-04-09T19:41:04","slug":"mens-black-monk-strap-shoes-premium-leathe","status":"publish","type":"product","link":"https:\/\/turkishtrade.co\/tr\/shop\/mens-black-monk-strap-shoes-premium-leathe\/","title":{"rendered":"Erkek Premium Siyah Deri Tekli Monk Kay\u0131\u015fl\u0131 Ayakkab\u0131"},"content":{"rendered":"<p><strong>Erkek Siyah Monk Kay\u0131\u015fl\u0131 Ayakkab\u0131<\/strong><\/p>\n<p>Enfes \u00fcr\u00fcnlerimizle benzersiz bir sofistike ortama ad\u0131m at\u0131n <strong>Erkek Siyah Monk Kay\u0131\u015fl\u0131 Ayakkab\u0131<\/strong>. Se\u00e7kin beyefendiler i\u00e7in tasarlanan bu ayakkab\u0131lar, zamans\u0131z \u015f\u0131kl\u0131\u011f\u0131 modern konforla kusursuz bir \u015fekilde harmanl\u0131yor. Birinci s\u0131n\u0131f ayakkab\u0131lar\u0131m\u0131z\u0131n her \u00e7ifti <strong>Erkek Siyah Monk Kay\u0131\u015fl\u0131 Ayakkab\u0131<\/strong> titiz i\u015f\u00e7ili\u011fin bir kan\u0131t\u0131d\u0131r ve toplant\u0131 odas\u0131ndan resmi bir ak\u015fam etkinli\u011fine kadar her ortamda kal\u0131c\u0131 bir izlenim b\u0131rakman\u0131z\u0131 sa\u011flar. Bizimkini se\u00e7ti\u011finizde <strong>Erkek Siyah Monk Kay\u0131\u015fl\u0131 Ayakkab\u0131<\/strong>, 'yi se\u00e7ti\u011finizde, farkl\u0131 bir kalite ve stil se\u00e7mi\u015f olursunuz.<\/p>\n<h3>Konfor ve Dayan\u0131kl\u0131l\u0131k i\u00e7in Tasarland\u0131<\/h3>\n<p>Birinci s\u0131n\u0131f derilerin \u00f6tesinde, bu ola\u011fan\u00fcst\u00fc derilerin temeli <strong>Erkek Siyah Monk Kay\u0131\u015fl\u0131 Ayakkab\u0131<\/strong> sa\u011flam yap\u0131lar\u0131nda yatmaktad\u0131r. Hafif konfor ve m\u00fckemmel tutu\u015f i\u00e7in titizlikle tasarlanm\u0131\u015f y\u00fcksek kaliteli mikro hafif tabana sahiptir ve \u00e7e\u015fitli y\u00fczeylerde sabit bir duru\u015f sa\u011flar. Hafif 1-3 cm'lik topuk y\u00fcksekli\u011fi, denge ve konfordan \u00f6d\u00fcn vermeden se\u00e7kin bir siluet i\u00e7in do\u011fru y\u00fcksekli\u011fi sa\u011flar. \u0130konik tekli monk kay\u0131\u015f tasar\u0131m\u0131 hem g\u00fcvenli bir uyum hem de \u015f\u0131k bir dokunu\u015f sunarak bu ayakkab\u0131lar\u0131 <strong>Erkek Siyah Monk Kay\u0131\u015fl\u0131 Ayakkab\u0131<\/strong> her se\u00e7kin gard\u0131rop i\u00e7in \u00e7ok y\u00f6nl\u00fc ve vazge\u00e7ilmez bir eklentidir.<\/p>\n<p>&nbsp;<\/p>","protected":false},"excerpt":{"rendered":"<ul>\n<li>Birinci s\u0131n\u0131f Dana Derisi d\u0131\u015f y\u00fczey ve yumu\u015fak Ke\u00e7i Derisi i\u00e7 k\u0131s\u0131mdan el yap\u0131m\u0131 olarak \u00fcretilmi\u015ftir.<\/li>\n<li>Kal\u0131c\u0131 konfor ve esneklik i\u00e7in dayan\u0131kl\u0131 Microlight tabana sahiptir.<\/li>\n<li>\u0130nce 1-3 cm topuk y\u00fcksekli\u011fine sahip zarif tek ke\u015fi\u015f kay\u0131\u015fl\u0131 tasar\u0131m.<\/li>\n<li>39-45 Avrupa bedenlerinde mevcuttur.<\/li>\n<li>Minimum sipari\u015f miktar\u0131: 8 \u00e7ift.<\/li>\n<li>Beklenen teslimat: 12 g\u00fcn + nakliye.<\/li>\n<\/ul>","protected":false},"featured_media":3512,"template":"","meta":{"_acf_changed":false,"_uag_custom_page_level_css":"","site-sidebar-layout":"default","site-content-layout":"","ast-site-content-layout":"default","site-content-style":"default","site-sidebar-style":"default","ast-global-header-display":"","ast-banner-title-visibility":"","ast-main-header-display":"","ast-hfb-above-header-display":"","ast-hfb-below-header-display":"","ast-hfb-mobile-header-display":"","site-post-title":"","ast-breadcrumbs-content":"","ast-featured-img":"","footer-sml-layout":"","ast-disable-related-posts":"","theme-transparent-header-meta":"default","adv-header-id-meta":"","stick-header-meta":"","header-above-stick-meta":"","header-main-stick-meta":"","header-below-stick-meta":"","astra-migrate-meta-layouts":"set","ast-page-background-enabled":"default","ast-page-background-meta":{"desktop":{"background-color":"var(--ast-global-color-4)","background-image":"","background-repeat":"repeat","background-position":"center center","background-size":"auto","background-attachment":"scroll","background-type":"","background-media":"","overlay-type":"","overlay-color":"","overlay-opacity":"","overlay-gradient":""},"tablet":{"background-color":"","background-image":"","background-repeat":"repeat","background-position":"center center","background-size":"auto","background-attachment":"scroll","background-type":"","background-media":"","overlay-type":"","overlay-color":"","overlay-opacity":"","overlay-gradient":""},"mobile":{"background-color":"","background-image":"","background-repeat":"repeat","background-position":"center center","background-size":"auto","background-attachment":"scroll","background-type":"","background-media":"","overlay-type":"","overlay-color":"","overlay-opacity":"","overlay-gradient":""}},"ast-content-background-meta":{"desktop":{"background-color":"var(--ast-global-color-5)","background-image":"","background-repeat":"repeat","background-position":"center center","background-size":"auto","background-attachment":"scroll","background-type":"","background-media":"","overlay-type":"","overlay-color":"","overlay-opacity":"","overlay-gradient":""},"tablet":{"background-color":"var(--ast-global-color-5)","background-image":"","background-repeat":"repeat","background-position":"center center","background-size":"auto","background-attachment":"scroll","background-type":"","background-media":"","overlay-type":"","overlay-color":"","overlay-opacity":"","overlay-gradient":""},"mobile":{"background-color":"var(--ast-global-color-5)","background-image":"","background-repeat":"repeat","background-position":"center center","background-size":"auto","background-attachment":"scroll","background-type":"","background-media":"","overlay-type":"","overlay-color":"","overlay-opacity":"","overlay-gradient":""}}},"product_brand":[],"product_cat":[47,430,40],"product_tag":[196,405,202,284,454,251,591,437,450,217,466,404,406,508],"class_list":{"0":"post-5205","1":"product","2":"type-product","3":"status-publish","4":"has-post-thumbnail","6":"product_cat-classic","7":"product_cat-men","8":"product_cat-mens-shoes","9":"product_tag-black-leather-shoes","10":"product_tag-business-shoes","11":"product_tag-calf-leather","12":"product_tag-dress-shoes","13":"product_tag-elegant-footwear","14":"product_tag-formal-shoes","15":"product_tag-formal-wear","16":"product_tag-goat-leather","17":"product_tag-handcrafted-shoes","18":"product_tag-luxury-footwear","19":"product_tag-microlight-sole","20":"product_tag-monk-strap","21":"product_tag-premium-shoes","22":"product_tag-single-monk-strap","23":"desktop-align-center","24":"tablet-align-center","25":"mobile-align-center","27":"first","28":"instock","29":"shipping-taxable","30":"purchasable","31":"product-type-variable","32":"has-default-attributes"},"acf":[],"uagb_featured_image_src":{"full":["https:\/\/turkishtrade.co\/wp-content\/uploads\/2026\/01\/2400EJOMN00111-BLACK-Y_566.png",453,250,false],"thumbnail":["https:\/\/turkishtrade.co\/wp-content\/uploads\/2026\/01\/2400EJOMN00111-BLACK-Y_566-150x150.png",150,150,true],"medium":["https:\/\/turkishtrade.co\/wp-content\/uploads\/2026\/01\/2400EJOMN00111-BLACK-Y_566-300x166.png",300,166,true],"medium_large":["https:\/\/turkishtrade.co\/wp-content\/uploads\/2026\/01\/2400EJOMN00111-BLACK-Y_566.png",453,250,false],"large":["https:\/\/turkishtrade.co\/wp-content\/uploads\/2026\/01\/2400EJOMN00111-BLACK-Y_566.png",453,250,false],"1536x1536":["https:\/\/turkishtrade.co\/wp-content\/uploads\/2026\/01\/2400EJOMN00111-BLACK-Y_566.png",453,250,false],"2048x2048":["https:\/\/turkishtrade.co\/wp-content\/uploads\/2026\/01\/2400EJOMN00111-BLACK-Y_566.png",453,250,false],"trp-custom-language-flag":["https:\/\/turkishtrade.co\/wp-content\/uploads\/2026\/01\/2400EJOMN00111-BLACK-Y_566-18x10.png",18,10,true],"woocommerce_thumbnail":["https:\/\/turkishtrade.co\/wp-content\/uploads\/2026\/01\/2400EJOMN00111-BLACK-Y_566-400x250.png",400,250,true],"woocommerce_single":["https:\/\/turkishtrade.co\/wp-content\/uploads\/2026\/01\/2400EJOMN00111-BLACK-Y_566.png",453,250,false],"woocommerce_gallery_thumbnail":["https:\/\/turkishtrade.co\/wp-content\/uploads\/2026\/01\/2400EJOMN00111-BLACK-Y_566-100x100.png",100,100,true]},"uagb_author_info":{"display_name":"yaser olabi","author_link":"https:\/\/turkishtrade.co\/tr\/author\/"},"uagb_comment_info":0,"uagb_excerpt":"Handcrafted from premium Calf Leather exterior and soft Goat Leather interior. Features a durable Microlight sole for lasting comfort and flexibility. Elegant single monk strap design with a subtle 1-3 cm heel height. Available in European sizes 39-45. Minimum order quantity: 8 pairs. Expected delivery: 12 days + shipping.","_links":{"self":[{"href":"https:\/\/turkishtrade.co\/tr\/wp-json\/wp\/v2\/product\/5205","targetHints":{"allow":["GET"]}}],"collection":[{"href":"https:\/\/turkishtrade.co\/tr\/wp-json\/wp\/v2\/product"}],"about":[{"href":"https:\/\/turkishtrade.co\/tr\/wp-json\/wp\/v2\/types\/product"}],"wp:featuredmedia":[{"embeddable":true,"href":"https:\/\/turkishtrade.co\/tr\/wp-json\/wp\/v2\/media\/3512"}],"wp:attachment":[{"href":"https:\/\/turkishtrade.co\/tr\/wp-json\/wp\/v2\/media?parent=5205"}],"wp:term":[{"taxonomy":"product_brand","embeddable":true,"href":"https:\/\/turkishtrade.co\/tr\/wp-json\/wp\/v2\/product_brand?post=5205"},{"taxonomy":"product_cat","embeddable":true,"href":"https:\/\/turkishtrade.co\/tr\/wp-json\/wp\/v2\/product_cat?post=5205"},{"taxonomy":"product_tag","embeddable":true,"href":"https:\/\/turkishtrade.co\/tr\/wp-json\/wp\/v2\/product_tag?post=5205"}],"curies":[{"name":"wp","href":"https:\/\/api.w.org\/{rel}","templated":true}]}}