{"id":5201,"date":"2026-01-14T11:27:09","date_gmt":"2026-01-14T11:27:09","guid":{"rendered":"https:\/\/turkishtrade.co\/product\/mens-premium-leather-loafers-2\/"},"modified":"2026-04-09T19:41:10","modified_gmt":"2026-04-09T19:41:10","slug":"mens-premium-leather-loafers-2","status":"publish","type":"product","link":"https:\/\/turkishtrade.co\/tr\/shop\/mens-premium-leather-loafers-2\/","title":{"rendered":"Microlight Tabanl\u0131 Erkek Premium Kahverengi Kabartmal\u0131 Deri Loafer"},"content":{"rendered":"<p><strong>Erkek Premium Deri Loafer'lar<\/strong><\/p>\n<p>\u00c7arp\u0131c\u0131 ayakkab\u0131 koleksiyonumuzla ayakkab\u0131 koleksiyonunuzu y\u00fckseltin <strong>Erkek Premium Deri Loafer'lar<\/strong>, rafine stilin ve ola\u011fan\u00fcst\u00fc konforun ger\u00e7ek bir kan\u0131t\u0131d\u0131r. Se\u00e7kin beyefendiler i\u00e7in tasarlanan bu mokasen ayakkab\u0131lar, geleneksel i\u015f\u00e7ili\u011fi \u00e7a\u011fda\u015f zarafetle kusursuz bir \u015fekilde harmanl\u0131yor. Her bir \u00e7ift, se\u00e7kin kahverengi s\u0131\u011f\u0131r derisi d\u0131\u015f y\u00fczeye sahip olup, bu ayakkab\u0131lar\u0131 belirleyen sofistike kabartmal\u0131 bir doku sunmak i\u00e7in titizlikle i\u015flenmi\u015ftir. <strong>Erkek Premium Deri Loafer'lar<\/strong> ayr\u0131. Tasar\u0131mdaki detaylara g\u00f6sterilen \u00f6zen, hem benzersiz hem de zamans\u0131z bir g\u00f6r\u00fcn\u00fcm sa\u011flar ve bu da onlar\u0131 her gard\u0131rop i\u00e7in \u00e7ok y\u00f6nl\u00fc bir eklenti haline getirir.<\/p>\n<h3>Benzersiz Konfor ve \u00dcst\u00fcn Malzemeler<\/h3>\n<p>\u00d6zenle se\u00e7ilmi\u015f malzemeler sayesinde her ad\u0131mda l\u00fcks konforu ya\u015fay\u0131n. Bunlar\u0131n i\u00e7 k\u0131sm\u0131 <strong>Erkek Premium Deri Loafer'lar<\/strong> yumu\u015fak ke\u00e7i derisiyle g\u00f6rkemli bir \u015fekilde astarlanm\u0131\u015ft\u0131r ve ayaklar\u0131n\u0131z i\u00e7in inan\u0131lmaz derecede p\u00fcr\u00fczs\u00fcz ve nefes alabilen bir ortam sa\u011flar. Bu do\u011fal astar nemi uzakla\u015ft\u0131rarak uzun s\u00fcreli kullan\u0131mlarda bile rahatl\u0131k sa\u011flar. Birinci s\u0131n\u0131f deri sayay\u0131 tamamlayan son teknoloji \u00fcr\u00fcn\u00fc microlight taban. Bu yenilik\u00e7i taban malzemesi, ola\u011fan\u00fcst\u00fc hafiflik ve esneklik sa\u011flayarak yorgunlu\u011fu azalt\u0131r ve bu <strong>Erkek Premium Deri Loafer'lar<\/strong> g\u00fcnl\u00fck kullan\u0131m veya \u00f6zel g\u00fcnler i\u00e7in idealdir.<\/p>\n<p>\u0130nce 1-3 cm topuk, konfordan \u00f6d\u00fcn vermeden sofistike bir dokunu\u015f katar ve do\u011fru miktarda kald\u0131rma sa\u011flar. Bizim <strong>Erkek Premium Deri Loafer'lar<\/strong> sadece estetikten ibaret de\u011fildir; dayan\u0131kl\u0131l\u0131k ve kal\u0131c\u0131 kalite i\u00e7in \u00fcretilmi\u015ftir. Sa\u011flam s\u0131\u011f\u0131r derisi d\u0131\u015f y\u00fczeyden esnek diki\u015flere kadar her unsur, zaman\u0131n zorluklar\u0131na dayanacak \u015fekilde tasarlanm\u0131\u015ft\u0131r ve yat\u0131r\u0131m\u0131n\u0131zdan y\u0131llarca keyif alman\u0131z\u0131 sa\u011flar. 39'dan 45'e kadar geni\u015f bir beden yelpazesinde mevcut oldu\u011fundan, m\u00fckemmel uyumunuzu bulmak zahmetsizdir.<\/p>\n<h3>Toptan Al\u0131c\u0131lar i\u00e7in Ak\u0131ll\u0131 Se\u00e7im<\/h3>\n<p>Y\u00fcksek kaliteli ayakkab\u0131 arayan perakendeciler ve i\u015fletmeler i\u00e7in bu <strong>Erkek Premium Deri Loafer'lar<\/strong> m\u00fckemmel bir f\u0131rsat sunuyor. Minimum sipari\u015f miktar\u0131 sadece 8 \u00e7ift olan cazip toplu sat\u0131n alma se\u00e7enekleri sunuyoruz. Bu sayede l\u00fcks, konfor ve stilin bir kar\u0131\u015f\u0131m\u0131n\u0131 arayan m\u00fc\u015fterilere s\u00fcrekli olarak hitap eden bir \u00fcr\u00fcn\u00fc stoklayabilirsiniz. \u00c7ift ba\u015f\u0131na USD gibi rekabet\u00e7i bir fiyat ve yakla\u015f\u0131k 12 g\u00fcn art\u0131 nakliye gibi verimli bir teslimat s\u00fcresi ile talebi h\u0131zla kar\u015f\u0131layabilir ve \u00fcr\u00fcn tekliflerinizi geli\u015ftirebilirsiniz.<\/p>\n<p>E\u015fsiz \u015f\u0131kl\u0131\u011f\u0131m\u0131za ve konforumuza yat\u0131r\u0131m yap\u0131n <strong>Erkek Premium Deri Loafer'lar<\/strong>. Onlar bir ayakkab\u0131dan \u00e7ok daha fazlas\u0131d\u0131r; sofistike bir zevkin ve kaliteye ba\u011fl\u0131l\u0131\u011f\u0131n ifadesidir. Bu ola\u011fan\u00fcst\u00fc ayakkab\u0131lar\u0131 <strong>Erkek Premium Deri Loafer'lar<\/strong> koleksiyonunuza bug\u00fcn ekleyin ve stil, i\u015f\u00e7ilik ve konforun m\u00fckemmel birle\u015fimini ke\u015ffedin.<\/p>","protected":false},"excerpt":{"rendered":"<ul>\n<li><b>M\u00fckemmel i\u015f\u00e7ilik:<\/b> Dayan\u0131kl\u0131 s\u0131\u011f\u0131r derisi d\u0131\u015f y\u00fczey ile \u00fcretilmi\u015ftir.<\/li>\n<li><b>\u00dcst\u00fcn Konfor:<\/b> Yumu\u015fak, nefes alabilen ke\u00e7i derisi i\u00e7 k\u0131s\u0131m ile astarlanm\u0131\u015ft\u0131r.<\/li>\n<li><b>Hafif ve Esnek:<\/b> G\u00fcn boyu konfor i\u00e7in yenilik\u00e7i mikro hafif tabana sahiptir.<\/li>\n<li><b>\u015e\u0131k topuk:<\/b> Zarif bir g\u00f6r\u00fcn\u00fcm i\u00e7in ince 1-3 cm topuk y\u00fcksekli\u011fi.<\/li>\n<li><b>Mevcut Boyutlar:<\/b> 39'dan 45'e kadar kapsaml\u0131 bir aral\u0131kta sunulmaktad\u0131r.<\/li>\n<li><b>Toptan Sat\u0131\u015f Avantaj\u0131:<\/b> Toplu al\u0131mlar i\u00e7in minimum 8 \u00e7ift sipari\u015f mevcuttur.<\/li>\n<li><b>Etkili Teslimat:<\/b> Teslimat\u0131n 12 g\u00fcn art\u0131 nakliye s\u00fcresi i\u00e7inde ger\u00e7ekle\u015fmesini bekleyin.<\/li>\n<li><b>Rekabet\u00e7i Fiyatland\u0131rma:<\/b> \u00c7ift ba\u015f\u0131na sadece USD olarak fiyatland\u0131r\u0131lm\u0131\u015ft\u0131r.<\/li>\n<\/ul>","protected":false},"featured_media":3510,"template":"","meta":{"_acf_changed":false,"_uag_custom_page_level_css":"","site-sidebar-layout":"default","site-content-layout":"","ast-site-content-layout":"default","site-content-style":"default","site-sidebar-style":"default","ast-global-header-display":"","ast-banner-title-visibility":"","ast-main-header-display":"","ast-hfb-above-header-display":"","ast-hfb-below-header-display":"","ast-hfb-mobile-header-display":"","site-post-title":"","ast-breadcrumbs-content":"","ast-featured-img":"","footer-sml-layout":"","ast-disable-related-posts":"","theme-transparent-header-meta":"default","adv-header-id-meta":"","stick-header-meta":"","header-above-stick-meta":"","header-main-stick-meta":"","header-below-stick-meta":"","astra-migrate-meta-layouts":"set","ast-page-background-enabled":"default","ast-page-background-meta":{"desktop":{"background-color":"var(--ast-global-color-4)","background-image":"","background-repeat":"repeat","background-position":"center center","background-size":"auto","background-attachment":"scroll","background-type":"","background-media":"","overlay-type":"","overlay-color":"","overlay-opacity":"","overlay-gradient":""},"tablet":{"background-color":"","background-image":"","background-repeat":"repeat","background-position":"center center","background-size":"auto","background-attachment":"scroll","background-type":"","background-media":"","overlay-type":"","overlay-color":"","overlay-opacity":"","overlay-gradient":""},"mobile":{"background-color":"","background-image":"","background-repeat":"repeat","background-position":"center center","background-size":"auto","background-attachment":"scroll","background-type":"","background-media":"","overlay-type":"","overlay-color":"","overlay-opacity":"","overlay-gradient":""}},"ast-content-background-meta":{"desktop":{"background-color":"var(--ast-global-color-5)","background-image":"","background-repeat":"repeat","background-position":"center center","background-size":"auto","background-attachment":"scroll","background-type":"","background-media":"","overlay-type":"","overlay-color":"","overlay-opacity":"","overlay-gradient":""},"tablet":{"background-color":"var(--ast-global-color-5)","background-image":"","background-repeat":"repeat","background-position":"center center","background-size":"auto","background-attachment":"scroll","background-type":"","background-media":"","overlay-type":"","overlay-color":"","overlay-opacity":"","overlay-gradient":""},"mobile":{"background-color":"var(--ast-global-color-5)","background-image":"","background-repeat":"repeat","background-position":"center center","background-size":"auto","background-attachment":"scroll","background-type":"","background-media":"","overlay-type":"","overlay-color":"","overlay-opacity":"","overlay-gradient":""}}},"product_brand":[],"product_cat":[47,430,40],"product_tag":[147,781,737,750,189,215,198,780,466,184,380,285,254],"class_list":{"0":"post-5201","1":"product","2":"type-product","3":"status-publish","4":"has-post-thumbnail","6":"product_cat-classic","7":"product_cat-men","8":"product_cat-mens-shoes","9":"product_tag-brown-loafers","10":"product_tag-cowhide-shoes","11":"product_tag-dress-loafers","12":"product_tag-embossed-leather-shoes","13":"product_tag-goat-leather-lining","14":"product_tag-leather-loafers","15":"product_tag-mens-fashion","16":"product_tag-mens-premium-leather-loafers","17":"product_tag-microlight-sole","18":"product_tag-slip-on-shoes","19":"product_tag-smart-casual-footwear","20":"product_tag-turkish-shoes","21":"product_tag-wholesale-footwear","22":"desktop-align-center","23":"tablet-align-center","24":"mobile-align-center","26":"first","27":"instock","28":"shipping-taxable","29":"purchasable","30":"product-type-variable","31":"has-default-attributes"},"acf":[],"uagb_featured_image_src":{"full":["https:\/\/turkishtrade.co\/wp-content\/uploads\/2026\/01\/2400EJOMN00108-BROWN.png",453,250,false],"thumbnail":["https:\/\/turkishtrade.co\/wp-content\/uploads\/2026\/01\/2400EJOMN00108-BROWN-150x150.png",150,150,true],"medium":["https:\/\/turkishtrade.co\/wp-content\/uploads\/2026\/01\/2400EJOMN00108-BROWN-300x166.png",300,166,true],"medium_large":["https:\/\/turkishtrade.co\/wp-content\/uploads\/2026\/01\/2400EJOMN00108-BROWN.png",453,250,false],"large":["https:\/\/turkishtrade.co\/wp-content\/uploads\/2026\/01\/2400EJOMN00108-BROWN.png",453,250,false],"1536x1536":["https:\/\/turkishtrade.co\/wp-content\/uploads\/2026\/01\/2400EJOMN00108-BROWN.png",453,250,false],"2048x2048":["https:\/\/turkishtrade.co\/wp-content\/uploads\/2026\/01\/2400EJOMN00108-BROWN.png",453,250,false],"trp-custom-language-flag":["https:\/\/turkishtrade.co\/wp-content\/uploads\/2026\/01\/2400EJOMN00108-BROWN-18x10.png",18,10,true],"woocommerce_thumbnail":["https:\/\/turkishtrade.co\/wp-content\/uploads\/2026\/01\/2400EJOMN00108-BROWN-400x250.png",400,250,true],"woocommerce_single":["https:\/\/turkishtrade.co\/wp-content\/uploads\/2026\/01\/2400EJOMN00108-BROWN.png",453,250,false],"woocommerce_gallery_thumbnail":["https:\/\/turkishtrade.co\/wp-content\/uploads\/2026\/01\/2400EJOMN00108-BROWN-100x100.png",100,100,true]},"uagb_author_info":{"display_name":"yaser olabi","author_link":"https:\/\/turkishtrade.co\/tr\/author\/"},"uagb_comment_info":0,"uagb_excerpt":"Exquisite Craftsmanship: Crafted with a durable cowhide leather exterior. Supreme Comfort: Lined with soft, breathable goat leather interior. Lightweight &amp; Flexible: Features an innovative microlight sole for all-day comfort. Stylish Heel: Subtle 1-3 cm heel height for a refined look. Available Sizes: Offered in a comprehensive range from 39 to 45. Wholesale Advantage: Minimum order&hellip;","_links":{"self":[{"href":"https:\/\/turkishtrade.co\/tr\/wp-json\/wp\/v2\/product\/5201","targetHints":{"allow":["GET"]}}],"collection":[{"href":"https:\/\/turkishtrade.co\/tr\/wp-json\/wp\/v2\/product"}],"about":[{"href":"https:\/\/turkishtrade.co\/tr\/wp-json\/wp\/v2\/types\/product"}],"wp:featuredmedia":[{"embeddable":true,"href":"https:\/\/turkishtrade.co\/tr\/wp-json\/wp\/v2\/media\/3510"}],"wp:attachment":[{"href":"https:\/\/turkishtrade.co\/tr\/wp-json\/wp\/v2\/media?parent=5201"}],"wp:term":[{"taxonomy":"product_brand","embeddable":true,"href":"https:\/\/turkishtrade.co\/tr\/wp-json\/wp\/v2\/product_brand?post=5201"},{"taxonomy":"product_cat","embeddable":true,"href":"https:\/\/turkishtrade.co\/tr\/wp-json\/wp\/v2\/product_cat?post=5201"},{"taxonomy":"product_tag","embeddable":true,"href":"https:\/\/turkishtrade.co\/tr\/wp-json\/wp\/v2\/product_tag?post=5201"}],"curies":[{"name":"wp","href":"https:\/\/api.w.org\/{rel}","templated":true}]}}