{"id":5195,"date":"2026-01-14T11:26:24","date_gmt":"2026-01-14T11:26:24","guid":{"rendered":"https:\/\/turkishtrade.co\/product\/mens-calf-leather-oxford-shoes-2\/"},"modified":"2026-04-09T19:41:23","modified_gmt":"2026-04-09T19:41:23","slug":"mens-calf-leather-oxford-shoes-2","status":"publish","type":"product","link":"https:\/\/turkishtrade.co\/tr\/shop\/mens-calf-leather-oxford-shoes-2\/","title":{"rendered":"Microlight Tabanl\u0131 L\u00fcks Erkek Dana Derisi Oxford Ayakkab\u0131"},"content":{"rendered":"<p><strong>Erkek Dana Derisi Oxford Ayakkab\u0131<\/strong><\/p>\n<p>Enfes koleksiyonumuzla benzersiz bir sofistikeli\u011fe ad\u0131m at\u0131n <b>Erkek Dana Derisi Oxford Ayakkab\u0131<\/b>. Se\u00e7kin beyefendiler i\u00e7in tasarlanan bu ayakkab\u0131lar, modern konforla harmanlanm\u0131\u015f klasik tarz\u0131n zirvesini temsil ediyor. Bu l\u00fcks ayakkab\u0131lar\u0131n her bir \u00e7ifti <b>Erkek Dana Derisi Oxford Ayakkab\u0131<\/b> hem estetik \u00e7ekicilik hem de uzun s\u00fcreli dayan\u0131kl\u0131l\u0131k sa\u011flamak i\u00e7in titizlikle \u00fcretilmi\u015ftir, bu da onlar\u0131 her zarif gard\u0131rop i\u00e7in \u00f6nemli bir katk\u0131 haline getirir. \u0130ster \u00f6nemli bir i\u015f toplant\u0131s\u0131, ister resmi bir etkinlik ya da sadece g\u00fcnl\u00fck k\u0131yafetlerinizi y\u00fckseltmek i\u00e7in olsun, bu birinci s\u0131n\u0131f <b>Erkek Dana Derisi Oxford Ayakkab\u0131<\/b> bir zarafet ve profesyonellik ifadesi vaat ediyor.<\/p>\n<h3>Rakipsiz Kalite ve Malzemeler<\/h3>\n<p>Bu istisnai \u00e7al\u0131\u015fmalar\u0131n merkezinde <b>Erkek Dana Derisi Oxford Ayakkab\u0131<\/b> birinci s\u0131n\u0131f malzemelere ba\u011fl\u0131l\u0131k yatmaktad\u0131r. D\u0131\u015f y\u00fczeyi, p\u00fcr\u00fczs\u00fcz y\u00fczeyi, sa\u011flaml\u0131\u011f\u0131 ve g\u00fczel bir \u015fekilde eskime kabiliyetiyle tan\u0131nan esnek, y\u00fcksek kaliteli dana derisinden \u00fcretilmi\u015ftir. Bu d\u0131\u015f malzeme se\u00e7imi sadece se\u00e7kin bir g\u00f6r\u00fcn\u00fcm sa\u011flamakla kalmaz, ayn\u0131 zamanda en iyi modellerin karakteristik \u00f6zelli\u011fi olan uzun s\u00fcreli a\u015f\u0131nma ve esneklik sa\u011flar. <b>Erkek Dana Derisi Oxford Ayakkab\u0131<\/b>. Sa\u011flam d\u0131\u015f y\u00fczeyi tamamlayan i\u00e7 k\u0131s\u0131m, inan\u0131lmaz derecede yumu\u015fak ke\u00e7i derisiyle astarlanm\u0131\u015ft\u0131r ve \u00fcst\u00fcn nefes alabilirlik ve g\u00fcn boyunca en \u00fcst d\u00fczeyde konfor i\u00e7in aya\u011f\u0131n\u0131za uyum sa\u011flayan pel\u00fc\u015f bir his sunar. Bu malzemelerin \u00f6zenle se\u00e7ilmesi, g\u00f6r\u00fcnd\u00fc\u011f\u00fc kadar iyi hissettiren bir ayakkab\u0131y\u0131 garanti eder. <b>Erkek Dana Derisi Oxford Ayakkab\u0131<\/b> ayr\u0131.<\/p>\n<h3>Yenilik\u00e7i Konfor ve Tasar\u0131m<\/h3>\n<p>Bu \u00fcr\u00fcnlere entegre edilmi\u015f yenilik\u00e7i Microlight taban ile bulutlar\u0131n \u00fczerinde y\u00fcr\u00fcme deneyimini ya\u015fay\u0131n <b>Erkek Dana Derisi Oxford Ayakkab\u0131<\/b>. Bu geli\u015fmi\u015f taban teknolojisi ola\u011fan\u00fcst\u00fc hafiflik ve esneklik sa\u011flayarak saatlerce giyildikten sonra bile ayak yorgunlu\u011funu \u00f6nemli \u00f6l\u00e7\u00fcde azalt\u0131r. 1-3 cm'lik m\u00fctevaz\u0131 topuk y\u00fcksekli\u011fi ile bu Oxfords, dengeyi ve klasik oranlar\u0131 korurken ince bir y\u00fckselti sunar. Tasar\u0131m, zamans\u0131z Oxford siluetine benzersiz bir karakter dokunu\u015fu ve \u00e7a\u011fda\u015f bir yetenek katan, kendine \u00f6zg\u00fc dokulu bir burun ucuna sahiptir. Klasik Siyah, sofistike Mavi ve zengin Kahverengi renkleri bulunan bu \u00e7ok y\u00f6nl\u00fc <b>Erkek Dana Derisi Oxford Ayakkab\u0131<\/b> ki\u015fisel tarz\u0131n\u0131za ve gard\u0131rop ihtiya\u00e7lar\u0131n\u0131za m\u00fckemmel uyum sa\u011flayacak se\u00e7enekler sunar. Her ayr\u0131nt\u0131, bu zarif modellerin genel \u00e7ekicili\u011fine katk\u0131da bulunur. <b>Erkek Dana Derisi Oxford Ayakkab\u0131<\/b>.<\/p>\n<p>&nbsp;<\/p>","protected":false},"excerpt":{"rendered":"<ul>\n<li>Premium Dana Derisi D\u0131\u015f Y\u00fczey<\/li>\n<li>Yumu\u015fak Ke\u00e7i Derisi \u0130\u00e7 Astar<\/li>\n<li>T\u00fcm G\u00fcn Konfor i\u00e7in Hafif Mikro Hafif Taban<\/li>\n<li>\u0130nce 1-3 cm Topuk Y\u00fcksekli\u011fi<\/li>\n<li>Klasik Siyah, Sofistike Mavi ve Zengin Kahverengi renkleri mevcuttur<\/li>\n<li>Mevcut Bedenler: 39, 40, 41, 42, 43, 44, 45<\/li>\n<li>Minimum Sipari\u015f Miktar\u0131: 8 \u00c7ift<\/li>\n<li>Tahmini Teslimat: 12 G\u00fcn + Kargo<\/li>\n<\/ul>","protected":false},"featured_media":3508,"template":"","meta":{"_acf_changed":false,"_uag_custom_page_level_css":"","site-sidebar-layout":"default","site-content-layout":"","ast-site-content-layout":"default","site-content-style":"default","site-sidebar-style":"default","ast-global-header-display":"","ast-banner-title-visibility":"","ast-main-header-display":"","ast-hfb-above-header-display":"","ast-hfb-below-header-display":"","ast-hfb-mobile-header-display":"","site-post-title":"","ast-breadcrumbs-content":"","ast-featured-img":"","footer-sml-layout":"","ast-disable-related-posts":"","theme-transparent-header-meta":"default","adv-header-id-meta":"","stick-header-meta":"","header-above-stick-meta":"","header-main-stick-meta":"","header-below-stick-meta":"","astra-migrate-meta-layouts":"set","ast-page-background-enabled":"default","ast-page-background-meta":{"desktop":{"background-color":"var(--ast-global-color-4)","background-image":"","background-repeat":"repeat","background-position":"center center","background-size":"auto","background-attachment":"scroll","background-type":"","background-media":"","overlay-type":"","overlay-color":"","overlay-opacity":"","overlay-gradient":""},"tablet":{"background-color":"","background-image":"","background-repeat":"repeat","background-position":"center center","background-size":"auto","background-attachment":"scroll","background-type":"","background-media":"","overlay-type":"","overlay-color":"","overlay-opacity":"","overlay-gradient":""},"mobile":{"background-color":"","background-image":"","background-repeat":"repeat","background-position":"center center","background-size":"auto","background-attachment":"scroll","background-type":"","background-media":"","overlay-type":"","overlay-color":"","overlay-opacity":"","overlay-gradient":""}},"ast-content-background-meta":{"desktop":{"background-color":"var(--ast-global-color-5)","background-image":"","background-repeat":"repeat","background-position":"center center","background-size":"auto","background-attachment":"scroll","background-type":"","background-media":"","overlay-type":"","overlay-color":"","overlay-opacity":"","overlay-gradient":""},"tablet":{"background-color":"var(--ast-global-color-5)","background-image":"","background-repeat":"repeat","background-position":"center center","background-size":"auto","background-attachment":"scroll","background-type":"","background-media":"","overlay-type":"","overlay-color":"","overlay-opacity":"","overlay-gradient":""},"mobile":{"background-color":"var(--ast-global-color-5)","background-image":"","background-repeat":"repeat","background-position":"center center","background-size":"auto","background-attachment":"scroll","background-type":"","background-media":"","overlay-type":"","overlay-color":"","overlay-opacity":"","overlay-gradient":""}}},"product_brand":[],"product_cat":[47,430,40],"product_tag":[653,776,768,405,185,251,189,219,535,416,198,466,204,362],"class_list":{"0":"post-5195","1":"product","2":"type-product","3":"status-publish","4":"has-post-thumbnail","6":"product_cat-classic","7":"product_cat-men","8":"product_cat-mens-shoes","9":"product_tag-black-oxfords","10":"product_tag-blue-oxfords","11":"product_tag-brown-oxfords","12":"product_tag-business-shoes","13":"product_tag-calf-leather-shoes","14":"product_tag-formal-shoes","15":"product_tag-goat-leather-lining","16":"product_tag-handmade-shoes","17":"product_tag-leather-dress-shoes","18":"product_tag-luxury-shoes","19":"product_tag-mens-fashion","20":"product_tag-microlight-sole","21":"product_tag-oxford-shoes","22":"product_tag-premium-footwear","23":"desktop-align-center","24":"tablet-align-center","25":"mobile-align-center","27":"first","28":"instock","29":"shipping-taxable","30":"purchasable","31":"product-type-variable","32":"has-default-attributes"},"acf":[],"uagb_featured_image_src":{"full":["https:\/\/turkishtrade.co\/wp-content\/uploads\/2026\/01\/2400EJOMN00106-BROWN-X_70.png",453,250,false],"thumbnail":["https:\/\/turkishtrade.co\/wp-content\/uploads\/2026\/01\/2400EJOMN00106-BROWN-X_70-150x150.png",150,150,true],"medium":["https:\/\/turkishtrade.co\/wp-content\/uploads\/2026\/01\/2400EJOMN00106-BROWN-X_70-300x166.png",300,166,true],"medium_large":["https:\/\/turkishtrade.co\/wp-content\/uploads\/2026\/01\/2400EJOMN00106-BROWN-X_70.png",453,250,false],"large":["https:\/\/turkishtrade.co\/wp-content\/uploads\/2026\/01\/2400EJOMN00106-BROWN-X_70.png",453,250,false],"1536x1536":["https:\/\/turkishtrade.co\/wp-content\/uploads\/2026\/01\/2400EJOMN00106-BROWN-X_70.png",453,250,false],"2048x2048":["https:\/\/turkishtrade.co\/wp-content\/uploads\/2026\/01\/2400EJOMN00106-BROWN-X_70.png",453,250,false],"trp-custom-language-flag":["https:\/\/turkishtrade.co\/wp-content\/uploads\/2026\/01\/2400EJOMN00106-BROWN-X_70-18x10.png",18,10,true],"woocommerce_thumbnail":["https:\/\/turkishtrade.co\/wp-content\/uploads\/2026\/01\/2400EJOMN00106-BROWN-X_70-400x250.png",400,250,true],"woocommerce_single":["https:\/\/turkishtrade.co\/wp-content\/uploads\/2026\/01\/2400EJOMN00106-BROWN-X_70.png",453,250,false],"woocommerce_gallery_thumbnail":["https:\/\/turkishtrade.co\/wp-content\/uploads\/2026\/01\/2400EJOMN00106-BROWN-X_70-100x100.png",100,100,true]},"uagb_author_info":{"display_name":"yaser olabi","author_link":"https:\/\/turkishtrade.co\/tr\/author\/"},"uagb_comment_info":0,"uagb_excerpt":"Premium Calf Leather Exterior Soft Goat Leather Interior Lining Lightweight Microlight Sole for All-Day Comfort Subtle 1-3 cm Heel Height Available in Classic Black, Sophisticated Blue, and Rich Brown Available Sizes: 39, 40, 41, 42, 43, 44, 45 Minimum Order Quantity: 8 Pairs Estimated Delivery: 12 Days + Shipping","_links":{"self":[{"href":"https:\/\/turkishtrade.co\/tr\/wp-json\/wp\/v2\/product\/5195","targetHints":{"allow":["GET"]}}],"collection":[{"href":"https:\/\/turkishtrade.co\/tr\/wp-json\/wp\/v2\/product"}],"about":[{"href":"https:\/\/turkishtrade.co\/tr\/wp-json\/wp\/v2\/types\/product"}],"wp:featuredmedia":[{"embeddable":true,"href":"https:\/\/turkishtrade.co\/tr\/wp-json\/wp\/v2\/media\/3508"}],"wp:attachment":[{"href":"https:\/\/turkishtrade.co\/tr\/wp-json\/wp\/v2\/media?parent=5195"}],"wp:term":[{"taxonomy":"product_brand","embeddable":true,"href":"https:\/\/turkishtrade.co\/tr\/wp-json\/wp\/v2\/product_brand?post=5195"},{"taxonomy":"product_cat","embeddable":true,"href":"https:\/\/turkishtrade.co\/tr\/wp-json\/wp\/v2\/product_cat?post=5195"},{"taxonomy":"product_tag","embeddable":true,"href":"https:\/\/turkishtrade.co\/tr\/wp-json\/wp\/v2\/product_tag?post=5195"}],"curies":[{"name":"wp","href":"https:\/\/api.w.org\/{rel}","templated":true}]}}