{"id":5193,"date":"2026-01-14T11:26:05","date_gmt":"2026-01-14T11:26:05","guid":{"rendered":"https:\/\/turkishtrade.co\/product\/premium-black-leather-brogues\/"},"modified":"2026-04-09T19:41:26","modified_gmt":"2026-04-09T19:41:26","slug":"premium-black-leather-brogues","status":"publish","type":"product","link":"https:\/\/turkishtrade.co\/tr\/shop\/premium-black-leather-brogues\/","title":{"rendered":"Erkekler i\u00e7in Premium Siyah Deri Brogues"},"content":{"rendered":"<p><strong>Premium Siyah Deri Brogues<\/strong><\/p>\n<p>Zamans\u0131z \u015f\u0131kl\u0131\u011fa ad\u0131m at\u0131n <strong>Premium Siyah Deri Brogues<\/strong>, modern beyefendiler i\u00e7in titizlikle tasarlanm\u0131\u015ft\u0131r. Bu zarif ayakkab\u0131lar sadece bir ayakkab\u0131 de\u011fildir; sofistike ve benzersiz kalitenin bir ifadesidir. \u0130\u015f toplant\u0131lar\u0131, resmi etkinlikler veya g\u00fcnl\u00fck k\u0131yafetlerinize \u015f\u0131k bir dokunu\u015f katmak i\u00e7in m\u00fckemmel olan <strong>Premium Siyah Deri Brogues<\/strong> stil ve konforun en \u00fcst d\u00fczey kar\u0131\u015f\u0131m\u0131n\u0131 sunar. Her bir \u00e7ift en y\u00fcksek standartlar\u0131 kar\u015f\u0131layacak \u015fekilde \u00fcretilmi\u015ftir ve g\u00fcvenle ve ayr\u0131cal\u0131kla y\u00fcr\u00fcmenizi sa\u011flar.<\/p>\n<h3>E\u015fsiz \u0130\u015f\u00e7ilik ve L\u00fcks Malzemeler<\/h3>\n<p>\u00dcst\u00fcn malzemelerin yaratt\u0131\u011f\u0131 fark\u0131 deneyimleyin. Bunlar\u0131n d\u0131\u015f y\u00fczeyi <strong>Premium Siyah Deri Brogues<\/strong> p\u00fcr\u00fczs\u00fcz dokusu, do\u011fal parlakl\u0131\u011f\u0131 ve ola\u011fan\u00fcst\u00fc dayan\u0131kl\u0131l\u0131\u011f\u0131yla tan\u0131nan 100% hakiki dana derisinden \u00fcretilmi\u015ftir. Bu birinci s\u0131n\u0131f deri sadece muhte\u015fem g\u00f6r\u00fcnmekle kalmaz, ayn\u0131 zamanda zamanla aya\u011f\u0131n\u0131za uyum sa\u011flayarak ki\u015fiye \u00f6zel bir uyum sunar. \u0130\u00e7 k\u0131s\u0131mda, ayaklar\u0131n\u0131z yumu\u015fak, nefes alabilen ke\u00e7i derisi astarla sar\u0131lacak ve g\u00fcn boyunca maksimum konfor sa\u011flayacakt\u0131r. \u00dcst d\u00fczey derilerin bu \u00f6zenli kombinasyonu, bu ayakkab\u0131lar\u0131 <strong>Premium Siyah Deri Brogues<\/strong> ger\u00e7ekten l\u00fcks bir se\u00e7im.<\/p>\n<h3>Kal\u0131c\u0131 Konfor ve Kusursuz Stil i\u00e7in Tasarland\u0131<\/h3>\n<p>Konfora olan ba\u011fl\u0131l\u0131\u011f\u0131m\u0131z her ayr\u0131nt\u0131da kendini g\u00f6stermektedir. Bunlar <strong>Premium Siyah Deri Brogues<\/strong> esneklik sa\u011flamak ve yorgunlu\u011fu azaltmak i\u00e7in tasarlanm\u0131\u015f hafif Microlight tabana sahiptir ve bu sayede uzun saatler boyunca ayakta kalmak i\u00e7in idealdir. \u0130nce 1-3 cm topuk, m\u00fckemmel bir y\u00fckseklik ve denge dengesi sunarak konfordan \u00f6d\u00fcn vermeden duru\u015funuzu iyile\u015ftirir. Karma\u015f\u0131k delikleriyle klasik brogue detaylar, geleneksel cazibeye bir dokunu\u015f katarak bu ayakkab\u0131lar\u0131 <strong>Premium Siyah Deri Brogues<\/strong> her gard\u0131rop i\u00e7in \u00e7ok y\u00f6nl\u00fc bir eklentidir. Toplant\u0131 odas\u0131ndan ziyafete, bu ayakkab\u0131lar kal\u0131c\u0131 \u00e7ekicilikleriyle etkilemek i\u00e7in tasarlanm\u0131\u015ft\u0131r.<\/p>\n<h3>Resmi Gard\u0131robunuzun Vazge\u00e7ilmez Par\u00e7as\u0131<\/h3>\n<p>\u0130ster \u015f\u0131k bir tak\u0131m elbiseyi tamamlamak ister \u015f\u0131k bir g\u00fcndelik k\u0131yafeti y\u00fckseltmek isteyin, bizim <strong>Premium Siyah Deri Brogues<\/strong> ideal bir se\u00e7imdir. 39'dan 45'e kadar kapsaml\u0131 bir beden yelpazesinde mevcut olup, m\u00fckemmel uyumunuzu bulmak zahmetsizdir. Ayr\u0131ca, minimum 8 \u00e7ift miktar\u0131nda, 12 g\u00fcn i\u00e7inde art\u0131 nakliye ile teslim edilen toplu sipari\u015flere de hizmet veriyoruz. Bunlar <strong>Premium Siyah Deri Brogues<\/strong> \u00e7ift ba\u015f\u0131na cazip USD fiyat\u0131yla bu \u00fcst\u00fcn kaliteli ayakkab\u0131lar i\u00e7in ola\u011fan\u00fcst\u00fc bir de\u011fer sunuyor. Bu sofistike ayakkab\u0131lardan bir \u00e7ifte yat\u0131r\u0131m yap\u0131n <strong>Premium Siyah Deri Brogues<\/strong> bug\u00fcn ve kal\u0131c\u0131 bir stille d\u0131\u015far\u0131 \u00e7\u0131k\u0131n.<\/p>","protected":false},"excerpt":{"rendered":"<ul>\n<li>Uzun s\u00fcreli dayan\u0131kl\u0131l\u0131k ve zarif bir y\u00fczey i\u00e7in 100% hakiki Dana Derisi d\u0131\u015f y\u00fczeyden \u00fcretilmi\u015ftir.<\/li>\n<li>L\u00fcks Ke\u00e7i Derisi i\u00e7 astar ola\u011fan\u00fcst\u00fc konfor ve nefes alabilirlik sa\u011flar.<\/li>\n<li>G\u00fcn boyu kullan\u0131m i\u00e7in hafif Microlight tabana ve 1-3 cm'lik rahat bir topu\u011fa sahiptir.<\/li>\n<li>Zarif brogue detaylar zamans\u0131z, sofistike bir estetik sunar.<\/li>\n<li>Kapsaml\u0131 bir boyut yelpazesinde mevcuttur: 39, 40, 41, 42, 43, 44, 45.<\/li>\n<li>Minimum sipari\u015f miktar\u0131: 8 \u00e7ift.<\/li>\n<li>Toptan sat\u0131\u015f fiyat\u0131: \u00c7ift ba\u015f\u0131na USD.<\/li>\n<\/ul>","protected":false},"featured_media":3505,"template":"","meta":{"_acf_changed":false,"_uag_custom_page_level_css":"","site-sidebar-layout":"default","site-content-layout":"","ast-site-content-layout":"default","site-content-style":"default","site-sidebar-style":"default","ast-global-header-display":"","ast-banner-title-visibility":"","ast-main-header-display":"","ast-hfb-above-header-display":"","ast-hfb-below-header-display":"","ast-hfb-mobile-header-display":"","site-post-title":"","ast-breadcrumbs-content":"","ast-featured-img":"","footer-sml-layout":"","ast-disable-related-posts":"","theme-transparent-header-meta":"default","adv-header-id-meta":"","stick-header-meta":"","header-above-stick-meta":"","header-main-stick-meta":"","header-below-stick-meta":"","astra-migrate-meta-layouts":"set","ast-page-background-enabled":"default","ast-page-background-meta":{"desktop":{"background-color":"var(--ast-global-color-4)","background-image":"","background-repeat":"repeat","background-position":"center center","background-size":"auto","background-attachment":"scroll","background-type":"","background-media":"","overlay-type":"","overlay-color":"","overlay-opacity":"","overlay-gradient":""},"tablet":{"background-color":"","background-image":"","background-repeat":"repeat","background-position":"center center","background-size":"auto","background-attachment":"scroll","background-type":"","background-media":"","overlay-type":"","overlay-color":"","overlay-opacity":"","overlay-gradient":""},"mobile":{"background-color":"","background-image":"","background-repeat":"repeat","background-position":"center center","background-size":"auto","background-attachment":"scroll","background-type":"","background-media":"","overlay-type":"","overlay-color":"","overlay-opacity":"","overlay-gradient":""}},"ast-content-background-meta":{"desktop":{"background-color":"var(--ast-global-color-5)","background-image":"","background-repeat":"repeat","background-position":"center center","background-size":"auto","background-attachment":"scroll","background-type":"","background-media":"","overlay-type":"","overlay-color":"","overlay-opacity":"","overlay-gradient":""},"tablet":{"background-color":"var(--ast-global-color-5)","background-image":"","background-repeat":"repeat","background-position":"center center","background-size":"auto","background-attachment":"scroll","background-type":"","background-media":"","overlay-type":"","overlay-color":"","overlay-opacity":"","overlay-gradient":""},"mobile":{"background-color":"var(--ast-global-color-5)","background-image":"","background-repeat":"repeat","background-position":"center center","background-size":"auto","background-attachment":"scroll","background-type":"","background-media":"","overlay-type":"","overlay-color":"","overlay-opacity":"","overlay-gradient":""}}},"product_brand":[],"product_cat":[47,430,40],"product_tag":[605,672,405,202,212,284,480,591,437,227,198,466,281],"class_list":{"0":"post-5193","1":"product","2":"type-product","3":"status-publish","4":"has-post-thumbnail","6":"product_cat-classic","7":"product_cat-men","8":"product_cat-mens-shoes","9":"product_tag-black-shoes","10":"product_tag-brogues","11":"product_tag-business-shoes","12":"product_tag-calf-leather","13":"product_tag-derby-shoes","14":"product_tag-dress-shoes","15":"product_tag-elegant-shoes","16":"product_tag-formal-wear","17":"product_tag-goat-leather","18":"product_tag-leather-shoes","19":"product_tag-mens-fashion","20":"product_tag-microlight-sole","21":"product_tag-wholesale-shoes","22":"desktop-align-center","23":"tablet-align-center","24":"mobile-align-center","26":"first","27":"instock","28":"shipping-taxable","29":"purchasable","30":"product-type-variable","31":"has-default-attributes"},"acf":[],"uagb_featured_image_src":{"full":["https:\/\/turkishtrade.co\/wp-content\/uploads\/2026\/01\/2400EJOMN00105-BLACK-H_602.png",453,250,false],"thumbnail":["https:\/\/turkishtrade.co\/wp-content\/uploads\/2026\/01\/2400EJOMN00105-BLACK-H_602-150x150.png",150,150,true],"medium":["https:\/\/turkishtrade.co\/wp-content\/uploads\/2026\/01\/2400EJOMN00105-BLACK-H_602-300x166.png",300,166,true],"medium_large":["https:\/\/turkishtrade.co\/wp-content\/uploads\/2026\/01\/2400EJOMN00105-BLACK-H_602.png",453,250,false],"large":["https:\/\/turkishtrade.co\/wp-content\/uploads\/2026\/01\/2400EJOMN00105-BLACK-H_602.png",453,250,false],"1536x1536":["https:\/\/turkishtrade.co\/wp-content\/uploads\/2026\/01\/2400EJOMN00105-BLACK-H_602.png",453,250,false],"2048x2048":["https:\/\/turkishtrade.co\/wp-content\/uploads\/2026\/01\/2400EJOMN00105-BLACK-H_602.png",453,250,false],"trp-custom-language-flag":["https:\/\/turkishtrade.co\/wp-content\/uploads\/2026\/01\/2400EJOMN00105-BLACK-H_602-18x10.png",18,10,true],"woocommerce_thumbnail":["https:\/\/turkishtrade.co\/wp-content\/uploads\/2026\/01\/2400EJOMN00105-BLACK-H_602-400x250.png",400,250,true],"woocommerce_single":["https:\/\/turkishtrade.co\/wp-content\/uploads\/2026\/01\/2400EJOMN00105-BLACK-H_602.png",453,250,false],"woocommerce_gallery_thumbnail":["https:\/\/turkishtrade.co\/wp-content\/uploads\/2026\/01\/2400EJOMN00105-BLACK-H_602-100x100.png",100,100,true]},"uagb_author_info":{"display_name":"yaser olabi","author_link":"https:\/\/turkishtrade.co\/tr\/author\/"},"uagb_comment_info":0,"uagb_excerpt":"Crafted from 100% genuine Calf Leather exterior for lasting durability and a refined finish. Luxurious Goat Leather interior lining provides exceptional comfort and breathability. Features a lightweight Microlight sole and a comfortable 1-3cm heel for all-day wear. Elegant brogue detailing offers a timeless, sophisticated aesthetic. Available in a comprehensive range of sizes: 39, 40, 41,&hellip;","_links":{"self":[{"href":"https:\/\/turkishtrade.co\/tr\/wp-json\/wp\/v2\/product\/5193","targetHints":{"allow":["GET"]}}],"collection":[{"href":"https:\/\/turkishtrade.co\/tr\/wp-json\/wp\/v2\/product"}],"about":[{"href":"https:\/\/turkishtrade.co\/tr\/wp-json\/wp\/v2\/types\/product"}],"wp:featuredmedia":[{"embeddable":true,"href":"https:\/\/turkishtrade.co\/tr\/wp-json\/wp\/v2\/media\/3505"}],"wp:attachment":[{"href":"https:\/\/turkishtrade.co\/tr\/wp-json\/wp\/v2\/media?parent=5193"}],"wp:term":[{"taxonomy":"product_brand","embeddable":true,"href":"https:\/\/turkishtrade.co\/tr\/wp-json\/wp\/v2\/product_brand?post=5193"},{"taxonomy":"product_cat","embeddable":true,"href":"https:\/\/turkishtrade.co\/tr\/wp-json\/wp\/v2\/product_cat?post=5193"},{"taxonomy":"product_tag","embeddable":true,"href":"https:\/\/turkishtrade.co\/tr\/wp-json\/wp\/v2\/product_tag?post=5193"}],"curies":[{"name":"wp","href":"https:\/\/api.w.org\/{rel}","templated":true}]}}