{"id":5189,"date":"2026-01-14T11:25:33","date_gmt":"2026-01-14T11:25:33","guid":{"rendered":"https:\/\/turkishtrade.co\/product\/mens-leather-dress-shoes\/"},"modified":"2026-04-09T19:41:32","modified_gmt":"2026-04-09T19:41:32","slug":"mens-leather-dress-shoes","status":"publish","type":"product","link":"https:\/\/turkishtrade.co\/tr\/shop\/mens-leather-dress-shoes\/","title":{"rendered":"Microlight Tabanl\u0131 Klasik Kahverengi Erkek Deri Elbise Ayakkab\u0131s\u0131"},"content":{"rendered":"<p><strong>Erkek Deri Elbise Ayakkab\u0131s\u0131<\/strong><\/p>\n<p>Se\u00e7kin beyefendiler i\u00e7in \u00f6zenle tasarlanm\u0131\u015f Klasik Kahverengi Erkek Deri Elbise Ayakkab\u0131lar\u0131m\u0131zla sofistike bir ad\u0131m at\u0131n. Bu ola\u011fan\u00fcst\u00fc <strong>erkek deri\u0307 ayakkabi<\/strong> zamans\u0131z stili modern konforla birle\u015ftirerek her zarif gard\u0131robun temel ta\u015f\u0131 haline getiriyor. En iyi malzemelerden \u00fcretilen bu resmi ayakkab\u0131lar, i\u015f toplant\u0131lar\u0131, \u00f6zel etkinlikler veya g\u00f6steri\u015fli bir g\u00f6r\u00fcn\u00fcm\u00fcn \u00e7ok \u00f6nemli oldu\u011fu her durum i\u00e7in m\u00fckemmeldir.<\/p>\n<h3>E\u015fsiz \u0130\u015f\u00e7ilik ve Birinci S\u0131n\u0131f Malzemeler<\/h3>\n<p>Bizim <strong>erkek deri\u0307 ayakkabi<\/strong> esnek dokusu, do\u011fal parlakl\u0131\u011f\u0131 ve ola\u011fan\u00fcst\u00fc dayan\u0131kl\u0131l\u0131\u011f\u0131 ile bilinen hakiki Dana Derisinden yap\u0131lm\u0131\u015f zarif bir d\u0131\u015f y\u00fczeye sahiptir. Bu birinci s\u0131n\u0131f deri, zaman i\u00e7inde aya\u011f\u0131n\u0131za g\u00fczel bir \u015fekilde uyum sa\u011flayarak ki\u015fiselle\u015ftirilmi\u015f ve rahat bir uyum sa\u011flar. \u0130\u00e7 k\u0131sm\u0131 yumu\u015fak Ke\u00e7i Derisi ile g\u00f6rkemli bir \u015fekilde astarlanm\u0131\u015ft\u0131r, bu da \u00fcst\u00fcn nefes alabilirlik ve cilde kar\u015f\u0131 inan\u0131lmaz derecede p\u00fcr\u00fczs\u00fcz bir his sa\u011flar. Bu \u00f6zenli malzeme kombinasyonu yaln\u0131zca uzun \u00f6m\u00fcrl\u00fcl\u00fck de\u011fil, ayn\u0131 zamanda benzersiz bir konfor da sa\u011flayarak ayaklar\u0131n\u0131z\u0131n g\u00fcn boyunca ferah hissetmesini sa\u011flar.<\/p>\n<h3>Microlight Taban ile Konfor Dayan\u0131kl\u0131l\u0131kla Bulu\u015fuyor<\/h3>\n<p>Yenilik\u00e7i Microlight taban\u0131m\u0131zla destek ve hafifli\u011fin m\u00fckemmel kar\u0131\u015f\u0131m\u0131n\u0131 deneyimleyin. Bu geli\u015fmi\u015f taban teknolojisi, dayan\u0131kl\u0131l\u0131k veya \u00e7eki\u015ften \u00f6d\u00fcn vermeden ayakkab\u0131n\u0131n a\u011f\u0131rl\u0131\u011f\u0131n\u0131 \u00f6nemli \u00f6l\u00e7\u00fcde azalt\u0131r. Microlight taban, m\u00fckemmel \u015fok emilimi sunarak ad\u0131mlar\u0131n\u0131z\u0131 yast\u0131klar ve ister \u015fehir sokaklar\u0131nda geziniyor ister uzun s\u00fcre ayakta duruyor olun, g\u00fcn boyu konfor sa\u011flar. Taban\u0131 tamamlayan 1-3 cm'lik zarif topuk, ayakkab\u0131n\u0131n klasik siluetini g\u00fc\u00e7lendirerek ince bir y\u00fckselti sa\u011flar. Bu \u00f6zellikler ayakkab\u0131m\u0131z\u0131 <strong>erkek deri\u0307 ayakkabi<\/strong> hem stil hem de pratiklik i\u00e7in ak\u0131ll\u0131 bir se\u00e7im.<\/p>\n<h3>Her Durum i\u00e7in \u00c7ok Y\u00f6nl\u00fc Stil<\/h3>\n<p>Bunlar\u0131n zengin kahverengi tonu <strong>erkek deri\u0307 ayakkabi<\/strong> inan\u0131lmaz bir \u00e7ok y\u00f6nl\u00fcl\u00fck sunar, \u00e7ok \u00e7e\u015fitli resmi ve yar\u0131 resmi k\u0131yafetlerle zahmetsizce e\u015fle\u015fir. \u00d6zel dikim tak\u0131m elbiseler ve g\u00fcnl\u00fck i\u015f pantolonlar\u0131ndan \u015f\u0131k blazer ceketlere kadar, bu ayakkab\u0131lar sofistike \u00e7ekicili\u011fiyle toplulu\u011funuzu y\u00fckseltecek. Klasik ba\u011fc\u0131kl\u0131 tasar\u0131m, geleneksel \u015f\u0131kl\u0131\u011fa bir dokunu\u015f katarak bu ayakkab\u0131lar\u0131n ayakkab\u0131 koleksiyonunuzda zamans\u0131z bir yat\u0131r\u0131m olarak kalmas\u0131n\u0131 sa\u011flar. 39'dan 45'e kadar kapsaml\u0131 bir numara aral\u0131\u011f\u0131nda mevcut olan bu ayakkab\u0131lar, geni\u015f bir m\u00fc\u015fteri kitlesi i\u00e7in m\u00fckemmel bir uyum sa\u011flar.<\/p>\n<p>Y\u00fcksek kaliteli resmi ayakkab\u0131 arayan i\u015fletmeler i\u00e7in bu <strong>erkek deri\u0307 ayakkabi<\/strong> minimum 8 \u00e7ift sipari\u015f ile toptan sat\u0131n al\u0131nabilir. Botlar hari\u00e7 olmak \u00fczere \u00e7ift ba\u015f\u0131na sadece USD ile rekabet\u00e7i fiyatland\u0131rma sunuyoruz. Verimli \u00fcretim ve teslimat sistemimiz, sipari\u015finizin 12 g\u00fcn art\u0131 nakliye s\u00fcresi ile h\u0131zl\u0131 bir \u015fekilde i\u015flenmesini sa\u011flar. Hem se\u00e7ici m\u00fc\u015fteriler hem de i\u015fletmeler i\u00e7in nihai se\u00e7im olan ola\u011fan\u00fcst\u00fc erkek deri elbise ayakkab\u0131lar\u0131m\u0131zla \u00fcst\u00fcn kaliteye ve rafine stile yat\u0131r\u0131m yap\u0131n.<\/p>","protected":false},"excerpt":{"rendered":"<ul>\n<li>Birinci s\u0131n\u0131f Dana Derisi d\u0131\u015f y\u00fczey ve yumu\u015fak Ke\u00e7i Derisi i\u00e7 k\u0131s\u0131mdan el yap\u0131m\u0131 olarak \u00fcretilmi\u015ftir.<\/li>\n<li>\u00dcst\u00fcn konfor ve dayan\u0131kl\u0131l\u0131k i\u00e7in hafif ve esnek Microlight tabana sahiptir.<\/li>\n<li>Zarif 1-3 cm topuk y\u00fcksekli\u011fi, t\u00fcm resmi ve i\u015f g\u00fcnleri i\u00e7in m\u00fckemmeldir.<\/li>\n<li>Kapsaml\u0131 bir beden aral\u0131\u011f\u0131nda mevcuttur: 39, 40, 41, 42, 43, 44, 45.<\/li>\n<li>Minimum sipari\u015f miktar\u0131: 8 \u00e7ift, toptan ve toplu al\u0131c\u0131lar i\u00e7in idealdir.<\/li>\n<li>Verimli teslimat s\u00fcresi: 12 g\u00fcn + nakliye.<\/li>\n<li>Bot olmayan stillerde \u00e7ift ba\u015f\u0131na sadece USD ile rekabet\u00e7i fiyatlara sahiptir.<\/li>\n<\/ul>","protected":false},"featured_media":3503,"template":"","meta":{"_acf_changed":false,"_uag_custom_page_level_css":"","site-sidebar-layout":"default","site-content-layout":"","ast-site-content-layout":"default","site-content-style":"default","site-sidebar-style":"default","ast-global-header-display":"","ast-banner-title-visibility":"","ast-main-header-display":"","ast-hfb-above-header-display":"","ast-hfb-below-header-display":"","ast-hfb-mobile-header-display":"","site-post-title":"","ast-breadcrumbs-content":"","ast-featured-img":"","footer-sml-layout":"","ast-disable-related-posts":"","theme-transparent-header-meta":"default","adv-header-id-meta":"","stick-header-meta":"","header-above-stick-meta":"","header-main-stick-meta":"","header-below-stick-meta":"","astra-migrate-meta-layouts":"set","ast-page-background-enabled":"default","ast-page-background-meta":{"desktop":{"background-color":"var(--ast-global-color-4)","background-image":"","background-repeat":"repeat","background-position":"center center","background-size":"auto","background-attachment":"scroll","background-type":"","background-media":"","overlay-type":"","overlay-color":"","overlay-opacity":"","overlay-gradient":""},"tablet":{"background-color":"","background-image":"","background-repeat":"repeat","background-position":"center center","background-size":"auto","background-attachment":"scroll","background-type":"","background-media":"","overlay-type":"","overlay-color":"","overlay-opacity":"","overlay-gradient":""},"mobile":{"background-color":"","background-image":"","background-repeat":"repeat","background-position":"center center","background-size":"auto","background-attachment":"scroll","background-type":"","background-media":"","overlay-type":"","overlay-color":"","overlay-opacity":"","overlay-gradient":""}},"ast-content-background-meta":{"desktop":{"background-color":"var(--ast-global-color-5)","background-image":"","background-repeat":"repeat","background-position":"center center","background-size":"auto","background-attachment":"scroll","background-type":"","background-media":"","overlay-type":"","overlay-color":"","overlay-opacity":"","overlay-gradient":""},"tablet":{"background-color":"var(--ast-global-color-5)","background-image":"","background-repeat":"repeat","background-position":"center center","background-size":"auto","background-attachment":"scroll","background-type":"","background-media":"","overlay-type":"","overlay-color":"","overlay-opacity":"","overlay-gradient":""},"mobile":{"background-color":"var(--ast-global-color-5)","background-image":"","background-repeat":"repeat","background-position":"center center","background-size":"auto","background-attachment":"scroll","background-type":"","background-media":"","overlay-type":"","overlay-color":"","overlay-opacity":"","overlay-gradient":""}}},"product_brand":[],"product_cat":[47,430,40],"product_tag":[292,405,185,314,189,666,774,466,632,633],"class_list":{"0":"post-5189","1":"product","2":"type-product","3":"status-publish","4":"has-post-thumbnail","6":"product_cat-classic","7":"product_cat-men","8":"product_cat-mens-shoes","9":"product_tag-brown-leather-shoes","10":"product_tag-business-shoes","11":"product_tag-calf-leather-shoes","12":"product_tag-formal-mens-shoes","13":"product_tag-goat-leather-lining","14":"product_tag-mens-formal-footwear","15":"product_tag-mens-leather-dress-shoes","16":"product_tag-microlight-sole","17":"product_tag-premium-leather-shoes","18":"product_tag-wholesale-dress-shoes","19":"desktop-align-center","20":"tablet-align-center","21":"mobile-align-center","23":"first","24":"instock","25":"shipping-taxable","26":"purchasable","27":"product-type-variable","28":"has-default-attributes"},"acf":[],"uagb_featured_image_src":{"full":["https:\/\/turkishtrade.co\/wp-content\/uploads\/2026\/01\/2400EJOMN00103-DARK-BROWN-12644.png",453,250,false],"thumbnail":["https:\/\/turkishtrade.co\/wp-content\/uploads\/2026\/01\/2400EJOMN00103-DARK-BROWN-12644.png",150,83,false],"medium":["https:\/\/turkishtrade.co\/wp-content\/uploads\/2026\/01\/2400EJOMN00103-DARK-BROWN-12644.png",300,166,false],"medium_large":["https:\/\/turkishtrade.co\/wp-content\/uploads\/2026\/01\/2400EJOMN00103-DARK-BROWN-12644.png",453,250,false],"large":["https:\/\/turkishtrade.co\/wp-content\/uploads\/2026\/01\/2400EJOMN00103-DARK-BROWN-12644.png",453,250,false],"1536x1536":["https:\/\/turkishtrade.co\/wp-content\/uploads\/2026\/01\/2400EJOMN00103-DARK-BROWN-12644.png",453,250,false],"2048x2048":["https:\/\/turkishtrade.co\/wp-content\/uploads\/2026\/01\/2400EJOMN00103-DARK-BROWN-12644.png",453,250,false],"trp-custom-language-flag":["https:\/\/turkishtrade.co\/wp-content\/uploads\/2026\/01\/2400EJOMN00103-DARK-BROWN-12644.png",18,10,false],"woocommerce_thumbnail":["https:\/\/turkishtrade.co\/wp-content\/uploads\/2026\/01\/2400EJOMN00103-DARK-BROWN-12644-400x250.png",400,250,true],"woocommerce_single":["https:\/\/turkishtrade.co\/wp-content\/uploads\/2026\/01\/2400EJOMN00103-DARK-BROWN-12644.png",453,250,false],"woocommerce_gallery_thumbnail":["https:\/\/turkishtrade.co\/wp-content\/uploads\/2026\/01\/2400EJOMN00103-DARK-BROWN-12644-100x100.png",100,100,true]},"uagb_author_info":{"display_name":"yaser olabi","author_link":"https:\/\/turkishtrade.co\/tr\/author\/"},"uagb_comment_info":0,"uagb_excerpt":"Handcrafted from premium Calf Leather exterior and soft Goat Leather interior. Features a lightweight and flexible Microlight sole for superior comfort and durability. Elegant 1-3 cm heel height, perfect for all formal and business occasions. Available in a comprehensive size range: 39, 40, 41, 42, 43, 44, 45. Minimum order quantity: 8 pairs, ideal for&hellip;","_links":{"self":[{"href":"https:\/\/turkishtrade.co\/tr\/wp-json\/wp\/v2\/product\/5189","targetHints":{"allow":["GET"]}}],"collection":[{"href":"https:\/\/turkishtrade.co\/tr\/wp-json\/wp\/v2\/product"}],"about":[{"href":"https:\/\/turkishtrade.co\/tr\/wp-json\/wp\/v2\/types\/product"}],"wp:featuredmedia":[{"embeddable":true,"href":"https:\/\/turkishtrade.co\/tr\/wp-json\/wp\/v2\/media\/3503"}],"wp:attachment":[{"href":"https:\/\/turkishtrade.co\/tr\/wp-json\/wp\/v2\/media?parent=5189"}],"wp:term":[{"taxonomy":"product_brand","embeddable":true,"href":"https:\/\/turkishtrade.co\/tr\/wp-json\/wp\/v2\/product_brand?post=5189"},{"taxonomy":"product_cat","embeddable":true,"href":"https:\/\/turkishtrade.co\/tr\/wp-json\/wp\/v2\/product_cat?post=5189"},{"taxonomy":"product_tag","embeddable":true,"href":"https:\/\/turkishtrade.co\/tr\/wp-json\/wp\/v2\/product_tag?post=5189"}],"curies":[{"name":"wp","href":"https:\/\/api.w.org\/{rel}","templated":true}]}}