{"id":5185,"date":"2026-01-14T11:24:58","date_gmt":"2026-01-14T11:24:58","guid":{"rendered":"https:\/\/turkishtrade.co\/product\/men-two-tone-leather-derby-shoes\/"},"modified":"2026-04-09T19:41:37","modified_gmt":"2026-04-09T19:41:37","slug":"mens-two-tone-leather-derby-shoes","status":"publish","type":"product","link":"https:\/\/turkishtrade.co\/tr\/shop\/mens-two-tone-leather-derby-shoes\/","title":{"rendered":"Premium Erkek \u0130ki Tonlu Dana ve Ke\u00e7i Derisi Derby Ayakkab\u0131"},"content":{"rendered":"<p><strong>Erkek \u0130ki Tonlu Deri Derby Ayakkab\u0131<\/strong><\/p>\n<p>Enfes tasar\u0131m\u0131m\u0131zla zamans\u0131z \u015f\u0131kl\u0131\u011fa ad\u0131m at\u0131n <b>Erkek \u0130ki Tonlu Deri Derby Ayakkab\u0131<\/b>, modern beyefendiler i\u00e7in titizlikle \u00fcretilmi\u015ftir. Bu sofistike elbise ayakkab\u0131lar\u0131 bir ayakkab\u0131dan \u00e7ok daha fazlas\u0131d\u0131r; bir stil ve kalite ifadesidir. Hem resmi hem de \u015f\u0131k g\u00fcndelik k\u0131yafetlerinizi tamamlamak \u00fczere tasarlanan <b>Erkek \u0130ki Tonlu Deri Derby Ayakkab\u0131<\/b> Klasik tasar\u0131m\u0131 \u00e7a\u011fda\u015f estetikle m\u00fckemmel bir \u015fekilde harmanlayarak her etkinlikte veya toplant\u0131da her zaman kal\u0131c\u0131 bir izlenim b\u0131rakman\u0131z\u0131 sa\u011flar.<\/p>\n<h3>Rakipsiz \u0130\u015f\u00e7ilik ve Birinci S\u0131n\u0131f Malzemeler<\/h3>\n<p>Bu ola\u011fan\u00fcst\u00fc ayakkab\u0131larda kullan\u0131lan birinci s\u0131n\u0131f malzemelerle benzersiz bir l\u00fcks ya\u015fay\u0131n. D\u0131\u015f y\u00fczeyi ustal\u0131kla hakiki dana derisinden \u00fcretilmi\u015ftir ve \u00fcst\u00fcn kalitesinin g\u00f6stergesi olan p\u00fcr\u00fczs\u00fcz, parlak bir y\u00fczey sunar. Bunu tamamlayan belirli paneller, bu ayakkab\u0131lar\u0131 belirleyen b\u00fcy\u00fcleyici iki tonlu bir etki yaratan farkl\u0131 dokulu bir ke\u00e7i derisine sahiptir. <b>Erkek \u0130ki Tonlu Deri Derby Ayakkab\u0131<\/b> ayr\u0131. Kontrast dokular ve zengin kahverengi tonlardaki detaylara g\u00f6sterilen \u00f6zen, usta bir sanat\u00e7\u0131l\u0131\u011f\u0131 g\u00f6zler \u00f6n\u00fcne seriyor. Her bir diki\u015fi \u00f6zel i\u015f\u00e7ili\u011fi yans\u0131tan bu ayakkab\u0131lar, hem g\u00f6rsel olarak \u00e7arp\u0131c\u0131 hem de y\u0131llarca dayanacak bir \u00e7ift elbise ayakkab\u0131s\u0131 vaat ediyor.<\/p>\n<h3>Microlight Taban ile \u00dcst\u00fcn Konfor<\/h3>\n<p>Konfor her \u015feyden \u00f6nemlidir ve <b>Erkek \u0130ki Tonlu Deri Derby Ayakkab\u0131<\/b> her y\u00f6nden ba\u015far\u0131l\u0131d\u0131r. Hafif Microlight tabana sahip bu ayakkab\u0131lar m\u00fckemmel yast\u0131klama ve esneklik sa\u011flayarak ister ofiste ister sosyal etkinliklerde uzun g\u00fcnler boyunca ayakta kalmak i\u00e7in idealdir. \u0130\u00e7 k\u0131sm\u0131 yumu\u015fak ke\u00e7i derisi ile astarlanm\u0131\u015ft\u0131r, nefes alabilen konfor ve rahat bir uyum sa\u011flarken ayn\u0131 zamanda ayaklar\u0131n\u0131z\u0131 ferah tutmak i\u00e7in nemi uzakla\u015ft\u0131r\u0131r. 1-3 cm'lik ince topuk y\u00fcksekli\u011fi ile bu ayakkab\u0131lar, dengeden veya klasik \u00e7ekicilikten \u00f6d\u00fcn vermeden do\u011fru y\u00fckseli\u015fi sunar. <b>Erkek \u0130ki Tonlu Deri Derby Ayakkab\u0131<\/b> Sabah i\u015fe gidip gelirken ve ak\u015fam galalarda giymek i\u00e7in bir keyif.<\/p>\n<h3>Her Durum i\u00e7in \u00c7ok Y\u00f6nl\u00fc Stil<\/h3>\n<p>\u0130ster \u00f6nemli bir i\u015f toplant\u0131s\u0131na, ister resmi bir etkinli\u011fe kat\u0131l\u0131yor olun, ister sadece g\u00fcnl\u00fck \u015f\u0131k ve rahat g\u00f6r\u00fcn\u00fcm\u00fcn\u00fcz\u00fc y\u00fckseltmek istiyor olun, bu <b>Erkek \u0130ki Tonlu Deri Derby Ayakkab\u0131<\/b> m\u00fckemmel yol arkada\u015f\u0131n\u0131zd\u0131r. \u00c7ok y\u00f6nl\u00fc tasar\u0131mlar\u0131 sayesinde, g\u00fcnd\u00fczden geceye zahmetsizce ge\u00e7i\u015f yapabilen bu ayakkab\u0131lar, se\u00e7kin gard\u0131roplar i\u00e7in vazge\u00e7ilmez bir eklentidir. Profesyonel bir estetik i\u00e7in keskin bir tak\u0131m elbise ile veya zarif bir g\u00fcndelik topluluk i\u00e7in chino pantolon ve blazer ile e\u015fle\u015ftirin. Sa\u011flam yap\u0131 ve birinci s\u0131n\u0131f deriler, bu ayakkab\u0131lar\u0131n <b>Erkek \u0130ki Tonlu Deri Derby Ayakkab\u0131<\/b> sadece \u015f\u0131k de\u011fil, ayn\u0131 zamanda dayan\u0131kl\u0131d\u0131r ve y\u0131llarca sofistike bir kullan\u0131m vaat eder.<\/p>\n<h3>Toptan Sat\u0131\u015f F\u0131rsatlar\u0131 ve Boyutland\u0131rma<\/h3>\n<p>39'dan 45'e kadar \u00e7e\u015fitli bedenlere hitap ederek her m\u00fc\u015fteri i\u00e7in rahat ve hassas bir uyum sa\u011fl\u0131yoruz. Y\u00fcksek kaliteli ayakkab\u0131 stoklamak isteyen i\u015fletmeler i\u00e7in, bu ola\u011fan\u00fcst\u00fc iki tonlu deri Derby ayakkab\u0131lar i\u00e7in cazip toptan sat\u0131\u015f f\u0131rsatlar\u0131 sunuyoruz. Minimum 8 \u00e7ift sipari\u015f gereklidir ve teslimat s\u00fcresi nakliye ile birlikte yakla\u015f\u0131k 12 g\u00fcnd\u00fcr. En iyisine yat\u0131r\u0131m yap\u0131n <b>Erkek \u0130ki Tonlu Deri Derby Ayakkab\u0131<\/b> ve m\u00fc\u015fterilerinize sofistike bir m\u00fc\u015fteri kitlesine hitap edecek i\u015f\u00e7ilik, konfor ve zamans\u0131z stili \u00f6rnekleyen bir \u00fcr\u00fcn sunun.<\/p>","protected":false},"excerpt":{"rendered":"<ul>\n<li>L\u00fcks bir his i\u00e7in birinci s\u0131n\u0131f dana ve ke\u00e7i derisinden \u00fcretilmi\u015ftir<\/li>\n<li>Farkl\u0131 dokulu vurgulara sahip \u015f\u0131k iki tonlu tasar\u0131m<\/li>\n<li>Rahat Microlight taban ve ince al\u00e7ak topuk (1-3 cm)<\/li>\n<li>39'dan 45'e kadar kapsaml\u0131 bir beden aral\u0131\u011f\u0131nda mevcuttur<\/li>\n<li>Minimum 8 \u00e7ift sipari\u015f; toptan ve toplu al\u0131mlar i\u00e7in ideal<\/li>\n<\/ul>","protected":false},"featured_media":3501,"template":"","meta":{"_acf_changed":false,"_uag_custom_page_level_css":"","site-sidebar-layout":"default","site-content-layout":"","ast-site-content-layout":"default","site-content-style":"default","site-sidebar-style":"default","ast-global-header-display":"","ast-banner-title-visibility":"","ast-main-header-display":"","ast-hfb-above-header-display":"","ast-hfb-below-header-display":"","ast-hfb-mobile-header-display":"","site-post-title":"","ast-breadcrumbs-content":"","ast-featured-img":"","footer-sml-layout":"","ast-disable-related-posts":"","theme-transparent-header-meta":"default","adv-header-id-meta":"","stick-header-meta":"","header-above-stick-meta":"","header-main-stick-meta":"","header-below-stick-meta":"","astra-migrate-meta-layouts":"set","ast-page-background-enabled":"default","ast-page-background-meta":{"desktop":{"background-color":"var(--ast-global-color-4)","background-image":"","background-repeat":"repeat","background-position":"center center","background-size":"auto","background-attachment":"scroll","background-type":"","background-media":"","overlay-type":"","overlay-color":"","overlay-opacity":"","overlay-gradient":""},"tablet":{"background-color":"","background-image":"","background-repeat":"repeat","background-position":"center center","background-size":"auto","background-attachment":"scroll","background-type":"","background-media":"","overlay-type":"","overlay-color":"","overlay-opacity":"","overlay-gradient":""},"mobile":{"background-color":"","background-image":"","background-repeat":"repeat","background-position":"center center","background-size":"auto","background-attachment":"scroll","background-type":"","background-media":"","overlay-type":"","overlay-color":"","overlay-opacity":"","overlay-gradient":""}},"ast-content-background-meta":{"desktop":{"background-color":"var(--ast-global-color-5)","background-image":"","background-repeat":"repeat","background-position":"center center","background-size":"auto","background-attachment":"scroll","background-type":"","background-media":"","overlay-type":"","overlay-color":"","overlay-opacity":"","overlay-gradient":""},"tablet":{"background-color":"var(--ast-global-color-5)","background-image":"","background-repeat":"repeat","background-position":"center center","background-size":"auto","background-attachment":"scroll","background-type":"","background-media":"","overlay-type":"","overlay-color":"","overlay-opacity":"","overlay-gradient":""},"mobile":{"background-color":"var(--ast-global-color-5)","background-image":"","background-repeat":"repeat","background-position":"center center","background-size":"auto","background-attachment":"scroll","background-type":"","background-media":"","overlay-type":"","overlay-color":"","overlay-opacity":"","overlay-gradient":""}}},"product_brand":[],"product_cat":[47,430,40],"product_tag":[218,405,202,212,251,769,437,227,770,217,324,466,373,305,281],"class_list":{"0":"post-5185","1":"product","2":"type-product","3":"status-publish","4":"has-post-thumbnail","6":"product_cat-classic","7":"product_cat-men","8":"product_cat-mens-shoes","9":"product_tag-brown-shoes","10":"product_tag-business-shoes","11":"product_tag-calf-leather","12":"product_tag-derby-shoes","13":"product_tag-formal-shoes","14":"product_tag-gentlemens-shoes","15":"product_tag-goat-leather","16":"product_tag-leather-shoes","17":"product_tag-low-heel-shoes","18":"product_tag-luxury-footwear","19":"product_tag-mens-dress-shoes","20":"product_tag-microlight-sole","21":"product_tag-textured-leather","22":"product_tag-two-tone-shoes","23":"product_tag-wholesale-shoes","24":"desktop-align-center","25":"tablet-align-center","26":"mobile-align-center","28":"first","29":"instock","30":"shipping-taxable","31":"purchasable","32":"product-type-variable","33":"has-default-attributes"},"acf":[],"uagb_featured_image_src":{"full":["https:\/\/turkishtrade.co\/wp-content\/uploads\/2026\/01\/2400EJOMN00101-BROWN-X_12571.png",453,250,false],"thumbnail":["https:\/\/turkishtrade.co\/wp-content\/uploads\/2026\/01\/2400EJOMN00101-BROWN-X_12571-150x150.png",150,150,true],"medium":["https:\/\/turkishtrade.co\/wp-content\/uploads\/2026\/01\/2400EJOMN00101-BROWN-X_12571-300x166.png",300,166,true],"medium_large":["https:\/\/turkishtrade.co\/wp-content\/uploads\/2026\/01\/2400EJOMN00101-BROWN-X_12571.png",453,250,false],"large":["https:\/\/turkishtrade.co\/wp-content\/uploads\/2026\/01\/2400EJOMN00101-BROWN-X_12571.png",453,250,false],"1536x1536":["https:\/\/turkishtrade.co\/wp-content\/uploads\/2026\/01\/2400EJOMN00101-BROWN-X_12571.png",453,250,false],"2048x2048":["https:\/\/turkishtrade.co\/wp-content\/uploads\/2026\/01\/2400EJOMN00101-BROWN-X_12571.png",453,250,false],"trp-custom-language-flag":["https:\/\/turkishtrade.co\/wp-content\/uploads\/2026\/01\/2400EJOMN00101-BROWN-X_12571-18x10.png",18,10,true],"woocommerce_thumbnail":["https:\/\/turkishtrade.co\/wp-content\/uploads\/2026\/01\/2400EJOMN00101-BROWN-X_12571-400x250.png",400,250,true],"woocommerce_single":["https:\/\/turkishtrade.co\/wp-content\/uploads\/2026\/01\/2400EJOMN00101-BROWN-X_12571.png",453,250,false],"woocommerce_gallery_thumbnail":["https:\/\/turkishtrade.co\/wp-content\/uploads\/2026\/01\/2400EJOMN00101-BROWN-X_12571-100x100.png",100,100,true]},"uagb_author_info":{"display_name":"yaser olabi","author_link":"https:\/\/turkishtrade.co\/tr\/author\/"},"uagb_comment_info":0,"uagb_excerpt":"Crafted from premium calf and goat leather for luxurious feel Stylish two-tone design with distinctive textured accents Comfortable Microlight sole and subtle low heel (1-3 cm) Available in a comprehensive size range from 39 to 45 Minimum order of 8 pairs; ideal for wholesale and bulk purchases","_links":{"self":[{"href":"https:\/\/turkishtrade.co\/tr\/wp-json\/wp\/v2\/product\/5185","targetHints":{"allow":["GET"]}}],"collection":[{"href":"https:\/\/turkishtrade.co\/tr\/wp-json\/wp\/v2\/product"}],"about":[{"href":"https:\/\/turkishtrade.co\/tr\/wp-json\/wp\/v2\/types\/product"}],"wp:featuredmedia":[{"embeddable":true,"href":"https:\/\/turkishtrade.co\/tr\/wp-json\/wp\/v2\/media\/3501"}],"wp:attachment":[{"href":"https:\/\/turkishtrade.co\/tr\/wp-json\/wp\/v2\/media?parent=5185"}],"wp:term":[{"taxonomy":"product_brand","embeddable":true,"href":"https:\/\/turkishtrade.co\/tr\/wp-json\/wp\/v2\/product_brand?post=5185"},{"taxonomy":"product_cat","embeddable":true,"href":"https:\/\/turkishtrade.co\/tr\/wp-json\/wp\/v2\/product_cat?post=5185"},{"taxonomy":"product_tag","embeddable":true,"href":"https:\/\/turkishtrade.co\/tr\/wp-json\/wp\/v2\/product_tag?post=5185"}],"curies":[{"name":"wp","href":"https:\/\/api.w.org\/{rel}","templated":true}]}}