{"id":5181,"date":"2026-01-14T11:24:23","date_gmt":"2026-01-14T11:24:23","guid":{"rendered":"https:\/\/turkishtrade.co\/product\/men-black-leather-oxford-shoes\/"},"modified":"2026-04-09T19:41:43","modified_gmt":"2026-04-09T19:41:43","slug":"mens-black-leather-oxford-shoes-2","status":"publish","type":"product","link":"https:\/\/turkishtrade.co\/tr\/shop\/mens-black-leather-oxford-shoes-2\/","title":{"rendered":"Klasik Erkek Siyah Deri Oxford Ayakkab\u0131"},"content":{"rendered":"<p><strong>Erkek Siyah Deri Oxford Ayakkab\u0131<\/strong><\/p>\n<p>Enfes \u00fcr\u00fcnlerimizle benzersiz bir sofistike ortama ad\u0131m at\u0131n <strong>Erkek Siyah Deri Oxford Ayakkab\u0131<\/strong>. Se\u00e7kin beyefendiler i\u00e7in tasarlanan bu klasik elbise ayakkab\u0131lar\u0131, \u00fcst\u00fcn i\u015f\u00e7ili\u011fin ve zamans\u0131z stilin bir kan\u0131t\u0131d\u0131r. \u0130\u015f toplant\u0131lar\u0131, resmi etkinlikler veya kusursuz sunumun \u00f6nemli oldu\u011fu her durum i\u00e7in m\u00fckemmel olan bu <strong>Erkek Siyah Deri Oxford Ayakkab\u0131<\/strong> gard\u0131robunuzu y\u00fckseltecek.<\/p>\n<h3>E\u015fsiz Konfor ve Dayan\u0131kl\u0131l\u0131k i\u00e7in Birinci S\u0131n\u0131f Malzemeler<\/h3>\n<p>Her bir \u00e7iftimiz <strong>Erkek Siyah Deri Oxford Ayakkab\u0131<\/strong> en iyi malzemelerden titizlikle \u00fcretilmi\u015ftir. P\u00fcr\u00fczs\u00fcz dokusu, do\u011fal parlakl\u0131\u011f\u0131 ve ola\u011fan\u00fcst\u00fc dayan\u0131kl\u0131l\u0131\u011f\u0131yla tan\u0131nan birinci s\u0131n\u0131f dana derisinden \u00fcretilen d\u0131\u015f y\u00fczey, ayakkab\u0131lar\u0131n\u0131z\u0131n yaln\u0131zca harika g\u00f6r\u00fcnmesini de\u011fil, ayn\u0131 zamanda zamana kar\u015f\u0131 dayan\u0131kl\u0131 olmas\u0131n\u0131 da sa\u011flar. \u0130\u00e7 k\u0131s\u0131mda, nefes alabilirlik ve zamanla aya\u011f\u0131n\u0131za uyum sa\u011flayan rahat bir uyum sa\u011flayan yumu\u015fak ke\u00e7i derisi astar ile ayaklar\u0131n\u0131z l\u00fcks i\u00e7inde sar\u0131l\u0131r.<\/p>\n<p>Bu ola\u011fan\u00fcst\u00fc eserlerin temeli <strong>Erkek Siyah Deri Oxford Ayakkab\u0131<\/strong> yenilik\u00e7i Microlight taban\u0131d\u0131r. Bu hafif ama sa\u011flam taban, m\u00fckemmel kavrama ve esneklik sunarak \u015f\u0131k profilinden \u00f6d\u00fcn vermeden uzun s\u00fcreli kullan\u0131m i\u00e7in rahatl\u0131k sa\u011flar. Topuk y\u00fcksekli\u011fi 1-3 cm aras\u0131nda de\u011fi\u015fen bu ayakkab\u0131lar, zarif bir siluet i\u00e7in do\u011fru miktarda y\u00fckselti sa\u011flar.<\/p>\n<h3>Zamans\u0131z Tasar\u0131m ve \u00c7ok Y\u00f6nl\u00fc Stil<\/h3>\n<p>\u0130konik kap-toe Oxford tasar\u0131m\u0131 bu ayakkab\u0131lar\u0131 <strong>Erkek Siyah Deri Oxford Ayakkab\u0131<\/strong> resmi veya yar\u0131 resmi k\u0131yafetler i\u00e7in \u00e7ok y\u00f6nl\u00fc bir elyaft\u0131r. \u0130ster keskin bir i\u015f k\u0131yafeti, ister smokin ya da \u015f\u0131k bir g\u00fcnl\u00fck pantolonla e\u015fle\u015ftirilsin, \u015f\u0131kl\u0131k ve g\u00fcven havas\u0131 yayar. Klasik siyah renkleri, mevcut gard\u0131roplara sorunsuz bir \u015fekilde entegre olmalar\u0131n\u0131 sa\u011flayarak onlar\u0131 modern erkek i\u00e7in vazge\u00e7ilmez bir aksesuar haline getirir. Bir \u00e7ift premium pantolonumuza yat\u0131r\u0131m yap\u0131n <strong>Erkek Siyah Deri Oxford Ayakkab\u0131<\/strong> ve gelenek ile \u00e7a\u011fda\u015f zarafetin m\u00fckemmel kar\u0131\u015f\u0131m\u0131n\u0131 deneyimleyin.<\/p>\n<h3>Sipari\u015f ve Teslimat Bilgileri<\/h3>\n<p>Bu y\u00fcksek kaliteli <strong>Erkek Siyah Deri Oxford Ayakkab\u0131<\/strong> 39'dan 45'e (AB) kadar \u00e7e\u015fitli bedenlerde mevcuttur. Hem bireysel m\u00fc\u015fterilere hem de toplu sipari\u015f vermek isteyen i\u015fletmelere hitap ediyoruz. Minimum sipari\u015f miktar\u0131n\u0131n 8 \u00e7ift oldu\u011funu l\u00fctfen unutmay\u0131n. Bu ola\u011fan\u00fcst\u00fc ayakkab\u0131lar i\u00e7in sipari\u015finiz <strong>Erkek Siyah Deri Oxford Ayakkab\u0131<\/strong> yerle\u015ftirildi\u011finde, premium ayakkab\u0131n\u0131z\u0131 en k\u0131sa s\u00fcrede teslim alman\u0131z\u0131 sa\u011flamak i\u00e7in yakla\u015f\u0131k 12 g\u00fcnl\u00fck bir teslimat s\u00fcresi ve nakliye s\u00fcresi bekleyin.<\/p>","protected":false},"excerpt":{"rendered":"<ul>\n<li>Zarif Dana Derisi Saya<\/li>\n<li>\u00dcst\u00fcn konfor i\u00e7in l\u00fcks ke\u00e7i derisi astar<\/li>\n<li>Dayan\u0131kl\u0131 ve hafif Microlight Taban<\/li>\n<li>Sofistike Cap-Toe Oxford Tasar\u0131m<\/li>\n<li>Rahat 1-3 cm Topuk Y\u00fcksekli\u011fi<\/li>\n<li>39-45 (AB) bedenlerde mevcuttur<\/li>\n<li>Minimum sipari\u015f miktar\u0131: 8 \u00e7ift (Toplu indirimler mevcuttur)<\/li>\n<\/ul>","protected":false},"featured_media":3499,"template":"","meta":{"_acf_changed":false,"_uag_custom_page_level_css":"","site-sidebar-layout":"default","site-content-layout":"","ast-site-content-layout":"default","site-content-style":"default","site-sidebar-style":"default","ast-global-header-display":"","ast-banner-title-visibility":"","ast-main-header-display":"","ast-hfb-above-header-display":"","ast-hfb-below-header-display":"","ast-hfb-mobile-header-display":"","site-post-title":"","ast-breadcrumbs-content":"","ast-featured-img":"","footer-sml-layout":"","ast-disable-related-posts":"","theme-transparent-header-meta":"default","adv-header-id-meta":"","stick-header-meta":"","header-above-stick-meta":"","header-main-stick-meta":"","header-below-stick-meta":"","astra-migrate-meta-layouts":"set","ast-page-background-enabled":"default","ast-page-background-meta":{"desktop":{"background-color":"var(--ast-global-color-4)","background-image":"","background-repeat":"repeat","background-position":"center center","background-size":"auto","background-attachment":"scroll","background-type":"","background-media":"","overlay-type":"","overlay-color":"","overlay-opacity":"","overlay-gradient":""},"tablet":{"background-color":"","background-image":"","background-repeat":"repeat","background-position":"center center","background-size":"auto","background-attachment":"scroll","background-type":"","background-media":"","overlay-type":"","overlay-color":"","overlay-opacity":"","overlay-gradient":""},"mobile":{"background-color":"","background-image":"","background-repeat":"repeat","background-position":"center center","background-size":"auto","background-attachment":"scroll","background-type":"","background-media":"","overlay-type":"","overlay-color":"","overlay-opacity":"","overlay-gradient":""}},"ast-content-background-meta":{"desktop":{"background-color":"var(--ast-global-color-5)","background-image":"","background-repeat":"repeat","background-position":"center center","background-size":"auto","background-attachment":"scroll","background-type":"","background-media":"","overlay-type":"","overlay-color":"","overlay-opacity":"","overlay-gradient":""},"tablet":{"background-color":"var(--ast-global-color-5)","background-image":"","background-repeat":"repeat","background-position":"center center","background-size":"auto","background-attachment":"scroll","background-type":"","background-media":"","overlay-type":"","overlay-color":"","overlay-opacity":"","overlay-gradient":""},"mobile":{"background-color":"var(--ast-global-color-5)","background-image":"","background-repeat":"repeat","background-position":"center center","background-size":"auto","background-attachment":"scroll","background-type":"","background-media":"","overlay-type":"","overlay-color":"","overlay-opacity":"","overlay-gradient":""}}},"product_brand":[],"product_cat":[47,430,40],"product_tag":[653,405,202,541,284,480,251,437,219,360,766,466,250],"class_list":{"0":"post-5181","1":"product","2":"type-product","3":"status-publish","4":"has-post-thumbnail","6":"product_cat-classic","7":"product_cat-men","8":"product_cat-mens-shoes","9":"product_tag-black-oxfords","10":"product_tag-business-shoes","11":"product_tag-calf-leather","12":"product_tag-cap-toe-oxfords","13":"product_tag-dress-shoes","14":"product_tag-elegant-shoes","15":"product_tag-formal-shoes","16":"product_tag-goat-leather","17":"product_tag-handmade-shoes","18":"product_tag-leather-oxfords","19":"product_tag-mens-black-leather-oxford-shoes","20":"product_tag-microlight-sole","21":"product_tag-premium-leather","22":"desktop-align-center","23":"tablet-align-center","24":"mobile-align-center","26":"first","27":"instock","28":"shipping-taxable","29":"purchasable","30":"product-type-variable","31":"has-default-attributes"},"acf":[],"uagb_featured_image_src":{"full":["https:\/\/turkishtrade.co\/wp-content\/uploads\/2026\/01\/2400EJOMN00099-BLACK-1_132.png",453,250,false],"thumbnail":["https:\/\/turkishtrade.co\/wp-content\/uploads\/2026\/01\/2400EJOMN00099-BLACK-1_132.png",150,83,false],"medium":["https:\/\/turkishtrade.co\/wp-content\/uploads\/2026\/01\/2400EJOMN00099-BLACK-1_132.png",300,166,false],"medium_large":["https:\/\/turkishtrade.co\/wp-content\/uploads\/2026\/01\/2400EJOMN00099-BLACK-1_132.png",453,250,false],"large":["https:\/\/turkishtrade.co\/wp-content\/uploads\/2026\/01\/2400EJOMN00099-BLACK-1_132.png",453,250,false],"1536x1536":["https:\/\/turkishtrade.co\/wp-content\/uploads\/2026\/01\/2400EJOMN00099-BLACK-1_132.png",453,250,false],"2048x2048":["https:\/\/turkishtrade.co\/wp-content\/uploads\/2026\/01\/2400EJOMN00099-BLACK-1_132.png",453,250,false],"trp-custom-language-flag":["https:\/\/turkishtrade.co\/wp-content\/uploads\/2026\/01\/2400EJOMN00099-BLACK-1_132.png",18,10,false],"woocommerce_thumbnail":["https:\/\/turkishtrade.co\/wp-content\/uploads\/2026\/01\/2400EJOMN00099-BLACK-1_132-400x250.png",400,250,true],"woocommerce_single":["https:\/\/turkishtrade.co\/wp-content\/uploads\/2026\/01\/2400EJOMN00099-BLACK-1_132.png",453,250,false],"woocommerce_gallery_thumbnail":["https:\/\/turkishtrade.co\/wp-content\/uploads\/2026\/01\/2400EJOMN00099-BLACK-1_132-100x100.png",100,100,true]},"uagb_author_info":{"display_name":"yaser olabi","author_link":"https:\/\/turkishtrade.co\/tr\/author\/"},"uagb_comment_info":0,"uagb_excerpt":"Exquisite Calf Leather Upper Luxurious Goat Leather Lining for superior comfort Durable and lightweight Microlight Sole Sophisticated Cap-Toe Oxford Design Comfortable 1-3 cm Heel Height Available in sizes 39-45 (EU) Minimum order quantity: 8 pairs (Bulk discounts available)","_links":{"self":[{"href":"https:\/\/turkishtrade.co\/tr\/wp-json\/wp\/v2\/product\/5181","targetHints":{"allow":["GET"]}}],"collection":[{"href":"https:\/\/turkishtrade.co\/tr\/wp-json\/wp\/v2\/product"}],"about":[{"href":"https:\/\/turkishtrade.co\/tr\/wp-json\/wp\/v2\/types\/product"}],"wp:featuredmedia":[{"embeddable":true,"href":"https:\/\/turkishtrade.co\/tr\/wp-json\/wp\/v2\/media\/3499"}],"wp:attachment":[{"href":"https:\/\/turkishtrade.co\/tr\/wp-json\/wp\/v2\/media?parent=5181"}],"wp:term":[{"taxonomy":"product_brand","embeddable":true,"href":"https:\/\/turkishtrade.co\/tr\/wp-json\/wp\/v2\/product_brand?post=5181"},{"taxonomy":"product_cat","embeddable":true,"href":"https:\/\/turkishtrade.co\/tr\/wp-json\/wp\/v2\/product_cat?post=5181"},{"taxonomy":"product_tag","embeddable":true,"href":"https:\/\/turkishtrade.co\/tr\/wp-json\/wp\/v2\/product_tag?post=5181"}],"curies":[{"name":"wp","href":"https:\/\/api.w.org\/{rel}","templated":true}]}}