{"id":5172,"date":"2026-01-14T11:23:25","date_gmt":"2026-01-14T11:23:25","guid":{"rendered":"https:\/\/turkishtrade.co\/product\/mens-leather-wingtip-shoes\/"},"modified":"2026-04-09T19:42:00","modified_gmt":"2026-04-09T19:42:00","slug":"mens-leather-wingtip-shoes","status":"publish","type":"product","link":"https:\/\/turkishtrade.co\/tr\/shop\/mens-leather-wingtip-shoes\/","title":{"rendered":"Erkek Premium Dana Derisi Wingtip Oxford Ayakkab\u0131"},"content":{"rendered":"<p><strong>Erkek Deri Wingtip Ayakkab\u0131<\/strong><\/p>\n<p>Koleksiyonumuzla benzersiz bir sofistikeli\u011fe ad\u0131m at\u0131n <b>erkek deri parmak aras\u0131 ayakkab\u0131<\/b>. Titizlikle el i\u015f\u00e7ili\u011fiyle m\u00fckemmel hale getirilen bu birinci s\u0131n\u0131f Oxford ayakkab\u0131lar, zamans\u0131z tasar\u0131m\u0131 modern konforla harmanlayarak her se\u00e7kin beyefendinin gard\u0131robuna \u00f6nemli bir katk\u0131 sa\u011flar. Hem stil hem de uzun \u00f6m\u00fcrl\u00fcl\u00fck i\u00e7in tasarlanan <b>erkek deri parmak aras\u0131 ayakkab\u0131<\/b> \u00fcst\u00fcn i\u015f\u00e7ilik ve l\u00fcks malzemelerin bir kan\u0131t\u0131d\u0131r.<\/p>\n<h3>Rakipsiz \u0130\u015f\u00e7ilik ve Birinci S\u0131n\u0131f Malzemeler<\/h3>\n<p>Bu zarif \u00e7iftlerin her biri <b>erkek deri parmak aras\u0131 ayakkab\u0131<\/b> ola\u011fan\u00fcst\u00fc dayan\u0131kl\u0131l\u0131\u011f\u0131, esnek dokusu ve cilal\u0131 y\u00fczeyiyle bilinen hakiki dana derisinden ustal\u0131kla \u015fekillendirilmi\u015f bir d\u0131\u015f y\u00fczeye sahiptir. Zengin patinas\u0131 zamanla g\u00fczel bir \u015fekilde geli\u015ferek ayakkab\u0131n\u0131z\u0131n y\u0131llar boyunca de\u011ferli bir par\u00e7a olarak kalmas\u0131n\u0131 sa\u011flar. \u0130\u00e7 k\u0131s\u0131mda ayaklar\u0131n\u0131z, g\u00fcn boyu s\u00fcren \u00fcst\u00fcn nefes alabilirlik ve konfor sa\u011flayan hakiki ke\u00e7i derisi astar\u0131n yumu\u015fak kuca\u011f\u0131yla sar\u0131lacakt\u0131r. Bu zarif ayakkab\u0131lar\u0131n temelini olu\u015fturan hafif Microlight taban, \u015f\u0131k bir siluetten \u00f6d\u00fcn vermeden m\u00fckemmel tutu\u015f ve esneklik sunar. Rahat 1-3 cm topu\u011fa sahip bu Oxfords, uzun s\u00fcreli kullan\u0131m i\u00e7in m\u00fckemmel olan ince bir y\u00fckseklik ve destek sa\u011flar.<\/p>\n<h3>Zamans\u0131z Stil ve \u00c7ok Y\u00f6nl\u00fcl\u00fck<\/h3>\n<p>Bizim <b>erkek deri parmak aras\u0131 ayakkab\u0131<\/b> ay\u0131rt edici brogue detaylar\u0131 ve zarif wingtip tasar\u0131m\u0131yla klasik zarafeti temsil eder. Bu ikonik stil, keskin i\u015f tak\u0131mlar\u0131 ve resmi k\u0131yafetlerden \u015f\u0131k g\u00fcndelik topluluklara kadar \u00e7ok \u00e7e\u015fitli k\u0131yafetleri tamamlayacak kadar \u00e7ok y\u00f6nl\u00fcd\u00fcr. Klasik siyah, sofistike zengin mavi ve s\u0131cak, davetkar kahverengi renk se\u00e7enekleriyle sunulan bu <b>erkek deri parmak aras\u0131 ayakkab\u0131<\/b> her duruma ve ki\u015fisel stile uygun se\u00e7enekler sunar. \u0130ster bir y\u00f6netim kurulu toplant\u0131s\u0131na, ister bir d\u00fc\u011f\u00fcne veya sofistike bir ak\u015fam etkinli\u011fine kat\u0131l\u0131n, bu ayakkab\u0131lar kal\u0131c\u0131 bir izlenim b\u0131rakman\u0131z\u0131 sa\u011flayacakt\u0131r.<\/p>\n<h3>Konfor, Dayan\u0131kl\u0131l\u0131k ve Toptan Sat\u0131\u015f F\u0131rsat\u0131<\/h3>\n<p>\u00c7arp\u0131c\u0131 g\u00f6r\u00fcn\u00fcmlerinin \u00f6tesinde, bu birinci s\u0131n\u0131f <b>erkek deri parmak aras\u0131 ayakkab\u0131<\/b> maksimum konfor ve dayan\u0131kl\u0131l\u0131k i\u00e7in tasarlanm\u0131\u015ft\u0131r. Y\u00fcksek kaliteli dana ve ke\u00e7i derisinin Microlight tabanla birle\u015fimi, rahat bir ad\u0131m ve g\u00fcnl\u00fck a\u015f\u0131nmaya kar\u015f\u0131 dayan\u0131kl\u0131l\u0131k sa\u011flar. Y\u00fcksek kaliteli ayakkab\u0131 arayan perakendecilerin ve i\u015fletmelerin ihtiya\u00e7lar\u0131n\u0131 anl\u0131yoruz. Bunlar <b>erkek deri parmak aras\u0131 ayakkab\u0131<\/b> minimum 8 \u00e7ift sipari\u015f miktar\u0131 ile toptan sat\u0131n al\u0131nabilir. Yakla\u015f\u0131k 12 g\u00fcn teslim s\u00fcresi ve nakliye ile envanterinizi hem l\u00fcks hem de m\u00fc\u015fteri memnuniyeti vaat eden bir \u00fcr\u00fcnle verimli bir \u015fekilde stoklayabilirsiniz. Bu ola\u011fan\u00fcst\u00fc Oxfords ile ayakkab\u0131 koleksiyonunuzu geli\u015ftirin veya m\u00fc\u015fterilerinize sofistike tarz\u0131n en iyisini sunun.<\/p>","protected":false},"excerpt":{"rendered":"<ul>\n<li><b>D\u0131\u015f Malzeme:<\/b> Zarif Hakiki Dana Derisi<\/li>\n<li><b>\u0130\u00e7 Astar:<\/b> Yumu\u015fak ve Nefes Alabilen Hakiki Ke\u00e7i Derisi<\/li>\n<li><b>Taban Tipi:<\/b> Hafif ve Dayan\u0131kl\u0131 Microlight Taban<\/li>\n<li><b>Topuk Y\u00fcksekli\u011fi:<\/b> T\u00fcm g\u00fcn kullan\u0131m i\u00e7in rahat 1-3 cm<\/li>\n<li><b>Mevcut Boyutlar:<\/b> AB 39, 40, 41, 42, 43, 44, 45<\/li>\n<li><b>Mevcut Renkler:<\/b> Klasik Siyah, Zengin Mavi, S\u0131cak Kahverengi<\/li>\n<li><b>Minimum Sipari\u015f:<\/b> 8 \u00c7ift (toplu bulunabilirlik)<\/li>\n<li><b>Teslimat S\u00fcresi:<\/b> Yakla\u015f\u0131k 12 G\u00fcn + Kargo<\/li>\n<\/ul>","protected":false},"featured_media":3496,"template":"","meta":{"_acf_changed":false,"_uag_custom_page_level_css":"","site-sidebar-layout":"default","site-content-layout":"","ast-site-content-layout":"default","site-content-style":"default","site-sidebar-style":"default","ast-global-header-display":"","ast-banner-title-visibility":"","ast-main-header-display":"","ast-hfb-above-header-display":"","ast-hfb-below-header-display":"","ast-hfb-mobile-header-display":"","site-post-title":"","ast-breadcrumbs-content":"","ast-featured-img":"","footer-sml-layout":"","ast-disable-related-posts":"","theme-transparent-header-meta":"default","adv-header-id-meta":"","stick-header-meta":"","header-above-stick-meta":"","header-main-stick-meta":"","header-below-stick-meta":"","astra-migrate-meta-layouts":"set","ast-page-background-enabled":"default","ast-page-background-meta":{"desktop":{"background-color":"var(--ast-global-color-4)","background-image":"","background-repeat":"repeat","background-position":"center center","background-size":"auto","background-attachment":"scroll","background-type":"","background-media":"","overlay-type":"","overlay-color":"","overlay-opacity":"","overlay-gradient":""},"tablet":{"background-color":"","background-image":"","background-repeat":"repeat","background-position":"center center","background-size":"auto","background-attachment":"scroll","background-type":"","background-media":"","overlay-type":"","overlay-color":"","overlay-opacity":"","overlay-gradient":""},"mobile":{"background-color":"","background-image":"","background-repeat":"repeat","background-position":"center center","background-size":"auto","background-attachment":"scroll","background-type":"","background-media":"","overlay-type":"","overlay-color":"","overlay-opacity":"","overlay-gradient":""}},"ast-content-background-meta":{"desktop":{"background-color":"var(--ast-global-color-5)","background-image":"","background-repeat":"repeat","background-position":"center center","background-size":"auto","background-attachment":"scroll","background-type":"","background-media":"","overlay-type":"","overlay-color":"","overlay-opacity":"","overlay-gradient":""},"tablet":{"background-color":"var(--ast-global-color-5)","background-image":"","background-repeat":"repeat","background-position":"center center","background-size":"auto","background-attachment":"scroll","background-type":"","background-media":"","overlay-type":"","overlay-color":"","overlay-opacity":"","overlay-gradient":""},"mobile":{"background-color":"var(--ast-global-color-5)","background-image":"","background-repeat":"repeat","background-position":"center center","background-size":"auto","background-attachment":"scroll","background-type":"","background-media":"","overlay-type":"","overlay-color":"","overlay-opacity":"","overlay-gradient":""}}},"product_brand":[],"product_cat":[47,430,40],"product_tag":[605,646,654,218,405,202,284,480,251,437,450,227,416,466,204,281,702],"class_list":{"0":"post-5172","1":"product","2":"type-product","3":"status-publish","4":"has-post-thumbnail","6":"product_cat-classic","7":"product_cat-men","8":"product_cat-mens-shoes","9":"product_tag-black-shoes","10":"product_tag-blue-shoes","11":"product_tag-brogue-shoes","12":"product_tag-brown-shoes","13":"product_tag-business-shoes","14":"product_tag-calf-leather","15":"product_tag-dress-shoes","16":"product_tag-elegant-shoes","17":"product_tag-formal-shoes","18":"product_tag-goat-leather","19":"product_tag-handcrafted-shoes","20":"product_tag-leather-shoes","21":"product_tag-luxury-shoes","22":"product_tag-microlight-sole","23":"product_tag-oxford-shoes","24":"product_tag-wholesale-shoes","25":"product_tag-wingtip-shoes","26":"desktop-align-center","27":"tablet-align-center","28":"mobile-align-center","30":"first","31":"instock","32":"shipping-taxable","33":"purchasable","34":"product-type-variable","35":"has-default-attributes"},"acf":[],"uagb_featured_image_src":{"full":["https:\/\/turkishtrade.co\/wp-content\/uploads\/2026\/01\/2400EJOMN00096-METAL-BROWN-X_7200.png",453,250,false],"thumbnail":["https:\/\/turkishtrade.co\/wp-content\/uploads\/2026\/01\/2400EJOMN00096-METAL-BROWN-X_7200-150x150.png",150,150,true],"medium":["https:\/\/turkishtrade.co\/wp-content\/uploads\/2026\/01\/2400EJOMN00096-METAL-BROWN-X_7200-300x166.png",300,166,true],"medium_large":["https:\/\/turkishtrade.co\/wp-content\/uploads\/2026\/01\/2400EJOMN00096-METAL-BROWN-X_7200.png",453,250,false],"large":["https:\/\/turkishtrade.co\/wp-content\/uploads\/2026\/01\/2400EJOMN00096-METAL-BROWN-X_7200.png",453,250,false],"1536x1536":["https:\/\/turkishtrade.co\/wp-content\/uploads\/2026\/01\/2400EJOMN00096-METAL-BROWN-X_7200.png",453,250,false],"2048x2048":["https:\/\/turkishtrade.co\/wp-content\/uploads\/2026\/01\/2400EJOMN00096-METAL-BROWN-X_7200.png",453,250,false],"trp-custom-language-flag":["https:\/\/turkishtrade.co\/wp-content\/uploads\/2026\/01\/2400EJOMN00096-METAL-BROWN-X_7200-18x10.png",18,10,true],"woocommerce_thumbnail":["https:\/\/turkishtrade.co\/wp-content\/uploads\/2026\/01\/2400EJOMN00096-METAL-BROWN-X_7200-400x250.png",400,250,true],"woocommerce_single":["https:\/\/turkishtrade.co\/wp-content\/uploads\/2026\/01\/2400EJOMN00096-METAL-BROWN-X_7200.png",453,250,false],"woocommerce_gallery_thumbnail":["https:\/\/turkishtrade.co\/wp-content\/uploads\/2026\/01\/2400EJOMN00096-METAL-BROWN-X_7200-100x100.png",100,100,true]},"uagb_author_info":{"display_name":"yaser olabi","author_link":"https:\/\/turkishtrade.co\/tr\/author\/"},"uagb_comment_info":0,"uagb_excerpt":"Exterior Material: Exquisite Genuine Calf Leather Interior Lining: Soft and Breathable Genuine Goat Leather Sole Type: Lightweight and Durable Microlight Sole Heel Height: Comfortable 1-3 cm for all-day wear Available Sizes: EU 39, 40, 41, 42, 43, 44, 45 Colors Available: Classic Black, Rich Blue, Warm Brown Minimum Order: 8 Pairs (bulk availability) Delivery Time:&hellip;","_links":{"self":[{"href":"https:\/\/turkishtrade.co\/tr\/wp-json\/wp\/v2\/product\/5172","targetHints":{"allow":["GET"]}}],"collection":[{"href":"https:\/\/turkishtrade.co\/tr\/wp-json\/wp\/v2\/product"}],"about":[{"href":"https:\/\/turkishtrade.co\/tr\/wp-json\/wp\/v2\/types\/product"}],"wp:featuredmedia":[{"embeddable":true,"href":"https:\/\/turkishtrade.co\/tr\/wp-json\/wp\/v2\/media\/3496"}],"wp:attachment":[{"href":"https:\/\/turkishtrade.co\/tr\/wp-json\/wp\/v2\/media?parent=5172"}],"wp:term":[{"taxonomy":"product_brand","embeddable":true,"href":"https:\/\/turkishtrade.co\/tr\/wp-json\/wp\/v2\/product_brand?post=5172"},{"taxonomy":"product_cat","embeddable":true,"href":"https:\/\/turkishtrade.co\/tr\/wp-json\/wp\/v2\/product_cat?post=5172"},{"taxonomy":"product_tag","embeddable":true,"href":"https:\/\/turkishtrade.co\/tr\/wp-json\/wp\/v2\/product_tag?post=5172"}],"curies":[{"name":"wp","href":"https:\/\/api.w.org\/{rel}","templated":true}]}}