{"id":5168,"date":"2026-01-14T11:22:47","date_gmt":"2026-01-14T11:22:47","guid":{"rendered":"https:\/\/turkishtrade.co\/product\/men-s-leather-penny-loafers\/"},"modified":"2026-04-09T19:42:07","modified_gmt":"2026-04-09T19:42:07","slug":"luxury-mens-leather-penny-loafers","status":"publish","type":"product","link":"https:\/\/turkishtrade.co\/tr\/shop\/luxury-mens-leather-penny-loafers\/","title":{"rendered":"Microlight Tabanl\u0131 Erkek Klasik Taba Deri Penny Loafer"},"content":{"rendered":"<p data-rm-block-id=\"block-1\"><strong>Erkek Deri Penny Loafer<\/strong><\/p>\n<p data-rm-block-id=\"block-2\">Ayakkab\u0131 koleksiyonunuzu se\u00e7kin \u00fcr\u00fcnlerimizle geli\u015ftirin <strong style=\"font-weight: bold;\">Erkek Deri Penny Loafer<\/strong>. Hem stil hem de \u00f6ze \u00f6nem veren modern beyefendiler i\u00e7in tasarlanan bu mokasen ayakkab\u0131lar, \u00e7a\u011fda\u015f konforla harmanlanm\u0131\u015f geleneksel i\u015f\u00e7ili\u011fin bir kan\u0131t\u0131d\u0131r. Bu penny mokasenlerin zengin taba rengi ola\u011fan\u00fcst\u00fc bir \u00e7ok y\u00f6nl\u00fcl\u00fck sunarak keskin i\u015f k\u0131yafetlerinden sofistike ak\u0131ll\u0131 g\u00fcndelik topluluklara kadar \u00e7ok \u00e7e\u015fitli k\u0131yafetlerle m\u00fckemmel bir uyum sa\u011flar. Her bir \u00e7ift, yaln\u0131zca kusursuz bir estetik de\u011fil, ayn\u0131 zamanda uzun s\u00fcreli dayan\u0131kl\u0131l\u0131k ve \u00fcst\u00fcn konfor sa\u011flamak i\u00e7in titizlikle \u00fcretilmi\u015ftir.<\/p>\n<h3 data-rm-block-id=\"block-3\">Benzersiz \u0130\u015f\u00e7ilik ve \u00dcst\u00fcn Kaliteli Malzemeler<\/h3>\n<p data-rm-block-id=\"block-4\">Bu istisnai \u00e7al\u0131\u015fmalar\u0131n merkezinde <strong style=\"font-weight: bold;\">Erkek Deri Penny Loafer<\/strong> kaliteye olan sars\u0131lmaz ba\u011fl\u0131l\u0131\u011f\u0131 yatmaktad\u0131r. D\u0131\u015f y\u00fczey, p\u00fcr\u00fczs\u00fcz dokusu, esnekli\u011fi ve zaman i\u00e7inde g\u00fczel bir patina geli\u015ftirme yetene\u011fi ile tan\u0131nan en iyi Dana Derisi'nden \u00fcretilmi\u015ftir. Bu birinci s\u0131n\u0131f deri, mokasenlerinizin yaln\u0131zca l\u00fcks g\u00f6r\u00fcnmesini de\u011fil, ayn\u0131 zamanda g\u00fcnl\u00fck kullan\u0131m\u0131n zorluklar\u0131na dayanacak \u015fekilde \u00fcretilmesini de sa\u011flar. Sa\u011flam d\u0131\u015f y\u00fczeyi tamamlayan, son derece yumu\u015fak ve nefes alabilen Ke\u00e7i Derisi i\u00e7 astar. Bu i\u00e7 malzeme se\u00e7imi, s\u00fcrt\u00fcnmeyi azaltarak ve uzun s\u00fcreler boyunca bile ayaklar\u0131n\u0131z\u0131n nefes almas\u0131n\u0131 sa\u011flayarak benzersiz bir konforu garanti eder.<\/p>\n<p data-rm-block-id=\"block-5\">Bu muhte\u015fem yap\u0131lar\u0131n temeli <strong style=\"font-weight: bold;\">Erkek Deri Penny Loafer<\/strong> Microlight taban\u0131d\u0131r. Bu yenilik\u00e7i taban malzemesi m\u00fckemmel \u015fok emilimi, hafif esneklik ve g\u00fcvenilir tutu\u015f sa\u011flayarak zahmetsiz bir y\u00fcr\u00fcy\u00fc\u015fe katk\u0131da bulunur. \u0130nce ama \u015f\u0131k 1-3 cm topukla e\u015fle\u015ftirilen bu mokasen ayakkab\u0131lar, y\u00fckseklik ve denge aras\u0131nda m\u00fckemmel bir denge sunarak konfordan \u00f6d\u00fcn vermeden duru\u015funuzu iyile\u015ftirir. Kendine \u00f6zg\u00fc eyer kay\u0131\u015f\u0131 ile karakterize edilen klasik penny loafer tasar\u0131m\u0131, modas\u0131 asla ge\u00e7meyen zamans\u0131z bir cazibe katar. \u0130ster kurumsal bir toplant\u0131ya, ister sosyal bir bulu\u015fmaya gidiyor olun, ister d\u0131\u015far\u0131da keyifli bir g\u00fcn ge\u00e7iriyor olun, bu mokasen ayakkab\u0131lar etkilemek i\u00e7in tasarland\u0131.<\/p>\n<p data-rm-block-id=\"block-7\">","protected":false},"excerpt":{"rendered":"<ul>\n<li>Sofistike bir stil i\u00e7in birinci s\u0131n\u0131f dana derisinden el yap\u0131m\u0131 d\u0131\u015f y\u00fczey.<\/li>\n<li>\u00dcst\u00fcn konfor i\u00e7in yumu\u015fak, nefes alabilen Ke\u00e7i Derisi ile astarlanm\u0131\u015ft\u0131r.<\/li>\n<li>T\u00fcm g\u00fcn kullan\u0131m i\u00e7in hafif ve dayan\u0131kl\u0131 Microlight taban ile donat\u0131lm\u0131\u015ft\u0131r.<\/li>\n<li>\u0130nce ve zarif 1-3 cm topuk y\u00fcksekli\u011fine sahiptir.<\/li>\n<li>Kapsaml\u0131 bir beden aral\u0131\u011f\u0131nda mevcuttur: AB 39, 40, 41, 42, 43, 44, 45.<\/li>\n<li>Minimum Sipari\u015f Miktar\u0131: 8 \u00c7ift, toptan ve perakende sat\u0131\u015f i\u00e7in idealdir.<\/li>\n<li>Tahmini Teslim S\u00fcresi: 12 G\u00fcn + Kargo.<\/li>\n<\/ul>","protected":false},"featured_media":3490,"template":"","meta":{"_acf_changed":false,"_uag_custom_page_level_css":"","site-sidebar-layout":"default","site-content-layout":"","ast-site-content-layout":"default","site-content-style":"default","site-sidebar-style":"default","ast-global-header-display":"","ast-banner-title-visibility":"","ast-main-header-display":"","ast-hfb-above-header-display":"","ast-hfb-below-header-display":"","ast-hfb-mobile-header-display":"","site-post-title":"","ast-breadcrumbs-content":"","ast-featured-img":"","footer-sml-layout":"","ast-disable-related-posts":"","theme-transparent-header-meta":"default","adv-header-id-meta":"","stick-header-meta":"","header-above-stick-meta":"","header-main-stick-meta":"","header-below-stick-meta":"","astra-migrate-meta-layouts":"set","ast-page-background-enabled":"default","ast-page-background-meta":{"desktop":{"background-color":"var(--ast-global-color-4)","background-image":"","background-repeat":"repeat","background-position":"center center","background-size":"auto","background-attachment":"scroll","background-type":"","background-media":"","overlay-type":"","overlay-color":"","overlay-opacity":"","overlay-gradient":""},"tablet":{"background-color":"","background-image":"","background-repeat":"repeat","background-position":"center center","background-size":"auto","background-attachment":"scroll","background-type":"","background-media":"","overlay-type":"","overlay-color":"","overlay-opacity":"","overlay-gradient":""},"mobile":{"background-color":"","background-image":"","background-repeat":"repeat","background-position":"center center","background-size":"auto","background-attachment":"scroll","background-type":"","background-media":"","overlay-type":"","overlay-color":"","overlay-opacity":"","overlay-gradient":""}},"ast-content-background-meta":{"desktop":{"background-color":"var(--ast-global-color-5)","background-image":"","background-repeat":"repeat","background-position":"center center","background-size":"auto","background-attachment":"scroll","background-type":"","background-media":"","overlay-type":"","overlay-color":"","overlay-opacity":"","overlay-gradient":""},"tablet":{"background-color":"var(--ast-global-color-5)","background-image":"","background-repeat":"repeat","background-position":"center center","background-size":"auto","background-attachment":"scroll","background-type":"","background-media":"","overlay-type":"","overlay-color":"","overlay-opacity":"","overlay-gradient":""},"mobile":{"background-color":"var(--ast-global-color-5)","background-image":"","background-repeat":"repeat","background-position":"center center","background-size":"auto","background-attachment":"scroll","background-type":"","background-media":"","overlay-type":"","overlay-color":"","overlay-opacity":"","overlay-gradient":""}}},"product_brand":[],"product_cat":[47,430,40],"product_tag":[185,754,352,189,761,215,762,384,324,759,466,279,280,760,456],"class_list":{"0":"post-5168","1":"product","2":"type-product","3":"status-publish","4":"has-post-thumbnail","6":"product_cat-classic","7":"product_cat-men","8":"product_cat-mens-shoes","9":"product_tag-calf-leather-shoes","10":"product_tag-classic-mens-shoes","11":"product_tag-formal-loafers","12":"product_tag-goat-leather-lining","13":"product_tag-handcrafted-loafers","14":"product_tag-leather-loafers","15":"product_tag-loafer-shoes","16":"product_tag-luxury-loafers","17":"product_tag-mens-dress-shoes","18":"product_tag-mens-leather-penny-loafers","19":"product_tag-microlight-sole","20":"product_tag-penny-loafers","21":"product_tag-smart-casual-shoes","22":"product_tag-tan-loafers","23":"product_tag-wholesale-loafers","24":"desktop-align-center","25":"tablet-align-center","26":"mobile-align-center","28":"first","29":"instock","30":"shipping-taxable","31":"purchasable","32":"product-type-variable","33":"has-default-attributes"},"acf":[],"uagb_featured_image_src":{"full":["https:\/\/turkishtrade.co\/wp-content\/uploads\/2026\/01\/2400EJOMN00094-BROWN-Z_871.png",453,250,false],"thumbnail":["https:\/\/turkishtrade.co\/wp-content\/uploads\/2026\/01\/2400EJOMN00094-BROWN-Z_871-150x150.png",150,150,true],"medium":["https:\/\/turkishtrade.co\/wp-content\/uploads\/2026\/01\/2400EJOMN00094-BROWN-Z_871-300x166.png",300,166,true],"medium_large":["https:\/\/turkishtrade.co\/wp-content\/uploads\/2026\/01\/2400EJOMN00094-BROWN-Z_871.png",453,250,false],"large":["https:\/\/turkishtrade.co\/wp-content\/uploads\/2026\/01\/2400EJOMN00094-BROWN-Z_871.png",453,250,false],"1536x1536":["https:\/\/turkishtrade.co\/wp-content\/uploads\/2026\/01\/2400EJOMN00094-BROWN-Z_871.png",453,250,false],"2048x2048":["https:\/\/turkishtrade.co\/wp-content\/uploads\/2026\/01\/2400EJOMN00094-BROWN-Z_871.png",453,250,false],"trp-custom-language-flag":["https:\/\/turkishtrade.co\/wp-content\/uploads\/2026\/01\/2400EJOMN00094-BROWN-Z_871-18x10.png",18,10,true],"woocommerce_thumbnail":["https:\/\/turkishtrade.co\/wp-content\/uploads\/2026\/01\/2400EJOMN00094-BROWN-Z_871-400x250.png",400,250,true],"woocommerce_single":["https:\/\/turkishtrade.co\/wp-content\/uploads\/2026\/01\/2400EJOMN00094-BROWN-Z_871.png",453,250,false],"woocommerce_gallery_thumbnail":["https:\/\/turkishtrade.co\/wp-content\/uploads\/2026\/01\/2400EJOMN00094-BROWN-Z_871-100x100.png",100,100,true]},"uagb_author_info":{"display_name":"yaser olabi","author_link":"https:\/\/turkishtrade.co\/tr\/author\/"},"uagb_comment_info":0,"uagb_excerpt":"Handcrafted from premium Calf Leather exterior for sophisticated style. Lined with soft, breathable Goat Leather for superior comfort. Equipped with a lightweight and durable Microlight sole for all-day wear. Features a subtle and elegant 1-3 cm heel height. Available in a comprehensive size range: EU 39, 40, 41, 42, 43, 44, 45. Minimum Order Quantity:&hellip;","_links":{"self":[{"href":"https:\/\/turkishtrade.co\/tr\/wp-json\/wp\/v2\/product\/5168","targetHints":{"allow":["GET"]}}],"collection":[{"href":"https:\/\/turkishtrade.co\/tr\/wp-json\/wp\/v2\/product"}],"about":[{"href":"https:\/\/turkishtrade.co\/tr\/wp-json\/wp\/v2\/types\/product"}],"wp:featuredmedia":[{"embeddable":true,"href":"https:\/\/turkishtrade.co\/tr\/wp-json\/wp\/v2\/media\/3490"}],"wp:attachment":[{"href":"https:\/\/turkishtrade.co\/tr\/wp-json\/wp\/v2\/media?parent=5168"}],"wp:term":[{"taxonomy":"product_brand","embeddable":true,"href":"https:\/\/turkishtrade.co\/tr\/wp-json\/wp\/v2\/product_brand?post=5168"},{"taxonomy":"product_cat","embeddable":true,"href":"https:\/\/turkishtrade.co\/tr\/wp-json\/wp\/v2\/product_cat?post=5168"},{"taxonomy":"product_tag","embeddable":true,"href":"https:\/\/turkishtrade.co\/tr\/wp-json\/wp\/v2\/product_tag?post=5168"}],"curies":[{"name":"wp","href":"https:\/\/api.w.org\/{rel}","templated":true}]}}