{"id":5163,"date":"2026-01-14T11:22:09","date_gmt":"2026-01-14T11:22:09","guid":{"rendered":"https:\/\/turkishtrade.co\/product\/men-embossed-leather-derby-shoes\/"},"modified":"2026-04-09T19:42:15","modified_gmt":"2026-04-09T19:42:15","slug":"mens-embossed-leather-derby-shoes","status":"publish","type":"product","link":"https:\/\/turkishtrade.co\/tr\/shop\/mens-embossed-leather-derby-shoes\/","title":{"rendered":"Premium Kabartmal\u0131 Dana Derisi Derby Ayakkab\u0131"},"content":{"rendered":"<p><strong>Erkek Kabartmal\u0131 Deri Derby Ayakkab\u0131<\/strong><\/p>\n<p>Premium Kabartmal\u0131 Dana Derisi Derby Ayakkab\u0131lar\u0131m\u0131zla benzersiz bir sofistikeli\u011fe ad\u0131m at\u0131n. Bu ola\u011fan\u00fcst\u00fc <strong>erkek kabartmal\u0131 deri Derby ayakkab\u0131<\/strong> hem zamans\u0131z bir stil hem de kal\u0131c\u0131 bir konfor sunmak i\u00e7in titizlikle \u00fcretilmi\u015ftir, bu da onlar\u0131 her se\u00e7ici beyefendinin gard\u0131robuna vazge\u00e7ilmez bir katk\u0131 haline getirir. Kendine \u00f6zg\u00fc kabartmal\u0131 dana derisi d\u0131\u015f y\u00fczeyi, hemen dikkat \u00e7eken l\u00fcks, dokulu bir y\u00fczey sa\u011flayarak sizi kalabal\u0131ktan ay\u0131r\u0131r.<\/p>\n<p>Kaliteye olan ba\u011fl\u0131l\u0131k, bu ola\u011fan\u00fcst\u00fc ayakkab\u0131lar\u0131n her ayr\u0131nt\u0131s\u0131na kadar uzan\u0131r. \u0130\u00e7 k\u0131s\u0131m, ola\u011fan\u00fcst\u00fc yumu\u015fakl\u0131\u011f\u0131, nefes alabilirli\u011fi ve esnekli\u011fi ile bilinen hakiki ke\u00e7i derisi ile g\u00f6rkemli bir \u015fekilde astarlanm\u0131\u015ft\u0131r. Bu birinci s\u0131n\u0131f i\u00e7 astar, aya\u011f\u0131n\u0131z\u0131n benzersiz hatlar\u0131na nazik\u00e7e uyum sa\u011flayarak uzun s\u00fcreli kullan\u0131mlarda bile rahat bir deneyim sunar. Hafif ancak son derece dayan\u0131kl\u0131 Microlight tabanla e\u015fle\u015ftirilen bu <strong>erkek kabartmal\u0131 deri Derby ayakkab\u0131<\/strong> \u00e7eviklikten \u00f6d\u00fcn vermeden m\u00fckemmel destek ve \u00e7eki\u015f g\u00fcc\u00fc sunar.<\/p>\n<h3>Rakipsiz \u0130\u015f\u00e7ilik ve \u00c7ok Y\u00f6nl\u00fc Stil<\/h3>\n<p>Klasik Derby siluetiyle tasarlanan bu ayakkab\u0131lar, \u015f\u0131k ba\u011fc\u0131kl\u0131 \u00f6n k\u0131sm\u0131 ve 1-3 cm'lik rahat topu\u011fuyla geleneksel \u015f\u0131kl\u0131k ve modern \u00e7ekicilik aras\u0131nda m\u00fckemmel bir denge kuruyor. Hem klasik siyah hem de sofistike kahverengi renkleri bulunan dana derisinin zengin dokusu, resmi veya i\u015f k\u0131yafetlerinize benzersiz bir boyut katar. \u0130ster \u00f6nemli bir toplant\u0131ya, ister \u00f6zel bir etkinli\u011fe gidiyor olun, ister g\u00fcnl\u00fck \u015f\u0131k ve rahat g\u00f6r\u00fcn\u00fcm\u00fcn\u00fcz\u00fc y\u00fckseltmek istiyor olun, bu <strong>erkek kabartmal\u0131 deri Derby ayakkab\u0131<\/strong> ideal se\u00e7imdir.<\/p>\n<p>M\u00fckemmel uyumun \u00f6nemini biliyoruz, bu nedenle bu birinci s\u0131n\u0131f Derby ayakkab\u0131lar 39 ila 45 numara aras\u0131nda kapsaml\u0131 bir Avrupa beden yelpazesinde mevcuttur. Her bir \u00e7ift \u00fcst\u00fcn i\u015f\u00e7ili\u011fi yans\u0131t\u0131r ve uzun s\u00fcre dayanacak ve etkileyecek \u015fekilde \u00fcretilmi\u015f bir \u00fcr\u00fcn alman\u0131z\u0131 sa\u011flar. Perakendeciler veya stok yapmak isteyenler i\u00e7in minimum sipari\u015f miktar\u0131 sadece 8 \u00e7ifttir ve teslimat s\u00fcresi yakla\u015f\u0131k 12 g\u00fcn art\u0131 kargo ile m\u00fc\u015fterilerinize bu se\u00e7kin \u00fcr\u00fcnleri h\u0131zl\u0131 bir \u015fekilde sunabilmenizi sa\u011flar. <strong>erkek kabartmal\u0131 deri Derby ayakkab\u0131<\/strong>. Rafine zevkiniz ve kaliteye olan ba\u011fl\u0131l\u0131\u011f\u0131n\u0131z hakk\u0131nda \u00e7ok \u015fey anlatan bir \u00e7ifte yat\u0131r\u0131m yap\u0131n.<\/p>","protected":false},"excerpt":{"rendered":"<ul>\n<li>Ayr\u0131cal\u0131kl\u0131 bir g\u00f6r\u00fcn\u00fcm i\u00e7in zarif kabartmal\u0131 dana derisi d\u0131\u015f y\u00fczey<\/li>\n<li>\u00dcst\u00fcn konfor i\u00e7in l\u00fcks ke\u00e7i derisi i\u00e7 astar<\/li>\n<li>Hafif ve dayan\u0131kl\u0131 Microlight taban<\/li>\n<li>Daha fazla \u015f\u0131kl\u0131k i\u00e7in ince 1-3 cm topuk y\u00fcksekli\u011fi<\/li>\n<li>Kapsaml\u0131 bir AB beden yelpazesinde mevcuttur: 39-45<\/li>\n<li>Minimum sipari\u015f miktar\u0131: 8 \u00e7ift<\/li>\n<li>Teslimat s\u00fcresi: 12 g\u00fcn art\u0131 nakliye<\/li>\n<\/ul>","protected":false},"featured_media":3488,"template":"","meta":{"_acf_changed":false,"_uag_custom_page_level_css":"","site-sidebar-layout":"default","site-content-layout":"","ast-site-content-layout":"default","site-content-style":"default","site-sidebar-style":"default","ast-global-header-display":"","ast-banner-title-visibility":"","ast-main-header-display":"","ast-hfb-above-header-display":"","ast-hfb-below-header-display":"","ast-hfb-mobile-header-display":"","site-post-title":"","ast-breadcrumbs-content":"","ast-featured-img":"","footer-sml-layout":"","ast-disable-related-posts":"","theme-transparent-header-meta":"default","adv-header-id-meta":"","stick-header-meta":"","header-above-stick-meta":"","header-main-stick-meta":"","header-below-stick-meta":"","astra-migrate-meta-layouts":"set","ast-page-background-enabled":"default","ast-page-background-meta":{"desktop":{"background-color":"var(--ast-global-color-4)","background-image":"","background-repeat":"repeat","background-position":"center center","background-size":"auto","background-attachment":"scroll","background-type":"","background-media":"","overlay-type":"","overlay-color":"","overlay-opacity":"","overlay-gradient":""},"tablet":{"background-color":"","background-image":"","background-repeat":"repeat","background-position":"center center","background-size":"auto","background-attachment":"scroll","background-type":"","background-media":"","overlay-type":"","overlay-color":"","overlay-opacity":"","overlay-gradient":""},"mobile":{"background-color":"","background-image":"","background-repeat":"repeat","background-position":"center center","background-size":"auto","background-attachment":"scroll","background-type":"","background-media":"","overlay-type":"","overlay-color":"","overlay-opacity":"","overlay-gradient":""}},"ast-content-background-meta":{"desktop":{"background-color":"var(--ast-global-color-5)","background-image":"","background-repeat":"repeat","background-position":"center center","background-size":"auto","background-attachment":"scroll","background-type":"","background-media":"","overlay-type":"","overlay-color":"","overlay-opacity":"","overlay-gradient":""},"tablet":{"background-color":"var(--ast-global-color-5)","background-image":"","background-repeat":"repeat","background-position":"center center","background-size":"auto","background-attachment":"scroll","background-type":"","background-media":"","overlay-type":"","overlay-color":"","overlay-opacity":"","overlay-gradient":""},"mobile":{"background-color":"var(--ast-global-color-5)","background-image":"","background-repeat":"repeat","background-position":"center center","background-size":"auto","background-attachment":"scroll","background-type":"","background-media":"","overlay-type":"","overlay-color":"","overlay-opacity":"","overlay-gradient":""}}},"product_brand":[],"product_cat":[47,430,40],"product_tag":[407,613,405,185,754,212,418,251,189,324,753,466,362],"class_list":{"0":"post-5163","1":"product","2":"type-product","3":"status-publish","4":"has-post-thumbnail","6":"product_cat-classic","7":"product_cat-men","8":"product_cat-mens-shoes","9":"product_tag-black-derby-shoes","10":"product_tag-brown-derby-shoes","11":"product_tag-business-shoes","12":"product_tag-calf-leather-shoes","13":"product_tag-classic-mens-shoes","14":"product_tag-derby-shoes","15":"product_tag-embossed-leather","16":"product_tag-formal-shoes","17":"product_tag-goat-leather-lining","18":"product_tag-mens-dress-shoes","19":"product_tag-mens-embossed-leather-derby-shoes","20":"product_tag-microlight-sole","21":"product_tag-premium-footwear","22":"desktop-align-center","23":"tablet-align-center","24":"mobile-align-center","26":"first","27":"instock","28":"shipping-taxable","29":"purchasable","30":"product-type-variable","31":"has-default-attributes"},"acf":[],"uagb_featured_image_src":{"full":["https:\/\/turkishtrade.co\/wp-content\/uploads\/2026\/01\/2400EJOMN00092-BROWN-C_12576.png",453,250,false],"thumbnail":["https:\/\/turkishtrade.co\/wp-content\/uploads\/2026\/01\/2400EJOMN00092-BROWN-C_12576-150x150.png",150,150,true],"medium":["https:\/\/turkishtrade.co\/wp-content\/uploads\/2026\/01\/2400EJOMN00092-BROWN-C_12576-300x166.png",300,166,true],"medium_large":["https:\/\/turkishtrade.co\/wp-content\/uploads\/2026\/01\/2400EJOMN00092-BROWN-C_12576.png",453,250,false],"large":["https:\/\/turkishtrade.co\/wp-content\/uploads\/2026\/01\/2400EJOMN00092-BROWN-C_12576.png",453,250,false],"1536x1536":["https:\/\/turkishtrade.co\/wp-content\/uploads\/2026\/01\/2400EJOMN00092-BROWN-C_12576.png",453,250,false],"2048x2048":["https:\/\/turkishtrade.co\/wp-content\/uploads\/2026\/01\/2400EJOMN00092-BROWN-C_12576.png",453,250,false],"trp-custom-language-flag":["https:\/\/turkishtrade.co\/wp-content\/uploads\/2026\/01\/2400EJOMN00092-BROWN-C_12576-18x10.png",18,10,true],"woocommerce_thumbnail":["https:\/\/turkishtrade.co\/wp-content\/uploads\/2026\/01\/2400EJOMN00092-BROWN-C_12576-400x250.png",400,250,true],"woocommerce_single":["https:\/\/turkishtrade.co\/wp-content\/uploads\/2026\/01\/2400EJOMN00092-BROWN-C_12576.png",453,250,false],"woocommerce_gallery_thumbnail":["https:\/\/turkishtrade.co\/wp-content\/uploads\/2026\/01\/2400EJOMN00092-BROWN-C_12576-100x100.png",100,100,true]},"uagb_author_info":{"display_name":"yaser olabi","author_link":"https:\/\/turkishtrade.co\/tr\/author\/"},"uagb_comment_info":0,"uagb_excerpt":"Exquisite embossed calf leather exterior for a distinctive look Luxurious goat leather interior lining for supreme comfort Lightweight and durable Microlight sole Subtle 1-3cm heel height for added elegance Available in a comprehensive range of EU sizes: 39-45 Minimum order quantity: 8 pairs Delivery time: 12 days plus shipping","_links":{"self":[{"href":"https:\/\/turkishtrade.co\/tr\/wp-json\/wp\/v2\/product\/5163","targetHints":{"allow":["GET"]}}],"collection":[{"href":"https:\/\/turkishtrade.co\/tr\/wp-json\/wp\/v2\/product"}],"about":[{"href":"https:\/\/turkishtrade.co\/tr\/wp-json\/wp\/v2\/types\/product"}],"wp:featuredmedia":[{"embeddable":true,"href":"https:\/\/turkishtrade.co\/tr\/wp-json\/wp\/v2\/media\/3488"}],"wp:attachment":[{"href":"https:\/\/turkishtrade.co\/tr\/wp-json\/wp\/v2\/media?parent=5163"}],"wp:term":[{"taxonomy":"product_brand","embeddable":true,"href":"https:\/\/turkishtrade.co\/tr\/wp-json\/wp\/v2\/product_brand?post=5163"},{"taxonomy":"product_cat","embeddable":true,"href":"https:\/\/turkishtrade.co\/tr\/wp-json\/wp\/v2\/product_cat?post=5163"},{"taxonomy":"product_tag","embeddable":true,"href":"https:\/\/turkishtrade.co\/tr\/wp-json\/wp\/v2\/product_tag?post=5163"}],"curies":[{"name":"wp","href":"https:\/\/api.w.org\/{rel}","templated":true}]}}