{"id":5160,"date":"2026-01-14T11:21:50","date_gmt":"2026-01-14T11:21:50","guid":{"rendered":"https:\/\/turkishtrade.co\/product\/mens-embossed-leather-loafers-2\/"},"modified":"2026-04-09T19:42:21","modified_gmt":"2026-04-09T19:42:21","slug":"mens-embossed-leather-loafers-2","status":"publish","type":"product","link":"https:\/\/turkishtrade.co\/tr\/shop\/mens-embossed-leather-loafers-2\/","title":{"rendered":"Premium Erkek Kabartmal\u0131 Dana Derisi Cap-Toe Loafer'lar"},"content":{"rendered":"<p><strong>Erkek Kabartmal\u0131 Deri Loafer<\/strong><\/p>\n<p>Premium Erkek Kabartmal\u0131 Dana Derisi Cap-Toe Loafer'lar\u0131m\u0131zla zarif bir zarafet ve benzersiz bir konfor d\u00fcnyas\u0131na ad\u0131m at\u0131n. Bu se\u00e7kin <strong>erkek kabartmal\u0131 deri mokasen ayakkab\u0131<\/strong> hem stile hem de \u00f6ze de\u011fer veren se\u00e7ici beyefendiler i\u00e7in titizlikle \u00fcretilmi\u015ftir. \u00dcst\u00fcn i\u015f\u00e7ilikle \u00fcretilen her bir \u00e7ift, sofistike bir gard\u0131robun vazge\u00e7ilmez par\u00e7alar\u0131d\u0131r.<\/p>\n<p>Bizim <strong>erkek kabartmal\u0131 deri mokasen ayakkab\u0131<\/strong> y\u00fcksek kaliteli dana derisinden \u00fcretilen d\u0131\u015f y\u00fczeyi, l\u00fcks\u00fc yans\u0131tan benzersiz, g\u00f6z al\u0131c\u0131 kabartmal\u0131 bir desene sahiptir. Bu zarif doku, klasik burun tasar\u0131m\u0131yla birle\u015fti\u011finde, g\u00f6steri\u015fli olmadan \u00f6ne \u00e7\u0131kan g\u00f6rsel olarak \u00e7arp\u0131c\u0131 bir ayakkab\u0131 yarat\u0131r. Burun k\u0131sm\u0131ndaki detaylar geleneksel zarafete bir dokunu\u015f katarak modern esteti\u011fi zamans\u0131z bir \u00e7ekicilikle m\u00fckemmel bir \u015fekilde harmanl\u0131yor. Zengin Lacivert ve klasik Kahverengi renkleri bulunan bu mokasen ayakkab\u0131lar, i\u015f k\u0131yafetlerinden \u015f\u0131k g\u00fcndelik tak\u0131mlara kadar \u00e7ok \u00e7e\u015fitli k\u0131yafetleri tamamlamak i\u00e7in \u00e7ok y\u00f6nl\u00fcl\u00fck sunar.<\/p>\n<h3>Her Ad\u0131mda Rakipsiz Konfor ve Kalite<\/h3>\n<p>\u00c7arp\u0131c\u0131 g\u00f6r\u00fcn\u00fcmlerinin \u00f6tesinde, konfor bizim i\u00e7in her \u015feyden \u00f6nemlidir <strong>erkek kabartmal\u0131 deri mokasen ayakkab\u0131<\/strong>. \u0130\u00e7 k\u0131sm\u0131 inan\u0131lmaz yumu\u015fakl\u0131\u011f\u0131, nefes alabilirli\u011fi ve dayan\u0131kl\u0131l\u0131\u011f\u0131 ile tan\u0131nan esnek ke\u00e7i derisi ile astarlanm\u0131\u015ft\u0131r. Bu l\u00fcks astar aya\u011fa ola\u011fan\u00fcst\u00fc bir his vererek ofiste, resmi bir etkinlikte ya da d\u0131\u015far\u0131da keyifli bir ak\u015fam ge\u00e7irirken g\u00fcn boyu rahatl\u0131k sa\u011flar. Rahat 1-3 cm \u00f6l\u00e7\u00fclerindeki al\u00e7ak blok topuk, kendinden emin bir ad\u0131m i\u00e7in do\u011fru miktarda y\u00fckselti sunarken, Microlight taban hafif esneklik ve m\u00fckemmel tutu\u015f sa\u011flar.<\/p>\n<p>M\u00fckemmel uyumun \u00f6nemini biliyoruz, i\u015fte bu y\u00fczden bu birinci s\u0131n\u0131f <strong>erkek kabartmal\u0131 deri mokasen ayakkab\u0131<\/strong> 39'dan 45'e kadar kapsaml\u0131 bir beden aral\u0131\u011f\u0131nda mevcuttur. Her bir \u00e7ift, zaman i\u00e7inde aya\u011f\u0131n\u0131za tam olarak oturan, rahat ve konforlu bir uyum sa\u011flamak i\u00e7in hassasiyetle \u00fcretilmi\u015ftir. Bunlar sadece ayakkab\u0131 de\u011fil; kaliteye, konfora ve kal\u0131c\u0131 stile yap\u0131lan bir yat\u0131r\u0131md\u0131r.<\/p>\n<h3>Toptan ve Toplu Sipari\u015fler i\u00e7in \u0130deal<\/h3>\n<p>M\u00fc\u015fterilerine ola\u011fan\u00fcst\u00fc ayakkab\u0131lar sunmak isteyen i\u015fletmeler i\u00e7in <strong>erkek kabartmal\u0131 deri mokasen ayakkab\u0131<\/strong> ola\u011fan\u00fcst\u00fc bir f\u0131rsat sunuyor. Minimum sipari\u015f miktar\u0131 sadece 8 \u00e7ift olan bu birinci s\u0131n\u0131f ayakkab\u0131lar butikler, moda perakendecileri ve toptan da\u011f\u0131t\u0131mc\u0131lar i\u00e7in m\u00fckemmel bir se\u00e7imdir. Zaman\u0131nda teslimat konusunda kendimizle gurur duyuyoruz; sipari\u015fler genellikle 12 g\u00fcn art\u0131 standart kargo ge\u00e7i\u015f s\u00fcresi i\u00e7inde i\u015flenir ve g\u00f6nderilir. M\u00fc\u015fterilerinize bu ince i\u015f\u00e7ili\u011fin l\u00fcks\u00fcn\u00fc ve ayr\u0131cal\u0131\u011f\u0131n\u0131 sunun <strong>erkek kabartmal\u0131 deri mokasen ayakkab\u0131<\/strong> ve envanterinizi y\u00fckseltin.<\/p>\n<p>Kalite ve stil hakk\u0131nda \u00e7ok \u015fey anlatan ayakkab\u0131lara yat\u0131r\u0131m yap\u0131n. Her ad\u0131mda benzersiz bir sofistike dokunu\u015f i\u00e7in Premium Erkek Kabartmal\u0131 Dana Derisi Cap-Toe Loafer'lar\u0131m\u0131z\u0131 se\u00e7in. Bu <strong>erkek kabartmal\u0131 deri mokasen ayakkab\u0131<\/strong> ger\u00e7ekten iyi ayakkab\u0131c\u0131l\u0131\u011f\u0131n bir kan\u0131t\u0131d\u0131r.<\/p>","protected":false},"excerpt":{"rendered":"<ul>\n<li>Kendine \u00f6zg\u00fc bir d\u0131\u015f y\u00fczey i\u00e7in zarif kabartmal\u0131 dana derisinden \u00fcretilmi\u015ftir.<\/li>\n<li>L\u00fcks ke\u00e7i derisi astar \u00fcst\u00fcn konfor ve nefes alabilirlik sa\u011flar.<\/li>\n<li>\u0130nce brogue detaylar\u0131na sahip zarif bir burun tasar\u0131m\u0131na sahiptir.<\/li>\n<li>Dayan\u0131kl\u0131, hafif Microlight taban ve rahat 1-3 cm al\u00e7ak blok topuk ile donat\u0131lm\u0131\u015ft\u0131r.<\/li>\n<li>M\u00fckemmel bir uyum i\u00e7in 39 ila 45 aras\u0131nda kapsaml\u0131 bir beden aral\u0131\u011f\u0131nda mevcuttur.<\/li>\n<li>Farkl\u0131 tarzlara uymas\u0131 i\u00e7in sofistike Lacivert ve klasik Kahverengi renklerde sunulmaktad\u0131r.<\/li>\n<li>Minimum 8 \u00e7ift sipari\u015f, toptan sat\u0131\u015f, butikler ve b\u00fcy\u00fck \u00f6l\u00e7ekli perakendeciler i\u00e7in idealdir.<\/li>\n<\/ul>","protected":false},"featured_media":3486,"template":"","meta":{"_acf_changed":false,"_uag_custom_page_level_css":"","site-sidebar-layout":"default","site-content-layout":"","ast-site-content-layout":"default","site-content-style":"default","site-sidebar-style":"default","ast-global-header-display":"","ast-banner-title-visibility":"","ast-main-header-display":"","ast-hfb-above-header-display":"","ast-hfb-below-header-display":"","ast-hfb-mobile-header-display":"","site-post-title":"","ast-breadcrumbs-content":"","ast-featured-img":"","footer-sml-layout":"","ast-disable-related-posts":"","theme-transparent-header-meta":"default","adv-header-id-meta":"","stick-header-meta":"","header-above-stick-meta":"","header-main-stick-meta":"","header-below-stick-meta":"","astra-migrate-meta-layouts":"set","ast-page-background-enabled":"default","ast-page-background-meta":{"desktop":{"background-color":"var(--ast-global-color-4)","background-image":"","background-repeat":"repeat","background-position":"center center","background-size":"auto","background-attachment":"scroll","background-type":"","background-media":"","overlay-type":"","overlay-color":"","overlay-opacity":"","overlay-gradient":""},"tablet":{"background-color":"","background-image":"","background-repeat":"repeat","background-position":"center center","background-size":"auto","background-attachment":"scroll","background-type":"","background-media":"","overlay-type":"","overlay-color":"","overlay-opacity":"","overlay-gradient":""},"mobile":{"background-color":"","background-image":"","background-repeat":"repeat","background-position":"center center","background-size":"auto","background-attachment":"scroll","background-type":"","background-media":"","overlay-type":"","overlay-color":"","overlay-opacity":"","overlay-gradient":""}},"ast-content-background-meta":{"desktop":{"background-color":"var(--ast-global-color-5)","background-image":"","background-repeat":"repeat","background-position":"center center","background-size":"auto","background-attachment":"scroll","background-type":"","background-media":"","overlay-type":"","overlay-color":"","overlay-opacity":"","overlay-gradient":""},"tablet":{"background-color":"var(--ast-global-color-5)","background-image":"","background-repeat":"repeat","background-position":"center center","background-size":"auto","background-attachment":"scroll","background-type":"","background-media":"","overlay-type":"","overlay-color":"","overlay-opacity":"","overlay-gradient":""},"mobile":{"background-color":"var(--ast-global-color-5)","background-image":"","background-repeat":"repeat","background-position":"center center","background-size":"auto","background-attachment":"scroll","background-type":"","background-media":"","overlay-type":"","overlay-color":"","overlay-opacity":"","overlay-gradient":""}}},"product_brand":[],"product_cat":[47,430,40],"product_tag":[147,202,720,284,750,251,189,227,217,198,186,466,557,374,709,184,280,281],"class_list":{"0":"post-5160","1":"product","2":"type-product","3":"status-publish","4":"has-post-thumbnail","6":"product_cat-classic","7":"product_cat-men","8":"product_cat-mens-shoes","9":"product_tag-brown-loafers","10":"product_tag-calf-leather","11":"product_tag-cap-toe-loafers","12":"product_tag-dress-shoes","13":"product_tag-embossed-leather-shoes","14":"product_tag-formal-shoes","15":"product_tag-goat-leather-lining","16":"product_tag-leather-shoes","17":"product_tag-luxury-footwear","18":"product_tag-mens-fashion","19":"product_tag-mens-loafers","20":"product_tag-microlight-sole","21":"product_tag-navy-loafers","22":"product_tag-premium-loafers","23":"product_tag-quality-footwear","24":"product_tag-slip-on-shoes","25":"product_tag-smart-casual-shoes","26":"product_tag-wholesale-shoes","27":"desktop-align-center","28":"tablet-align-center","29":"mobile-align-center","31":"first","32":"instock","33":"shipping-taxable","34":"purchasable","35":"product-type-variable","36":"has-default-attributes"},"acf":[],"uagb_featured_image_src":{"full":["https:\/\/turkishtrade.co\/wp-content\/uploads\/2026\/01\/2400EJOMN00091-CAMEL-C_51.png",453,250,false],"thumbnail":["https:\/\/turkishtrade.co\/wp-content\/uploads\/2026\/01\/2400EJOMN00091-CAMEL-C_51-150x150.png",150,150,true],"medium":["https:\/\/turkishtrade.co\/wp-content\/uploads\/2026\/01\/2400EJOMN00091-CAMEL-C_51-300x166.png",300,166,true],"medium_large":["https:\/\/turkishtrade.co\/wp-content\/uploads\/2026\/01\/2400EJOMN00091-CAMEL-C_51.png",453,250,false],"large":["https:\/\/turkishtrade.co\/wp-content\/uploads\/2026\/01\/2400EJOMN00091-CAMEL-C_51.png",453,250,false],"1536x1536":["https:\/\/turkishtrade.co\/wp-content\/uploads\/2026\/01\/2400EJOMN00091-CAMEL-C_51.png",453,250,false],"2048x2048":["https:\/\/turkishtrade.co\/wp-content\/uploads\/2026\/01\/2400EJOMN00091-CAMEL-C_51.png",453,250,false],"trp-custom-language-flag":["https:\/\/turkishtrade.co\/wp-content\/uploads\/2026\/01\/2400EJOMN00091-CAMEL-C_51-18x10.png",18,10,true],"woocommerce_thumbnail":["https:\/\/turkishtrade.co\/wp-content\/uploads\/2026\/01\/2400EJOMN00091-CAMEL-C_51-400x250.png",400,250,true],"woocommerce_single":["https:\/\/turkishtrade.co\/wp-content\/uploads\/2026\/01\/2400EJOMN00091-CAMEL-C_51.png",453,250,false],"woocommerce_gallery_thumbnail":["https:\/\/turkishtrade.co\/wp-content\/uploads\/2026\/01\/2400EJOMN00091-CAMEL-C_51-100x100.png",100,100,true]},"uagb_author_info":{"display_name":"yaser olabi","author_link":"https:\/\/turkishtrade.co\/tr\/author\/"},"uagb_comment_info":0,"uagb_excerpt":"Crafted from exquisite embossed calf leather for a distinctive outer finish. Luxurious goat leather lining ensures superior comfort and breathability. Features an elegant cap-toe design with subtle brogue detailing. Equipped with a durable, lightweight Microlight sole and a comfortable 1-3 cm low block heel. Available in a comprehensive size range from 39 to 45 for&hellip;","_links":{"self":[{"href":"https:\/\/turkishtrade.co\/tr\/wp-json\/wp\/v2\/product\/5160","targetHints":{"allow":["GET"]}}],"collection":[{"href":"https:\/\/turkishtrade.co\/tr\/wp-json\/wp\/v2\/product"}],"about":[{"href":"https:\/\/turkishtrade.co\/tr\/wp-json\/wp\/v2\/types\/product"}],"wp:featuredmedia":[{"embeddable":true,"href":"https:\/\/turkishtrade.co\/tr\/wp-json\/wp\/v2\/media\/3486"}],"wp:attachment":[{"href":"https:\/\/turkishtrade.co\/tr\/wp-json\/wp\/v2\/media?parent=5160"}],"wp:term":[{"taxonomy":"product_brand","embeddable":true,"href":"https:\/\/turkishtrade.co\/tr\/wp-json\/wp\/v2\/product_brand?post=5160"},{"taxonomy":"product_cat","embeddable":true,"href":"https:\/\/turkishtrade.co\/tr\/wp-json\/wp\/v2\/product_cat?post=5160"},{"taxonomy":"product_tag","embeddable":true,"href":"https:\/\/turkishtrade.co\/tr\/wp-json\/wp\/v2\/product_tag?post=5160"}],"curies":[{"name":"wp","href":"https:\/\/api.w.org\/{rel}","templated":true}]}}