{"id":5156,"date":"2026-01-14T11:21:28","date_gmt":"2026-01-14T11:21:28","guid":{"rendered":"https:\/\/turkishtrade.co\/product\/men-leather-slip-on-shoes\/"},"modified":"2026-04-09T19:42:30","modified_gmt":"2026-04-09T19:42:30","slug":"mens-leather-slip-on-shoes-formal-footwear","status":"publish","type":"product","link":"https:\/\/turkishtrade.co\/tr\/shop\/mens-leather-slip-on-shoes-formal-footwear\/","title":{"rendered":"Zarif Erkek Dana Derisi Slip-On Elbise Ayakkab\u0131s\u0131"},"content":{"rendered":"<p><strong>Erkek Deri Slip-On Ayakkab\u0131<\/strong><\/p>\n<p>Enfes koleksiyonumuzla benzersiz bir sofistikeli\u011fe ad\u0131m at\u0131n <strong>Erkek Deri Slip-On Ayakkab\u0131<\/strong>. Se\u00e7kin beyefendiler i\u00e7in titizlikle tasarlanan bu ayakkab\u0131lar, klasik stili modern konforla harmanlayarak her t\u00fcrl\u00fc profesyonel veya resmi gard\u0131robun vazge\u00e7ilmez bir par\u00e7as\u0131 haline geliyor. En iyi malzemeler ve detaylara g\u00f6sterilen \u00f6zenle \u00fcretilen her bir \u00e7ift, k\u0131yafetinizi ve \u00f6zg\u00fcveninizi y\u00fckseltmeyi vaat ediyor.<\/p>\n<h3>Rakipsiz Kalite ve \u0130\u015f\u00e7ilik<\/h3>\n<p>Bu ola\u011fan\u00fcst\u00fc binan\u0131n d\u0131\u015f cephesi <strong>Erkek Deri Slip-On Ayakkab\u0131<\/strong> p\u00fcr\u00fczs\u00fcz dokusu, esnekli\u011fi ve zarif parlakl\u0131\u011f\u0131 ile tan\u0131nan birinci s\u0131n\u0131f dana derisinden \u00fcretilmi\u015ftir. Bu y\u00fcksek kaliteli deri sadece se\u00e7kin bir g\u00f6r\u00fcn\u00fcm sa\u011flamakla kalmaz, ayn\u0131 zamanda aya\u011f\u0131n\u0131z\u0131n hatlar\u0131na zaman i\u00e7inde g\u00fczel bir \u015fekilde uyum sa\u011flayarak uzun \u00f6m\u00fcrl\u00fc kullan\u0131m sa\u011flar. Sa\u011flam d\u0131\u015f y\u00fczeyi tamamlayan i\u00e7 k\u0131s\u0131m, \u00fcst\u00fcn nefes alabilirlik ve cilde kar\u015f\u0131 l\u00fcks bir his sunan yumu\u015fak ke\u00e7i derisiyle g\u00f6rkemli bir \u015fekilde astarlanm\u0131\u015ft\u0131r. Bu kombinasyon, uzun s\u00fcreli kullan\u0131mlarda bile maksimum konforu garanti eder.<\/p>\n<h3>Konfor ve Stil i\u00e7in Tasarland\u0131<\/h3>\n<p>Hem stili hem de pratikli\u011fi takdir edenler i\u00e7in m\u00fckemmel olan kullan\u0131\u015fl\u0131 slip-on tasar\u0131m\u0131yla zahmetsiz \u015f\u0131kl\u0131\u011f\u0131 deneyimleyin. \u0130nce delikli detaylarla s\u00fcslenmi\u015f sofistike bir burna sahip olan ayakkab\u0131, \u00e7a\u011fda\u015f \u00e7ekicili\u011finden \u00f6d\u00fcn vermeden klasik bir cazibe kat\u0131yor. Mikro hafif taban ile tasarlanan bu <strong>Erkek Deri Slip-On Ayakkab\u0131<\/strong> ola\u011fan\u00fcst\u00fc hafiflik ve esneklik sa\u011flayarak ister \u015fehir sokaklar\u0131nda geziniyor ister \u00f6nemli bir toplant\u0131ya kat\u0131l\u0131yor olun rahat bir ad\u0131m atman\u0131z\u0131 sa\u011flar. 1-3 cm'lik m\u00fctevaz\u0131 topuk y\u00fcksekli\u011fi, ince bir y\u00fckselti katar ve her t\u00fcrl\u00fc resmi veya \u015f\u0131k g\u00fcndelik durum i\u00e7in uygun olan zarif bir profil sa\u011flar.<\/p>\n<h3>Gard\u0131robunuzda \u00c7ok Y\u00f6nl\u00fcl\u00fck<\/h3>\n<p>Klasik siyah, zengin kahverengi ve koyu maviden olu\u015fan \u00e7ok y\u00f6nl\u00fc bir palette sunulan bu slip-on ayakkab\u0131lar, \u00e7ok \u00e7e\u015fitli k\u0131yafetleri tamamlamak i\u00e7in tasarlanm\u0131\u015ft\u0131r. Keskin i\u015f tak\u0131mlar\u0131ndan zarif gece k\u0131yafetlerine ve hatta \u015f\u0131k g\u00fcndelik topluluklara kadar m\u00fckemmel bir ayakkab\u0131 se\u00e7imidir. EU 39 ile 45 aras\u0131ndaki geni\u015f numara aral\u0131\u011f\u0131, her beyefendi i\u00e7in m\u00fckemmel bir uyum sa\u011flayarak duru\u015f ve g\u00fcvenle y\u00fcr\u00fcmenizi sa\u011flar. Bu temel deri slip-on ayakkab\u0131lar ile miras tasar\u0131m ve yenilik\u00e7i konforun ideal kar\u0131\u015f\u0131m\u0131n\u0131 ke\u015ffedin.<\/p>\n<h3>Toptan Bulunabilirlik ve G\u00fcvenilir Teslimat<\/h3>\n<p>Y\u00fcksek kaliteli resmi ayakkab\u0131 arayan i\u015fletmeler i\u00e7in bu zarif erkek deri slip-on ayakkab\u0131lar, minimum 8 \u00e7ift sipari\u015fle toptan sat\u0131n al\u0131nabilir. Tahmini teslim s\u00fcresi 12 g\u00fcn art\u0131 nakliye olan verimli hizmetimizle gurur duyuyoruz. M\u00fc\u015fterilerinize kal\u0131c\u0131 stil ve ola\u011fan\u00fcst\u00fc i\u015f\u00e7ili\u011fi temsil eden birinci s\u0131n\u0131f ayakkab\u0131lar sunmak i\u00e7in bizimle i\u015f ortakl\u0131\u011f\u0131 yap\u0131n.<\/p>","protected":false},"excerpt":{"rendered":"<ul>\n<li>\u00dcst\u00fcn dayan\u0131kl\u0131l\u0131k ve y\u00fczey i\u00e7in Premium Dana Derisi Saya<\/li>\n<li>Ola\u011fan\u00fcst\u00fc konfor ve nefes alabilirlik sa\u011flayan l\u00fcks ke\u00e7i derisi astar<\/li>\n<li>T\u00fcm g\u00fcn giyilebilirlik ve esneklik i\u00e7in hafif Microlight Taban<\/li>\n<li>Zarif bir duru\u015f i\u00e7in ince 1-3 cm Topuk Y\u00fcksekli\u011fi<\/li>\n<li>Zarif delikli detaylara sahip sofistike Cap Toe<\/li>\n<li>Klasik Siyah, Zengin Kahverengi ve Derin Mavi renkleri mevcuttur<\/li>\n<li>Kapsaml\u0131 Beden Aral\u0131\u011f\u0131: AB 39, 40, 41, 42, 43, 44, 45<\/li>\n<li>Minimum Sipari\u015f: 8 \u00c7ift (toptan sat\u0131\u015f fiyat\u0131 mevcuttur)<\/li>\n<li>Teslimat S\u00fcresi: Yakla\u015f\u0131k 12 G\u00fcn + Kargo<\/li>\n<\/ul>","protected":false},"featured_media":3484,"template":"","meta":{"_acf_changed":false,"_uag_custom_page_level_css":"","site-sidebar-layout":"default","site-content-layout":"","ast-site-content-layout":"default","site-content-style":"default","site-sidebar-style":"default","ast-global-header-display":"","ast-banner-title-visibility":"","ast-main-header-display":"","ast-hfb-above-header-display":"","ast-hfb-below-header-display":"","ast-hfb-mobile-header-display":"","site-post-title":"","ast-breadcrumbs-content":"","ast-featured-img":"","footer-sml-layout":"","ast-disable-related-posts":"","theme-transparent-header-meta":"default","adv-header-id-meta":"","stick-header-meta":"","header-above-stick-meta":"","header-main-stick-meta":"","header-below-stick-meta":"","astra-migrate-meta-layouts":"set","ast-page-background-enabled":"default","ast-page-background-meta":{"desktop":{"background-color":"var(--ast-global-color-4)","background-image":"","background-repeat":"repeat","background-position":"center center","background-size":"auto","background-attachment":"scroll","background-type":"","background-media":"","overlay-type":"","overlay-color":"","overlay-opacity":"","overlay-gradient":""},"tablet":{"background-color":"","background-image":"","background-repeat":"repeat","background-position":"center center","background-size":"auto","background-attachment":"scroll","background-type":"","background-media":"","overlay-type":"","overlay-color":"","overlay-opacity":"","overlay-gradient":""},"mobile":{"background-color":"","background-image":"","background-repeat":"repeat","background-position":"center center","background-size":"auto","background-attachment":"scroll","background-type":"","background-media":"","overlay-type":"","overlay-color":"","overlay-opacity":"","overlay-gradient":""}},"ast-content-background-meta":{"desktop":{"background-color":"var(--ast-global-color-5)","background-image":"","background-repeat":"repeat","background-position":"center center","background-size":"auto","background-attachment":"scroll","background-type":"","background-media":"","overlay-type":"","overlay-color":"","overlay-opacity":"","overlay-gradient":""},"tablet":{"background-color":"var(--ast-global-color-5)","background-image":"","background-repeat":"repeat","background-position":"center center","background-size":"auto","background-attachment":"scroll","background-type":"","background-media":"","overlay-type":"","overlay-color":"","overlay-opacity":"","overlay-gradient":""},"mobile":{"background-color":"var(--ast-global-color-5)","background-image":"","background-repeat":"repeat","background-position":"center center","background-size":"auto","background-attachment":"scroll","background-type":"","background-media":"","overlay-type":"","overlay-color":"","overlay-opacity":"","overlay-gradient":""}}},"product_brand":[],"product_cat":[47,430,40],"product_tag":[405,185,458,551,454,251,189,746,324,198,466,747,281],"class_list":{"0":"post-5156","1":"product","2":"type-product","3":"status-publish","4":"has-post-thumbnail","6":"product_cat-classic","7":"product_cat-men","8":"product_cat-mens-shoes","9":"product_tag-business-shoes","10":"product_tag-calf-leather-shoes","11":"product_tag-cap-toe-shoes","12":"product_tag-classic-style","13":"product_tag-elegant-footwear","14":"product_tag-formal-shoes","15":"product_tag-goat-leather-lining","16":"product_tag-leather-slip-ons","17":"product_tag-mens-dress-shoes","18":"product_tag-mens-fashion","19":"product_tag-microlight-sole","20":"product_tag-perforated-detail","21":"product_tag-wholesale-shoes","22":"desktop-align-center","23":"tablet-align-center","24":"mobile-align-center","26":"first","27":"instock","28":"shipping-taxable","29":"purchasable","30":"product-type-variable","31":"has-default-attributes"},"acf":[],"uagb_featured_image_src":{"full":["https:\/\/turkishtrade.co\/wp-content\/uploads\/2026\/01\/2400EJOMN00090-DARK-BLUE-X_870.png",453,250,false],"thumbnail":["https:\/\/turkishtrade.co\/wp-content\/uploads\/2026\/01\/2400EJOMN00090-DARK-BLUE-X_870-150x150.png",150,150,true],"medium":["https:\/\/turkishtrade.co\/wp-content\/uploads\/2026\/01\/2400EJOMN00090-DARK-BLUE-X_870-300x166.png",300,166,true],"medium_large":["https:\/\/turkishtrade.co\/wp-content\/uploads\/2026\/01\/2400EJOMN00090-DARK-BLUE-X_870.png",453,250,false],"large":["https:\/\/turkishtrade.co\/wp-content\/uploads\/2026\/01\/2400EJOMN00090-DARK-BLUE-X_870.png",453,250,false],"1536x1536":["https:\/\/turkishtrade.co\/wp-content\/uploads\/2026\/01\/2400EJOMN00090-DARK-BLUE-X_870.png",453,250,false],"2048x2048":["https:\/\/turkishtrade.co\/wp-content\/uploads\/2026\/01\/2400EJOMN00090-DARK-BLUE-X_870.png",453,250,false],"trp-custom-language-flag":["https:\/\/turkishtrade.co\/wp-content\/uploads\/2026\/01\/2400EJOMN00090-DARK-BLUE-X_870-18x10.png",18,10,true],"woocommerce_thumbnail":["https:\/\/turkishtrade.co\/wp-content\/uploads\/2026\/01\/2400EJOMN00090-DARK-BLUE-X_870-400x250.png",400,250,true],"woocommerce_single":["https:\/\/turkishtrade.co\/wp-content\/uploads\/2026\/01\/2400EJOMN00090-DARK-BLUE-X_870.png",453,250,false],"woocommerce_gallery_thumbnail":["https:\/\/turkishtrade.co\/wp-content\/uploads\/2026\/01\/2400EJOMN00090-DARK-BLUE-X_870-100x100.png",100,100,true]},"uagb_author_info":{"display_name":"yaser olabi","author_link":"https:\/\/turkishtrade.co\/tr\/author\/"},"uagb_comment_info":0,"uagb_excerpt":"Premium Calf Leather Upper for superior durability and finish Luxurious Goat Leather Lining ensuring exceptional comfort and breathability Lightweight Microlight Sole for all-day wearability and flexibility Subtle 1-3 cm Heel Height for a refined posture Sophisticated Cap Toe with delicate perforated details Available in Classic Black, Rich Brown, and Deep Blue Comprehensive Size Range: EU&hellip;","_links":{"self":[{"href":"https:\/\/turkishtrade.co\/tr\/wp-json\/wp\/v2\/product\/5156","targetHints":{"allow":["GET"]}}],"collection":[{"href":"https:\/\/turkishtrade.co\/tr\/wp-json\/wp\/v2\/product"}],"about":[{"href":"https:\/\/turkishtrade.co\/tr\/wp-json\/wp\/v2\/types\/product"}],"wp:featuredmedia":[{"embeddable":true,"href":"https:\/\/turkishtrade.co\/tr\/wp-json\/wp\/v2\/media\/3484"}],"wp:attachment":[{"href":"https:\/\/turkishtrade.co\/tr\/wp-json\/wp\/v2\/media?parent=5156"}],"wp:term":[{"taxonomy":"product_brand","embeddable":true,"href":"https:\/\/turkishtrade.co\/tr\/wp-json\/wp\/v2\/product_brand?post=5156"},{"taxonomy":"product_cat","embeddable":true,"href":"https:\/\/turkishtrade.co\/tr\/wp-json\/wp\/v2\/product_cat?post=5156"},{"taxonomy":"product_tag","embeddable":true,"href":"https:\/\/turkishtrade.co\/tr\/wp-json\/wp\/v2\/product_tag?post=5156"}],"curies":[{"name":"wp","href":"https:\/\/api.w.org\/{rel}","templated":true}]}}