{"id":5150,"date":"2026-01-14T11:20:48","date_gmt":"2026-01-14T11:20:48","guid":{"rendered":"https:\/\/turkishtrade.co\/product\/mens-patterned-leather-derby-shoes\/"},"modified":"2026-04-09T19:42:41","modified_gmt":"2026-04-09T19:42:41","slug":"mens-patterned-leather-derby-shoes","status":"publish","type":"product","link":"https:\/\/turkishtrade.co\/tr\/shop\/mens-patterned-leather-derby-shoes\/","title":{"rendered":"Premium Erkek Desenli Dana Derisi Derby Ayakkab\u0131"},"content":{"rendered":"<p><strong>Erkek Desenli Deri Derby Ayakkab\u0131<\/strong><\/p>\n<p>Ayakkab\u0131 koleksiyonunuzu se\u00e7kin \u00fcr\u00fcnlerimizle geli\u015ftirin <b>erkek desenli deri Derby ayakkab\u0131<\/b>, hem stile hem de \u00f6ze de\u011fer veren se\u00e7ici beyefendiler i\u00e7in tasarlanm\u0131\u015ft\u0131r. Bu birinci s\u0131n\u0131f Derby ayakkab\u0131lar, \u00fcst\u00fcn i\u015f\u00e7ilik ve sofistike tasar\u0131m\u0131n bir kan\u0131t\u0131d\u0131r ve geleneksel zarafet ile \u00e7a\u011fda\u015f yetene\u011fin benzersiz bir kar\u0131\u015f\u0131m\u0131n\u0131 sunar. \u0130ster \u00f6nemli bir i\u015f toplant\u0131s\u0131na, ister resmi bir etkinli\u011fe, ister \u015f\u0131k ve g\u00fcndelik bir gezintiye haz\u0131rlan\u0131yor olun, bu ayakkab\u0131lar kal\u0131c\u0131 bir izlenim b\u0131rakmak i\u00e7in tasarland\u0131.<\/p>\n<p>Bu l\u00fcks \u00fcr\u00fcnlerin her bir \u00e7ifti <b>erkek desenli deri Derby ayakkab\u0131<\/b> en iyi malzemelerden titizlikle el yap\u0131m\u0131 olarak \u00fcretilmi\u015ftir. D\u0131\u015f y\u00fczeyi, dayan\u0131kl\u0131l\u0131\u011f\u0131, p\u00fcr\u00fczs\u00fcz y\u00fczeyi ve g\u00fczel bir \u015fekilde eskime kabiliyetiyle bilinen y\u00fcksek kaliteli dana derisine sahiptir. Bu ayakkab\u0131y\u0131 di\u011ferlerinden ay\u0131ran en \u00f6nemli \u00f6zellik, s\u0131radan bir elbise ayakkab\u0131s\u0131n\u0131n \u00f6tesine ta\u015f\u0131yan ilgi \u00e7ekici bir g\u00f6rsel unsur ekleyen, vampir k\u0131sm\u0131ndaki kendine \u00f6zg\u00fc desenli dokudur. \u0130\u00e7 k\u0131sm\u0131 yumu\u015fak, esnek ke\u00e7i derisiyle astarlanm\u0131\u015ft\u0131r ve her ad\u0131mda benzersiz bir rahatl\u0131k sa\u011flayarak ayaklar\u0131n\u0131z\u0131n nefes almas\u0131na izin verir ve g\u00fcn boyunca rahat, l\u00fcks bir uyum sa\u011flar. Diki\u015f ve yap\u0131daki detaylara g\u00f6sterilen \u00f6zen, ola\u011fan\u00fcst\u00fc kalitede ve uzun \u00f6m\u00fcrl\u00fc bir \u00fcr\u00fcn\u00fc garanti eder.<\/p>\n<p>Konfor her \u015feyden \u00f6nemlidir, bu y\u00fczden bu <b>erkek desenli deri Derby ayakkab\u0131<\/b> hafif Microlight tabana sahiptir. Bu yenilik\u00e7i taban teknolojisi m\u00fckemmel yast\u0131klama ve esneklik sa\u011flayarak uzun s\u00fcreli kullan\u0131mdan sonra bile yorgunlu\u011fu azalt\u0131r. M\u00fckemmel \u015fekilde dengelenmi\u015f 1-3 cm topuk ile birle\u015fti\u011finde, bu ayakkab\u0131lar stilden \u00f6d\u00fcn vermeden optimum duru\u015f deste\u011fi sunar. Klasik Derby ba\u011fc\u0131k sistemi, \u00e7e\u015fitli ayak \u015fekilleri i\u00e7in rahat ve ayarlanabilir bir uyum sa\u011flarken, zarif silueti onlar\u0131 inan\u0131lmaz derecede \u00e7ok y\u00f6nl\u00fc hale getirir. EU 39'dan 45'e kadar kapsaml\u0131 bir beden yelpazesinde mevcut oldu\u011fundan, m\u00fckemmel uyumunuzu bulmak hi\u00e7 bu kadar kolay olmam\u0131\u015ft\u0131.<\/p>\n<h3>Her Durum i\u00e7in \u00c7ok Y\u00f6nl\u00fc Stil<\/h3>\n<p>Bu desenli Derby ayakkab\u0131lar bir ayakkab\u0131dan \u00e7ok daha fazlas\u0131d\u0131r; ki\u015fisel tarz\u0131n\u0131za yapt\u0131\u011f\u0131n\u0131z bir yat\u0131r\u0131md\u0131r. \u00c7ok y\u00f6nl\u00fc tasar\u0131mlar\u0131, onlar\u0131 say\u0131s\u0131z durum i\u00e7in uygun hale getirir. Resmi bir etkinlik i\u00e7in keskin bir tak\u0131m elbise, smart-casual bir g\u00f6r\u00fcn\u00fcm i\u00e7in chino pantolon ve blazer ceket, hatta y\u00fcksek bir hafta sonu toplulu\u011fu i\u00e7in koyu kot pantolon ile e\u015fle\u015ftirin. Benzersiz desen, kesinlikle dikkatleri \u00fczerine \u00e7ekecek bir bireysellik ve sofistike bir dokunu\u015f kat\u0131yor. Sadece zamans\u0131z bir stil de\u011fil, ayn\u0131 zamanda kal\u0131c\u0131 konfor ve ola\u011fan\u00fcst\u00fc kalite sunan bir \u00e7ifte yat\u0131r\u0131m yap\u0131n.<\/p>\n<h3>Perakendeciler i\u00e7in Toptan Sat\u0131\u015f F\u0131rsat\u0131<\/h3>\n<p>Y\u00fcksek kaliteli, farkl\u0131 ayakkab\u0131lar arayan perakendeciler ve i\u015fletmeler i\u00e7in <b>erkek desenli deri Derby ayakkab\u0131<\/b> toptan sipari\u015fler i\u00e7in mevcuttur. Minimum sipari\u015f miktar\u0131n\u0131n sadece 8 \u00e7ift olmas\u0131n\u0131 istiyoruz, bu da bu pop\u00fcler stili stoklamay\u0131 kolayla\u015ft\u0131r\u0131yor. Sadece \u00e7ift ba\u015f\u0131na rekabet\u00e7i toptan sat\u0131\u015f fiyat\u0131 ile bu ayakkab\u0131lar, birinci s\u0131n\u0131f malzemeleri ve uzman i\u015f\u00e7ili\u011fi i\u00e7in m\u00fckemmel bir de\u011fer sunar. Sipari\u015flerin 12 g\u00fcn i\u00e7inde sevkiyata haz\u0131r olmas\u0131 ve standart nakliye s\u00fcresi ile h\u0131zl\u0131 ve verimli bir s\u00fcre\u00e7 sa\u011fl\u0131yoruz. M\u00fc\u015fterilerinize l\u00fcks, konfor ve benzersiz tasar\u0131m\u0131 bir araya getiren ayakkab\u0131lar sunmak i\u00e7in bizimle i\u015f ortakl\u0131\u011f\u0131 yap\u0131n.<\/p>","protected":false},"excerpt":{"rendered":"<ul>\n<li>Birinci s\u0131n\u0131f Dana Derisi d\u0131\u015f y\u00fczey ve yumu\u015fak Ke\u00e7i Derisi i\u00e7 k\u0131s\u0131mdan el yap\u0131m\u0131 olarak \u00fcretilmi\u015ftir.<\/li>\n<li>Benzersiz sofistike bir g\u00f6r\u00fcn\u00fcm i\u00e7in farkl\u0131 desenli bir tasar\u0131ma sahiptir.<\/li>\n<li>Optimum duru\u015f i\u00e7in ince 1-3 cm topuklu rahat Microlight taban.<\/li>\n<li>Geni\u015f bir beden yelpazesinde mevcuttur: AB 39-45.<\/li>\n<li>Toplu sipari\u015fler kabul edilir: Minimum sipari\u015f miktar\u0131 8 \u00e7ifttir.<\/li>\n<li>Toptan sat\u0131\u015f fiyat\u0131: Bu zarif ayakkab\u0131lar i\u00e7in sadece \u00e7ift ba\u015f\u0131na.<\/li>\n<li>G\u00fcvenilir teslimat: Sipari\u015finiz 12 g\u00fcn i\u00e7inde g\u00f6nderilecektir, art\u0131 nakliye s\u00fcresi.<\/li>\n<\/ul>","protected":false},"featured_media":3479,"template":"","meta":{"_acf_changed":false,"_uag_custom_page_level_css":"","site-sidebar-layout":"default","site-content-layout":"","ast-site-content-layout":"default","site-content-style":"default","site-sidebar-style":"default","ast-global-header-display":"","ast-banner-title-visibility":"","ast-main-header-display":"","ast-hfb-above-header-display":"","ast-hfb-below-header-display":"","ast-hfb-mobile-header-display":"","site-post-title":"","ast-breadcrumbs-content":"","ast-featured-img":"","footer-sml-layout":"","ast-disable-related-posts":"","theme-transparent-header-meta":"default","adv-header-id-meta":"","stick-header-meta":"","header-above-stick-meta":"","header-main-stick-meta":"","header-below-stick-meta":"","astra-migrate-meta-layouts":"set","ast-page-background-enabled":"default","ast-page-background-meta":{"desktop":{"background-color":"var(--ast-global-color-4)","background-image":"","background-repeat":"repeat","background-position":"center center","background-size":"auto","background-attachment":"scroll","background-type":"","background-media":"","overlay-type":"","overlay-color":"","overlay-opacity":"","overlay-gradient":""},"tablet":{"background-color":"","background-image":"","background-repeat":"repeat","background-position":"center center","background-size":"auto","background-attachment":"scroll","background-type":"","background-media":"","overlay-type":"","overlay-color":"","overlay-opacity":"","overlay-gradient":""},"mobile":{"background-color":"","background-image":"","background-repeat":"repeat","background-position":"center center","background-size":"auto","background-attachment":"scroll","background-type":"","background-media":"","overlay-type":"","overlay-color":"","overlay-opacity":"","overlay-gradient":""}},"ast-content-background-meta":{"desktop":{"background-color":"var(--ast-global-color-5)","background-image":"","background-repeat":"repeat","background-position":"center center","background-size":"auto","background-attachment":"scroll","background-type":"","background-media":"","overlay-type":"","overlay-color":"","overlay-opacity":"","overlay-gradient":""},"tablet":{"background-color":"var(--ast-global-color-5)","background-image":"","background-repeat":"repeat","background-position":"center center","background-size":"auto","background-attachment":"scroll","background-type":"","background-media":"","overlay-type":"","overlay-color":"","overlay-opacity":"","overlay-gradient":""},"mobile":{"background-color":"var(--ast-global-color-5)","background-image":"","background-repeat":"repeat","background-position":"center center","background-size":"auto","background-attachment":"scroll","background-type":"","background-media":"","overlay-type":"","overlay-color":"","overlay-opacity":"","overlay-gradient":""}}},"product_brand":[],"product_cat":[47,430,40],"product_tag":[218,202,212,284,251,437,219,227,198,466,425,362,210,743,281],"class_list":{"0":"post-5150","1":"product","2":"type-product","3":"status-publish","4":"has-post-thumbnail","6":"product_cat-classic","7":"product_cat-men","8":"product_cat-mens-shoes","9":"product_tag-brown-shoes","10":"product_tag-calf-leather","11":"product_tag-derby-shoes","12":"product_tag-dress-shoes","13":"product_tag-formal-shoes","14":"product_tag-goat-leather","15":"product_tag-handmade-shoes","16":"product_tag-leather-shoes","17":"product_tag-mens-fashion","18":"product_tag-microlight-sole","19":"product_tag-patterned-shoes","20":"product_tag-premium-footwear","21":"product_tag-smart-casual","22":"product_tag-unique-design","23":"product_tag-wholesale-shoes","24":"desktop-align-center","25":"tablet-align-center","26":"mobile-align-center","28":"first","29":"instock","30":"shipping-taxable","31":"purchasable","32":"product-type-variable","33":"has-default-attributes"},"acf":[],"uagb_featured_image_src":{"full":["https:\/\/turkishtrade.co\/wp-content\/uploads\/2026\/01\/2400EJOMN00088-DARK-BROWN-Y_6590.png",453,250,false],"thumbnail":["https:\/\/turkishtrade.co\/wp-content\/uploads\/2026\/01\/2400EJOMN00088-DARK-BROWN-Y_6590-150x150.png",150,150,true],"medium":["https:\/\/turkishtrade.co\/wp-content\/uploads\/2026\/01\/2400EJOMN00088-DARK-BROWN-Y_6590-300x166.png",300,166,true],"medium_large":["https:\/\/turkishtrade.co\/wp-content\/uploads\/2026\/01\/2400EJOMN00088-DARK-BROWN-Y_6590.png",453,250,false],"large":["https:\/\/turkishtrade.co\/wp-content\/uploads\/2026\/01\/2400EJOMN00088-DARK-BROWN-Y_6590.png",453,250,false],"1536x1536":["https:\/\/turkishtrade.co\/wp-content\/uploads\/2026\/01\/2400EJOMN00088-DARK-BROWN-Y_6590.png",453,250,false],"2048x2048":["https:\/\/turkishtrade.co\/wp-content\/uploads\/2026\/01\/2400EJOMN00088-DARK-BROWN-Y_6590.png",453,250,false],"trp-custom-language-flag":["https:\/\/turkishtrade.co\/wp-content\/uploads\/2026\/01\/2400EJOMN00088-DARK-BROWN-Y_6590-18x10.png",18,10,true],"woocommerce_thumbnail":["https:\/\/turkishtrade.co\/wp-content\/uploads\/2026\/01\/2400EJOMN00088-DARK-BROWN-Y_6590-400x250.png",400,250,true],"woocommerce_single":["https:\/\/turkishtrade.co\/wp-content\/uploads\/2026\/01\/2400EJOMN00088-DARK-BROWN-Y_6590.png",453,250,false],"woocommerce_gallery_thumbnail":["https:\/\/turkishtrade.co\/wp-content\/uploads\/2026\/01\/2400EJOMN00088-DARK-BROWN-Y_6590-100x100.png",100,100,true]},"uagb_author_info":{"display_name":"yaser olabi","author_link":"https:\/\/turkishtrade.co\/tr\/author\/"},"uagb_comment_info":0,"uagb_excerpt":"Handcrafted from premium Calf Leather exterior and soft Goat Leather interior. Features a distinctive patterned design for a unique sophisticated look. Comfortable Microlight sole with a subtle 1-3 cm heel for optimal posture. Available in a wide range of sizes: EU 39-45. Bulk orders welcome: Minimum order quantity of 8 pairs. Wholesale pricing: Only per&hellip;","_links":{"self":[{"href":"https:\/\/turkishtrade.co\/tr\/wp-json\/wp\/v2\/product\/5150","targetHints":{"allow":["GET"]}}],"collection":[{"href":"https:\/\/turkishtrade.co\/tr\/wp-json\/wp\/v2\/product"}],"about":[{"href":"https:\/\/turkishtrade.co\/tr\/wp-json\/wp\/v2\/types\/product"}],"wp:featuredmedia":[{"embeddable":true,"href":"https:\/\/turkishtrade.co\/tr\/wp-json\/wp\/v2\/media\/3479"}],"wp:attachment":[{"href":"https:\/\/turkishtrade.co\/tr\/wp-json\/wp\/v2\/media?parent=5150"}],"wp:term":[{"taxonomy":"product_brand","embeddable":true,"href":"https:\/\/turkishtrade.co\/tr\/wp-json\/wp\/v2\/product_brand?post=5150"},{"taxonomy":"product_cat","embeddable":true,"href":"https:\/\/turkishtrade.co\/tr\/wp-json\/wp\/v2\/product_cat?post=5150"},{"taxonomy":"product_tag","embeddable":true,"href":"https:\/\/turkishtrade.co\/tr\/wp-json\/wp\/v2\/product_tag?post=5150"}],"curies":[{"name":"wp","href":"https:\/\/api.w.org\/{rel}","templated":true}]}}