{"id":5147,"date":"2026-01-14T11:20:29","date_gmt":"2026-01-14T11:20:29","guid":{"rendered":"https:\/\/turkishtrade.co\/product\/men-s-leather-loafers\/"},"modified":"2026-04-09T19:42:47","modified_gmt":"2026-04-09T19:42:47","slug":"premium-dress-shoes-mens-leather-loafers","status":"publish","type":"product","link":"https:\/\/turkishtrade.co\/tr\/shop\/premium-dress-shoes-mens-leather-loafers\/","title":{"rendered":"Microlight Tabanl\u0131 L\u00fcks Dana ve Ke\u00e7i Derisi Erkek Loafer"},"content":{"rendered":"<p><strong>Erkek Deri Loaferlar<\/strong><\/p>\n<p>Enfes tasar\u0131m\u0131m\u0131zla benzersiz bir sofistike ve konforlu ortama ad\u0131m at\u0131n <b>Erkek Deri Loaferlar<\/b>. Se\u00e7kin beyefendiler i\u00e7in tasarlanan bu l\u00fcks slip-on ayakkab\u0131lar, \u00fcst\u00fcn i\u015f\u00e7ili\u011fin ve zamans\u0131z stilin bir kan\u0131t\u0131d\u0131r. \u0130ster bir i\u015f toplant\u0131s\u0131na, ister resmi bir etkinli\u011fe gidiyor olun, ister sadece \u015f\u0131k ve g\u00fcndelik bir gezintinin tad\u0131n\u0131 \u00e7\u0131kar\u0131n, bu birinci s\u0131n\u0131f <b>erkek deri\u0307 mokasen<\/b> g\u00f6r\u00fcn\u00fcm\u00fcn\u00fcz\u00fc zahmetsizce y\u00fckseltecektir.<\/p>\n<p>Bu zarif \u00e7iftlerin her biri <b>erkek deri\u0307 mokasen<\/b> yaln\u0131zca en iyi malzemeler kullan\u0131larak titizlikle \u00fcretilmi\u015ftir. D\u0131\u015f y\u00fczeyi, dayan\u0131kl\u0131l\u0131\u011f\u0131 ve l\u00fcks hissiyle tan\u0131nan esnek, y\u00fcksek kaliteli dana derisinden \u00fcretilirken, i\u00e7 k\u0131sm\u0131 cildinize kar\u015f\u0131 maksimum nefes alabilirlik ve rahatl\u0131k sa\u011flayan yumu\u015fak ke\u00e7i derisiyle astarlanm\u0131\u015ft\u0131r. Birinci s\u0131n\u0131f derilerin bu kombinasyonu, zaman i\u00e7inde aya\u011f\u0131n\u0131za eldiven gibi oturan bir uyum sa\u011flar.<\/p>\n<h3>Rakipsiz Konfor ve Tasar\u0131m<\/h3>\n<p>Konfor bizim i\u00e7in her \u015feyden \u00f6nemlidir <b>Erkek Deri Loaferlar<\/b>. Ola\u011fan\u00fcst\u00fc hafiflik ve esneklik sa\u011flamak \u00fczere tasarlanan son teknoloji \u00fcr\u00fcn\u00fc Microlight tabana sahiptir ve uzun saatler giyildikten sonra bile ayak yorgunlu\u011funu azalt\u0131r. \u0130nce 1-3 cm topuk, denge veya konfordan \u00f6d\u00fcn vermeden zarif bir dokunu\u015f katar. D\u00fc\u015f\u00fcnceli tasar\u0131m ayr\u0131ca, bu ola\u011fan\u00fcst\u00fc ayakkab\u0131lara ay\u0131rt edici bir zarafet dokunu\u015fu ekleyerek, vampir \u00fczerinde hassas dokulu deri detaylar i\u00e7erir. <b>erkek deri\u0307 mokasen<\/b>. AB 39'dan 45'e kadar geni\u015f bir beden yelpazesinde mevcut olan bu mokasen ayakkab\u0131lar m\u00fckemmel uyum sa\u011flayacak \u015fekilde tasarlanm\u0131\u015ft\u0131r.<\/p>\n<h3>Her Durum i\u00e7in \u00c7ok Y\u00f6nl\u00fc Stil<\/h3>\n<p>Bizim <b>Erkek Deri Loaferlar<\/b> inan\u0131lmaz derecede \u00e7ok y\u00f6nl\u00fcd\u00fcr, bu da onlar\u0131 her modern gard\u0131robun olmazsa olmaz\u0131 haline getirir. Her k\u0131yafeti tamamlamak i\u00e7in siyah\u0131n klasik derinli\u011fi veya kahverenginin zengin s\u0131cakl\u0131\u011f\u0131 aras\u0131nda se\u00e7im yap\u0131n. Bu slip-on elbise ayakkab\u0131lar\u0131, profesyonel ortamlardan hafta sonu sofistike ortamlara sorunsuz bir \u015fekilde ge\u00e7i\u015f yaparak stil ve konforun ger\u00e7ekten de el ele gidebilece\u011fini kan\u0131tl\u0131yor. Y\u00fcksek kaliteli ayakkab\u0131 stoklamak isteyen i\u015fletmeler i\u00e7in bu <b>erkek deri\u0307 mokasen<\/b> minimum 8 \u00e7ift sipari\u015fle temin edilebilir, m\u00fckemmel de\u011fer ve g\u00fcvenilirlik sa\u011flar. Teslimat genellikle 12 g\u00fcn art\u0131 nakliye i\u00e7inde ger\u00e7ekle\u015fir ve envanterinizi planlaman\u0131z\u0131 kolayla\u015ft\u0131r\u0131r.<\/p>\n<p>Bir \u00e7ift l\u00fcks \u00fcr\u00fcn\u00fcm\u00fcze yat\u0131r\u0131m yap\u0131n <b>Erkek Deri Loaferlar<\/b> bug\u00fcn al\u0131n ve stil, kalite ve konforun m\u00fckemmel birle\u015fimini deneyimleyin. Bunlar sadece ayakkab\u0131 de\u011fil; kal\u0131c\u0131 bir zarafetin ifadesidir.<\/p>","protected":false},"excerpt":{"rendered":"<ul>\n<li><b>Premium Malzemeler:<\/b> Yumu\u015fak ke\u00e7i derisi i\u00e7 k\u0131s\u0131mla birle\u015ftirilmi\u015f zarif dana derisi d\u0131\u015f y\u00fczey.<\/li>\n<li><b>\u00dcst\u00fcn Konfor:<\/b> T\u00fcm g\u00fcn kullan\u0131m i\u00e7in hafif Microlight taban ve al\u00e7ak topuk (1-3 cm).<\/li>\n<li><b>\u00c7ok Y\u00f6nl\u00fc Stil:<\/b> Resmi, i\u015f veya \u015f\u0131k g\u00fcndelik durumlar i\u00e7in m\u00fckemmeldir.<\/li>\n<li><b>Mevcut Boyutlar:<\/b> AB 39'dan 45'e kadar geni\u015f bir aral\u0131k.<\/li>\n<li><b>Toplu Bulunabilirlik:<\/b> Minimum 8 \u00e7ift sipari\u015f. 12 g\u00fcn i\u00e7inde teslimat + nakliye.<\/li>\n<\/ul>","protected":false},"featured_media":3477,"template":"","meta":{"_acf_changed":false,"_uag_custom_page_level_css":"","site-sidebar-layout":"default","site-content-layout":"","ast-site-content-layout":"default","site-content-style":"default","site-sidebar-style":"default","ast-global-header-display":"","ast-banner-title-visibility":"","ast-main-header-display":"","ast-hfb-above-header-display":"","ast-hfb-below-header-display":"","ast-hfb-mobile-header-display":"","site-post-title":"","ast-breadcrumbs-content":"","ast-featured-img":"","footer-sml-layout":"","ast-disable-related-posts":"","theme-transparent-header-meta":"default","adv-header-id-meta":"","stick-header-meta":"","header-above-stick-meta":"","header-main-stick-meta":"","header-below-stick-meta":"","astra-migrate-meta-layouts":"set","ast-page-background-enabled":"default","ast-page-background-meta":{"desktop":{"background-color":"var(--ast-global-color-4)","background-image":"","background-repeat":"repeat","background-position":"center center","background-size":"auto","background-attachment":"scroll","background-type":"","background-media":"","overlay-type":"","overlay-color":"","overlay-opacity":"","overlay-gradient":""},"tablet":{"background-color":"","background-image":"","background-repeat":"repeat","background-position":"center center","background-size":"auto","background-attachment":"scroll","background-type":"","background-media":"","overlay-type":"","overlay-color":"","overlay-opacity":"","overlay-gradient":""},"mobile":{"background-color":"","background-image":"","background-repeat":"repeat","background-position":"center center","background-size":"auto","background-attachment":"scroll","background-type":"","background-media":"","overlay-type":"","overlay-color":"","overlay-opacity":"","overlay-gradient":""}},"ast-content-background-meta":{"desktop":{"background-color":"var(--ast-global-color-5)","background-image":"","background-repeat":"repeat","background-position":"center center","background-size":"auto","background-attachment":"scroll","background-type":"","background-media":"","overlay-type":"","overlay-color":"","overlay-opacity":"","overlay-gradient":""},"tablet":{"background-color":"var(--ast-global-color-5)","background-image":"","background-repeat":"repeat","background-position":"center center","background-size":"auto","background-attachment":"scroll","background-type":"","background-media":"","overlay-type":"","overlay-color":"","overlay-opacity":"","overlay-gradient":""},"mobile":{"background-color":"var(--ast-global-color-5)","background-image":"","background-repeat":"repeat","background-position":"center center","background-size":"auto","background-attachment":"scroll","background-type":"","background-media":"","overlay-type":"","overlay-color":"","overlay-opacity":"","overlay-gradient":""}}},"product_brand":[],"product_cat":[47,430,40],"product_tag":[370,147,185,220,284,480,189,215,416,198,186,466,362,184,281],"class_list":{"0":"post-5147","1":"product","2":"type-product","3":"status-publish","4":"has-post-thumbnail","6":"product_cat-classic","7":"product_cat-men","8":"product_cat-mens-shoes","9":"product_tag-black-loafers","10":"product_tag-brown-loafers","11":"product_tag-calf-leather-shoes","12":"product_tag-comfortable-loafers","13":"product_tag-dress-shoes","14":"product_tag-elegant-shoes","15":"product_tag-goat-leather-lining","16":"product_tag-leather-loafers","17":"product_tag-luxury-shoes","18":"product_tag-mens-fashion","19":"product_tag-mens-loafers","20":"product_tag-microlight-sole","21":"product_tag-premium-footwear","22":"product_tag-slip-on-shoes","23":"product_tag-wholesale-shoes","24":"desktop-align-center","25":"tablet-align-center","26":"mobile-align-center","28":"first","29":"instock","30":"shipping-taxable","31":"purchasable","32":"product-type-variable","33":"has-default-attributes"},"acf":[],"uagb_featured_image_src":{"full":["https:\/\/turkishtrade.co\/wp-content\/uploads\/2026\/01\/2400EJOMN00087-BROWN-DKS_872_1.png",453,250,false],"thumbnail":["https:\/\/turkishtrade.co\/wp-content\/uploads\/2026\/01\/2400EJOMN00087-BROWN-DKS_872_1-150x150.png",150,150,true],"medium":["https:\/\/turkishtrade.co\/wp-content\/uploads\/2026\/01\/2400EJOMN00087-BROWN-DKS_872_1-300x166.png",300,166,true],"medium_large":["https:\/\/turkishtrade.co\/wp-content\/uploads\/2026\/01\/2400EJOMN00087-BROWN-DKS_872_1.png",453,250,false],"large":["https:\/\/turkishtrade.co\/wp-content\/uploads\/2026\/01\/2400EJOMN00087-BROWN-DKS_872_1.png",453,250,false],"1536x1536":["https:\/\/turkishtrade.co\/wp-content\/uploads\/2026\/01\/2400EJOMN00087-BROWN-DKS_872_1.png",453,250,false],"2048x2048":["https:\/\/turkishtrade.co\/wp-content\/uploads\/2026\/01\/2400EJOMN00087-BROWN-DKS_872_1.png",453,250,false],"trp-custom-language-flag":["https:\/\/turkishtrade.co\/wp-content\/uploads\/2026\/01\/2400EJOMN00087-BROWN-DKS_872_1-18x10.png",18,10,true],"woocommerce_thumbnail":["https:\/\/turkishtrade.co\/wp-content\/uploads\/2026\/01\/2400EJOMN00087-BROWN-DKS_872_1-400x250.png",400,250,true],"woocommerce_single":["https:\/\/turkishtrade.co\/wp-content\/uploads\/2026\/01\/2400EJOMN00087-BROWN-DKS_872_1.png",453,250,false],"woocommerce_gallery_thumbnail":["https:\/\/turkishtrade.co\/wp-content\/uploads\/2026\/01\/2400EJOMN00087-BROWN-DKS_872_1-100x100.png",100,100,true]},"uagb_author_info":{"display_name":"yaser olabi","author_link":"https:\/\/turkishtrade.co\/tr\/author\/"},"uagb_comment_info":0,"uagb_excerpt":"Premium Materials: Exquisite calf leather exterior combined with a soft goat leather interior. Ultimate Comfort: Lightweight Microlight sole and a low heel (1-3 cm) for all-day wear. Versatile Style: Perfect for formal, business, or smart casual occasions. Available Sizes: Extensive range from EU 39 to 45. Bulk Availability: Minimum order of 8 pairs. Delivery within&hellip;","_links":{"self":[{"href":"https:\/\/turkishtrade.co\/tr\/wp-json\/wp\/v2\/product\/5147","targetHints":{"allow":["GET"]}}],"collection":[{"href":"https:\/\/turkishtrade.co\/tr\/wp-json\/wp\/v2\/product"}],"about":[{"href":"https:\/\/turkishtrade.co\/tr\/wp-json\/wp\/v2\/types\/product"}],"wp:featuredmedia":[{"embeddable":true,"href":"https:\/\/turkishtrade.co\/tr\/wp-json\/wp\/v2\/media\/3477"}],"wp:attachment":[{"href":"https:\/\/turkishtrade.co\/tr\/wp-json\/wp\/v2\/media?parent=5147"}],"wp:term":[{"taxonomy":"product_brand","embeddable":true,"href":"https:\/\/turkishtrade.co\/tr\/wp-json\/wp\/v2\/product_brand?post=5147"},{"taxonomy":"product_cat","embeddable":true,"href":"https:\/\/turkishtrade.co\/tr\/wp-json\/wp\/v2\/product_cat?post=5147"},{"taxonomy":"product_tag","embeddable":true,"href":"https:\/\/turkishtrade.co\/tr\/wp-json\/wp\/v2\/product_tag?post=5147"}],"curies":[{"name":"wp","href":"https:\/\/api.w.org\/{rel}","templated":true}]}}