{"id":5138,"date":"2026-01-14T11:19:14","date_gmt":"2026-01-14T11:19:14","guid":{"rendered":"https:\/\/turkishtrade.co\/product\/mens-black-leather-loafers-2\/"},"modified":"2026-04-09T19:43:02","modified_gmt":"2026-04-09T19:43:02","slug":"mens-black-leather-loafers-2","status":"publish","type":"product","link":"https:\/\/turkishtrade.co\/tr\/shop\/mens-black-leather-loafers-2\/","title":{"rendered":"L\u00fcks Erkek Siyah Dana Derisi Loafer'lar"},"content":{"rendered":"<p><strong>Erkek Siyah Deri Loafer<\/strong><\/p>\n<p>Enfes \u00fcr\u00fcnlerimizle benzersiz bir sofistike d\u00fcnyaya ad\u0131m at\u0131n <b>Erkek Siyah Deri Loafer<\/b>. Se\u00e7kin beyefendiler i\u00e7in tasarlanan bu l\u00fcks slip-on ayakkab\u0131lar, zamans\u0131z \u015f\u0131kl\u0131\u011f\u0131 \u00e7a\u011fda\u015f tarzla m\u00fckemmel bir \u015fekilde harmanl\u0131yor. Her bir \u00e7ift, \u00fcst\u00fcn i\u015f\u00e7ili\u011fin bir kan\u0131t\u0131d\u0131r ve herhangi bir resmi etkinlikte veya i\u015f toplant\u0131s\u0131nda kal\u0131c\u0131 bir izlenim b\u0131rakman\u0131z\u0131 sa\u011flayarak onlar\u0131 \u015f\u0131kl\u0131k i\u00e7in nihai se\u00e7im haline getirir. <b>Erkek Siyah Deri Loafer<\/b>.<\/p>\n<h3>Rakipsiz \u0130\u015f\u00e7ilik ve Birinci S\u0131n\u0131f Malzemeler<\/h3>\n<p>En iyi malzemelerden \u00fcretilen bu \u00e7arp\u0131c\u0131 d\u0131\u015f y\u00fczey <b>Erkek Siyah Deri Loafer<\/b> \u015f\u0131k y\u00fczeyi ve ola\u011fan\u00fcst\u00fc dayan\u0131kl\u0131l\u0131\u011f\u0131yla tan\u0131nan birinci s\u0131n\u0131f dana derisine sahiptir. Ay\u0131rt edici tasar\u0131m, ince dokulu ana g\u00f6vdeyle g\u00fczel bir kontrast olu\u015fturan, g\u00f6rsel bir ilgi ve modern bir yetenek katman\u0131 ekleyen cilal\u0131 bir rugan burun sergiliyor. Zevkli bir metalik amblem, bu loafer'lar\u0131 di\u011ferlerinden ay\u0131ran zarif bir l\u00fcks dokunu\u015fu sa\u011flayarak vampiri s\u00fcsl\u00fcyor. \u0130\u00e7 k\u0131s\u0131mda ayaklar\u0131n\u0131z, yumu\u015fakl\u0131\u011f\u0131 ve nefes alabilirli\u011fi ile bilinen hakiki ke\u00e7i derisi astar\u0131n pel\u00fc\u015f konforunu ya\u015fayacak ve rahats\u0131zl\u0131k duymadan uzun s\u00fcre kullan\u0131m sa\u011flayacakt\u0131r. Bu l\u00fcks <b>Erkek Siyah Deri Loafer<\/b> ger\u00e7ekten her iki d\u00fcnyan\u0131n da en iyisini sunuyor.<\/p>\n<h3>Microlight Taban ile \u00dcst\u00fcn Konfor<\/h3>\n<p>Bu muhte\u015fem yap\u0131lar\u0131n temeli <b>Erkek Siyah Deri Loafer<\/b> son teknoloji \u00fcr\u00fcn\u00fc Microlight taband\u0131r. Bu yenilik\u00e7i taban malzemesi inan\u0131lmaz hafiflik ve esneklik sunarak her ad\u0131m\u0131n yast\u0131kl\u0131 ve zahmetsiz olmas\u0131n\u0131 sa\u011flar. 1-3 cm'lik m\u00fctevaz\u0131 bir topukla e\u015fle\u015ftirilen bu mokasen ayakkab\u0131lar, zarif bir siluet i\u00e7in do\u011fru miktarda kald\u0131rma sa\u011flarken, g\u00fcn boyunca denge ve konforu korur. \u0130ster kurumsal koridorlarda geziniyor ister \u00f6zel bir davete kat\u0131l\u0131yor olun, bu ola\u011fan\u00fcst\u00fc <b>Erkek Siyah Deri Loafer<\/b> hem performans hem de g\u00f6steri\u015f i\u00e7in tasarlanm\u0131\u015ft\u0131r.<\/p>\n<h3>Modern Beyefendiler i\u00e7in \u00c7ok Y\u00f6nl\u00fc Stil<\/h3>\n<p>Her ikisine de sahip olmak varken neden stilden veya konfordan \u00f6d\u00fcn veresiniz ki? Bunlar <b>Erkek Siyah Deri Loafer<\/b> ayakkab\u0131dan daha fazlas\u0131d\u0131r; ki\u015fisel markan\u0131za yapt\u0131\u011f\u0131n\u0131z bir yat\u0131r\u0131md\u0131r. Ismarlama tak\u0131m elbiselerden keskin blazer ceketlere ve \u00f6zel dikim pantolonlara kadar geni\u015f bir yelpazedeki resmi k\u0131yafetleri zahmetsizce tamamlar. EU 39'dan 45'e kadar kapsaml\u0131 bir beden yelpazesinde mevcut olup, her beyefendi m\u00fckemmel uyumunu bulabilir. Birinci s\u0131n\u0131f ayakkab\u0131lar sunmak isteyen i\u015fletmeler i\u00e7in bu <b>Erkek Siyah Deri Loafer<\/b> minimum 8 \u00e7iftlik toplu sipari\u015fler i\u00e7in mevcuttur, 12 g\u00fcn i\u00e7inde art\u0131 kargo ile teslim edilir. Bu ola\u011fan\u00fcst\u00fc ayakkab\u0131larla ayakkab\u0131 koleksiyonunuzu geli\u015ftirin <b>Erkek Siyah Deri Loafer<\/b> ve l\u00fcks, konfor ve kal\u0131c\u0131 stilin m\u00fckemmel birle\u015fimini deneyimleyin.<\/p>","protected":false},"excerpt":{"rendered":"<ul>\n<li><b>\u00dcst Malzeme:<\/b> 100% Premium Dana Derisi<\/li>\n<li><b>Astar Malzemesi:<\/b> 100% Yumu\u015fak Ke\u00e7i Derisi<\/li>\n<li><b>Taban:<\/b> \u00dcst\u00fcn konfor i\u00e7in hafif Microlight Taban<\/li>\n<li><b>Topuk Y\u00fcksekli\u011fi:<\/b> Zarif bir kald\u0131rma i\u00e7in hafif 1-3 cm<\/li>\n<li><b>Mevcut Boyutlar:<\/b> AB 39, 40, 41, 42, 43, 44, 45<\/li>\n<li><b>Stil:<\/b> Patentli burnu ve metalik s\u00fcslemeli zarif slip-on tasar\u0131m<\/li>\n<li><b>Toptan Sat\u0131\u015f:<\/b> Minimum 8 \u00e7ift sipari\u015f<\/li>\n<li><b>Teslimat S\u00fcresi:<\/b> 12 g\u00fcn + nakliye<\/li>\n<li><b>Fiyat:<\/b> \u00e7ift ba\u015f\u0131na<\/li>\n<\/ul>","protected":false},"featured_media":3471,"template":"","meta":{"_acf_changed":false,"_uag_custom_page_level_css":"","site-sidebar-layout":"default","site-content-layout":"","ast-site-content-layout":"default","site-content-style":"default","site-sidebar-style":"default","ast-global-header-display":"","ast-banner-title-visibility":"","ast-main-header-display":"","ast-hfb-above-header-display":"","ast-hfb-below-header-display":"","ast-hfb-mobile-header-display":"","site-post-title":"","ast-breadcrumbs-content":"","ast-featured-img":"","footer-sml-layout":"","ast-disable-related-posts":"","theme-transparent-header-meta":"default","adv-header-id-meta":"","stick-header-meta":"","header-above-stick-meta":"","header-main-stick-meta":"","header-below-stick-meta":"","astra-migrate-meta-layouts":"set","ast-page-background-enabled":"default","ast-page-background-meta":{"desktop":{"background-color":"var(--ast-global-color-4)","background-image":"","background-repeat":"repeat","background-position":"center center","background-size":"auto","background-attachment":"scroll","background-type":"","background-media":"","overlay-type":"","overlay-color":"","overlay-opacity":"","overlay-gradient":""},"tablet":{"background-color":"","background-image":"","background-repeat":"repeat","background-position":"center center","background-size":"auto","background-attachment":"scroll","background-type":"","background-media":"","overlay-type":"","overlay-color":"","overlay-opacity":"","overlay-gradient":""},"mobile":{"background-color":"","background-image":"","background-repeat":"repeat","background-position":"center center","background-size":"auto","background-attachment":"scroll","background-type":"","background-media":"","overlay-type":"","overlay-color":"","overlay-opacity":"","overlay-gradient":""}},"ast-content-background-meta":{"desktop":{"background-color":"var(--ast-global-color-5)","background-image":"","background-repeat":"repeat","background-position":"center center","background-size":"auto","background-attachment":"scroll","background-type":"","background-media":"","overlay-type":"","overlay-color":"","overlay-opacity":"","overlay-gradient":""},"tablet":{"background-color":"var(--ast-global-color-5)","background-image":"","background-repeat":"repeat","background-position":"center center","background-size":"auto","background-attachment":"scroll","background-type":"","background-media":"","overlay-type":"","overlay-color":"","overlay-opacity":"","overlay-gradient":""},"mobile":{"background-color":"var(--ast-global-color-5)","background-image":"","background-repeat":"repeat","background-position":"center center","background-size":"auto","background-attachment":"scroll","background-type":"","background-media":"","overlay-type":"","overlay-color":"","overlay-opacity":"","overlay-gradient":""}}},"product_brand":[],"product_cat":[47,430,40],"product_tag":[735,688,185,530,352,189,734,733,466,657,184,675,456],"class_list":{"0":"post-5138","1":"product","2":"type-product","3":"status-publish","4":"has-post-thumbnail","6":"product_cat-classic","7":"product_cat-men","8":"product_cat-mens-shoes","9":"product_tag-black-formal-shoes","10":"product_tag-business-attire","11":"product_tag-calf-leather-shoes","12":"product_tag-designer-loafers","13":"product_tag-formal-loafers","14":"product_tag-goat-leather-lining","15":"product_tag-luxury-dress-shoes","16":"product_tag-mens-black-leather-loafers","17":"product_tag-microlight-sole","18":"product_tag-patent-leather-shoes","19":"product_tag-slip-on-shoes","20":"product_tag-wedding-shoes","21":"product_tag-wholesale-loafers","22":"desktop-align-center","23":"tablet-align-center","24":"mobile-align-center","26":"first","27":"instock","28":"shipping-taxable","29":"purchasable","30":"product-type-variable","31":"has-default-attributes"},"acf":[],"uagb_featured_image_src":{"full":["https:\/\/turkishtrade.co\/wp-content\/uploads\/2026\/01\/2400EJOMN00081-BLACK-X_12576.png",453,250,false],"thumbnail":["https:\/\/turkishtrade.co\/wp-content\/uploads\/2026\/01\/2400EJOMN00081-BLACK-X_12576-150x150.png",150,150,true],"medium":["https:\/\/turkishtrade.co\/wp-content\/uploads\/2026\/01\/2400EJOMN00081-BLACK-X_12576-300x166.png",300,166,true],"medium_large":["https:\/\/turkishtrade.co\/wp-content\/uploads\/2026\/01\/2400EJOMN00081-BLACK-X_12576.png",453,250,false],"large":["https:\/\/turkishtrade.co\/wp-content\/uploads\/2026\/01\/2400EJOMN00081-BLACK-X_12576.png",453,250,false],"1536x1536":["https:\/\/turkishtrade.co\/wp-content\/uploads\/2026\/01\/2400EJOMN00081-BLACK-X_12576.png",453,250,false],"2048x2048":["https:\/\/turkishtrade.co\/wp-content\/uploads\/2026\/01\/2400EJOMN00081-BLACK-X_12576.png",453,250,false],"trp-custom-language-flag":["https:\/\/turkishtrade.co\/wp-content\/uploads\/2026\/01\/2400EJOMN00081-BLACK-X_12576-18x10.png",18,10,true],"woocommerce_thumbnail":["https:\/\/turkishtrade.co\/wp-content\/uploads\/2026\/01\/2400EJOMN00081-BLACK-X_12576-400x250.png",400,250,true],"woocommerce_single":["https:\/\/turkishtrade.co\/wp-content\/uploads\/2026\/01\/2400EJOMN00081-BLACK-X_12576.png",453,250,false],"woocommerce_gallery_thumbnail":["https:\/\/turkishtrade.co\/wp-content\/uploads\/2026\/01\/2400EJOMN00081-BLACK-X_12576-100x100.png",100,100,true]},"uagb_author_info":{"display_name":"yaser olabi","author_link":"https:\/\/turkishtrade.co\/tr\/author\/"},"uagb_comment_info":0,"uagb_excerpt":"Upper Material: 100% Premium Calf Leather Lining Material: 100% Soft Goat Leather Sole: Lightweight Microlight Sole for ultimate comfort Heel Height: Subtle 1-3 cm for an elegant lift Available Sizes: EU 39, 40, 41, 42, 43, 44, 45 Style: Elegant slip-on design with a patent cap toe and metallic embellishment Wholesale Availability: Minimum order of&hellip;","_links":{"self":[{"href":"https:\/\/turkishtrade.co\/tr\/wp-json\/wp\/v2\/product\/5138","targetHints":{"allow":["GET"]}}],"collection":[{"href":"https:\/\/turkishtrade.co\/tr\/wp-json\/wp\/v2\/product"}],"about":[{"href":"https:\/\/turkishtrade.co\/tr\/wp-json\/wp\/v2\/types\/product"}],"wp:featuredmedia":[{"embeddable":true,"href":"https:\/\/turkishtrade.co\/tr\/wp-json\/wp\/v2\/media\/3471"}],"wp:attachment":[{"href":"https:\/\/turkishtrade.co\/tr\/wp-json\/wp\/v2\/media?parent=5138"}],"wp:term":[{"taxonomy":"product_brand","embeddable":true,"href":"https:\/\/turkishtrade.co\/tr\/wp-json\/wp\/v2\/product_brand?post=5138"},{"taxonomy":"product_cat","embeddable":true,"href":"https:\/\/turkishtrade.co\/tr\/wp-json\/wp\/v2\/product_cat?post=5138"},{"taxonomy":"product_tag","embeddable":true,"href":"https:\/\/turkishtrade.co\/tr\/wp-json\/wp\/v2\/product_tag?post=5138"}],"curies":[{"name":"wp","href":"https:\/\/api.w.org\/{rel}","templated":true}]}}