{"id":5128,"date":"2026-01-14T11:17:17","date_gmt":"2026-01-14T11:17:17","guid":{"rendered":"https:\/\/turkishtrade.co\/product\/men-premium-leather-loafers\/"},"modified":"2026-04-09T19:43:18","modified_gmt":"2026-04-09T19:43:18","slug":"luxury-elite-mens-premium-leather-loafers","status":"publish","type":"product","link":"https:\/\/turkishtrade.co\/tr\/shop\/luxury-elite-mens-premium-leather-loafers\/","title":{"rendered":"Microlight Tabanl\u0131 Elite Erkek Premium Deri Loafer"},"content":{"rendered":"<p><strong>Erkek Premium Deri Loafer'lar<\/strong><\/p>\n<p>Zamans\u0131z stilin ve benzersiz konforun bir kan\u0131t\u0131 olan Elite Erkek Premium Deri Loafer'lar\u0131m\u0131zla ayakkab\u0131 koleksiyonunuzu y\u00fckseltin. Se\u00e7ici beyefendiler i\u00e7in tasarlanan bu zarif <a href=\"#\">erkek premium deri\u0307 mokasen<\/a> geleneksel i\u015f\u00e7ili\u011fi modern yeniliklerle birle\u015ftiriyor. \u0130ster yo\u011fun bir i\u015f g\u00fcn\u00fc ge\u00e7iriyor ister sofistike bir ak\u015fam etkinli\u011fine kat\u0131l\u0131yor olun, bu mokasen ayakkab\u0131lar \u015f\u0131kl\u0131k ve pratikli\u011fin m\u00fckemmel bir kar\u0131\u015f\u0131m\u0131n\u0131 sunar. Detaylara en \u00fcst d\u00fczeyde \u00f6zen g\u00f6sterilerek \u00fcretilen bu birinci s\u0131n\u0131f mokasen ayakkab\u0131lar\u0131n her bir \u00e7ifti, \u00f6ne \u00e7\u0131kan bir kalite taahh\u00fcd\u00fcn\u00fc yans\u0131t\u0131r.<\/p>\n<p>Bu s\u0131ra d\u0131\u015f\u0131 erkek premium deri mokasen ayakkab\u0131n\u0131n d\u0131\u015f y\u00fczeyi, zengin bir doku ve ola\u011fan\u00fcst\u00fc dayan\u0131kl\u0131l\u0131k sunan y\u00fcksek kaliteli dana derisinden titizlikle \u00fcretilmi\u015ftir. Bu malzeme se\u00e7imi, yaln\u0131zca ya\u015fla birlikte geli\u015fen l\u00fcks bir g\u00f6r\u00fcn\u00fcm ve his sa\u011flar ve bu ayakkab\u0131lar\u0131 <a href=\"#\">deri mokasen<\/a> kal\u0131c\u0131 bir yat\u0131r\u0131m. \u0130\u00e7 k\u0131sm\u0131 esnek Ke\u00e7i Derisi ile astarlanm\u0131\u015ft\u0131r, ayaklar\u0131n\u0131z i\u00e7in nefes alabilen ve inan\u0131lmaz yumu\u015fak bir ortam sa\u011flayarak uzun s\u00fcreli kullan\u0131mdan sonra bile rahatl\u0131k sa\u011flar. Bu \u00f6zenli malzeme kombinasyonu, \u015f\u0131k oldu\u011fu kadar rahat bir \u00e7ift erkek premium deri loafer ile sonu\u00e7lan\u0131r.<\/p>\n<h3>Rakipsiz Konfor ve Tasar\u0131m<\/h3>\n<p>Bu \u00fcr\u00fcnlerde bulunan yenilik\u00e7i Microlight taban ile bulutlar\u0131n \u00fczerinde y\u00fcr\u00fcme deneyimini ya\u015fay\u0131n <a href=\"#\">erkek premium deri\u0307 mokasen<\/a>. Bu geli\u015fmi\u015f taban teknolojisi, ayakkab\u0131n\u0131n a\u011f\u0131rl\u0131\u011f\u0131n\u0131 \u00f6nemli \u00f6l\u00e7\u00fcde azalt\u0131rken m\u00fckemmel kavrama ve esneklik sunarak her ad\u0131m\u0131n zahmetsiz olmas\u0131n\u0131 sa\u011flar. \u0130nce 1-3 cm topuk y\u00fcksekli\u011fi, konfordan \u00f6d\u00fcn vermeden klasik sofistike bir dokunu\u015f katarak bu birinci s\u0131n\u0131f mokasenleri \u00e7e\u015fitli durumlar i\u00e7in uygun hale getirir. 39'dan 45'e kadar geni\u015f bir beden yelpazesinde mevcut olan bu zarif ayakkab\u0131lara her beyefendi m\u00fckemmel uyum sa\u011flayabilir. <a href=\"#\">elbise ayakkab\u0131lar\u0131<\/a>. K\u0131yafetlerinize m\u00fckemmel uyum sa\u011flayan klasik siyah ve zengin kahverengi se\u00e7eneklerinin rafine \u00e7ekicili\u011fini ke\u015ffedin.<\/p>\n<h3>Toplu Sipari\u015fler i\u00e7in M\u00fckemmel Se\u00e7im<\/h3>\n<p>Y\u00fcksek kaliteli ayakkab\u0131lar sunmak isteyen i\u015fletmeler i\u00e7in Elite Erkek Premium Deri Loafer'lar\u0131m\u0131z ideal bir se\u00e7imdir. Minimum 8 \u00e7ift sipari\u015f miktar\u0131yla toptan sat\u0131\u015f taleplerini kar\u015f\u0131l\u0131yor ve stil bilincine sahip m\u00fc\u015fterilerde yank\u0131 uyand\u0131ran premium \u00fcr\u00fcnleri stoklamak i\u00e7in m\u00fckemmel bir f\u0131rsat sunuyoruz. Bunlar <a href=\"#\">erkek premium deri\u0307 mokasen<\/a> \u00fcst\u00fcn malzemeler ve uzman i\u015f\u00e7ili\u011fi bir araya getirerek ola\u011fan\u00fcst\u00fc de\u011feri temsil eder. Bu l\u00fcks \u00fcr\u00fcnlere yat\u0131r\u0131m yap\u0131n <a href=\"#\">slip-on ayakkab\u0131lar<\/a> ve m\u00fc\u015fterilerinize \u015f\u0131kl\u0131\u011f\u0131, dayan\u0131kl\u0131l\u0131\u011f\u0131 ve \u00fcst\u00fcn konforu temsil eden ayakkab\u0131lar sunun. Etkin teslimat sistemimiz, bu ince i\u015f\u00e7ilikle haz\u0131rlanm\u0131\u015f ayakkab\u0131lardan sipari\u015f vermenizi sa\u011flar. <a href=\"#\">dana derisi mokasen ayakkab\u0131<\/a> h\u0131zl\u0131 bir \u015fekilde ula\u015f\u0131r ve \u00fcr\u00fcn sunumunuzu bu arzu edilen \u00fcr\u00fcnlerle h\u0131zl\u0131 bir \u015fekilde geli\u015ftirmenize olanak tan\u0131r.<\/p>","protected":false},"excerpt":{"rendered":"<ul>\n<li>Zarif D\u0131\u015f Y\u00fczey: Birinci s\u0131n\u0131f dana derisinden \u00fcretilmi\u015ftir<\/li>\n<li>L\u00fcks \u0130\u00e7 Astar: Yumu\u015fak ve nefes alabilen Ke\u00e7i Derisi<\/li>\n<li>Geli\u015fmi\u015f Taban Teknolojisi: \u00dcst\u00fcn konfor i\u00e7in hafif Microlight<\/li>\n<li>\u0130nce Topuk Y\u00fcksekli\u011fi: Zarif bir duru\u015f i\u00e7in optimum 1-3 cm<\/li>\n<li>Mevcut Boyutlar: 39'dan 45'e kadar kapsaml\u0131 aral\u0131k<\/li>\n<li>Toptan Sat\u0131\u015f Mevcuttur: Minimum sipari\u015f miktar\u0131 8 \u00e7ift<\/li>\n<\/ul>","protected":false},"featured_media":3466,"template":"","meta":{"_acf_changed":false,"_uag_custom_page_level_css":"","site-sidebar-layout":"default","site-content-layout":"","ast-site-content-layout":"default","site-content-style":"default","site-sidebar-style":"default","ast-global-header-display":"","ast-banner-title-visibility":"","ast-main-header-display":"","ast-hfb-above-header-display":"","ast-hfb-below-header-display":"","ast-hfb-mobile-header-display":"","site-post-title":"","ast-breadcrumbs-content":"","ast-featured-img":"","footer-sml-layout":"","ast-disable-related-posts":"","theme-transparent-header-meta":"default","adv-header-id-meta":"","stick-header-meta":"","header-above-stick-meta":"","header-main-stick-meta":"","header-below-stick-meta":"","astra-migrate-meta-layouts":"set","ast-page-background-enabled":"default","ast-page-background-meta":{"desktop":{"background-color":"var(--ast-global-color-4)","background-image":"","background-repeat":"repeat","background-position":"center center","background-size":"auto","background-attachment":"scroll","background-type":"","background-media":"","overlay-type":"","overlay-color":"","overlay-opacity":"","overlay-gradient":""},"tablet":{"background-color":"","background-image":"","background-repeat":"repeat","background-position":"center center","background-size":"auto","background-attachment":"scroll","background-type":"","background-media":"","overlay-type":"","overlay-color":"","overlay-opacity":"","overlay-gradient":""},"mobile":{"background-color":"","background-image":"","background-repeat":"repeat","background-position":"center center","background-size":"auto","background-attachment":"scroll","background-type":"","background-media":"","overlay-type":"","overlay-color":"","overlay-opacity":"","overlay-gradient":""}},"ast-content-background-meta":{"desktop":{"background-color":"var(--ast-global-color-5)","background-image":"","background-repeat":"repeat","background-position":"center center","background-size":"auto","background-attachment":"scroll","background-type":"","background-media":"","overlay-type":"","overlay-color":"","overlay-opacity":"","overlay-gradient":""},"tablet":{"background-color":"var(--ast-global-color-5)","background-image":"","background-repeat":"repeat","background-position":"center center","background-size":"auto","background-attachment":"scroll","background-type":"","background-media":"","overlay-type":"","overlay-color":"","overlay-opacity":"","overlay-gradient":""},"mobile":{"background-color":"var(--ast-global-color-5)","background-image":"","background-repeat":"repeat","background-position":"center center","background-size":"auto","background-attachment":"scroll","background-type":"","background-media":"","overlay-type":"","overlay-color":"","overlay-opacity":"","overlay-gradient":""}}},"product_brand":[],"product_cat":[47,430,40],"product_tag":[370,147,202,284,609,437,215,186,466,374,184,281],"class_list":{"0":"post-5128","1":"product","2":"type-product","3":"status-publish","4":"has-post-thumbnail","6":"product_cat-classic","7":"product_cat-men","8":"product_cat-mens-shoes","9":"product_tag-black-loafers","10":"product_tag-brown-loafers","11":"product_tag-calf-leather","12":"product_tag-dress-shoes","13":"product_tag-elegant-mens-shoes","14":"product_tag-goat-leather","15":"product_tag-leather-loafers","16":"product_tag-mens-loafers","17":"product_tag-microlight-sole","18":"product_tag-premium-loafers","19":"product_tag-slip-on-shoes","20":"product_tag-wholesale-shoes","21":"desktop-align-center","22":"tablet-align-center","23":"mobile-align-center","25":"first","26":"instock","27":"shipping-taxable","28":"purchasable","29":"product-type-variable","30":"has-default-attributes"},"acf":[],"uagb_featured_image_src":{"full":["https:\/\/turkishtrade.co\/wp-content\/uploads\/2026\/01\/2400EJOMN00077-BROWN-H_71.png",453,250,false],"thumbnail":["https:\/\/turkishtrade.co\/wp-content\/uploads\/2026\/01\/2400EJOMN00077-BROWN-H_71-150x150.png",150,150,true],"medium":["https:\/\/turkishtrade.co\/wp-content\/uploads\/2026\/01\/2400EJOMN00077-BROWN-H_71-300x166.png",300,166,true],"medium_large":["https:\/\/turkishtrade.co\/wp-content\/uploads\/2026\/01\/2400EJOMN00077-BROWN-H_71.png",453,250,false],"large":["https:\/\/turkishtrade.co\/wp-content\/uploads\/2026\/01\/2400EJOMN00077-BROWN-H_71.png",453,250,false],"1536x1536":["https:\/\/turkishtrade.co\/wp-content\/uploads\/2026\/01\/2400EJOMN00077-BROWN-H_71.png",453,250,false],"2048x2048":["https:\/\/turkishtrade.co\/wp-content\/uploads\/2026\/01\/2400EJOMN00077-BROWN-H_71.png",453,250,false],"trp-custom-language-flag":["https:\/\/turkishtrade.co\/wp-content\/uploads\/2026\/01\/2400EJOMN00077-BROWN-H_71-18x10.png",18,10,true],"woocommerce_thumbnail":["https:\/\/turkishtrade.co\/wp-content\/uploads\/2026\/01\/2400EJOMN00077-BROWN-H_71-400x250.png",400,250,true],"woocommerce_single":["https:\/\/turkishtrade.co\/wp-content\/uploads\/2026\/01\/2400EJOMN00077-BROWN-H_71.png",453,250,false],"woocommerce_gallery_thumbnail":["https:\/\/turkishtrade.co\/wp-content\/uploads\/2026\/01\/2400EJOMN00077-BROWN-H_71-100x100.png",100,100,true]},"uagb_author_info":{"display_name":"yaser olabi","author_link":"https:\/\/turkishtrade.co\/tr\/author\/"},"uagb_comment_info":0,"uagb_excerpt":"Exquisite Outer Surface: Crafted from premium Calf Leather Luxurious Inner Lining: Soft and breathable Goat Leather Advanced Sole Technology: Lightweight Microlight for superior comfort Subtle Heel Height: Optimal 1-3 cm for an elegant stance Available Sizes: Comprehensive range from 39 to 45 Wholesale Availability: Minimum order quantity of 8 pairs","_links":{"self":[{"href":"https:\/\/turkishtrade.co\/tr\/wp-json\/wp\/v2\/product\/5128","targetHints":{"allow":["GET"]}}],"collection":[{"href":"https:\/\/turkishtrade.co\/tr\/wp-json\/wp\/v2\/product"}],"about":[{"href":"https:\/\/turkishtrade.co\/tr\/wp-json\/wp\/v2\/types\/product"}],"wp:featuredmedia":[{"embeddable":true,"href":"https:\/\/turkishtrade.co\/tr\/wp-json\/wp\/v2\/media\/3466"}],"wp:attachment":[{"href":"https:\/\/turkishtrade.co\/tr\/wp-json\/wp\/v2\/media?parent=5128"}],"wp:term":[{"taxonomy":"product_brand","embeddable":true,"href":"https:\/\/turkishtrade.co\/tr\/wp-json\/wp\/v2\/product_brand?post=5128"},{"taxonomy":"product_cat","embeddable":true,"href":"https:\/\/turkishtrade.co\/tr\/wp-json\/wp\/v2\/product_cat?post=5128"},{"taxonomy":"product_tag","embeddable":true,"href":"https:\/\/turkishtrade.co\/tr\/wp-json\/wp\/v2\/product_tag?post=5128"}],"curies":[{"name":"wp","href":"https:\/\/api.w.org\/{rel}","templated":true}]}}