{"id":5117,"date":"2026-01-14T11:15:51","date_gmt":"2026-01-14T11:15:51","guid":{"rendered":"https:\/\/turkishtrade.co\/product\/men-s-leather-loafers\/"},"modified":"2026-04-09T19:43:45","modified_gmt":"2026-04-09T19:43:45","slug":"dress-shoes-mens-leather-loafers","status":"publish","type":"product","link":"https:\/\/turkishtrade.co\/tr\/shop\/dress-shoes-mens-leather-loafers\/","title":{"rendered":"Erkekler i\u00e7in Premium Dana Derisi Cap-Toe Loaferlar"},"content":{"rendered":"<p><strong>erkek deri\u0307 mokasen<\/strong><\/p>\n<p>\u00dcst\u00fcn kaliteli \u00fcr\u00fcnlerimizle sofistike bir konfor ve zamans\u0131z bir stil d\u00fcnyas\u0131na ad\u0131m at\u0131n <b>erkek deri\u0307 mokasen<\/b>. Se\u00e7kin beyefendiler i\u00e7in tasarlanan bu zarif ayakkab\u0131lar, geleneksel i\u015f\u00e7ili\u011fi modern yeniliklerle harmanlayan l\u00fcks\u00fcn \u00f6z\u00fcd\u00fcr. Her bir \u00e7iftimiz <b>erkek deri\u0307 mokasen<\/b> bir ayakkab\u0131dan \u00e7ok daha fazlas\u0131d\u0131r; kal\u0131c\u0131 bir izlenim b\u0131rakman\u0131n \u00f6nemli oldu\u011fu her durum i\u00e7in m\u00fckemmel bir zarafet ve kalite ifadesidir.<\/p>\n<h3>Rakipsiz \u0130\u015f\u00e7ilik ve Birinci S\u0131n\u0131f Malzemeler<\/h3>\n<p>Bizim <b>erkek deri\u0307 mokasen<\/b> hem dayan\u0131kl\u0131l\u0131k hem de benzersiz konfor sa\u011flamak i\u00e7in en iyi malzemelerden titizlikle \u00fcretilmi\u015ftir. D\u0131\u015f y\u00fczey, p\u00fcr\u00fczs\u00fcz y\u00fczeyi, do\u011fal g\u00fcc\u00fc ve l\u00fcks g\u00f6r\u00fcn\u00fcm\u00fcyle tan\u0131nan esnek, y\u00fcksek kaliteli dana derisine sahiptir. Bu birinci s\u0131n\u0131f se\u00e7im, koltu\u011funuzun <b>erkek deri\u0307 mokasen<\/b> sadece \u00e7arp\u0131c\u0131 g\u00f6r\u00fcnmekle kalmayacak, ayn\u0131 zamanda a\u015f\u0131nma ile zengin bir patina geli\u015ftirerek zamana kar\u015f\u0131 da dayanacakt\u0131r. D\u0131\u015f y\u00fczeyi tamamlayan i\u00e7 k\u0131s\u0131m, son derece yumu\u015fak ve nefes alabilen ke\u00e7i derisiyle astarlanm\u0131\u015ft\u0131r ve g\u00fcn boyunca ayaklar\u0131n\u0131z\u0131 saran eldiven benzeri bir uyum ve ola\u011fan\u00fcst\u00fc bir konfor sa\u011flar.<\/p>\n<h3>Microlight Taban ile Yenilik\u00e7i Konfor<\/h3>\n<p>Bu ola\u011fan\u00fcst\u00fc \u00fcr\u00fcnlerde bulunan geli\u015fmi\u015f Microlight taban ile bulutlar\u0131n \u00fczerinde y\u00fcr\u00fcme deneyimini ya\u015fay\u0131n <b>erkek deri\u0307 mokasen<\/b>. Bu son teknoloji taban teknolojisi ola\u011fan\u00fcst\u00fc hafif ve esnek olacak \u015fekilde tasarlanm\u0131\u015ft\u0131r, ayak yorgunlu\u011funu \u00f6nemli \u00f6l\u00e7\u00fcde azalt\u0131r ve genel konforu art\u0131r\u0131r. Sa\u011flam ancak rahat 1-3 cm topuk, dengeden veya hareket kolayl\u0131\u011f\u0131ndan \u00f6d\u00fcn vermeden ince bir y\u00fckselti ve klasik bir profil ekler. \u0130ster kalabal\u0131k \u015fehir sokaklar\u0131nda geziniyor ister uzun s\u00fcre ayakta duruyor olun, bu <b>erkek deri\u0307 mokasen<\/b> ihtiyac\u0131n\u0131z olan deste\u011fi ve konforu sa\u011flar.<\/p>\n<h3>Modern Beyefendiler i\u00e7in Rafine Tasar\u0131m Detaylar\u0131<\/h3>\n<p>Bunlar\u0131n tasar\u0131m\u0131 <b>erkek deri\u0307 mokasen<\/b> Klasik brogue detaylar\u0131na bir dokunu\u015f katan narin, hassas deliklerle vurgulanan sofistike bir burnu g\u00f6sterir. Bu zamans\u0131z estetik, bu slip-on ayakkab\u0131lar\u0131n keskin i\u015f k\u0131yafetlerinden \u015f\u0131k g\u00fcndelik g\u00f6r\u00fcn\u00fcmlere kadar \u00e7e\u015fitli topluluklar i\u00e7in yeterince \u00e7ok y\u00f6nl\u00fc olmas\u0131n\u0131 sa\u011flar. Klasik Siyah, se\u00e7kin bir Mavi ve s\u0131cak, davetkar bir Kahverengi gibi zengin renk yelpazesinde mevcut olan bu ayakkab\u0131n\u0131n m\u00fckemmel \u00e7iftini se\u00e7ebilirsiniz. <b>erkek deri\u0307 mokasen<\/b> ki\u015fisel tarz\u0131n\u0131z\u0131 ve gard\u0131robunuzu tamamlamak i\u00e7in. 39'dan 45'e kadar de\u011fi\u015fen bedenleriyle, bu l\u00fcks modellere ideal uyumunuzu bulmak <b>erkek deri\u0307 mokasen<\/b> zahmetsizdir.<\/p>\n<h3>Ayakkab\u0131 Koleksiyonunuzu Geli\u015ftirin<\/h3>\n<p>Yat\u0131r\u0131mlar\u0131m\u0131z <b>erkek deri\u0307 mokasen<\/b> kaliteye, stile ve kal\u0131c\u0131 konfora yat\u0131r\u0131m yapmak anlam\u0131na gelir. Bu ayakkab\u0131lar sadece bir aksesuar de\u011fil; sofistike bir gard\u0131robun temel unsurudur. L\u00fcks malzemeler, uzman i\u015f\u00e7ilik ve yenilik\u00e7i tasar\u0131m\u0131n m\u00fckemmel sinerjisini deneyimleyin. <b>erkek deri\u0307 mokasen<\/b> di\u011ferlerinden ay\u0131r\u0131r. G\u00fcnl\u00fck stilinizi y\u00fckseltin ve ger\u00e7ekten ola\u011fan\u00fcst\u00fc ayakkab\u0131lar giymenin getirdi\u011fi g\u00fcvenin tad\u0131n\u0131 \u00e7\u0131kar\u0131n.<\/p>","protected":false},"excerpt":{"rendered":"<ul class=\"short-description\">\n<li>Bu birinci s\u0131n\u0131f erkek deri mokasen ayakkab\u0131larla \u00fcst\u00fcn konforu ve stili ya\u015fay\u0131n.<\/li>\n<li>Y\u00fcksek kaliteli dana derisi d\u0131\u015f y\u00fczeyi ve yumu\u015fak ke\u00e7i derisi i\u00e7 k\u0131sm\u0131 ile titizlikle \u00fcretilmi\u015ftir.<\/li>\n<li>Hafif esneklik i\u00e7in yenilik\u00e7i Microlight tabana ve 1-3 cm'lik rahat bir topu\u011fa sahiptir.<\/li>\n<li>Her gard\u0131robu tamamlamak i\u00e7in sofistike Siyah, zarif Mavi ve zengin Kahverengi renkleri mevcuttur.<\/li>\n<li>Mevcut bedenler: 39, 40, 41, 42, 43, 44, 45.<\/li>\n<li><strong>Minimum sipari\u015f miktar\u0131: 8 \u00e7ift.<\/strong><\/li>\n<li><strong>Teslimat s\u00fcresi: 12 g\u00fcn + nakliye.<\/strong><\/li>\n<\/ul>","protected":false},"featured_media":3459,"template":"","meta":{"_acf_changed":false,"_uag_custom_page_level_css":"","site-sidebar-layout":"default","site-content-layout":"","ast-site-content-layout":"default","site-content-style":"default","site-sidebar-style":"default","ast-global-header-display":"","ast-banner-title-visibility":"","ast-main-header-display":"","ast-hfb-above-header-display":"","ast-hfb-below-header-display":"","ast-hfb-mobile-header-display":"","site-post-title":"","ast-breadcrumbs-content":"","ast-featured-img":"","footer-sml-layout":"","ast-disable-related-posts":"","theme-transparent-header-meta":"default","adv-header-id-meta":"","stick-header-meta":"","header-above-stick-meta":"","header-main-stick-meta":"","header-below-stick-meta":"","astra-migrate-meta-layouts":"set","ast-page-background-enabled":"default","ast-page-background-meta":{"desktop":{"background-color":"var(--ast-global-color-4)","background-image":"","background-repeat":"repeat","background-position":"center center","background-size":"auto","background-attachment":"scroll","background-type":"","background-media":"","overlay-type":"","overlay-color":"","overlay-opacity":"","overlay-gradient":""},"tablet":{"background-color":"","background-image":"","background-repeat":"repeat","background-position":"center center","background-size":"auto","background-attachment":"scroll","background-type":"","background-media":"","overlay-type":"","overlay-color":"","overlay-opacity":"","overlay-gradient":""},"mobile":{"background-color":"","background-image":"","background-repeat":"repeat","background-position":"center center","background-size":"auto","background-attachment":"scroll","background-type":"","background-media":"","overlay-type":"","overlay-color":"","overlay-opacity":"","overlay-gradient":""}},"ast-content-background-meta":{"desktop":{"background-color":"var(--ast-global-color-5)","background-image":"","background-repeat":"repeat","background-position":"center center","background-size":"auto","background-attachment":"scroll","background-type":"","background-media":"","overlay-type":"","overlay-color":"","overlay-opacity":"","overlay-gradient":""},"tablet":{"background-color":"var(--ast-global-color-5)","background-image":"","background-repeat":"repeat","background-position":"center center","background-size":"auto","background-attachment":"scroll","background-type":"","background-media":"","overlay-type":"","overlay-color":"","overlay-opacity":"","overlay-gradient":""},"mobile":{"background-color":"var(--ast-global-color-5)","background-image":"","background-repeat":"repeat","background-position":"center center","background-size":"auto","background-attachment":"scroll","background-type":"","background-media":"","overlay-type":"","overlay-color":"","overlay-opacity":"","overlay-gradient":""}}},"product_brand":[],"product_cat":[47,430,40],"product_tag":[370,635,147,185,720,284,201,189,450,416,565,719,466,184],"class_list":{"0":"post-5117","1":"product","2":"type-product","3":"status-publish","4":"has-post-thumbnail","6":"product_cat-classic","7":"product_cat-men","8":"product_cat-mens-shoes","9":"product_tag-black-loafers","10":"product_tag-blue-loafers","11":"product_tag-brown-loafers","12":"product_tag-calf-leather-shoes","13":"product_tag-cap-toe-loafers","14":"product_tag-dress-shoes","15":"product_tag-formal-footwear","16":"product_tag-goat-leather-lining","17":"product_tag-handcrafted-shoes","18":"product_tag-luxury-shoes","19":"product_tag-mens-formal-shoes","20":"product_tag-mens-leather-loafers","21":"product_tag-microlight-sole","22":"product_tag-slip-on-shoes","23":"desktop-align-center","24":"tablet-align-center","25":"mobile-align-center","27":"first","28":"instock","29":"shipping-taxable","30":"purchasable","31":"product-type-variable","32":"has-default-attributes"},"acf":[],"uagb_featured_image_src":{"full":["https:\/\/turkishtrade.co\/wp-content\/uploads\/2026\/01\/2400EJOMN00074-DARK-BROWN-X_870.png",453,250,false],"thumbnail":["https:\/\/turkishtrade.co\/wp-content\/uploads\/2026\/01\/2400EJOMN00074-DARK-BROWN-X_870-150x150.png",150,150,true],"medium":["https:\/\/turkishtrade.co\/wp-content\/uploads\/2026\/01\/2400EJOMN00074-DARK-BROWN-X_870-300x166.png",300,166,true],"medium_large":["https:\/\/turkishtrade.co\/wp-content\/uploads\/2026\/01\/2400EJOMN00074-DARK-BROWN-X_870.png",453,250,false],"large":["https:\/\/turkishtrade.co\/wp-content\/uploads\/2026\/01\/2400EJOMN00074-DARK-BROWN-X_870.png",453,250,false],"1536x1536":["https:\/\/turkishtrade.co\/wp-content\/uploads\/2026\/01\/2400EJOMN00074-DARK-BROWN-X_870.png",453,250,false],"2048x2048":["https:\/\/turkishtrade.co\/wp-content\/uploads\/2026\/01\/2400EJOMN00074-DARK-BROWN-X_870.png",453,250,false],"trp-custom-language-flag":["https:\/\/turkishtrade.co\/wp-content\/uploads\/2026\/01\/2400EJOMN00074-DARK-BROWN-X_870-18x10.png",18,10,true],"woocommerce_thumbnail":["https:\/\/turkishtrade.co\/wp-content\/uploads\/2026\/01\/2400EJOMN00074-DARK-BROWN-X_870-400x250.png",400,250,true],"woocommerce_single":["https:\/\/turkishtrade.co\/wp-content\/uploads\/2026\/01\/2400EJOMN00074-DARK-BROWN-X_870.png",453,250,false],"woocommerce_gallery_thumbnail":["https:\/\/turkishtrade.co\/wp-content\/uploads\/2026\/01\/2400EJOMN00074-DARK-BROWN-X_870-100x100.png",100,100,true]},"uagb_author_info":{"display_name":"yaser olabi","author_link":"https:\/\/turkishtrade.co\/tr\/author\/"},"uagb_comment_info":0,"uagb_excerpt":"Experience ultimate comfort and style with these premium men's leather loafers. Meticulously crafted with a high-quality calf leather exterior and soft goat leather interior. Features an innovative Microlight sole for lightweight flexibility and a comfortable 1-3cm heel. Available in sophisticated Black, elegant Blue, and rich Brown to complement any wardrobe. Sizes available: 39, 40, 41,&hellip;","_links":{"self":[{"href":"https:\/\/turkishtrade.co\/tr\/wp-json\/wp\/v2\/product\/5117","targetHints":{"allow":["GET"]}}],"collection":[{"href":"https:\/\/turkishtrade.co\/tr\/wp-json\/wp\/v2\/product"}],"about":[{"href":"https:\/\/turkishtrade.co\/tr\/wp-json\/wp\/v2\/types\/product"}],"wp:featuredmedia":[{"embeddable":true,"href":"https:\/\/turkishtrade.co\/tr\/wp-json\/wp\/v2\/media\/3459"}],"wp:attachment":[{"href":"https:\/\/turkishtrade.co\/tr\/wp-json\/wp\/v2\/media?parent=5117"}],"wp:term":[{"taxonomy":"product_brand","embeddable":true,"href":"https:\/\/turkishtrade.co\/tr\/wp-json\/wp\/v2\/product_brand?post=5117"},{"taxonomy":"product_cat","embeddable":true,"href":"https:\/\/turkishtrade.co\/tr\/wp-json\/wp\/v2\/product_cat?post=5117"},{"taxonomy":"product_tag","embeddable":true,"href":"https:\/\/turkishtrade.co\/tr\/wp-json\/wp\/v2\/product_tag?post=5117"}],"curies":[{"name":"wp","href":"https:\/\/api.w.org\/{rel}","templated":true}]}}