{"id":5112,"date":"2026-01-14T11:15:02","date_gmt":"2026-01-14T11:15:02","guid":{"rendered":"https:\/\/turkishtrade.co\/product\/men-black-perforated-leather-shoes\/"},"modified":"2026-04-09T19:43:54","modified_gmt":"2026-04-09T19:43:54","slug":"mens-black-perforated-leather-shoes","status":"publish","type":"product","link":"https:\/\/turkishtrade.co\/tr\/shop\/mens-black-perforated-leather-shoes\/","title":{"rendered":"Microlight Tabanl\u0131 Erkek Siyah Delikli Dana Derisi Elbise Ayakkab\u0131s\u0131"},"content":{"rendered":"<p><strong>Erkek Siyah Delikli Deri Ayakkab\u0131<\/strong><\/p>\n<p>Ola\u011fan\u00fcst\u00fc \u00fcr\u00fcnlerimizle rafine bir zarafet ve benzersiz bir konfor d\u00fcnyas\u0131na ad\u0131m at\u0131n <strong>Erkek Siyah Delikli Deri Ayakkab\u0131<\/strong>. Modern beyefendiler i\u00e7in tasarlanan bu ayakkab\u0131lar, zamans\u0131z stili yenilik\u00e7i \u00f6zelliklerle birle\u015ftirerek her f\u0131rsatta kal\u0131c\u0131 bir izlenim b\u0131rakman\u0131z\u0131 sa\u011flar. \u0130\u015f toplant\u0131lar\u0131, resmi etkinlikler veya sofistike bir ak\u015fam i\u00e7in m\u00fckemmel olan bu ayakkab\u0131lar <strong>erkek siyah delikli deri ayakkab\u0131<\/strong> \u00fcst\u00fcn i\u015f\u00e7ilik ve l\u00fcks malzemelerin bir kan\u0131t\u0131d\u0131r. Sadece birinci s\u0131n\u0131f ayakkab\u0131lar\u0131n sunabilece\u011fi stil ve \u00f6z\u00fcn nihai kar\u0131\u015f\u0131m\u0131n\u0131 deneyimleyin. Bu zarif <strong>erkek siyah delikli deri ayakkab\u0131<\/strong> her se\u00e7kin gard\u0131rop i\u00e7in olmazsa olmazd\u0131r.<\/p>\n<h3>Modern Beyefendiler i\u00e7in Tasarland\u0131<\/h3>\n<p>Bunlar sadece ayakkab\u0131 de\u011fil; gard\u0131robunuz i\u00e7in bir yat\u0131r\u0131m. \u015e\u0131k tasar\u0131m\u0131 ve klasik siyah tonu ile <strong>erkek siyah delikli deri ayakkab\u0131<\/strong> onlar\u0131 inan\u0131lmaz derecede \u00e7ok y\u00f6nl\u00fc k\u0131l\u0131yor. \u0130ster keskin bir profesyonel g\u00f6r\u00fcn\u00fcm ister se\u00e7kin bir resmi topluluk hedefliyor olun, m\u00fckemmel bir e\u015flik\u00e7idirler. 39'dan 45'e kadar kapsaml\u0131 bir AB beden yelpazesinde mevcut olup, her se\u00e7ici m\u00fc\u015fteri i\u00e7in tam bir uyum sa\u011fl\u0131yoruz. Rahatl\u0131k ve zarafetten ger\u00e7ekten anlayan ayakkab\u0131larla ki\u015fisel tarz\u0131n\u0131z\u0131 y\u00fckseltin ve zahmetsiz bir sofistike g\u00f6r\u00fcnt\u00fc yans\u0131t\u0131n. Bunlar <strong>erkek siyah delikli deri ayakkab\u0131<\/strong> ince ayr\u0131nt\u0131lar\u0131 takdir eden ve m\u00fckemmellik talep eden bireyler i\u00e7in tasarlanm\u0131\u015ft\u0131r. Bu \u00fcr\u00fcnlerin benzersiz kalitesini ke\u015ffedin <strong>erkek siyah delikli deri ayakkab\u0131<\/strong> Bug\u00fcn.<\/p>\n<h3>Toptan Sat\u0131\u015f F\u0131rsatlar\u0131 &amp; Sorunsuz Teslimat<\/h3>\n<p>Y\u00fcksek kaliteli ayakkab\u0131 arayan perakendeciler ve i\u015fletmeler i\u00e7in <strong>erkek siyah delikli deri ayakkab\u0131<\/strong> toptan sat\u0131n al\u0131nabilir. Yaln\u0131zca 8 \u00e7iftlik minimum sipari\u015f miktar\u0131yla, m\u00fc\u015fterilerinizin bay\u0131laca\u011f\u0131 birinci s\u0131n\u0131f erkek elbise ayakkab\u0131lar\u0131n\u0131 stoklamak her zamankinden daha kolay. Sipari\u015finizin 12 g\u00fcn i\u00e7inde i\u015flenip g\u00f6nderime haz\u0131r hale gelmesini ve ard\u0131ndan standart sevkiyat s\u00fcrelerini sa\u011flayarak verimli hizmet sunmay\u0131 taahh\u00fct ediyoruz. M\u00fc\u015fterilerinize ola\u011fan\u00fcst\u00fc \u00fcr\u00fcnler sunmak i\u00e7in bizimle i\u015f birli\u011fi yap\u0131n <strong>erkek siyah delikli deri ayakkab\u0131<\/strong> hem l\u00fcks hem de de\u011fer vaat ederek \u00fcr\u00fcn tekliflerinizi geli\u015ftirir.<\/p>","protected":false},"excerpt":{"rendered":"<ul>\n<li>Zarif perforasyonlara sahip zarif dana derisi d\u0131\u015f y\u00fczey<\/li>\n<li>\u00dcst\u00fcn konfor i\u00e7in l\u00fcks ke\u00e7i derisi i\u00e7 astar<\/li>\n<li>\u00dcst\u00fcn esneklik ve destek i\u00e7in hafif Microlight taban<\/li>\n<li>Klasik bir siluet i\u00e7in 1-3 cm'lik ince topuk y\u00fcksekli\u011fi<\/li>\n<li>M\u00fckemmel uyum i\u00e7in 39-45 AB bedenlerinde mevcuttur<\/li>\n<li>Toptan al\u0131mlar i\u00e7in minimum 8 \u00e7ift sipari\u015f mevcuttur<\/li>\n<li>12 g\u00fcn i\u00e7inde teslimat art\u0131 nakliye s\u00fcresi<\/li>\n<\/ul>","protected":false},"featured_media":3454,"template":"","meta":{"_acf_changed":false,"_uag_custom_page_level_css":"","site-sidebar-layout":"default","site-content-layout":"","ast-site-content-layout":"default","site-content-style":"default","site-sidebar-style":"default","ast-global-header-display":"","ast-banner-title-visibility":"","ast-main-header-display":"","ast-hfb-above-header-display":"","ast-hfb-below-header-display":"","ast-hfb-mobile-header-display":"","site-post-title":"","ast-breadcrumbs-content":"","ast-featured-img":"","footer-sml-layout":"","ast-disable-related-posts":"","theme-transparent-header-meta":"default","adv-header-id-meta":"","stick-header-meta":"","header-above-stick-meta":"","header-main-stick-meta":"","header-below-stick-meta":"","astra-migrate-meta-layouts":"set","ast-page-background-enabled":"default","ast-page-background-meta":{"desktop":{"background-color":"var(--ast-global-color-4)","background-image":"","background-repeat":"repeat","background-position":"center center","background-size":"auto","background-attachment":"scroll","background-type":"","background-media":"","overlay-type":"","overlay-color":"","overlay-opacity":"","overlay-gradient":""},"tablet":{"background-color":"","background-image":"","background-repeat":"repeat","background-position":"center center","background-size":"auto","background-attachment":"scroll","background-type":"","background-media":"","overlay-type":"","overlay-color":"","overlay-opacity":"","overlay-gradient":""},"mobile":{"background-color":"","background-image":"","background-repeat":"repeat","background-position":"center center","background-size":"auto","background-attachment":"scroll","background-type":"","background-media":"","overlay-type":"","overlay-color":"","overlay-opacity":"","overlay-gradient":""}},"ast-content-background-meta":{"desktop":{"background-color":"var(--ast-global-color-5)","background-image":"","background-repeat":"repeat","background-position":"center center","background-size":"auto","background-attachment":"scroll","background-type":"","background-media":"","overlay-type":"","overlay-color":"","overlay-opacity":"","overlay-gradient":""},"tablet":{"background-color":"var(--ast-global-color-5)","background-image":"","background-repeat":"repeat","background-position":"center center","background-size":"auto","background-attachment":"scroll","background-type":"","background-media":"","overlay-type":"","overlay-color":"","overlay-opacity":"","overlay-gradient":""},"mobile":{"background-color":"var(--ast-global-color-5)","background-image":"","background-repeat":"repeat","background-position":"center center","background-size":"auto","background-attachment":"scroll","background-type":"","background-media":"","overlay-type":"","overlay-color":"","overlay-opacity":"","overlay-gradient":""}}},"product_brand":[],"product_cat":[47,430,40],"product_tag":[605,405,202,181,284,454,593,251,437,227,198,466,686,680,281],"class_list":{"0":"post-5112","1":"product","2":"type-product","3":"status-publish","4":"has-post-thumbnail","6":"product_cat-classic","7":"product_cat-men","8":"product_cat-mens-shoes","9":"product_tag-black-shoes","10":"product_tag-business-shoes","11":"product_tag-calf-leather","12":"product_tag-comfortable-dress-shoes","13":"product_tag-dress-shoes","14":"product_tag-elegant-footwear","15":"product_tag-eu-sizes-39-45","16":"product_tag-formal-shoes","17":"product_tag-goat-leather","18":"product_tag-leather-shoes","19":"product_tag-mens-fashion","20":"product_tag-microlight-sole","21":"product_tag-perforated-shoes","22":"product_tag-stylish-shoes","23":"product_tag-wholesale-shoes","24":"desktop-align-center","25":"tablet-align-center","26":"mobile-align-center","28":"first","29":"instock","30":"shipping-taxable","31":"purchasable","32":"product-type-variable","33":"has-default-attributes"},"acf":[],"uagb_featured_image_src":{"full":["https:\/\/turkishtrade.co\/wp-content\/uploads\/2026\/01\/2400EJOMN00072-BLACK-X_7805.png",453,250,false],"thumbnail":["https:\/\/turkishtrade.co\/wp-content\/uploads\/2026\/01\/2400EJOMN00072-BLACK-X_7805-150x150.png",150,150,true],"medium":["https:\/\/turkishtrade.co\/wp-content\/uploads\/2026\/01\/2400EJOMN00072-BLACK-X_7805-300x166.png",300,166,true],"medium_large":["https:\/\/turkishtrade.co\/wp-content\/uploads\/2026\/01\/2400EJOMN00072-BLACK-X_7805.png",453,250,false],"large":["https:\/\/turkishtrade.co\/wp-content\/uploads\/2026\/01\/2400EJOMN00072-BLACK-X_7805.png",453,250,false],"1536x1536":["https:\/\/turkishtrade.co\/wp-content\/uploads\/2026\/01\/2400EJOMN00072-BLACK-X_7805.png",453,250,false],"2048x2048":["https:\/\/turkishtrade.co\/wp-content\/uploads\/2026\/01\/2400EJOMN00072-BLACK-X_7805.png",453,250,false],"trp-custom-language-flag":["https:\/\/turkishtrade.co\/wp-content\/uploads\/2026\/01\/2400EJOMN00072-BLACK-X_7805-18x10.png",18,10,true],"woocommerce_thumbnail":["https:\/\/turkishtrade.co\/wp-content\/uploads\/2026\/01\/2400EJOMN00072-BLACK-X_7805-400x250.png",400,250,true],"woocommerce_single":["https:\/\/turkishtrade.co\/wp-content\/uploads\/2026\/01\/2400EJOMN00072-BLACK-X_7805.png",453,250,false],"woocommerce_gallery_thumbnail":["https:\/\/turkishtrade.co\/wp-content\/uploads\/2026\/01\/2400EJOMN00072-BLACK-X_7805-100x100.png",100,100,true]},"uagb_author_info":{"display_name":"yaser olabi","author_link":"https:\/\/turkishtrade.co\/tr\/author\/"},"uagb_comment_info":0,"uagb_excerpt":"Exquisite calf leather exterior with refined perforations Luxurious goat leather interior lining for ultimate comfort Lightweight Microlight sole for superior flexibility and support Subtle 1-3 cm heel height for a classic silhouette Available in EU sizes 39-45 for a perfect fit Minimum order of 8 pairs available for wholesale purchases Delivery within 12 days plus&hellip;","_links":{"self":[{"href":"https:\/\/turkishtrade.co\/tr\/wp-json\/wp\/v2\/product\/5112","targetHints":{"allow":["GET"]}}],"collection":[{"href":"https:\/\/turkishtrade.co\/tr\/wp-json\/wp\/v2\/product"}],"about":[{"href":"https:\/\/turkishtrade.co\/tr\/wp-json\/wp\/v2\/types\/product"}],"wp:featuredmedia":[{"embeddable":true,"href":"https:\/\/turkishtrade.co\/tr\/wp-json\/wp\/v2\/media\/3454"}],"wp:attachment":[{"href":"https:\/\/turkishtrade.co\/tr\/wp-json\/wp\/v2\/media?parent=5112"}],"wp:term":[{"taxonomy":"product_brand","embeddable":true,"href":"https:\/\/turkishtrade.co\/tr\/wp-json\/wp\/v2\/product_brand?post=5112"},{"taxonomy":"product_cat","embeddable":true,"href":"https:\/\/turkishtrade.co\/tr\/wp-json\/wp\/v2\/product_cat?post=5112"},{"taxonomy":"product_tag","embeddable":true,"href":"https:\/\/turkishtrade.co\/tr\/wp-json\/wp\/v2\/product_tag?post=5112"}],"curies":[{"name":"wp","href":"https:\/\/api.w.org\/{rel}","templated":true}]}}