{"id":5100,"date":"2026-01-14T11:13:51","date_gmt":"2026-01-14T11:13:51","guid":{"rendered":"https:\/\/turkishtrade.co\/product\/men-navy-cap-toe-derby\/"},"modified":"2026-04-09T19:44:17","modified_gmt":"2026-04-09T19:44:17","slug":"epic-mens-navy-cap-toe-derby-shoes","status":"publish","type":"product","link":"https:\/\/turkishtrade.co\/tr\/shop\/epic-mens-navy-cap-toe-derby-shoes\/","title":{"rendered":"Premium Erkek Lacivert \u015eapkal\u0131 Derby Ayakkab\u0131"},"content":{"rendered":"<p><strong>Erkek Lacivert Cap Toe Derby<\/strong><\/p>\n<p>Ayakkab\u0131 koleksiyonunuzu se\u00e7kin \u00fcr\u00fcnlerimizle geli\u015ftirin <strong>Erkek Lacivert Cap Toe Derby<\/strong> ayakkab\u0131lar, se\u00e7ici beyefendiler i\u00e7in titizlikle \u00fcretilmi\u015ftir. Bu ayakkab\u0131lar sadece bir ayakkab\u0131 de\u011fil; sofistike ve zamans\u0131z bir stilin ifadesidir ve hem resmi etkinlikler hem de \u015f\u0131k g\u00fcndelik topluluklar i\u00e7in m\u00fckemmeldir. Zengin lacivert tonu, geleneksel siyah veya kahverengiye modern bir alternatif sunarak \u00e7ok \u00e7e\u015fitli k\u0131yafetleri tamamlayacak \u00e7ok y\u00f6nl\u00fc stil se\u00e7enekleri sunar. <strong>Erkek Lacivert Cap Toe Derby<\/strong> ayakkab\u0131lar olmazsa olmaz.<\/p>\n<p>D\u0131\u015f y\u00fczeyi \u00fcst\u00fcn kaliteli dana derisinden \u00fcretilen bu <strong>Erkek Lacivert Cap Toe Derby<\/strong> ayakkab\u0131lar ola\u011fan\u00fcst\u00fc dayan\u0131kl\u0131l\u0131k ve yaln\u0131zca ya\u015fland\u0131k\u00e7a iyile\u015fen l\u00fcks bir y\u00fczey vaat ediyor. Farkl\u0131 burun tasar\u0131m\u0131 klasik bir zarafet dokunu\u015fu katarak bu ayakkab\u0131lar\u0131n <strong>Erkek Lacivert Cap Toe Derby<\/strong> ayakkab\u0131lar her gard\u0131rop i\u00e7in m\u00fckemmel bir eklentidir. \u0130\u00e7 k\u0131s\u0131mda, \u00fcst\u00fcn nefes alabilirlik ve yumu\u015fak bir dokunu\u015f sunan esnek ke\u00e7i derisi astar sayesinde ayaklar\u0131n\u0131z benzersiz bir rahatl\u0131k ya\u015fayacak ve yo\u011fun g\u00fcn\u00fcn\u00fcz boyunca konfor sa\u011flayacakt\u0131r. Konfor ve stile olan ba\u011fl\u0131l\u0131\u011f\u0131m\u0131z, her bir \u00e7ift ayakkab\u0131m\u0131zda kendini g\u00f6sterir. <strong>Erkek Lacivert Cap Toe Derby<\/strong> ayakkab\u0131 \u00fcretiyoruz.<\/p>\n<h3>Rakipsiz Konfor ve \u0130\u015f\u00e7ilik<\/h3>\n<p>Bu ola\u011fan\u00fcst\u00fc eserlerin temeli <strong>Erkek Lacivert Cap Toe Derby<\/strong> ayakkab\u0131lar\u0131n\u0131n yenilik\u00e7i Microlight taban\u0131d\u0131r. \u00dcst\u00fcn konfor ve inan\u0131lmaz hafiflik i\u00e7in tasarlanan bu taban, dayan\u0131kl\u0131l\u0131k veya kavramadan \u00f6d\u00fcn vermeden ayakkab\u0131n\u0131n toplam a\u011f\u0131rl\u0131\u011f\u0131n\u0131 \u00f6nemli \u00f6l\u00e7\u00fcde azalt\u0131r. \u0130ster \u015fehir sokaklar\u0131nda geziniyor ister \u00f6nemli bir etkinli\u011fe kat\u0131l\u0131yor olun, ayakkab\u0131m\u0131z\u0131n zahmetsiz hissini ve g\u00fcvenilir tutu\u015funu takdir edeceksiniz. <strong>Erkek Lacivert Cap Toe Derby<\/strong> ayakkab\u0131 sa\u011flar. Bu muhte\u015fem ayakkab\u0131lar\u0131 sunuyoruz <strong>Erkek Lacivert Cap Toe Derby<\/strong> 39'dan 45'e kadar kapsaml\u0131 bir Avrupa beden yelpazesinde ayakkab\u0131lar, farkl\u0131 bir m\u00fc\u015fteri kitlesi i\u00e7in m\u00fckemmel uyumu garanti eder.<\/p>\n<h3>Premium Ayakkab\u0131lar i\u00e7in Toptan Sat\u0131\u015f F\u0131rsat\u0131<\/h3>\n<p>Y\u00fcksek kaliteli ayakkab\u0131 stoklamak isteyen i\u015fletmeler i\u00e7in <strong>Erkek Lacivert Cap Toe Derby<\/strong> ayakkab\u0131lar minimum 8 \u00e7ift sipari\u015fle toptan sat\u0131n al\u0131nabilir. Her bir \u00e7ift, bu kalibrede bir \u00fcr\u00fcn i\u00e7in m\u00fckemmel de\u011feri temsil eden rekabet\u00e7i fiyatla sunulmaktad\u0131r. Sipari\u015flerin 12 g\u00fcn i\u00e7inde i\u015flenip g\u00f6nderilmesi ve ard\u0131ndan standart nakliye ile verimli hizmet sunmaktan gurur duyuyoruz. Kal\u0131c\u0131 \u00e7ekicili\u011fimize ve \u00fcst\u00fcn i\u015f\u00e7ili\u011fimize yat\u0131r\u0131m yap\u0131n <strong>Erkek Lacivert Cap Toe Derby<\/strong> ayakkab\u0131lar\u0131n\u0131 se\u00e7in ve m\u00fc\u015fterilerinize ger\u00e7ekten \u00f6ne \u00e7\u0131kan bir \u00fcr\u00fcn sunun. Bu ola\u011fan\u00fcst\u00fc ayakkab\u0131lar\u0131 se\u00e7ti\u011finizde her ad\u0131mda gelenek, yenilik ve stilin m\u00fckemmel kar\u0131\u015f\u0131m\u0131n\u0131 deneyimleyin <strong>Erkek Lacivert Cap Toe Derby<\/strong> Ayakkab\u0131lar.<\/p>","protected":false},"excerpt":{"rendered":"<ul>\n<li><strong>Zarif Tasar\u0131m:<\/strong> Sofistike lacivert renk tonunda modern kap toe derby stili.<\/li>\n<li><strong>Premium Malzemeler:<\/strong> L\u00fcks dana derisi d\u0131\u015f y\u00fczey, \u00fcst\u00fcn konfor i\u00e7in yumu\u015fak ke\u00e7i derisi astar ile e\u015fle\u015ftirilmi\u015ftir.<\/li>\n<li><strong>Hafif Konfor:<\/strong> Dayan\u0131kl\u0131 ancak inan\u0131lmaz derecede hafif Microlight taban\u0131 g\u00fcn boyu kullan\u0131m i\u00e7in m\u00fckemmeldir.<\/li>\n<li><strong>Avrupa Beden:<\/strong> M\u00fckemmel bir uyum sa\u011flamak i\u00e7in 39, 40, 41, 42, 43, 44, 45 bedenleri mevcuttur.<\/li>\n<li><strong>Toptan Sat\u0131\u015f:<\/strong> Minimum sipari\u015f miktar\u0131 \u00e7ift ba\u015f\u0131na \u00f6zel toptan sat\u0131\u015f fiyat\u0131 ile 8 \u00e7ifttir.<\/li>\n<li><strong>Etkili Teslimat:<\/strong> Sipari\u015fler 12 g\u00fcn art\u0131 standart kargo ge\u00e7i\u015f s\u00fcresi i\u00e7inde g\u00f6nderilir.<\/li>\n<\/ul>","protected":false},"featured_media":3446,"template":"","meta":{"_acf_changed":false,"_uag_custom_page_level_css":"","site-sidebar-layout":"default","site-content-layout":"","ast-site-content-layout":"default","site-content-style":"default","site-sidebar-style":"default","ast-global-header-display":"","ast-banner-title-visibility":"","ast-main-header-display":"","ast-hfb-above-header-display":"","ast-hfb-below-header-display":"","ast-hfb-mobile-header-display":"","site-post-title":"","ast-breadcrumbs-content":"","ast-featured-img":"","footer-sml-layout":"","ast-disable-related-posts":"","theme-transparent-header-meta":"default","adv-header-id-meta":"","stick-header-meta":"","header-above-stick-meta":"","header-main-stick-meta":"","header-below-stick-meta":"","astra-migrate-meta-layouts":"set","ast-page-background-enabled":"default","ast-page-background-meta":{"desktop":{"background-color":"var(--ast-global-color-4)","background-image":"","background-repeat":"repeat","background-position":"center center","background-size":"auto","background-attachment":"scroll","background-type":"","background-media":"","overlay-type":"","overlay-color":"","overlay-opacity":"","overlay-gradient":""},"tablet":{"background-color":"","background-image":"","background-repeat":"repeat","background-position":"center center","background-size":"auto","background-attachment":"scroll","background-type":"","background-media":"","overlay-type":"","overlay-color":"","overlay-opacity":"","overlay-gradient":""},"mobile":{"background-color":"","background-image":"","background-repeat":"repeat","background-position":"center center","background-size":"auto","background-attachment":"scroll","background-type":"","background-media":"","overlay-type":"","overlay-color":"","overlay-opacity":"","overlay-gradient":""}},"ast-content-background-meta":{"desktop":{"background-color":"var(--ast-global-color-5)","background-image":"","background-repeat":"repeat","background-position":"center center","background-size":"auto","background-attachment":"scroll","background-type":"","background-media":"","overlay-type":"","overlay-color":"","overlay-opacity":"","overlay-gradient":""},"tablet":{"background-color":"var(--ast-global-color-5)","background-image":"","background-repeat":"repeat","background-position":"center center","background-size":"auto","background-attachment":"scroll","background-type":"","background-media":"","overlay-type":"","overlay-color":"","overlay-opacity":"","overlay-gradient":""},"mobile":{"background-color":"var(--ast-global-color-5)","background-image":"","background-repeat":"repeat","background-position":"center center","background-size":"auto","background-attachment":"scroll","background-type":"","background-media":"","overlay-type":"","overlay-color":"","overlay-opacity":"","overlay-gradient":""}}},"product_brand":[],"product_cat":[47,430,40],"product_tag":[202,458,212,284,251,437,227,198,466,428,709,210,285,281],"class_list":{"0":"post-5100","1":"product","2":"type-product","3":"status-publish","4":"has-post-thumbnail","6":"product_cat-classic","7":"product_cat-men","8":"product_cat-mens-shoes","9":"product_tag-calf-leather","10":"product_tag-cap-toe-shoes","11":"product_tag-derby-shoes","12":"product_tag-dress-shoes","13":"product_tag-formal-shoes","14":"product_tag-goat-leather","15":"product_tag-leather-shoes","16":"product_tag-mens-fashion","17":"product_tag-microlight-sole","18":"product_tag-navy-blue-shoes","19":"product_tag-quality-footwear","20":"product_tag-smart-casual","21":"product_tag-turkish-shoes","22":"product_tag-wholesale-shoes","23":"desktop-align-center","24":"tablet-align-center","25":"mobile-align-center","27":"first","28":"instock","29":"shipping-taxable","30":"purchasable","31":"product-type-variable","32":"has-default-attributes"},"acf":[],"uagb_featured_image_src":{"full":["https:\/\/turkishtrade.co\/wp-content\/uploads\/2026\/01\/2400EJOMN00069-Blue-Y-873.png",453,250,false],"thumbnail":["https:\/\/turkishtrade.co\/wp-content\/uploads\/2026\/01\/2400EJOMN00069-Blue-Y-873-150x150.png",150,150,true],"medium":["https:\/\/turkishtrade.co\/wp-content\/uploads\/2026\/01\/2400EJOMN00069-Blue-Y-873-300x166.png",300,166,true],"medium_large":["https:\/\/turkishtrade.co\/wp-content\/uploads\/2026\/01\/2400EJOMN00069-Blue-Y-873.png",453,250,false],"large":["https:\/\/turkishtrade.co\/wp-content\/uploads\/2026\/01\/2400EJOMN00069-Blue-Y-873.png",453,250,false],"1536x1536":["https:\/\/turkishtrade.co\/wp-content\/uploads\/2026\/01\/2400EJOMN00069-Blue-Y-873.png",453,250,false],"2048x2048":["https:\/\/turkishtrade.co\/wp-content\/uploads\/2026\/01\/2400EJOMN00069-Blue-Y-873.png",453,250,false],"trp-custom-language-flag":["https:\/\/turkishtrade.co\/wp-content\/uploads\/2026\/01\/2400EJOMN00069-Blue-Y-873-18x10.png",18,10,true],"woocommerce_thumbnail":["https:\/\/turkishtrade.co\/wp-content\/uploads\/2026\/01\/2400EJOMN00069-Blue-Y-873-400x250.png",400,250,true],"woocommerce_single":["https:\/\/turkishtrade.co\/wp-content\/uploads\/2026\/01\/2400EJOMN00069-Blue-Y-873.png",453,250,false],"woocommerce_gallery_thumbnail":["https:\/\/turkishtrade.co\/wp-content\/uploads\/2026\/01\/2400EJOMN00069-Blue-Y-873-100x100.png",100,100,true]},"uagb_author_info":{"display_name":"yaser olabi","author_link":"https:\/\/turkishtrade.co\/tr\/author\/"},"uagb_comment_info":0,"uagb_excerpt":"Exquisite Design: Modern cap toe derby style in a sophisticated navy blue hue. Premium Materials: Luxurious calf leather exterior paired with soft goat leather lining for ultimate comfort. Lightweight Comfort: Features a durable yet incredibly light Microlight sole, perfect for all-day wear. European Sizing: Available in sizes 39, 40, 41, 42, 43, 44, 45 to&hellip;","_links":{"self":[{"href":"https:\/\/turkishtrade.co\/tr\/wp-json\/wp\/v2\/product\/5100","targetHints":{"allow":["GET"]}}],"collection":[{"href":"https:\/\/turkishtrade.co\/tr\/wp-json\/wp\/v2\/product"}],"about":[{"href":"https:\/\/turkishtrade.co\/tr\/wp-json\/wp\/v2\/types\/product"}],"wp:featuredmedia":[{"embeddable":true,"href":"https:\/\/turkishtrade.co\/tr\/wp-json\/wp\/v2\/media\/3446"}],"wp:attachment":[{"href":"https:\/\/turkishtrade.co\/tr\/wp-json\/wp\/v2\/media?parent=5100"}],"wp:term":[{"taxonomy":"product_brand","embeddable":true,"href":"https:\/\/turkishtrade.co\/tr\/wp-json\/wp\/v2\/product_brand?post=5100"},{"taxonomy":"product_cat","embeddable":true,"href":"https:\/\/turkishtrade.co\/tr\/wp-json\/wp\/v2\/product_cat?post=5100"},{"taxonomy":"product_tag","embeddable":true,"href":"https:\/\/turkishtrade.co\/tr\/wp-json\/wp\/v2\/product_tag?post=5100"}],"curies":[{"name":"wp","href":"https:\/\/api.w.org\/{rel}","templated":true}]}}