{"id":5095,"date":"2026-01-14T11:13:07","date_gmt":"2026-01-14T11:13:07","guid":{"rendered":"https:\/\/turkishtrade.co\/product\/men-blue-leather-derby-shoes\/"},"modified":"2026-04-09T19:44:26","modified_gmt":"2026-04-09T19:44:26","slug":"mens-blue-leather-derby-shoes","status":"publish","type":"product","link":"https:\/\/turkishtrade.co\/tr\/shop\/mens-blue-leather-derby-shoes\/","title":{"rendered":"L\u00fcks Erkek Mavi Dana Derisi Derby Ayakkab\u0131"},"content":{"rendered":"<p><strong>Erkek Mavi Deri Derby Ayakkab\u0131<\/strong><\/p>\n<p>Enfes \u00fcr\u00fcnlerimizle rafine bir zarafet d\u00fcnyas\u0131na ad\u0131m at\u0131n <b>Erkek Mavi Deri Derby Ayakkab\u0131<\/b>. Hem benzersiz bir stil hem de kal\u0131c\u0131 bir konfor sunmak i\u00e7in titizlikle haz\u0131rlanan bu ayakkab\u0131lar, \u00fcst\u00fcn i\u015f\u00e7ili\u011fin bir kan\u0131t\u0131d\u0131r. Se\u00e7ici beyefendiler i\u00e7in m\u00fckemmel olan bu <b>Erkek Mavi Deri Derby Ayakkab\u0131<\/b> Klasik tasar\u0131m\u0131 modern incelikle kusursuz bir \u015fekilde harmanlayan bu ayakkab\u0131lar, her gard\u0131rop i\u00e7in vazge\u00e7ilmez bir eklentidir. Bu \u00e7arp\u0131c\u0131 ayakkab\u0131larla ayakkab\u0131 koleksiyonunuzu y\u00fckseltin <b>Erkek Mavi Deri Derby Ayakkab\u0131<\/b>.<\/p>\n<h3>Rakipsiz Malzemeler ve Zanaatkar \u0130\u015f\u00e7ili\u011fi<\/h3>\n<p>Her bir \u00e7ift, esnek dokusu, do\u011fal parlakl\u0131\u011f\u0131 ve ola\u011fan\u00fcst\u00fc dayan\u0131kl\u0131l\u0131\u011f\u0131 i\u00e7in se\u00e7ilen l\u00fcks dana derisi d\u0131\u015f y\u00fczeyle ba\u015flar. Bu birinci s\u0131n\u0131f d\u0131\u015f y\u00fczey, ayakkab\u0131n\u0131z\u0131n <b>Erkek Mavi Deri Derby Ayakkab\u0131<\/b> sadece muhte\u015fem g\u00f6r\u00fcnmekle kalmaz, ayn\u0131 zamanda g\u00fcnl\u00fck kullan\u0131m\u0131n zorluklar\u0131na da dayan\u0131r ve zaman i\u00e7inde zarif bir \u015fekilde zengin bir patina geli\u015ftirir. \u0130\u00e7 k\u0131s\u0131mda bulunan p\u00fcr\u00fczs\u00fcz, nefes alabilen ke\u00e7i derisi astar, ki\u015fiselle\u015ftirilmi\u015f bir uyum i\u00e7in aya\u011f\u0131n\u0131za g\u00f6re \u015fekillenen ola\u011fan\u00fcst\u00fc bir konfor sa\u011flar. S\u00fcrt\u00fcnmeyi en aza indiren ve havaland\u0131rmay\u0131 art\u0131rarak ayaklar\u0131n\u0131z\u0131 uzun g\u00fcnler boyunca rahat tutan ke\u00e7i derisinin yumu\u015fak kucaklamas\u0131n\u0131 takdir edeceksiniz. Bunlar <b>Erkek Mavi Deri Derby Ayakkab\u0131<\/b> ger\u00e7ekten i\u00e7ten d\u0131\u015fa birinci s\u0131n\u0131f bir his sunarak giymeyi bir keyif haline getirir.<\/p>\n<h3>Sofistike Tasar\u0131m ve \u00dcst\u00fcn Konfor<\/h3>\n<p>Ayakkab\u0131n\u0131n alt\u0131ndaki yenilik\u00e7i Microlight taban, hafif ancak sa\u011flam bir temel sunar. Bu geli\u015fmi\u015f taban teknolojisi, ayakkab\u0131n\u0131n zarif siluetinden \u00f6d\u00fcn vermeden m\u00fckemmel kavrama ve esneklik sa\u011flar. Taban\u0131 tamamlayan 1-3 cm'lik ince topuk, rahat bir y\u00fcr\u00fcy\u00fc\u015f sa\u011flarken klasik bir resmiyet dokunu\u015fu katar. Sofistike ayakkab\u0131lar\u0131n alametifarikas\u0131 olan ay\u0131rt edici burun tasar\u0131m\u0131, bu ola\u011fan\u00fcst\u00fc ayakkab\u0131ya cilal\u0131 bir g\u00f6r\u00fcn\u00fcm katar. <b>Erkek Mavi Deri Derby Ayakkab\u0131<\/b>, Nereye giderseniz gidin \u00e7arp\u0131c\u0131 bir izlenim b\u0131rakman\u0131z\u0131 sa\u011flar. Derby tarz\u0131n\u0131n a\u00e7\u0131k ba\u011fc\u0131k sistemi de \u00e7ok y\u00f6nl\u00fc bir uyum sa\u011flayarak \u00e7e\u015fitli ayak \u015fekillerine kolayl\u0131kla uyum sa\u011flar. Bu ola\u011fan\u00fcst\u00fc ayakkab\u0131larla gelenek ve yenili\u011fin m\u00fckemmel birle\u015fimini deneyimleyin <b>Erkek Mavi Deri Derby Ayakkab\u0131<\/b>.<\/p>\n<h3><\/h3>\n<p>&nbsp;<\/p>","protected":false},"excerpt":{"rendered":"<ul>\n<li>Sofistike bir \u00e7ekicilik i\u00e7in hakiki dana derisinden \u00fcretilmi\u015ftir.<\/li>\n<li>\u00dcst\u00fcn konfor i\u00e7in l\u00fcks ve nefes alabilen ke\u00e7i derisi i\u00e7 k\u0131sma sahiptir.<\/li>\n<li>Hafif ve esnek Microlight taban ile donat\u0131lm\u0131\u015ft\u0131r.<\/li>\n<li>Zamans\u0131z bir \u015f\u0131kl\u0131k i\u00e7in 1-3 cm'lik ince topuklu klasik kap-toe derby tasar\u0131m.<\/li>\n<li>Kapsaml\u0131 bir beden aral\u0131\u011f\u0131nda mevcuttur: 39, 40, 41, 42, 43, 44, 45.<\/li>\n<li><strong>Toplu sipari\u015fler mevcuttur: Sipari\u015f ba\u015f\u0131na minimum 8 \u00e7ift.<\/strong><\/li>\n<\/ul>","protected":false},"featured_media":3443,"template":"","meta":{"_acf_changed":false,"_uag_custom_page_level_css":"","site-sidebar-layout":"default","site-content-layout":"","ast-site-content-layout":"default","site-content-style":"default","site-sidebar-style":"default","ast-global-header-display":"","ast-banner-title-visibility":"","ast-main-header-display":"","ast-hfb-above-header-display":"","ast-hfb-below-header-display":"","ast-hfb-mobile-header-display":"","site-post-title":"","ast-breadcrumbs-content":"","ast-featured-img":"","footer-sml-layout":"","ast-disable-related-posts":"","theme-transparent-header-meta":"default","adv-header-id-meta":"","stick-header-meta":"","header-above-stick-meta":"","header-main-stick-meta":"","header-below-stick-meta":"","astra-migrate-meta-layouts":"set","ast-page-background-enabled":"default","ast-page-background-meta":{"desktop":{"background-color":"var(--ast-global-color-4)","background-image":"","background-repeat":"repeat","background-position":"center center","background-size":"auto","background-attachment":"scroll","background-type":"","background-media":"","overlay-type":"","overlay-color":"","overlay-opacity":"","overlay-gradient":""},"tablet":{"background-color":"","background-image":"","background-repeat":"repeat","background-position":"center center","background-size":"auto","background-attachment":"scroll","background-type":"","background-media":"","overlay-type":"","overlay-color":"","overlay-opacity":"","overlay-gradient":""},"mobile":{"background-color":"","background-image":"","background-repeat":"repeat","background-position":"center center","background-size":"auto","background-attachment":"scroll","background-type":"","background-media":"","overlay-type":"","overlay-color":"","overlay-opacity":"","overlay-gradient":""}},"ast-content-background-meta":{"desktop":{"background-color":"var(--ast-global-color-5)","background-image":"","background-repeat":"repeat","background-position":"center center","background-size":"auto","background-attachment":"scroll","background-type":"","background-media":"","overlay-type":"","overlay-color":"","overlay-opacity":"","overlay-gradient":""},"tablet":{"background-color":"var(--ast-global-color-5)","background-image":"","background-repeat":"repeat","background-position":"center center","background-size":"auto","background-attachment":"scroll","background-type":"","background-media":"","overlay-type":"","overlay-color":"","overlay-opacity":"","overlay-gradient":""},"mobile":{"background-color":"var(--ast-global-color-5)","background-image":"","background-repeat":"repeat","background-position":"center center","background-size":"auto","background-attachment":"scroll","background-type":"","background-media":"","overlay-type":"","overlay-color":"","overlay-opacity":"","overlay-gradient":""}}},"product_brand":[],"product_cat":[47,430,40],"product_tag":[705,405,185,458,201,189,219,615,416,704,706,324,198,466],"class_list":{"0":"post-5095","1":"product","2":"type-product","3":"status-publish","4":"has-post-thumbnail","6":"product_cat-classic","7":"product_cat-men","8":"product_cat-mens-shoes","9":"product_tag-blue-derby-shoes","10":"product_tag-business-shoes","11":"product_tag-calf-leather-shoes","12":"product_tag-cap-toe-shoes","13":"product_tag-formal-footwear","14":"product_tag-goat-leather-lining","15":"product_tag-handmade-shoes","16":"product_tag-leather-formal-shoes","17":"product_tag-luxury-shoes","18":"product_tag-mens-blue-leather-derby-shoes","19":"product_tag-mens-blue-shoes","20":"product_tag-mens-dress-shoes","21":"product_tag-mens-fashion","22":"product_tag-microlight-sole","23":"desktop-align-center","24":"tablet-align-center","25":"mobile-align-center","27":"first","28":"instock","29":"shipping-taxable","30":"purchasable","31":"product-type-variable","32":"has-default-attributes"},"acf":[],"uagb_featured_image_src":{"full":["https:\/\/turkishtrade.co\/wp-content\/uploads\/2026\/01\/2400EJOMN00067-Blue-B-125.png",453,250,false],"thumbnail":["https:\/\/turkishtrade.co\/wp-content\/uploads\/2026\/01\/2400EJOMN00067-Blue-B-125-150x150.png",150,150,true],"medium":["https:\/\/turkishtrade.co\/wp-content\/uploads\/2026\/01\/2400EJOMN00067-Blue-B-125-300x166.png",300,166,true],"medium_large":["https:\/\/turkishtrade.co\/wp-content\/uploads\/2026\/01\/2400EJOMN00067-Blue-B-125.png",453,250,false],"large":["https:\/\/turkishtrade.co\/wp-content\/uploads\/2026\/01\/2400EJOMN00067-Blue-B-125.png",453,250,false],"1536x1536":["https:\/\/turkishtrade.co\/wp-content\/uploads\/2026\/01\/2400EJOMN00067-Blue-B-125.png",453,250,false],"2048x2048":["https:\/\/turkishtrade.co\/wp-content\/uploads\/2026\/01\/2400EJOMN00067-Blue-B-125.png",453,250,false],"trp-custom-language-flag":["https:\/\/turkishtrade.co\/wp-content\/uploads\/2026\/01\/2400EJOMN00067-Blue-B-125-18x10.png",18,10,true],"woocommerce_thumbnail":["https:\/\/turkishtrade.co\/wp-content\/uploads\/2026\/01\/2400EJOMN00067-Blue-B-125-400x250.png",400,250,true],"woocommerce_single":["https:\/\/turkishtrade.co\/wp-content\/uploads\/2026\/01\/2400EJOMN00067-Blue-B-125.png",453,250,false],"woocommerce_gallery_thumbnail":["https:\/\/turkishtrade.co\/wp-content\/uploads\/2026\/01\/2400EJOMN00067-Blue-B-125-100x100.png",100,100,true]},"uagb_author_info":{"display_name":"yaser olabi","author_link":"https:\/\/turkishtrade.co\/tr\/author\/"},"uagb_comment_info":0,"uagb_excerpt":"Crafted from a genuine calf leather exterior for sophisticated appeal. Features a luxurious and breathable goat leather interior for ultimate comfort. Equipped with a lightweight and flexible Microlight sole. Classic cap-toe derby design with a subtle 1-3 cm heel for timeless elegance. Available in a comprehensive size range: 39, 40, 41, 42, 43, 44, 45.&hellip;","_links":{"self":[{"href":"https:\/\/turkishtrade.co\/tr\/wp-json\/wp\/v2\/product\/5095","targetHints":{"allow":["GET"]}}],"collection":[{"href":"https:\/\/turkishtrade.co\/tr\/wp-json\/wp\/v2\/product"}],"about":[{"href":"https:\/\/turkishtrade.co\/tr\/wp-json\/wp\/v2\/types\/product"}],"wp:featuredmedia":[{"embeddable":true,"href":"https:\/\/turkishtrade.co\/tr\/wp-json\/wp\/v2\/media\/3443"}],"wp:attachment":[{"href":"https:\/\/turkishtrade.co\/tr\/wp-json\/wp\/v2\/media?parent=5095"}],"wp:term":[{"taxonomy":"product_brand","embeddable":true,"href":"https:\/\/turkishtrade.co\/tr\/wp-json\/wp\/v2\/product_brand?post=5095"},{"taxonomy":"product_cat","embeddable":true,"href":"https:\/\/turkishtrade.co\/tr\/wp-json\/wp\/v2\/product_cat?post=5095"},{"taxonomy":"product_tag","embeddable":true,"href":"https:\/\/turkishtrade.co\/tr\/wp-json\/wp\/v2\/product_tag?post=5095"}],"curies":[{"name":"wp","href":"https:\/\/api.w.org\/{rel}","templated":true}]}}