{"id":5091,"date":"2026-01-14T11:12:27","date_gmt":"2026-01-14T11:12:27","guid":{"rendered":"https:\/\/turkishtrade.co\/product\/mens-exotic-leather-monk-shoes\/"},"modified":"2026-04-09T19:44:33","modified_gmt":"2026-04-09T19:44:33","slug":"mens-exotic-leather-monk-shoes","status":"publish","type":"product","link":"https:\/\/turkishtrade.co\/tr\/shop\/mens-exotic-leather-monk-shoes\/","title":{"rendered":"Premium Erkek Kahverengi Egzotik Deri Monk Ayakkab\u0131"},"content":{"rendered":"<p><strong>Erkek Egzotik Deri Monk Ayakkab\u0131<\/strong><\/p>\n<p>Zarif ayakkab\u0131lar\u0131m\u0131zla sofistike ayakkab\u0131n\u0131n \u00f6z\u00fcn\u00fc ke\u015ffedin <b>Erkek Egzotik Deri Monk Ayakkab\u0131<\/b>. Modern beyefendiler i\u00e7in ustal\u0131kla \u00fcretilen bu ayakkab\u0131lar, zamans\u0131z \u015f\u0131kl\u0131\u011f\u0131 benzersiz konforla harmanl\u0131yor. Hem profesyonel ortamlar hem de \u015f\u0131k ve g\u00fcndelik durumlar i\u00e7in m\u00fckemmel olan bu ayakkab\u0131lar\u0131n benzersiz tasar\u0131m\u0131, rafine bir stil ve farkl\u0131 bir duru\u015fla \u00f6ne \u00e7\u0131kman\u0131z\u0131 sa\u011flar.<\/p>\n<h3>Rakipsiz \u0130\u015f\u00e7ilik ve Birinci S\u0131n\u0131f Malzemeler<\/h3>\n<p>Her bir \u00e7iftimiz <b>Erkek Egzotik Deri Monk Ayakkab\u0131<\/b> \u00fcst\u00fcn i\u015f\u00e7ili\u011fin ve detaylara g\u00f6sterilen \u00f6zenin bir kan\u0131t\u0131d\u0131r. D\u0131\u015f y\u00fczeyi, p\u00fcr\u00fczs\u00fcz dokusu ve ola\u011fan\u00fcst\u00fc dayan\u0131kl\u0131l\u0131\u011f\u0131yla tan\u0131nan hakiki, y\u00fcksek kaliteli dana derisinden \u00fcretilmi\u015ftir. Bu ayakkab\u0131y\u0131 di\u011ferlerinden ay\u0131ran en \u00f6nemli \u00f6zellik, ayakkab\u0131y\u0131 s\u00fcsleyen egzotik kabartmal\u0131 desendir ve bu desen cesur bir sofistike dokunu\u015f ve g\u00f6rsel entrika katar. \u0130\u00e7 k\u0131sm\u0131 son derece yumu\u015fak ke\u00e7i derisiyle astarlanm\u0131\u015ft\u0131r, aya\u011fa l\u00fcks bir his verir ve ola\u011fan\u00fcst\u00fc nefes alabilirlik sa\u011flayarak ayaklar\u0131n\u0131z\u0131n g\u00fcn boyunca rahat ve ferah kalmas\u0131n\u0131 sa\u011flar.<\/p>\n<h3>Konfor ve Kal\u0131c\u0131 Stil i\u00e7in Tasarland\u0131<\/h3>\n<p>D\u00fc\u015f\u00fcnceli tasar\u0131m, yenilik\u00e7i hafif Microlight yap\u0131ya sahip tabana kadar uzan\u0131r. Bu geli\u015fmi\u015f taban m\u00fckemmel esneklik ve yast\u0131klama sunarak bu ayakkab\u0131lar\u0131 <b>Erkek Egzotik Deri Monk Ayakkab\u0131<\/b> stilden zerre \u00f6d\u00fcn vermeden uzun s\u00fcreli kullan\u0131m i\u00e7in idealdir. 1-3 cm'lik ince topuk y\u00fcksekli\u011fi ile her t\u00fcrl\u00fc se\u00e7kin gard\u0131robu tamamlayan klasik ve zarif bir profil sunar. Tekli monk kay\u0131\u015f\u0131, minimalist olmas\u0131na ra\u011fmen zarif bir dokunu\u015f katarak bu ayakkab\u0131lar\u0131 hem giymesi kolay hem de her durum i\u00e7in zahmetsizce \u015f\u0131k hale getirir.<\/p>\n<h3>Her Durum i\u00e7in \u00c7ok Y\u00f6nl\u00fcl\u00fck<\/h3>\n<p>\u0130ster \u00f6nemli bir i\u015f toplant\u0131s\u0131na, ister resmi bir etkinli\u011fe gidiyor olun, ister sadece g\u00fcnl\u00fck k\u0131yafetlerinizi y\u00fckseltiyor olun, bu birinci s\u0131n\u0131f kahverengi monk ayakkab\u0131lar inan\u0131lmaz bir \u00e7ok y\u00f6nl\u00fcl\u00fck sunar. Zengin, koyu kahverengi renkleri ve benzersiz egzotik dokular\u0131, \u00f6zel dikim tak\u0131m elbiseler, \u015f\u0131k pantolonlar ve hatta sofistike koyu renk denimlerle sorunsuz bir \u015fekilde e\u015fle\u015fmelerini sa\u011flar. Premium ayakkab\u0131lar\u0131m\u0131zla kal\u0131c\u0131 stil ve konfora yat\u0131r\u0131m yap\u0131n <b>Erkek Egzotik Deri Monk Ayakkab\u0131<\/b>, modaya duyarl\u0131 ve kendini ifade etmek isteyen her birey i\u00e7in ger\u00e7ek bir elyaft\u0131r.<\/p>\n<h3>\u0130\u015fletmeler i\u00e7in Toptan Sat\u0131\u015f F\u0131rsat\u0131<\/h3>\n<p>Y\u00fcksek kaliteli erkek ayakkab\u0131s\u0131 arayan perakendeciler ve i\u015fletmeler i\u00e7in koleksiyonumuz <b>Erkek Egzotik Deri Monk Ayakkab\u0131<\/b> toptan sat\u0131\u015f i\u00e7in mevcuttur. Toplu sipari\u015fler i\u00e7in minimum 8 \u00e7iftten ba\u015flayan rekabet\u00e7i fiyatlar sunuyoruz. Yakla\u015f\u0131k 12 g\u00fcnl\u00fck tahmini teslimat s\u00fcresi ve nakliye ile envanterinizi geni\u015f bir m\u00fc\u015fteri kitlesine hitap eden, arzu edilen, el yap\u0131m\u0131 ayakkab\u0131larla verimli bir \u015fekilde stoklayabilirsiniz. Zanaatkar kalitesini pazar cazibesi ve kan\u0131tlanm\u0131\u015f konforla birle\u015ftiren bu ola\u011fan\u00fcst\u00fc ayakkab\u0131larla premium ayakkab\u0131 se\u00e7iminizi geni\u015fletin.<\/p>","protected":false},"excerpt":{"rendered":"<ul>\n<li>Egzotik Kabartmal\u0131 S\u0131rtl\u0131 Premium Dana Derisi D\u0131\u015f Y\u00fczey<\/li>\n<li>Nefes Alabilirlik i\u00e7in L\u00fcks Ke\u00e7i Derisi \u0130\u00e7 Astar<\/li>\n<li>T\u00fcm G\u00fcn Konfor ve Esneklik i\u00e7in Hafif Microlight Taban<\/li>\n<li>Klasik ve Zarif Bir Profil i\u00e7in Hafif Al\u00e7ak Topuk (1-3 cm)<\/li>\n<li>Bedenlerde mevcuttur: 39, 40, 41, 42, 43, 44, 45<\/li>\n<li>Minimum Sipari\u015f Miktar\u0131: 8 \u00c7ift<\/li>\n<li>Tahmini Teslim S\u00fcresi: 12 G\u00fcn + Kargo<\/li>\n<\/ul>","protected":false},"featured_media":3441,"template":"","meta":{"_acf_changed":false,"_uag_custom_page_level_css":"","site-sidebar-layout":"default","site-content-layout":"","ast-site-content-layout":"default","site-content-style":"default","site-sidebar-style":"default","ast-global-header-display":"","ast-banner-title-visibility":"","ast-main-header-display":"","ast-hfb-above-header-display":"","ast-hfb-below-header-display":"","ast-hfb-mobile-header-display":"","site-post-title":"","ast-breadcrumbs-content":"","ast-featured-img":"","footer-sml-layout":"","ast-disable-related-posts":"","theme-transparent-header-meta":"default","adv-header-id-meta":"","stick-header-meta":"","header-above-stick-meta":"","header-main-stick-meta":"","header-below-stick-meta":"","astra-migrate-meta-layouts":"set","ast-page-background-enabled":"default","ast-page-background-meta":{"desktop":{"background-color":"var(--ast-global-color-4)","background-image":"","background-repeat":"repeat","background-position":"center center","background-size":"auto","background-attachment":"scroll","background-type":"","background-media":"","overlay-type":"","overlay-color":"","overlay-opacity":"","overlay-gradient":""},"tablet":{"background-color":"","background-image":"","background-repeat":"repeat","background-position":"center center","background-size":"auto","background-attachment":"scroll","background-type":"","background-media":"","overlay-type":"","overlay-color":"","overlay-opacity":"","overlay-gradient":""},"mobile":{"background-color":"","background-image":"","background-repeat":"repeat","background-position":"center center","background-size":"auto","background-attachment":"scroll","background-type":"","background-media":"","overlay-type":"","overlay-color":"","overlay-opacity":"","overlay-gradient":""}},"ast-content-background-meta":{"desktop":{"background-color":"var(--ast-global-color-5)","background-image":"","background-repeat":"repeat","background-position":"center center","background-size":"auto","background-attachment":"scroll","background-type":"","background-media":"","overlay-type":"","overlay-color":"","overlay-opacity":"","overlay-gradient":""},"tablet":{"background-color":"var(--ast-global-color-5)","background-image":"","background-repeat":"repeat","background-position":"center center","background-size":"auto","background-attachment":"scroll","background-type":"","background-media":"","overlay-type":"","overlay-color":"","overlay-opacity":"","overlay-gradient":""},"mobile":{"background-color":"var(--ast-global-color-5)","background-image":"","background-repeat":"repeat","background-position":"center center","background-size":"auto","background-attachment":"scroll","background-type":"","background-media":"","overlay-type":"","overlay-color":"","overlay-opacity":"","overlay-gradient":""}}},"product_brand":[],"product_cat":[47,430,40],"product_tag":[199,202,697,251,189,450,698,696,466,362,184,411,254],"class_list":{"0":"post-5091","1":"product","2":"type-product","3":"status-publish","4":"has-post-thumbnail","6":"product_cat-classic","7":"product_cat-men","8":"product_cat-mens-shoes","9":"product_tag-brown-dress-shoes","10":"product_tag-calf-leather","11":"product_tag-exotic-leather-shoes","12":"product_tag-formal-shoes","13":"product_tag-goat-leather-lining","14":"product_tag-handcrafted-shoes","15":"product_tag-italian-style-shoes","16":"product_tag-mens-monk-shoes","17":"product_tag-microlight-sole","18":"product_tag-premium-footwear","19":"product_tag-slip-on-shoes","20":"product_tag-textured-leather-shoes","21":"product_tag-wholesale-footwear","22":"desktop-align-center","23":"tablet-align-center","24":"mobile-align-center","26":"first","27":"instock","28":"shipping-taxable","29":"purchasable","30":"product-type-variable","31":"has-default-attributes"},"acf":[],"uagb_featured_image_src":{"full":["https:\/\/turkishtrade.co\/wp-content\/uploads\/2026\/01\/2400EJOMN00065-Dark-Brown-Z-623-1.png",453,250,false],"thumbnail":["https:\/\/turkishtrade.co\/wp-content\/uploads\/2026\/01\/2400EJOMN00065-Dark-Brown-Z-623-1-150x150.png",150,150,true],"medium":["https:\/\/turkishtrade.co\/wp-content\/uploads\/2026\/01\/2400EJOMN00065-Dark-Brown-Z-623-1-300x166.png",300,166,true],"medium_large":["https:\/\/turkishtrade.co\/wp-content\/uploads\/2026\/01\/2400EJOMN00065-Dark-Brown-Z-623-1.png",453,250,false],"large":["https:\/\/turkishtrade.co\/wp-content\/uploads\/2026\/01\/2400EJOMN00065-Dark-Brown-Z-623-1.png",453,250,false],"1536x1536":["https:\/\/turkishtrade.co\/wp-content\/uploads\/2026\/01\/2400EJOMN00065-Dark-Brown-Z-623-1.png",453,250,false],"2048x2048":["https:\/\/turkishtrade.co\/wp-content\/uploads\/2026\/01\/2400EJOMN00065-Dark-Brown-Z-623-1.png",453,250,false],"trp-custom-language-flag":["https:\/\/turkishtrade.co\/wp-content\/uploads\/2026\/01\/2400EJOMN00065-Dark-Brown-Z-623-1-18x10.png",18,10,true],"woocommerce_thumbnail":["https:\/\/turkishtrade.co\/wp-content\/uploads\/2026\/01\/2400EJOMN00065-Dark-Brown-Z-623-1-400x250.png",400,250,true],"woocommerce_single":["https:\/\/turkishtrade.co\/wp-content\/uploads\/2026\/01\/2400EJOMN00065-Dark-Brown-Z-623-1.png",453,250,false],"woocommerce_gallery_thumbnail":["https:\/\/turkishtrade.co\/wp-content\/uploads\/2026\/01\/2400EJOMN00065-Dark-Brown-Z-623-1-100x100.png",100,100,true]},"uagb_author_info":{"display_name":"yaser olabi","author_link":"https:\/\/turkishtrade.co\/tr\/author\/"},"uagb_comment_info":0,"uagb_excerpt":"Premium Calf Leather Exterior with Exotic Embossed Vamp Luxurious Goat Leather Interior Lining for Breathability Lightweight Microlight Sole for All-Day Comfort and Flexibility Subtle Low Heel (1-3 cm) for a Classic and Elegant Profile Available in Sizes: 39, 40, 41, 42, 43, 44, 45 Minimum Order Quantity: 8 Pairs Estimated Delivery Time: 12 Days +&hellip;","_links":{"self":[{"href":"https:\/\/turkishtrade.co\/tr\/wp-json\/wp\/v2\/product\/5091","targetHints":{"allow":["GET"]}}],"collection":[{"href":"https:\/\/turkishtrade.co\/tr\/wp-json\/wp\/v2\/product"}],"about":[{"href":"https:\/\/turkishtrade.co\/tr\/wp-json\/wp\/v2\/types\/product"}],"wp:featuredmedia":[{"embeddable":true,"href":"https:\/\/turkishtrade.co\/tr\/wp-json\/wp\/v2\/media\/3441"}],"wp:attachment":[{"href":"https:\/\/turkishtrade.co\/tr\/wp-json\/wp\/v2\/media?parent=5091"}],"wp:term":[{"taxonomy":"product_brand","embeddable":true,"href":"https:\/\/turkishtrade.co\/tr\/wp-json\/wp\/v2\/product_brand?post=5091"},{"taxonomy":"product_cat","embeddable":true,"href":"https:\/\/turkishtrade.co\/tr\/wp-json\/wp\/v2\/product_cat?post=5091"},{"taxonomy":"product_tag","embeddable":true,"href":"https:\/\/turkishtrade.co\/tr\/wp-json\/wp\/v2\/product_tag?post=5091"}],"curies":[{"name":"wp","href":"https:\/\/api.w.org\/{rel}","templated":true}]}}