{"id":5089,"date":"2026-01-14T11:12:07","date_gmt":"2026-01-14T11:12:07","guid":{"rendered":"https:\/\/turkishtrade.co\/product\/mens-leather-oxford-shoes\/"},"modified":"2026-04-09T19:44:37","modified_gmt":"2026-04-09T19:44:37","slug":"mens-leather-oxford-shoes","status":"publish","type":"product","link":"https:\/\/turkishtrade.co\/tr\/shop\/mens-leather-oxford-shoes\/","title":{"rendered":"Premium Mavi Timsah Kabartmal\u0131 Erkek Deri Oxford Ayakkab\u0131"},"content":{"rendered":"<p><strong>Erkek Deri Oxford Ayakkab\u0131<\/strong><\/p>\n<p>Premium Mavi Krok Kabartmal\u0131 Erkek Deri Oxford Ayakkab\u0131lar\u0131m\u0131zla benzersiz bir sofistikeli\u011fe ad\u0131m at\u0131n. Modern beyefendiler i\u00e7in tasarlanan bu zarif ayakkab\u0131lar, klasik \u015f\u0131kl\u0131\u011f\u0131 \u00e7a\u011fda\u015f tarzla harmanlayarak her se\u00e7kin gard\u0131robun olmazsa olmaz\u0131 haline geliyor. Her bir \u00e7ift, hem \u00e7arp\u0131c\u0131 esteti\u011fi hem de \u00fcst\u00fcn konforu sa\u011flamak i\u00e7in titizlikle \u00fcretilmi\u015ftir ve ger\u00e7ekten y\u00fcksek bir ayakkab\u0131 deneyimi sunar.<\/p>\n<p>Bu ola\u011fan\u00fcst\u00fc binan\u0131n d\u0131\u015f cephesi <b>erkek deri\u0307 oxford ayakkabi<\/b> benzersiz ve l\u00fcks timsah kabartmal\u0131 deseniyle \u00f6ne \u00e7\u0131kan y\u00fcksek kaliteli hakiki dana derisine sahiptir. Bu zengin mavi renk tonu, ince ama inkar edilemez bir yetenekle sizi di\u011ferlerinden ay\u0131rarak bir bireysellik dokunu\u015fu katar. Dana derisi, dayan\u0131kl\u0131l\u0131\u011f\u0131 ve esnek dokusuyla \u00fcnl\u00fcd\u00fcr ve bu ayakkab\u0131lar\u0131n sadece muhte\u015fem g\u00f6r\u00fcnmesini de\u011fil, ayn\u0131 zamanda ki\u015fiselle\u015ftirilmi\u015f bir uyum i\u00e7in aya\u011f\u0131n\u0131za uyum sa\u011flayarak zaman\u0131n testine dayanmas\u0131n\u0131 sa\u011flar. Sa\u011flam d\u0131\u015f y\u00fczeyi tamamlayan i\u00e7 k\u0131s\u0131m, inan\u0131lmaz yumu\u015fakl\u0131\u011f\u0131 ve nefes alabilirli\u011fi ile bilinen hakiki ke\u00e7i derisi ile astarlanm\u0131\u015ft\u0131r. Bu \u00f6zenli se\u00e7im, ister toplant\u0131 odas\u0131nda ister \u00f6zel bir etkinli\u011fe kat\u0131l\u0131yor olun, ayaklar\u0131n\u0131z\u0131n g\u00fcn boyunca ferah hissetmesini ve desteklenmesini sa\u011flayarak benzersiz bir konfor d\u00fczeyi sunar.<\/p>\n<p>Yenilik\u00e7i Microlight taban sayesinde konfor daha da artar. Bu geli\u015fmi\u015f taban teknolojisi ayakkab\u0131lar\u0131n son derece hafif olmas\u0131n\u0131 sa\u011flayarak yorgunlu\u011fu azalt\u0131r ve zahmetsizce hareket etmeye olanak tan\u0131r. 1-3 cm'lik ince topuk y\u00fcksekli\u011fi ile bu <b>erkek deri\u0307 oxford ayakkabi<\/b> \u015f\u0131k profilinden \u00f6d\u00fcn vermeden ergonomik destek sunar. M\u00fckemmel diki\u015flerinden sa\u011flam ba\u011fc\u0131klar\u0131na kadar yap\u0131m\u0131nda detaylara g\u00f6sterilen titizlik, tasar\u0131m\u0131n her alan\u0131nda kendini g\u00f6steren \u00fcst\u00fcn i\u015f\u00e7ili\u011fi yans\u0131t\u0131yor. Bu ayakkab\u0131lar sadece bir aksesuar de\u011fil; kalite ve stilin ifadesidir.<\/p>\n<h3>\u00c7ok Y\u00f6nl\u00fcl\u00fck ve Toptan Sat\u0131\u015f F\u0131rsatlar\u0131<\/h3>\n<p>Premium Mavi Timsah Kabartmal\u0131 Erkek Deri Oxford Ayakkab\u0131lar\u0131m\u0131z inan\u0131lmaz derecede \u00e7ok y\u00f6nl\u00fcd\u00fcr. Resmi i\u015f k\u0131yafetlerinden yar\u0131 resmi etkinliklere ve hatta \u015f\u0131k g\u00fcndelik gezilere zahmetsizce ge\u00e7i\u015f yaparak g\u00f6r\u00fcn\u00fcm\u00fcn\u00fcz\u00fc an\u0131nda y\u00fckseltir. G\u00fc\u00e7l\u00fc bir izlenim i\u00e7in keskin bir tak\u0131m elbise ile veya zarif bir \u015f\u0131kl\u0131k i\u00e7in \u00f6zel dikim pantolon ve spor ceket ile e\u015fle\u015ftirin. Bunlar <b>erkek deri\u0307 oxford ayakkabi<\/b> her ortamda kendinizi g\u00fcvende ve se\u00e7kin hissetmenizi sa\u011flamak i\u00e7in tasarlanm\u0131\u015ft\u0131r.<\/p>\n<p>M\u00fc\u015fterilerine birinci s\u0131n\u0131f ayakkab\u0131larda en iyisini sunmak isteyen perakendeciler ve i\u015fletmeler i\u00e7in m\u00fckemmel toptan sat\u0131\u015f f\u0131rsatlar\u0131 sunuyoruz. Yaln\u0131zca 8 \u00e7iftlik minimum sipari\u015f miktar\u0131yla, bu aranan stilleri kolayca stoklayabilirsiniz. Kalite ve verimlili\u011fe \u00f6ncelik veriyoruz, yakla\u015f\u0131k 12 g\u00fcnl\u00fck bir \u00fcretim teslim s\u00fcresi ve ard\u0131ndan h\u0131zl\u0131 sevkiyat. M\u00fc\u015fterilerinize hak ettikleri l\u00fcks ve konforu sunarak onlara ola\u011fan\u00fcst\u00fc kalite ve sofistike tasar\u0131m getirmek i\u00e7in bizimle i\u015f ortakl\u0131\u011f\u0131 yap\u0131n.<\/p>","protected":false},"excerpt":{"rendered":"<ul>\n<li>D\u0131\u015f Malzeme: Timsah Kabartmal\u0131 Detaylara Sahip L\u00fcks Hakiki Dana Derisi<\/li>\n<li>\u0130\u00e7 Malzeme: Yumu\u015fak ve Nefes Alabilir Hakiki Ke\u00e7i Derisi<\/li>\n<li>Taban: \u00dcst\u00fcn Konfor i\u00e7in Hafif Microlight Teknolojisi<\/li>\n<li>Topuk Y\u00fcksekli\u011fi: Ergonomik Destek i\u00e7in \u0130nce 1-3 cm<\/li>\n<li>Mevcut Bedenler: Avrupa 39, 40, 41, 42, 43, 44, 45<\/li>\n<li>Minimum Sipari\u015f Miktar\u0131: 8 \u00c7ift (Toptan ve Perakende Sat\u0131\u015f Ortaklar\u0131 i\u00e7in \u0130deal)<\/li>\n<li>\u00dcretim ve Teslimat: L\u00fctfen \u00fcretim art\u0131 nakliye s\u00fcresi i\u00e7in 12 g\u00fcn bekleyin<\/li>\n<\/ul>","protected":false},"featured_media":3440,"template":"","meta":{"_acf_changed":false,"_uag_custom_page_level_css":"","site-sidebar-layout":"default","site-content-layout":"","ast-site-content-layout":"default","site-content-style":"default","site-sidebar-style":"default","ast-global-header-display":"","ast-banner-title-visibility":"","ast-main-header-display":"","ast-hfb-above-header-display":"","ast-hfb-below-header-display":"","ast-hfb-mobile-header-display":"","site-post-title":"","ast-breadcrumbs-content":"","ast-featured-img":"","footer-sml-layout":"","ast-disable-related-posts":"","theme-transparent-header-meta":"default","adv-header-id-meta":"","stick-header-meta":"","header-above-stick-meta":"","header-main-stick-meta":"","header-below-stick-meta":"","astra-migrate-meta-layouts":"set","ast-page-background-enabled":"default","ast-page-background-meta":{"desktop":{"background-color":"var(--ast-global-color-4)","background-image":"","background-repeat":"repeat","background-position":"center center","background-size":"auto","background-attachment":"scroll","background-type":"","background-media":"","overlay-type":"","overlay-color":"","overlay-opacity":"","overlay-gradient":""},"tablet":{"background-color":"","background-image":"","background-repeat":"repeat","background-position":"center center","background-size":"auto","background-attachment":"scroll","background-type":"","background-media":"","overlay-type":"","overlay-color":"","overlay-opacity":"","overlay-gradient":""},"mobile":{"background-color":"","background-image":"","background-repeat":"repeat","background-position":"center center","background-size":"auto","background-attachment":"scroll","background-type":"","background-media":"","overlay-type":"","overlay-color":"","overlay-opacity":"","overlay-gradient":""}},"ast-content-background-meta":{"desktop":{"background-color":"var(--ast-global-color-5)","background-image":"","background-repeat":"repeat","background-position":"center center","background-size":"auto","background-attachment":"scroll","background-type":"","background-media":"","overlay-type":"","overlay-color":"","overlay-opacity":"","overlay-gradient":""},"tablet":{"background-color":"var(--ast-global-color-5)","background-image":"","background-repeat":"repeat","background-position":"center center","background-size":"auto","background-attachment":"scroll","background-type":"","background-media":"","overlay-type":"","overlay-color":"","overlay-opacity":"","overlay-gradient":""},"mobile":{"background-color":"var(--ast-global-color-5)","background-image":"","background-repeat":"repeat","background-position":"center center","background-size":"auto","background-attachment":"scroll","background-type":"","background-media":"","overlay-type":"","overlay-color":"","overlay-opacity":"","overlay-gradient":""}}},"product_brand":[],"product_cat":[47,430,40],"product_tag":[646,405,451,693,694,284,480,251,437,227,416,198,466,204,362,281],"class_list":{"0":"post-5089","1":"product","2":"type-product","3":"status-publish","4":"has-post-thumbnail","6":"product_cat-classic","7":"product_cat-men","8":"product_cat-mens-shoes","9":"product_tag-blue-shoes","10":"product_tag-business-shoes","11":"product_tag-calfskin-leather","12":"product_tag-croc-embossed","13":"product_tag-designer-shoes","14":"product_tag-dress-shoes","15":"product_tag-elegant-shoes","16":"product_tag-formal-shoes","17":"product_tag-goat-leather","18":"product_tag-leather-shoes","19":"product_tag-luxury-shoes","20":"product_tag-mens-fashion","21":"product_tag-microlight-sole","22":"product_tag-oxford-shoes","23":"product_tag-premium-footwear","24":"product_tag-wholesale-shoes","25":"desktop-align-center","26":"tablet-align-center","27":"mobile-align-center","29":"first","30":"instock","31":"shipping-taxable","32":"purchasable","33":"product-type-variable","34":"has-default-attributes"},"acf":[],"uagb_featured_image_src":{"full":["https:\/\/turkishtrade.co\/wp-content\/uploads\/2026\/01\/2400EJOMN00064-BLUE-11585.png",453,250,false],"thumbnail":["https:\/\/turkishtrade.co\/wp-content\/uploads\/2026\/01\/2400EJOMN00064-BLUE-11585-150x150.png",150,150,true],"medium":["https:\/\/turkishtrade.co\/wp-content\/uploads\/2026\/01\/2400EJOMN00064-BLUE-11585-300x166.png",300,166,true],"medium_large":["https:\/\/turkishtrade.co\/wp-content\/uploads\/2026\/01\/2400EJOMN00064-BLUE-11585.png",453,250,false],"large":["https:\/\/turkishtrade.co\/wp-content\/uploads\/2026\/01\/2400EJOMN00064-BLUE-11585.png",453,250,false],"1536x1536":["https:\/\/turkishtrade.co\/wp-content\/uploads\/2026\/01\/2400EJOMN00064-BLUE-11585.png",453,250,false],"2048x2048":["https:\/\/turkishtrade.co\/wp-content\/uploads\/2026\/01\/2400EJOMN00064-BLUE-11585.png",453,250,false],"trp-custom-language-flag":["https:\/\/turkishtrade.co\/wp-content\/uploads\/2026\/01\/2400EJOMN00064-BLUE-11585-18x10.png",18,10,true],"woocommerce_thumbnail":["https:\/\/turkishtrade.co\/wp-content\/uploads\/2026\/01\/2400EJOMN00064-BLUE-11585-400x250.png",400,250,true],"woocommerce_single":["https:\/\/turkishtrade.co\/wp-content\/uploads\/2026\/01\/2400EJOMN00064-BLUE-11585.png",453,250,false],"woocommerce_gallery_thumbnail":["https:\/\/turkishtrade.co\/wp-content\/uploads\/2026\/01\/2400EJOMN00064-BLUE-11585-100x100.png",100,100,true]},"uagb_author_info":{"display_name":"yaser olabi","author_link":"https:\/\/turkishtrade.co\/tr\/author\/"},"uagb_comment_info":0,"uagb_excerpt":"Outer Material: Luxurious Genuine Calfskin Leather with Croc-Embossed Detail Inner Material: Soft and Breathable Genuine Goat Leather Sole: Lightweight Microlight Technology for Ultimate Comfort Heel Height: Subtle 1-3 cm for Ergonomic Support Available Sizes: European 39, 40, 41, 42, 43, 44, 45 Minimum Order Quantity: 8 Pairs (Ideal for Wholesale &amp; Retail Partners) Production &amp;&hellip;","_links":{"self":[{"href":"https:\/\/turkishtrade.co\/tr\/wp-json\/wp\/v2\/product\/5089","targetHints":{"allow":["GET"]}}],"collection":[{"href":"https:\/\/turkishtrade.co\/tr\/wp-json\/wp\/v2\/product"}],"about":[{"href":"https:\/\/turkishtrade.co\/tr\/wp-json\/wp\/v2\/types\/product"}],"wp:featuredmedia":[{"embeddable":true,"href":"https:\/\/turkishtrade.co\/tr\/wp-json\/wp\/v2\/media\/3440"}],"wp:attachment":[{"href":"https:\/\/turkishtrade.co\/tr\/wp-json\/wp\/v2\/media?parent=5089"}],"wp:term":[{"taxonomy":"product_brand","embeddable":true,"href":"https:\/\/turkishtrade.co\/tr\/wp-json\/wp\/v2\/product_brand?post=5089"},{"taxonomy":"product_cat","embeddable":true,"href":"https:\/\/turkishtrade.co\/tr\/wp-json\/wp\/v2\/product_cat?post=5089"},{"taxonomy":"product_tag","embeddable":true,"href":"https:\/\/turkishtrade.co\/tr\/wp-json\/wp\/v2\/product_tag?post=5089"}],"curies":[{"name":"wp","href":"https:\/\/api.w.org\/{rel}","templated":true}]}}