{"id":5087,"date":"2026-01-14T11:11:47","date_gmt":"2026-01-14T11:11:47","guid":{"rendered":"https:\/\/turkishtrade.co\/product\/men-two-tone-leather-loafers\/"},"modified":"2026-04-09T19:44:40","modified_gmt":"2026-04-09T19:44:40","slug":"epic-premium-mens-two-tone-leather-loafers","status":"publish","type":"product","link":"https:\/\/turkishtrade.co\/tr\/shop\/epic-premium-mens-two-tone-leather-loafers\/","title":{"rendered":"Erkekler i\u00e7in Zarif \u0130ki Tonlu Deri Loaferlar"},"content":{"rendered":"<p><strong>Erkek \u0130ki Tonlu Deri Loafer<\/strong><\/p>\n<p>Ayakkab\u0131 koleksiyonunuzu se\u00e7kin \u00fcr\u00fcnlerimizle geli\u015ftirin <b>Erkek \u0130ki Tonlu Deri Loafer<\/b>. Se\u00e7kin beyefendiler i\u00e7in tasarlanan bu sofistike mokasen ayakkab\u0131lar, klasik stili modern zarafetle harmanl\u0131yor. Zengin koyu kahverengi cilal\u0131 dana derisi ve dokulu siyah deri vurgulara sahip benzersiz iki tonlu tasar\u0131m, bunlar\u0131 sadece bir ayakkab\u0131dan daha fazlas\u0131 yapar - rafine bir zevk ifadesidir. Bizim <b>Erkek \u0130ki Tonlu Deri Loafer<\/b> hem l\u00fcks konfor hem de kal\u0131c\u0131 bir stil sa\u011flamak i\u00e7in titizlikle \u00fcretilmi\u015ftir ve \u00e7e\u015fitli durumlar i\u00e7in m\u00fckemmeldir. \u00dcst\u00fcn i\u015f\u00e7ili\u011fi takdir eden erkekler i\u00e7in bu <b>Erkek \u0130ki Tonlu Deri Loafer<\/b> \u00f6nemli bir eklentidir.<\/p>\n<h3>E\u015fsiz Kalite ve \u0130\u015f\u00e7ilik<\/h3>\n<p>Bu premium \u00fcr\u00fcnlerin her bir \u00e7ifti <b>Erkek \u0130ki Tonlu Deri Loafer<\/b> \u00fcst\u00fcn i\u015f\u00e7ili\u011fin bir kan\u0131t\u0131d\u0131r. D\u0131\u015f y\u00fczeyi, dayan\u0131kl\u0131l\u0131\u011f\u0131, p\u00fcr\u00fczs\u00fcz y\u00fczeyi ve zaman i\u00e7inde g\u00fczel bir patina geli\u015ftirme kabiliyetiyle tan\u0131nan y\u00fcksek kaliteli dana derisinden yap\u0131lm\u0131\u015ft\u0131r. \u0130\u00e7 k\u0131s\u0131mda, ayaklar\u0131n\u0131z her ad\u0131mda nefes alabilirlik ve ola\u011fan\u00fcst\u00fc konfor sa\u011flayan hakiki ke\u00e7i derisi astar\u0131n benzersiz yumu\u015fakl\u0131\u011f\u0131n\u0131 deneyimleyecek. Hafif Microlight taban\u0131n entegrasyonu m\u00fckemmel yast\u0131klama ve destek sa\u011flayarak bu ayakkab\u0131y\u0131 <b>Erkek \u0130ki Tonlu Deri Loafer<\/b> uzun s\u00fcreli kullan\u0131m i\u00e7in inan\u0131lmaz derecede rahatt\u0131r. 1-3 cm'lik ince bir topu\u011fa sahip bu mokasen ayakkab\u0131lar, konfordan veya klasik estetikten \u00f6d\u00fcn vermeden bir y\u00fckseli\u015f dokunu\u015fu sunar. Bu ola\u011fan\u00fcst\u00fc <b>Erkek \u0130ki Tonlu Deri Loafer<\/b> ger\u00e7ekten g\u00f6ze \u00e7arp\u0131yor.<\/p>\n<p>Kaliteye olan ba\u011fl\u0131l\u0131\u011f\u0131m\u0131z, hassas diki\u015flerden zarif tasar\u0131m unsurlar\u0131na kadar her ayr\u0131nt\u0131ya kadar uzanmaktad\u0131r. Bunlar <b>Erkek \u0130ki Tonlu Deri Loafer<\/b> sadece iyi g\u00f6r\u00fcnmekle ilgili de\u011fildir; harika hissetmek ve kal\u0131c\u0131 bir izlenim b\u0131rakmakla ilgilidir. 39'dan 45'e kadar geni\u015f bir AB beden yelpazesinde mevcut oldu\u011fundan, m\u00fckemmel uyumunuzu bulmak \u00e7ok kolay. \u0130ster bir i\u015f toplant\u0131s\u0131, ister resmi bir etkinlik ya da \u015f\u0131k ve g\u00fcndelik bir gezi i\u00e7in giyiniyor olun, bu se\u00e7kin <b>Erkek \u0130ki Tonlu Deri Loafer<\/b> ideal arkada\u015f\u0131n\u0131zd\u0131r.<\/p>\n<h3>\u00c7ok Y\u00f6nl\u00fcl\u00fck ve Stil<\/h3>\n<p>Bu \u00fcr\u00fcnlerin ay\u0131rt edici iki tonlu kahverengi ve siyah renk \u015femas\u0131 <b>Erkek \u0130ki Tonlu Deri Loafer<\/b> ola\u011fan\u00fcst\u00fc \u00e7ok y\u00f6nl\u00fcl\u00fck sunarak \u00e7e\u015fitli k\u0131yafetlerle zahmetsizce e\u015fle\u015fmelerini sa\u011flar. Keskin tak\u0131m elbiselerden \u015f\u0131k pantolon ve blazer ceketlere ve hatta y\u00fcksek denimlere kadar, bu loaferlar her kombine sofistike bir dokunu\u015f katar. Trendlerin \u00f6tesine ge\u00e7en ve zamans\u0131z \u015f\u0131kl\u0131k sa\u011flayan ayakkab\u0131lara yat\u0131r\u0131m yap\u0131n. Geleneksel ve \u00e7a\u011fda\u015f modan\u0131n m\u00fckemmel kar\u0131\u015f\u0131m\u0131n\u0131 g\u00f6z al\u0131c\u0131 ayakkab\u0131lar\u0131m\u0131zla deneyimleyin. <b>Erkek \u0130ki Tonlu Deri Loafer<\/b>.<\/p>","protected":false},"excerpt":{"rendered":"<ul>\n<li>Dayan\u0131kl\u0131l\u0131k ve Stil i\u00e7in Premium Dana Derisi Saya<\/li>\n<li>Ola\u011fan\u00fcst\u00fc Konfor i\u00e7in L\u00fcks Ke\u00e7i Derisi Astar<\/li>\n<li>Zengin Koyu Kahverengi ve Siyah Renklerde \u0130ki Tonlu \u015e\u0131k Tasar\u0131m<\/li>\n<li>Rahat 1-3cm Topuk ile Hafif Mikro Hafif Taban<\/li>\n<li>M\u00fckemmel Uyum Sa\u011flamak \u0130\u00e7in 39-45 AB Bedenlerinde Mevcuttur<\/li>\n<li>Minimum Sipari\u015f Miktar\u0131: 8 \u00c7ift<\/li>\n<li>Teslimat S\u00fcresi: 12 G\u00fcn + Kargo<\/li>\n<\/ul>","protected":false},"featured_media":3439,"template":"","meta":{"_acf_changed":false,"_uag_custom_page_level_css":"","site-sidebar-layout":"default","site-content-layout":"","ast-site-content-layout":"default","site-content-style":"default","site-sidebar-style":"default","ast-global-header-display":"","ast-banner-title-visibility":"","ast-main-header-display":"","ast-hfb-above-header-display":"","ast-hfb-below-header-display":"","ast-hfb-mobile-header-display":"","site-post-title":"","ast-breadcrumbs-content":"","ast-featured-img":"","footer-sml-layout":"","ast-disable-related-posts":"","theme-transparent-header-meta":"default","adv-header-id-meta":"","stick-header-meta":"","header-above-stick-meta":"","header-main-stick-meta":"","header-below-stick-meta":"","astra-migrate-meta-layouts":"set","ast-page-background-enabled":"default","ast-page-background-meta":{"desktop":{"background-color":"var(--ast-global-color-4)","background-image":"","background-repeat":"repeat","background-position":"center center","background-size":"auto","background-attachment":"scroll","background-type":"","background-media":"","overlay-type":"","overlay-color":"","overlay-opacity":"","overlay-gradient":""},"tablet":{"background-color":"","background-image":"","background-repeat":"repeat","background-position":"center center","background-size":"auto","background-attachment":"scroll","background-type":"","background-media":"","overlay-type":"","overlay-color":"","overlay-opacity":"","overlay-gradient":""},"mobile":{"background-color":"","background-image":"","background-repeat":"repeat","background-position":"center center","background-size":"auto","background-attachment":"scroll","background-type":"","background-media":"","overlay-type":"","overlay-color":"","overlay-opacity":"","overlay-gradient":""}},"ast-content-background-meta":{"desktop":{"background-color":"var(--ast-global-color-5)","background-image":"","background-repeat":"repeat","background-position":"center center","background-size":"auto","background-attachment":"scroll","background-type":"","background-media":"","overlay-type":"","overlay-color":"","overlay-opacity":"","overlay-gradient":""},"tablet":{"background-color":"var(--ast-global-color-5)","background-image":"","background-repeat":"repeat","background-position":"center center","background-size":"auto","background-attachment":"scroll","background-type":"","background-media":"","overlay-type":"","overlay-color":"","overlay-opacity":"","overlay-gradient":""},"mobile":{"background-color":"var(--ast-global-color-5)","background-image":"","background-repeat":"repeat","background-position":"center center","background-size":"auto","background-attachment":"scroll","background-type":"","background-media":"","overlay-type":"","overlay-color":"","overlay-opacity":"","overlay-gradient":""}}},"product_brand":[],"product_cat":[47,430,40],"product_tag":[370,147,200,185,284,352,189,219,215,384,186,691,184,280,546,305],"class_list":{"0":"post-5087","1":"product","2":"type-product","3":"status-publish","4":"has-post-thumbnail","6":"product_cat-classic","7":"product_cat-men","8":"product_cat-mens-shoes","9":"product_tag-black-loafers","10":"product_tag-brown-loafers","11":"product_tag-business-casual","12":"product_tag-calf-leather-shoes","13":"product_tag-dress-shoes","14":"product_tag-formal-loafers","15":"product_tag-goat-leather-lining","16":"product_tag-handmade-shoes","17":"product_tag-leather-loafers","18":"product_tag-luxury-loafers","19":"product_tag-mens-loafers","20":"product_tag-menswear","21":"product_tag-slip-on-shoes","22":"product_tag-smart-casual-shoes","23":"product_tag-stylish-mens-shoes","24":"product_tag-two-tone-shoes","25":"desktop-align-center","26":"tablet-align-center","27":"mobile-align-center","29":"first","30":"instock","31":"shipping-taxable","32":"purchasable","33":"product-type-variable","34":"has-default-attributes"},"acf":[],"uagb_featured_image_src":{"full":["https:\/\/turkishtrade.co\/wp-content\/uploads\/2026\/01\/2400EJOMN00063-BROWN-B_12196.png",453,250,false],"thumbnail":["https:\/\/turkishtrade.co\/wp-content\/uploads\/2026\/01\/2400EJOMN00063-BROWN-B_12196-150x150.png",150,150,true],"medium":["https:\/\/turkishtrade.co\/wp-content\/uploads\/2026\/01\/2400EJOMN00063-BROWN-B_12196-300x166.png",300,166,true],"medium_large":["https:\/\/turkishtrade.co\/wp-content\/uploads\/2026\/01\/2400EJOMN00063-BROWN-B_12196.png",453,250,false],"large":["https:\/\/turkishtrade.co\/wp-content\/uploads\/2026\/01\/2400EJOMN00063-BROWN-B_12196.png",453,250,false],"1536x1536":["https:\/\/turkishtrade.co\/wp-content\/uploads\/2026\/01\/2400EJOMN00063-BROWN-B_12196.png",453,250,false],"2048x2048":["https:\/\/turkishtrade.co\/wp-content\/uploads\/2026\/01\/2400EJOMN00063-BROWN-B_12196.png",453,250,false],"trp-custom-language-flag":["https:\/\/turkishtrade.co\/wp-content\/uploads\/2026\/01\/2400EJOMN00063-BROWN-B_12196-18x10.png",18,10,true],"woocommerce_thumbnail":["https:\/\/turkishtrade.co\/wp-content\/uploads\/2026\/01\/2400EJOMN00063-BROWN-B_12196-400x250.png",400,250,true],"woocommerce_single":["https:\/\/turkishtrade.co\/wp-content\/uploads\/2026\/01\/2400EJOMN00063-BROWN-B_12196.png",453,250,false],"woocommerce_gallery_thumbnail":["https:\/\/turkishtrade.co\/wp-content\/uploads\/2026\/01\/2400EJOMN00063-BROWN-B_12196-100x100.png",100,100,true]},"uagb_author_info":{"display_name":"yaser olabi","author_link":"https:\/\/turkishtrade.co\/tr\/author\/"},"uagb_comment_info":0,"uagb_excerpt":"Premium Calf Leather Upper for Durability and Style Luxurious Goat Leather Lining for Exceptional Comfort Stylish Two-Tone Design in Rich Dark Brown and Black Lightweight Microlight Sole with a Comfortable 1-3cm Heel Available in EU Sizes 39-45 to Ensure a Perfect Fit Minimum Order Quantity: 8 Pairs Delivery Time: 12 Days + Shipping","_links":{"self":[{"href":"https:\/\/turkishtrade.co\/tr\/wp-json\/wp\/v2\/product\/5087","targetHints":{"allow":["GET"]}}],"collection":[{"href":"https:\/\/turkishtrade.co\/tr\/wp-json\/wp\/v2\/product"}],"about":[{"href":"https:\/\/turkishtrade.co\/tr\/wp-json\/wp\/v2\/types\/product"}],"wp:featuredmedia":[{"embeddable":true,"href":"https:\/\/turkishtrade.co\/tr\/wp-json\/wp\/v2\/media\/3439"}],"wp:attachment":[{"href":"https:\/\/turkishtrade.co\/tr\/wp-json\/wp\/v2\/media?parent=5087"}],"wp:term":[{"taxonomy":"product_brand","embeddable":true,"href":"https:\/\/turkishtrade.co\/tr\/wp-json\/wp\/v2\/product_brand?post=5087"},{"taxonomy":"product_cat","embeddable":true,"href":"https:\/\/turkishtrade.co\/tr\/wp-json\/wp\/v2\/product_cat?post=5087"},{"taxonomy":"product_tag","embeddable":true,"href":"https:\/\/turkishtrade.co\/tr\/wp-json\/wp\/v2\/product_tag?post=5087"}],"curies":[{"name":"wp","href":"https:\/\/api.w.org\/{rel}","templated":true}]}}