{"id":5085,"date":"2026-01-14T11:11:27","date_gmt":"2026-01-14T11:11:27","guid":{"rendered":"https:\/\/turkishtrade.co\/product\/handcrafted-leather-oxford-shoes\/"},"modified":"2026-04-09T19:44:43","modified_gmt":"2026-04-09T19:44:43","slug":"handcrafted-leather-oxford-shoes","status":"publish","type":"product","link":"https:\/\/turkishtrade.co\/tr\/shop\/handcrafted-leather-oxford-shoes\/","title":{"rendered":"El Yap\u0131m\u0131 \u0130ki Tonlu Deri Cap-Toe Oxford Ayakkab\u0131"},"content":{"rendered":"<p><strong>El Yap\u0131m\u0131 Deri Oxford Ayakkab\u0131<\/strong><\/p>\n<p>Erkek resmi ayakkab\u0131lar\u0131n\u0131n zirvesini zarif ayakkab\u0131lar\u0131m\u0131zla ke\u015ffedin <b>El Yap\u0131m\u0131 \u0130ki Tonlu Deri Cap-Toe Oxford Ayakkab\u0131<\/b>. Se\u00e7kin beyefendiler i\u00e7in tasarlanan bu ayakkab\u0131lar, zamans\u0131z sofistikeli\u011fi ve benzersiz i\u015f\u00e7ili\u011fi temsil ediyor. Bu ayakkab\u0131lar\u0131n her bir \u00e7ifti <b>el yap\u0131m\u0131 deri oxford ayakkab\u0131lar<\/b> geleneksel sanat\u0131n bir kan\u0131t\u0131 olan bu ayakkab\u0131, daha a\u00e7\u0131k bir orta ayaktan daha koyu, cilal\u0131 bir burun ucuna zarif bir \u015fekilde ge\u00e7i\u015f yapan b\u00fcy\u00fcleyici iki tonlu kahverengi kaplamaya sahiptir. Burun ve yan paneller boyunca uzanan ince brogue detaylar, klasik cazibeye bir dokunu\u015f katarak bu ayakkab\u0131lar\u0131 sadece bir ayakkab\u0131 olmaktan \u00e7\u0131kar\u0131p bir ifade haline getiriyor.<\/p>\n<p>Kaliteye olan ba\u011fl\u0131l\u0131\u011f\u0131m\u0131z malzemelerle ba\u015flar. Bu ola\u011fan\u00fcst\u00fc \u00fcr\u00fcnlerin d\u0131\u015f y\u00fczeyi <b>el yap\u0131m\u0131 deri oxford ayakkab\u0131lar<\/b> p\u00fcr\u00fczs\u00fcz dokusu, esnekli\u011fi ve zaman i\u00e7inde g\u00fczel bir patine geli\u015ftirme yetene\u011fi ile tan\u0131nan birinci s\u0131n\u0131f Dana Derisinden \u00fcretilmi\u015ftir. Bu, yaln\u0131zca l\u00fcks bir g\u00f6r\u00fcn\u00fcm de\u011fil, ayn\u0131 zamanda uzun \u00f6m\u00fcrl\u00fc bir kullan\u0131m da sa\u011flar. \u0130\u00e7 k\u0131s\u0131mda, ki\u015fiselle\u015ftirilmi\u015f bir uyum i\u00e7in aya\u011f\u0131n\u0131za uyum sa\u011flayan yumu\u015fak ve nefes alabilen Ke\u00e7i Derisi astar sayesinde ayaklar\u0131n\u0131z \u00fcst\u00fcn bir konfor ya\u015fayacak. Microlight malzemeden \u00fcretilen taban, g\u00fcn boyu konfor i\u00e7in \u00e7ok \u00f6nemli olan esneklik ve m\u00fckemmel \u015fok emilimi sunan hafif bir temel sa\u011flar. 1-3 cm'lik ince bir topuk ile bu <b>el yap\u0131m\u0131 deri oxford ayakkab\u0131lar<\/b> Her t\u00fcrl\u00fc resmi veya i\u015f ortam\u0131 i\u00e7in m\u00fckemmel olan klasik siluetini korur.<\/p>\n<h3>Rakipsiz Stil ve \u00c7ok Y\u00f6nl\u00fcl\u00fck<\/h3>\n<p>Bunlar <b>El Yap\u0131m\u0131 \u0130ki Tonlu Deri Cap-Toe Oxford Ayakkab\u0131<\/b> sofistike gard\u0131roplar i\u00e7in m\u00fckemmel bir eklentidir. Zengin kahverengi tonu ve iki tonlu etkisi sayesinde son derece \u00e7ok y\u00f6nl\u00fcd\u00fcr; modern bir i\u015f g\u00f6r\u00fcn\u00fcm\u00fc i\u00e7in lacivert, k\u00f6m\u00fcr rengi ve hatta daha a\u00e7\u0131k tonlardaki tak\u0131m elbiselerle kusursuz bir uyum sa\u011flar. Toplant\u0131 odas\u0131n\u0131n \u00f6tesinde, bu <b>el yap\u0131m\u0131 deri oxford ayakkab\u0131lar<\/b> Yar\u0131 resmi k\u0131yafetleri y\u00fckseltir, chino pantolonlara veya \u00f6zel dikim pantolonlara g\u00f6steri\u015fli bir incelik havas\u0131 katar. Karma\u015f\u0131k brogue desenleri ve se\u00e7kin burnu a\u00e7\u0131k tasar\u0131m, giyen ki\u015finin detaylara g\u00f6sterdi\u011fi \u00f6zen ve kaliteli ayakkab\u0131lara verdi\u011fi de\u011fer hakk\u0131nda \u00e7ok \u015fey anlat\u0131r. Bunlar\u0131 se\u00e7ti\u011finizde <b>el yap\u0131m\u0131 deri oxford ayakkab\u0131lar<\/b>, ...miras tasar\u0131m\u0131n\u0131 \u00e7a\u011fda\u015f \u00e7ekicilikle birle\u015ftiren bir par\u00e7aya yat\u0131r\u0131m yap\u0131yorsunuz.<\/p>\n<h3>Toptan Sat\u0131\u015f F\u0131rsat\u0131 ve Kalite G\u00fcvencesi<\/h3>\n<p>M\u00fc\u015fterilerine ola\u011fan\u00fcst\u00fc kalite sunmak isteyen perakendeciler ve i\u015fletmeler i\u00e7in bu <b>El Yap\u0131m\u0131 Deri Oxford Ayakkab\u0131<\/b> minimum 8 \u00e7ift sipari\u015fle toptan sat\u0131n al\u0131nabilir. Tipik olarak 12 g\u00fcn i\u00e7inde teslimat ve nakliye ile tutarl\u0131 bir \u00fcretim zaman \u00e7izelgesi sa\u011fl\u0131yoruz. Her bir \u00e7ift, en y\u00fcksek i\u015f\u00e7ilik standartlar\u0131n\u0131 kar\u015f\u0131lamak \u00fczere titizlikle denetlenir ve her m\u00fc\u015fterinin ger\u00e7ek l\u00fcks ve dayan\u0131kl\u0131l\u0131\u011f\u0131 yans\u0131tan bir \u00fcr\u00fcn almas\u0131n\u0131 garanti eder. M\u00fc\u015fterilerinize ger\u00e7ek bir ayakkab\u0131n\u0131n ayr\u0131cal\u0131\u011f\u0131n\u0131 ya\u015fat\u0131n <b>el yap\u0131m\u0131 deri oxford ayakkab\u0131lar<\/b> kalite ve tarz\u0131yla \u00f6ne \u00e7\u0131k\u0131yor. \u00dcst\u00fcn malzemeleri, konforu ve inkar edilemez estetik \u00e7ekicili\u011fi i\u00e7in bu zarif elbise ayakkab\u0131lar\u0131n\u0131 se\u00e7in. Bu zarif modelle ayakkab\u0131 koleksiyonunuzu geli\u015ftirin veya perakende sat\u0131\u015f tekliflerinizi geni\u015fletin.<\/p>","protected":false},"excerpt":{"rendered":"<ul>\n<li>Kal\u0131c\u0131 dayan\u0131kl\u0131l\u0131k ve \u015f\u0131kl\u0131k i\u00e7in birinci s\u0131n\u0131f Dana Derisi d\u0131\u015f y\u00fczey ile ustal\u0131kla \u00fcretilmi\u015ftir.<\/li>\n<li>Yumu\u015fak Ke\u00e7i Derisi ile l\u00fcks bir \u015fekilde astarlanm\u0131\u015ft\u0131r, \u00fcst\u00fcn konfor ve nefes alabilirlik sa\u011flar.<\/li>\n<li>M\u00fckemmel kavrama ve esneklik sunan hafif ve dayan\u0131kl\u0131 Microlight tabana sahiptir.<\/li>\n<li>1-3 cm'lik klasik al\u00e7ak topuk y\u00fcksekli\u011fi, sofistike stil i\u00e7in idealdir.<\/li>\n<li>Kapsaml\u0131 bir beden aral\u0131\u011f\u0131nda mevcuttur: 39, 40, 41, 42, 43, 44, 45.<\/li>\n<li>Minimum sipari\u015f miktar\u0131 8 \u00e7ifttir, toptan al\u0131c\u0131lar ve butikler i\u00e7in m\u00fckemmeldir.<\/li>\n<li>Yakla\u015f\u0131k 12 g\u00fcn i\u00e7inde teslim edilmesini bekleyin, art\u0131 nakliye s\u00fcresi.<\/li>\n<\/ul>","protected":false},"featured_media":3438,"template":"","meta":{"_acf_changed":false,"_uag_custom_page_level_css":"","site-sidebar-layout":"default","site-content-layout":"","ast-site-content-layout":"default","site-content-style":"default","site-sidebar-style":"default","ast-global-header-display":"","ast-banner-title-visibility":"","ast-main-header-display":"","ast-hfb-above-header-display":"","ast-hfb-below-header-display":"","ast-hfb-mobile-header-display":"","site-post-title":"","ast-breadcrumbs-content":"","ast-featured-img":"","footer-sml-layout":"","ast-disable-related-posts":"","theme-transparent-header-meta":"default","adv-header-id-meta":"","stick-header-meta":"","header-above-stick-meta":"","header-main-stick-meta":"","header-below-stick-meta":"","astra-migrate-meta-layouts":"set","ast-page-background-enabled":"default","ast-page-background-meta":{"desktop":{"background-color":"var(--ast-global-color-4)","background-image":"","background-repeat":"repeat","background-position":"center center","background-size":"auto","background-attachment":"scroll","background-type":"","background-media":"","overlay-type":"","overlay-color":"","overlay-opacity":"","overlay-gradient":""},"tablet":{"background-color":"","background-image":"","background-repeat":"repeat","background-position":"center center","background-size":"auto","background-attachment":"scroll","background-type":"","background-media":"","overlay-type":"","overlay-color":"","overlay-opacity":"","overlay-gradient":""},"mobile":{"background-color":"","background-image":"","background-repeat":"repeat","background-position":"center center","background-size":"auto","background-attachment":"scroll","background-type":"","background-media":"","overlay-type":"","overlay-color":"","overlay-opacity":"","overlay-gradient":""}},"ast-content-background-meta":{"desktop":{"background-color":"var(--ast-global-color-5)","background-image":"","background-repeat":"repeat","background-position":"center center","background-size":"auto","background-attachment":"scroll","background-type":"","background-media":"","overlay-type":"","overlay-color":"","overlay-opacity":"","overlay-gradient":""},"tablet":{"background-color":"var(--ast-global-color-5)","background-image":"","background-repeat":"repeat","background-position":"center center","background-size":"auto","background-attachment":"scroll","background-type":"","background-media":"","overlay-type":"","overlay-color":"","overlay-opacity":"","overlay-gradient":""},"mobile":{"background-color":"var(--ast-global-color-5)","background-image":"","background-repeat":"repeat","background-position":"center center","background-size":"auto","background-attachment":"scroll","background-type":"","background-media":"","overlay-type":"","overlay-color":"","overlay-opacity":"","overlay-gradient":""}}},"product_brand":[],"product_cat":[47,430,40],"product_tag":[689,654,292,688,202,541,284,201,437,450,360,198,359,466,250,305,254],"class_list":{"0":"post-5085","1":"product","2":"type-product","3":"status-publish","4":"has-post-thumbnail","6":"product_cat-classic","7":"product_cat-men","8":"product_cat-mens-shoes","9":"product_tag-artisan-shoes","10":"product_tag-brogue-shoes","11":"product_tag-brown-leather-shoes","12":"product_tag-business-attire","13":"product_tag-calf-leather","14":"product_tag-cap-toe-oxfords","15":"product_tag-dress-shoes","16":"product_tag-formal-footwear","17":"product_tag-goat-leather","18":"product_tag-handcrafted-shoes","19":"product_tag-leather-oxfords","20":"product_tag-mens-fashion","21":"product_tag-mens-oxford-shoes","22":"product_tag-microlight-sole","23":"product_tag-premium-leather","24":"product_tag-two-tone-shoes","25":"product_tag-wholesale-footwear","26":"desktop-align-center","27":"tablet-align-center","28":"mobile-align-center","30":"first","31":"instock","32":"shipping-taxable","33":"purchasable","34":"product-type-variable","35":"has-default-attributes"},"acf":[],"uagb_featured_image_src":{"full":["https:\/\/turkishtrade.co\/wp-content\/uploads\/2026\/01\/2400EJOMN00062-BROWN-2_11817.png",453,250,false],"thumbnail":["https:\/\/turkishtrade.co\/wp-content\/uploads\/2026\/01\/2400EJOMN00062-BROWN-2_11817-150x150.png",150,150,true],"medium":["https:\/\/turkishtrade.co\/wp-content\/uploads\/2026\/01\/2400EJOMN00062-BROWN-2_11817-300x166.png",300,166,true],"medium_large":["https:\/\/turkishtrade.co\/wp-content\/uploads\/2026\/01\/2400EJOMN00062-BROWN-2_11817.png",453,250,false],"large":["https:\/\/turkishtrade.co\/wp-content\/uploads\/2026\/01\/2400EJOMN00062-BROWN-2_11817.png",453,250,false],"1536x1536":["https:\/\/turkishtrade.co\/wp-content\/uploads\/2026\/01\/2400EJOMN00062-BROWN-2_11817.png",453,250,false],"2048x2048":["https:\/\/turkishtrade.co\/wp-content\/uploads\/2026\/01\/2400EJOMN00062-BROWN-2_11817.png",453,250,false],"trp-custom-language-flag":["https:\/\/turkishtrade.co\/wp-content\/uploads\/2026\/01\/2400EJOMN00062-BROWN-2_11817-18x10.png",18,10,true],"woocommerce_thumbnail":["https:\/\/turkishtrade.co\/wp-content\/uploads\/2026\/01\/2400EJOMN00062-BROWN-2_11817-400x250.png",400,250,true],"woocommerce_single":["https:\/\/turkishtrade.co\/wp-content\/uploads\/2026\/01\/2400EJOMN00062-BROWN-2_11817.png",453,250,false],"woocommerce_gallery_thumbnail":["https:\/\/turkishtrade.co\/wp-content\/uploads\/2026\/01\/2400EJOMN00062-BROWN-2_11817-100x100.png",100,100,true]},"uagb_author_info":{"display_name":"yaser olabi","author_link":"https:\/\/turkishtrade.co\/tr\/author\/"},"uagb_comment_info":0,"uagb_excerpt":"Expertly crafted with a premium Calf Leather exterior for lasting durability and elegance. Luxuriously lined with soft Goat Leather, ensuring superior comfort and breathability. Features a lightweight and durable Microlight sole, offering excellent grip and flexibility. Classic low heel height of 1-3 cm, ideal for sophisticated styling. Available in a comprehensive size range: 39, 40,&hellip;","_links":{"self":[{"href":"https:\/\/turkishtrade.co\/tr\/wp-json\/wp\/v2\/product\/5085","targetHints":{"allow":["GET"]}}],"collection":[{"href":"https:\/\/turkishtrade.co\/tr\/wp-json\/wp\/v2\/product"}],"about":[{"href":"https:\/\/turkishtrade.co\/tr\/wp-json\/wp\/v2\/types\/product"}],"wp:featuredmedia":[{"embeddable":true,"href":"https:\/\/turkishtrade.co\/tr\/wp-json\/wp\/v2\/media\/3438"}],"wp:attachment":[{"href":"https:\/\/turkishtrade.co\/tr\/wp-json\/wp\/v2\/media?parent=5085"}],"wp:term":[{"taxonomy":"product_brand","embeddable":true,"href":"https:\/\/turkishtrade.co\/tr\/wp-json\/wp\/v2\/product_brand?post=5085"},{"taxonomy":"product_cat","embeddable":true,"href":"https:\/\/turkishtrade.co\/tr\/wp-json\/wp\/v2\/product_cat?post=5085"},{"taxonomy":"product_tag","embeddable":true,"href":"https:\/\/turkishtrade.co\/tr\/wp-json\/wp\/v2\/product_tag?post=5085"}],"curies":[{"name":"wp","href":"https:\/\/api.w.org\/{rel}","templated":true}]}}