{"id":5083,"date":"2026-01-14T11:11:08","date_gmt":"2026-01-14T11:11:08","guid":{"rendered":"https:\/\/turkishtrade.co\/product\/mens-black-leather-brogues\/"},"modified":"2026-04-09T19:44:46","modified_gmt":"2026-04-09T19:44:46","slug":"mens-black-leather-brogues","status":"publish","type":"product","link":"https:\/\/turkishtrade.co\/tr\/shop\/mens-black-leather-brogues\/","title":{"rendered":"Microlight Tabanl\u0131 Premium Erkek Siyah Deri Brogues"},"content":{"rendered":"<p><strong>Erkek Siyah Deri Brogues<\/strong><\/p>\n<p>Premium Erkek Siyah Deri Brogues ile zamans\u0131z bir \u015f\u0131kl\u0131k ve \u00fcst\u00fcn konfor d\u00fcnyas\u0131na ad\u0131m at\u0131n. Se\u00e7kin beyefendiler i\u00e7in tasarlanan bu zarif elbise ayakkab\u0131lar\u0131, kaliteli i\u015f\u00e7ili\u011fin ve rafine tarz\u0131n bir kan\u0131t\u0131d\u0131r. \u0130ster resmi bir i\u015f toplant\u0131s\u0131, ister \u00f6zel bir etkinlik ya da sadece g\u00fcnl\u00fck k\u0131yafetlerinizi y\u00fckseltmek i\u00e7in olsun, bu <b>erkek si\u0307yah deri\u0307 brogues<\/b> m\u00fckemmel bir se\u00e7imdir.<\/p>\n<h3>Benzersiz \u0130\u015f\u00e7ilik ve \u00dcst\u00fcn Kaliteli Malzemeler<\/h3>\n<p>Her bir \u00e7iftimiz <b>erkek si\u0307yah deri\u0307 brogues<\/b> sadece en iyi malzemeler kullan\u0131larak titizlikle \u00fcretilmi\u015ftir. D\u0131\u015f y\u00fczeyi, esnek dokusu, dayan\u0131kl\u0131l\u0131\u011f\u0131 ve sofistike g\u00f6r\u00fcn\u00fcm\u00fcyle bilinen l\u00fcks dana derisine sahiptir. Bu y\u00fcksek kaliteli deri, klasik brogue tasar\u0131m\u0131na benzersiz bir boyut katan ince ve zarif bir dokuya sahiptir. \u0130\u00e7 k\u0131s\u0131mda, ayaklar\u0131n\u0131z g\u00fcn boyunca nefes alabilirlik ve ola\u011fan\u00fcst\u00fc konfor sa\u011flayan hakiki ke\u00e7i derisi astar\u0131n yumu\u015fak kuca\u011f\u0131yla sar\u0131l\u0131r. Birinci s\u0131n\u0131f derilerin bu kombinasyonu sadece l\u00fcks bir his vermekle kalmaz, ayn\u0131 zamanda ayakkab\u0131lar\u0131n zaman i\u00e7inde aya\u011f\u0131n\u0131za m\u00fckemmel bir \u015fekilde uyum sa\u011flamas\u0131n\u0131 da sa\u011flar.<\/p>\n<h3>Stil ve Konfor i\u00e7in Tasarland\u0131<\/h3>\n<p>Bu ayakkab\u0131lardaki ikonik brogue delikleri ve kanat ucu detaylar\u0131, modas\u0131 asla ge\u00e7meyen klasik bir tasar\u0131m sergiliyor. Zengin siyah tonu inan\u0131lmaz bir \u00e7ok y\u00f6nl\u00fcl\u00fck sunarak bu ayakkab\u0131lar\u0131 <b>erkek si\u0307yah deri\u0307 brogues<\/b> her gard\u0131rop i\u00e7in vazge\u00e7ilmez bir eklentidir. Ancak stil, konfordan \u00f6d\u00fcn vermek anlam\u0131na gelmez. Yenilik\u00e7i microlight taban, \u00fcst\u00fcn yast\u0131klama ve ola\u011fan\u00fcst\u00fc hafiflik sa\u011flayarak bu ayakkab\u0131lar\u0131 uzun s\u00fcreli kullan\u0131m i\u00e7in inan\u0131lmaz derecede rahat hale getirir. 1-3 cm'lik zarif topuk y\u00fcksekli\u011fi ile dengeden \u00f6d\u00fcn vermeden ince bir y\u00fckselti sunar. 39'dan 45'e kadar kapsaml\u0131 bir beden yelpazesinde mevcut olup, her m\u00fc\u015fterimiz i\u00e7in m\u00fckemmel bir uyum sa\u011fl\u0131yoruz.<\/p>\n<h3>\u0130deal Toptan Sat\u0131\u015f Orta\u011f\u0131n\u0131z<\/h3>\n<p>Y\u00fcksek kaliteli erkek ayakkab\u0131s\u0131 arayan perakendeciler ve i\u015fletmeler i\u00e7in siyah deri broglar\u0131m\u0131z ola\u011fan\u00fcst\u00fc de\u011fer sunar. Minimum 8 \u00e7iftlik toptan sipari\u015flere hitap ederek verimli bir \u015fekilde stok yapabilmenizi sa\u011fl\u0131yoruz. \u00dcretim zaman \u00e7izelgemiz 12 g\u00fcn olarak belirlenmi\u015ftir, ard\u0131ndan nakliye, i\u015f ihtiya\u00e7lar\u0131n\u0131z\u0131 kar\u015f\u0131lamak i\u00e7in g\u00fcvenilir ve zaman\u0131nda teslimat sa\u011flar. \u00c7ifti sadece USD olan rekabet\u00e7i toptan sat\u0131\u015f fiyat\u0131yla, bu birinci s\u0131n\u0131f elbise ayakkab\u0131lar\u0131 envanteriniz i\u00e7in m\u00fckemmel bir yat\u0131r\u0131m\u0131 temsil eder. Koleksiyonunuzu hem kal\u0131c\u0131 stil hem de m\u00fc\u015fteri memnuniyeti vaat eden bir \u00fcr\u00fcnle zenginle\u015ftirin. En iyisine yat\u0131r\u0131m yap\u0131n <b>erkek si\u0307yah deri\u0307 brogues<\/b> ve m\u00fc\u015fterilerinize ger\u00e7ekten \u00f6ne \u00e7\u0131kan bir \u00fcr\u00fcn sunun.<\/p>","protected":false},"excerpt":{"rendered":"<ul>\n<li><b>M\u00fckemmel i\u015f\u00e7ilik:<\/b> Benzersiz konfor i\u00e7in birinci s\u0131n\u0131f dana derisi d\u0131\u015f y\u00fczey ve yumu\u015fak ke\u00e7i derisi i\u00e7 y\u00fczey ile \u00fcretilmi\u015ftir.<\/li>\n<li><b>Zarif Tasar\u0131m:<\/b> Klasik brogue detaylara sahip benzersiz dokulu \u00fcst k\u0131s\u0131m, resmi ve \u015f\u0131k g\u00fcndelik davetler i\u00e7in m\u00fckemmeldir.<\/li>\n<li><b>Hafif ve Dayan\u0131kl\u0131:<\/b> Ola\u011fan\u00fcst\u00fc konfor ve uzun \u00f6m\u00fcrl\u00fc kullan\u0131m i\u00e7in mikro hafif tabana sahiptir.<\/li>\n<li><b>Topuk Y\u00fcksekli\u011fi:<\/b> Se\u00e7kin bir siluet i\u00e7in ince 1-3 cm topuk.<\/li>\n<li><b>Mevcut Boyutlar:<\/b> Geni\u015f bir m\u00fc\u015fteri taban\u0131na uyum sa\u011flamak i\u00e7in 39 ila 45 aras\u0131nda de\u011fi\u015fmektedir.<\/li>\n<li><b>Toptan Sat\u0131\u015fa Haz\u0131r:<\/b> Toplu al\u0131m i\u00e7in minimum 8 \u00e7ift sipari\u015f verilebilir.<\/li>\n<li><b>\u00dcretim ve Teslimat:<\/b> \u00dcretim art\u0131 nakliye s\u00fcresi i\u00e7in 12 g\u00fcn bekleyin.<\/li>\n<li><b>Rekabet\u00e7i Fiyatland\u0131rma:<\/b> Toptan sipari\u015fler i\u00e7in \u00e7ift ba\u015f\u0131na sadece USD olarak fiyatland\u0131r\u0131l\u0131r.<\/li>\n<\/ul>","protected":false},"featured_media":3437,"template":"","meta":{"_acf_changed":false,"_uag_custom_page_level_css":"","site-sidebar-layout":"default","site-content-layout":"","ast-site-content-layout":"default","site-content-style":"default","site-sidebar-style":"default","ast-global-header-display":"","ast-banner-title-visibility":"","ast-main-header-display":"","ast-hfb-above-header-display":"","ast-hfb-below-header-display":"","ast-hfb-mobile-header-display":"","site-post-title":"","ast-breadcrumbs-content":"","ast-featured-img":"","footer-sml-layout":"","ast-disable-related-posts":"","theme-transparent-header-meta":"default","adv-header-id-meta":"","stick-header-meta":"","header-above-stick-meta":"","header-main-stick-meta":"","header-below-stick-meta":"","astra-migrate-meta-layouts":"set","ast-page-background-enabled":"default","ast-page-background-meta":{"desktop":{"background-color":"var(--ast-global-color-4)","background-image":"","background-repeat":"repeat","background-position":"center center","background-size":"auto","background-attachment":"scroll","background-type":"","background-media":"","overlay-type":"","overlay-color":"","overlay-opacity":"","overlay-gradient":""},"tablet":{"background-color":"","background-image":"","background-repeat":"repeat","background-position":"center center","background-size":"auto","background-attachment":"scroll","background-type":"","background-media":"","overlay-type":"","overlay-color":"","overlay-opacity":"","overlay-gradient":""},"mobile":{"background-color":"","background-image":"","background-repeat":"repeat","background-position":"center center","background-size":"auto","background-attachment":"scroll","background-type":"","background-media":"","overlay-type":"","overlay-color":"","overlay-opacity":"","overlay-gradient":""}},"ast-content-background-meta":{"desktop":{"background-color":"var(--ast-global-color-5)","background-image":"","background-repeat":"repeat","background-position":"center center","background-size":"auto","background-attachment":"scroll","background-type":"","background-media":"","overlay-type":"","overlay-color":"","overlay-opacity":"","overlay-gradient":""},"tablet":{"background-color":"var(--ast-global-color-5)","background-image":"","background-repeat":"repeat","background-position":"center center","background-size":"auto","background-attachment":"scroll","background-type":"","background-media":"","overlay-type":"","overlay-color":"","overlay-opacity":"","overlay-gradient":""},"mobile":{"background-color":"var(--ast-global-color-5)","background-image":"","background-repeat":"repeat","background-position":"center center","background-size":"auto","background-attachment":"scroll","background-type":"","background-media":"","overlay-type":"","overlay-color":"","overlay-opacity":"","overlay-gradient":""}}},"product_brand":[],"product_cat":[47,430,40],"product_tag":[605,405,202,212,284,251,437,227,685,466,204,686,280,373,281],"class_list":{"0":"post-5083","1":"product","2":"type-product","3":"status-publish","4":"has-post-thumbnail","6":"product_cat-classic","7":"product_cat-men","8":"product_cat-mens-shoes","9":"product_tag-black-shoes","10":"product_tag-business-shoes","11":"product_tag-calf-leather","12":"product_tag-derby-shoes","13":"product_tag-dress-shoes","14":"product_tag-formal-shoes","15":"product_tag-goat-leather","16":"product_tag-leather-shoes","17":"product_tag-mens-brogues","18":"product_tag-microlight-sole","19":"product_tag-oxford-shoes","20":"product_tag-perforated-shoes","21":"product_tag-smart-casual-shoes","22":"product_tag-textured-leather","23":"product_tag-wholesale-shoes","24":"desktop-align-center","25":"tablet-align-center","26":"mobile-align-center","28":"first","29":"instock","30":"shipping-taxable","31":"purchasable","32":"product-type-variable","33":"has-default-attributes"},"acf":[],"uagb_featured_image_src":{"full":["https:\/\/turkishtrade.co\/wp-content\/uploads\/2026\/01\/2400EJOMN00061-BLACK-K_0079.png",453,250,false],"thumbnail":["https:\/\/turkishtrade.co\/wp-content\/uploads\/2026\/01\/2400EJOMN00061-BLACK-K_0079-150x150.png",150,150,true],"medium":["https:\/\/turkishtrade.co\/wp-content\/uploads\/2026\/01\/2400EJOMN00061-BLACK-K_0079-300x166.png",300,166,true],"medium_large":["https:\/\/turkishtrade.co\/wp-content\/uploads\/2026\/01\/2400EJOMN00061-BLACK-K_0079.png",453,250,false],"large":["https:\/\/turkishtrade.co\/wp-content\/uploads\/2026\/01\/2400EJOMN00061-BLACK-K_0079.png",453,250,false],"1536x1536":["https:\/\/turkishtrade.co\/wp-content\/uploads\/2026\/01\/2400EJOMN00061-BLACK-K_0079.png",453,250,false],"2048x2048":["https:\/\/turkishtrade.co\/wp-content\/uploads\/2026\/01\/2400EJOMN00061-BLACK-K_0079.png",453,250,false],"trp-custom-language-flag":["https:\/\/turkishtrade.co\/wp-content\/uploads\/2026\/01\/2400EJOMN00061-BLACK-K_0079-18x10.png",18,10,true],"woocommerce_thumbnail":["https:\/\/turkishtrade.co\/wp-content\/uploads\/2026\/01\/2400EJOMN00061-BLACK-K_0079-400x250.png",400,250,true],"woocommerce_single":["https:\/\/turkishtrade.co\/wp-content\/uploads\/2026\/01\/2400EJOMN00061-BLACK-K_0079.png",453,250,false],"woocommerce_gallery_thumbnail":["https:\/\/turkishtrade.co\/wp-content\/uploads\/2026\/01\/2400EJOMN00061-BLACK-K_0079-100x100.png",100,100,true]},"uagb_author_info":{"display_name":"yaser olabi","author_link":"https:\/\/turkishtrade.co\/tr\/author\/"},"uagb_comment_info":0,"uagb_excerpt":"Exquisite Craftsmanship: Crafted with a premium calf leather exterior and a soft goat leather interior for unparalleled comfort. Elegant Design: Classic brogue detailing with a unique textured upper, perfect for formal and smart-casual occasions. Lightweight &amp; Durable: Features a microlight sole for exceptional comfort and long-lasting wear. Heel Height: Subtle 1-3 cm heel for a&hellip;","_links":{"self":[{"href":"https:\/\/turkishtrade.co\/tr\/wp-json\/wp\/v2\/product\/5083","targetHints":{"allow":["GET"]}}],"collection":[{"href":"https:\/\/turkishtrade.co\/tr\/wp-json\/wp\/v2\/product"}],"about":[{"href":"https:\/\/turkishtrade.co\/tr\/wp-json\/wp\/v2\/types\/product"}],"wp:featuredmedia":[{"embeddable":true,"href":"https:\/\/turkishtrade.co\/tr\/wp-json\/wp\/v2\/media\/3437"}],"wp:attachment":[{"href":"https:\/\/turkishtrade.co\/tr\/wp-json\/wp\/v2\/media?parent=5083"}],"wp:term":[{"taxonomy":"product_brand","embeddable":true,"href":"https:\/\/turkishtrade.co\/tr\/wp-json\/wp\/v2\/product_brand?post=5083"},{"taxonomy":"product_cat","embeddable":true,"href":"https:\/\/turkishtrade.co\/tr\/wp-json\/wp\/v2\/product_cat?post=5083"},{"taxonomy":"product_tag","embeddable":true,"href":"https:\/\/turkishtrade.co\/tr\/wp-json\/wp\/v2\/product_tag?post=5083"}],"curies":[{"name":"wp","href":"https:\/\/api.w.org\/{rel}","templated":true}]}}