{"id":5080,"date":"2026-01-14T11:10:46","date_gmt":"2026-01-14T11:10:46","guid":{"rendered":"https:\/\/turkishtrade.co\/product\/men-exotic-leather-derby-shoes\/"},"modified":"2026-04-09T19:44:53","modified_gmt":"2026-04-09T19:44:53","slug":"elite-mens-exotic-leather-derby-shoes","status":"publish","type":"product","link":"https:\/\/turkishtrade.co\/tr\/shop\/elite-mens-exotic-leather-derby-shoes\/","title":{"rendered":"Premium Erkek Egzotik Deri Derby Ayakkab\u0131"},"content":{"rendered":"<p><strong>Erkek Egzotik Deri Derby Ayakkab\u0131<\/strong><\/p>\n<p>Usta i\u015f\u00e7ili\u011fin ve se\u00e7kin tarz\u0131n ger\u00e7ek bir kan\u0131t\u0131 olan Premium Erkek Egzotik Deri Derby Ayakkab\u0131lar\u0131m\u0131zla benzersiz bir sofistikeli\u011fe ad\u0131m at\u0131n. Bu zarif derby ayakkab\u0131lar, ince ayr\u0131nt\u0131lar\u0131 takdir eden ve m\u00fckemmellikten daha az\u0131n\u0131 talep etmeyen modern beyefendiler i\u00e7in titizlikle tasarlanm\u0131\u015ft\u0131r. Hem klasik zarafet hem de \u00e7a\u011fda\u015f yetenekler g\u00f6z \u00f6n\u00fcnde bulundurularak \u00fcretilen bu ayakkab\u0131lar sadece bir ayakkab\u0131 de\u011fil, ayakkab\u0131 koleksiyonunuz i\u00e7in bir ifade par\u00e7as\u0131d\u0131r.<\/p>\n<p>Bu ola\u011fan\u00fcst\u00fc binan\u0131n d\u0131\u015f cephesi <strong>Erkek Egzotik Deri Derby Ayakkab\u0131<\/strong> p\u00fcr\u00fczs\u00fcz, y\u00fcksek kaliteli dana derisi ve benzersiz, egzotik deri dokulu panellerin uyumlu bir kar\u0131\u015f\u0131m\u0131na sahiptir. Bu \u00e7arp\u0131c\u0131 kombinasyon, dinamik bir g\u00f6rsel \u00e7ekicilik yaratarak onlar\u0131 geleneksel ayakkab\u0131lardan ay\u0131r\u0131r. Her bir \u00e7ift, aya\u011f\u0131n\u0131za uyum sa\u011flayan \u00fcst\u00fcn konfor ve nefes alabilirlik sa\u011flayan l\u00fcks ke\u00e7i derisi astara sahiptir, bu da onlar\u0131 ofiste uzun g\u00fcnler veya uzun s\u00fcreli \u00f6zel etkinlikler i\u00e7in ideal hale getirir. Dayan\u0131kl\u0131 ve hafif Microlight taban m\u00fckemmel kavrama ve yast\u0131klama sa\u011flayarak her ad\u0131mda denge ve kolayl\u0131k vaat ederken, 1-3 cm'lik ince topuk zarif bir y\u00fckselme dokunu\u015fu katar.<\/p>\n<h3>Rakipsiz Kalite ve \u00c7ok Y\u00f6nl\u00fc Stil<\/h3>\n<p>Bizim <strong>Erkek Egzotik Deri Derby Ayakkab\u0131<\/strong> estetik a\u00e7\u0131dan ho\u015f olmaktan \u00e7ok daha fazlas\u0131d\u0131r; uzun s\u00fcre dayanacak \u015fekilde \u00fcretilmi\u015ftir. Sa\u011flam dana derisinden esnek ke\u00e7i derisine kadar kaliteli malzemeler, dayan\u0131kl\u0131l\u0131klar\u0131 ve l\u00fcks hisleri i\u00e7in \u00f6zenle se\u00e7ilmi\u015ftir. Kendine \u00f6zg\u00fc egzotik deri vurgularla zenginle\u015ftirilen klasik derby silueti, bu ayakkab\u0131lar\u0131 inan\u0131lmaz derecede \u00e7ok y\u00f6nl\u00fc hale getiriyor. \u0130ster \u00f6nemli bir i\u015f toplant\u0131s\u0131na, ister resmi bir ak\u015fam etkinli\u011fine kat\u0131l\u0131yor olun, ister sadece \u015f\u0131k ve g\u00fcndelik k\u0131yafetinizi y\u00fckseltiyor olun, bu ayakkab\u0131lar k\u0131yafetinizi kusursuz bir \u015fekilde tamamlayacakt\u0131r. Zengin kahverengi ve sofistike lacivert renk se\u00e7enekleriyle ki\u015fisel tarz\u0131n\u0131z\u0131 en iyi yans\u0131tan rengi se\u00e7ebilirsiniz.<\/p>\n<p>Gelenek ve yenili\u011fin m\u00fckemmel birle\u015fimini deneyimleyin. Her bir \u00e7iftin en y\u00fcksek kalite standartlar\u0131n\u0131 kar\u015f\u0131lamas\u0131n\u0131 sa\u011flayan titiz diki\u015f ve uzman sonland\u0131rma, yetenekli zanaatk\u00e2rlar\u0131n saatlerce s\u00fcren \u00f6zverisini yans\u0131tmaktad\u0131r. Ayr\u0131ca, bu birinci s\u0131n\u0131f <strong>Erkek Egzotik Deri Derby Ayakkab\u0131<\/strong> Toptan sat\u0131\u015f i\u00e7in minimum sipari\u015f miktar\u0131 sadece 8 \u00e7ifttir, bu da onlar\u0131 m\u00fc\u015fterilerine \u00e7ift ba\u015f\u0131na rekabet\u00e7i bir USD fiyat\u0131yla l\u00fcks, y\u00fcksek kaliteli ayakkab\u0131lar sunmak isteyen perakendeciler i\u00e7in m\u00fckemmel bir se\u00e7im haline getirir. Tahmini teslimat s\u00fcresi 12 g\u00fcn art\u0131 nakliye ile bu \u00e7ok be\u011fenilen \u00fcr\u00fcnleri h\u0131zl\u0131 bir \u015fekilde stoklayabilirsiniz.<\/p>\n<p>Bug\u00fcn bu zarif Erkek Egzotik Deri Derby Ayakkab\u0131lardan bir \u00e7ift sat\u0131n al\u0131n ve ayakkab\u0131 koleksiyonunuzu e\u015fsiz bir zarafet ve konfor dokunu\u015fuyla yeniden tan\u0131mlay\u0131n. 39-45 numaralar i\u00e7in m\u00fckemmel olan bu ayakkab\u0131lar, i\u015flevselli\u011fi farkl\u0131 bir l\u00fcks duygusuyla harmanlayarak her gard\u0131rop i\u00e7in zamans\u0131z bir eklenti olmay\u0131 vaat ediyor.<\/p>","protected":false},"excerpt":{"rendered":"<ul>\n<li>Kendine \u00f6zg\u00fc egzotik deri dokulu vurgularla birinci s\u0131n\u0131f Dana derisi d\u0131\u015f y\u00fczey kar\u0131\u015f\u0131m\u0131ndan el yap\u0131m\u0131 olarak \u00fcretilmi\u015ftir.<\/li>\n<li>L\u00fcks Ke\u00e7i Derisi i\u00e7 astar, t\u00fcm g\u00fcn kullan\u0131m i\u00e7in \u00fcst\u00fcn konfor ve nefes alabilirlik sa\u011flar.<\/li>\n<li>M\u00fckemmel tutu\u015f ve esneklik sa\u011flayan hafif ve dayan\u0131kl\u0131 Microlight taban ile donat\u0131lm\u0131\u015ft\u0131r.<\/li>\n<li>Zarif ve sofistike bir siluet i\u00e7in 1-3 cm'lik zarif bir topuk y\u00fcksekli\u011fine sahiptir.<\/li>\n<li>Kapsaml\u0131 bir AB beden yelpazesinde mevcuttur: 39, 40, 41, 42, 43, 44, 45.<\/li>\n<li>Toplu Kullan\u0131labilirlik: Minimum sipari\u015f miktar\u0131 8 \u00e7ifttir.<\/li>\n<li>Toptan Sat\u0131\u015f Fiyat\u0131: \u00c7ift ba\u015f\u0131na USD.<\/li>\n<li>Tahmini Teslim S\u00fcresi: 12 g\u00fcn + nakliye.<\/li>\n<\/ul>","protected":false},"featured_media":3436,"template":"","meta":{"_acf_changed":false,"_uag_custom_page_level_css":"","site-sidebar-layout":"default","site-content-layout":"","ast-site-content-layout":"default","site-content-style":"default","site-sidebar-style":"default","ast-global-header-display":"","ast-banner-title-visibility":"","ast-main-header-display":"","ast-hfb-above-header-display":"","ast-hfb-below-header-display":"","ast-hfb-mobile-header-display":"","site-post-title":"","ast-breadcrumbs-content":"","ast-featured-img":"","footer-sml-layout":"","ast-disable-related-posts":"","theme-transparent-header-meta":"default","adv-header-id-meta":"","stick-header-meta":"","header-above-stick-meta":"","header-main-stick-meta":"","header-below-stick-meta":"","astra-migrate-meta-layouts":"set","ast-page-background-enabled":"default","ast-page-background-meta":{"desktop":{"background-color":"var(--ast-global-color-4)","background-image":"","background-repeat":"repeat","background-position":"center center","background-size":"auto","background-attachment":"scroll","background-type":"","background-media":"","overlay-type":"","overlay-color":"","overlay-opacity":"","overlay-gradient":""},"tablet":{"background-color":"","background-image":"","background-repeat":"repeat","background-position":"center center","background-size":"auto","background-attachment":"scroll","background-type":"","background-media":"","overlay-type":"","overlay-color":"","overlay-opacity":"","overlay-gradient":""},"mobile":{"background-color":"","background-image":"","background-repeat":"repeat","background-position":"center center","background-size":"auto","background-attachment":"scroll","background-type":"","background-media":"","overlay-type":"","overlay-color":"","overlay-opacity":"","overlay-gradient":""}},"ast-content-background-meta":{"desktop":{"background-color":"var(--ast-global-color-5)","background-image":"","background-repeat":"repeat","background-position":"center center","background-size":"auto","background-attachment":"scroll","background-type":"","background-media":"","overlay-type":"","overlay-color":"","overlay-opacity":"","overlay-gradient":""},"tablet":{"background-color":"var(--ast-global-color-5)","background-image":"","background-repeat":"repeat","background-position":"center center","background-size":"auto","background-attachment":"scroll","background-type":"","background-media":"","overlay-type":"","overlay-color":"","overlay-opacity":"","overlay-gradient":""},"mobile":{"background-color":"var(--ast-global-color-5)","background-image":"","background-repeat":"repeat","background-position":"center center","background-size":"auto","background-attachment":"scroll","background-type":"","background-media":"","overlay-type":"","overlay-color":"","overlay-opacity":"","overlay-gradient":""}}},"product_brand":[],"product_cat":[47,430,40],"product_tag":[561,582,212,284,679,251,437,219,683,227,416,681,198,466,682,362,680,281],"class_list":{"0":"post-5080","1":"product","2":"type-product","3":"status-publish","4":"has-post-thumbnail","6":"product_cat-classic","7":"product_cat-men","8":"product_cat-mens-shoes","9":"product_tag-brown-derby","10":"product_tag-calfskin","11":"product_tag-derby-shoes","12":"product_tag-dress-shoes","13":"product_tag-exotic-leather","14":"product_tag-formal-shoes","15":"product_tag-goat-leather","16":"product_tag-handmade-shoes","17":"product_tag-high-quality-shoes","18":"product_tag-leather-shoes","19":"product_tag-luxury-shoes","20":"product_tag-mens-derby","21":"product_tag-mens-fashion","22":"product_tag-microlight-sole","23":"product_tag-navy-derby","24":"product_tag-premium-footwear","25":"product_tag-stylish-shoes","26":"product_tag-wholesale-shoes","27":"desktop-align-center","28":"tablet-align-center","29":"mobile-align-center","31":"first","32":"instock","33":"shipping-taxable","34":"purchasable","35":"product-type-variable","36":"has-default-attributes"},"acf":[],"uagb_featured_image_src":{"full":["https:\/\/turkishtrade.co\/wp-content\/uploads\/2026\/01\/2400EJOMN00060-DARK-BLUE-H_72.png",453,250,false],"thumbnail":["https:\/\/turkishtrade.co\/wp-content\/uploads\/2026\/01\/2400EJOMN00060-DARK-BLUE-H_72-150x150.png",150,150,true],"medium":["https:\/\/turkishtrade.co\/wp-content\/uploads\/2026\/01\/2400EJOMN00060-DARK-BLUE-H_72-300x166.png",300,166,true],"medium_large":["https:\/\/turkishtrade.co\/wp-content\/uploads\/2026\/01\/2400EJOMN00060-DARK-BLUE-H_72.png",453,250,false],"large":["https:\/\/turkishtrade.co\/wp-content\/uploads\/2026\/01\/2400EJOMN00060-DARK-BLUE-H_72.png",453,250,false],"1536x1536":["https:\/\/turkishtrade.co\/wp-content\/uploads\/2026\/01\/2400EJOMN00060-DARK-BLUE-H_72.png",453,250,false],"2048x2048":["https:\/\/turkishtrade.co\/wp-content\/uploads\/2026\/01\/2400EJOMN00060-DARK-BLUE-H_72.png",453,250,false],"trp-custom-language-flag":["https:\/\/turkishtrade.co\/wp-content\/uploads\/2026\/01\/2400EJOMN00060-DARK-BLUE-H_72-18x10.png",18,10,true],"woocommerce_thumbnail":["https:\/\/turkishtrade.co\/wp-content\/uploads\/2026\/01\/2400EJOMN00060-DARK-BLUE-H_72-400x250.png",400,250,true],"woocommerce_single":["https:\/\/turkishtrade.co\/wp-content\/uploads\/2026\/01\/2400EJOMN00060-DARK-BLUE-H_72.png",453,250,false],"woocommerce_gallery_thumbnail":["https:\/\/turkishtrade.co\/wp-content\/uploads\/2026\/01\/2400EJOMN00060-DARK-BLUE-H_72-100x100.png",100,100,true]},"uagb_author_info":{"display_name":"yaser olabi","author_link":"https:\/\/turkishtrade.co\/tr\/author\/"},"uagb_comment_info":0,"uagb_excerpt":"Handcrafted from a blend of premium Calfskin exterior with distinctive exotic leather textured accents. Luxurious Goat Leather interior lining ensures ultimate comfort and breathability for all-day wear. Equipped with a lightweight and durable Microlight sole, providing excellent traction and flexibility. Features an elegant heel height of 1-3 cm for a refined and sophisticated silhouette. Available&hellip;","_links":{"self":[{"href":"https:\/\/turkishtrade.co\/tr\/wp-json\/wp\/v2\/product\/5080","targetHints":{"allow":["GET"]}}],"collection":[{"href":"https:\/\/turkishtrade.co\/tr\/wp-json\/wp\/v2\/product"}],"about":[{"href":"https:\/\/turkishtrade.co\/tr\/wp-json\/wp\/v2\/types\/product"}],"wp:featuredmedia":[{"embeddable":true,"href":"https:\/\/turkishtrade.co\/tr\/wp-json\/wp\/v2\/media\/3436"}],"wp:attachment":[{"href":"https:\/\/turkishtrade.co\/tr\/wp-json\/wp\/v2\/media?parent=5080"}],"wp:term":[{"taxonomy":"product_brand","embeddable":true,"href":"https:\/\/turkishtrade.co\/tr\/wp-json\/wp\/v2\/product_brand?post=5080"},{"taxonomy":"product_cat","embeddable":true,"href":"https:\/\/turkishtrade.co\/tr\/wp-json\/wp\/v2\/product_cat?post=5080"},{"taxonomy":"product_tag","embeddable":true,"href":"https:\/\/turkishtrade.co\/tr\/wp-json\/wp\/v2\/product_tag?post=5080"}],"curies":[{"name":"wp","href":"https:\/\/api.w.org\/{rel}","templated":true}]}}