{"id":5076,"date":"2026-01-14T11:10:04","date_gmt":"2026-01-14T11:10:04","guid":{"rendered":"https:\/\/turkishtrade.co\/product\/mens-leather-tassel-loafers\/"},"modified":"2026-04-09T19:44:59","modified_gmt":"2026-04-09T19:44:59","slug":"mens-leather-tassel-loafers","status":"publish","type":"product","link":"https:\/\/turkishtrade.co\/tr\/shop\/mens-leather-tassel-loafers\/","title":{"rendered":"Premium Erkek Siyah Dana Derisi P\u00fcsk\u00fcll\u00fc Loafer"},"content":{"rendered":"<p><strong>Erkek Deri P\u00fcsk\u00fcll\u00fc Loafer<\/strong><\/p>\n<p>Premium Erkek Siyah Dana Derisi P\u00fcsk\u00fcll\u00fc Loafer'lar\u0131m\u0131zla sofistike ayakkab\u0131n\u0131n \u00f6z\u00fcn\u00fc ke\u015ffedin. Se\u00e7ici beyefendiler i\u00e7in tasarlanan bu zarif <strong>erkek deri\u0307 p\u00fcsk\u00fcll\u00fc mokasen<\/strong> klasik \u015f\u0131kl\u0131\u011f\u0131 modern konforla birle\u015ftiriyor. Her bir \u00e7ift, \u00fcst\u00fcn i\u015f\u00e7ili\u011fin bir kan\u0131t\u0131d\u0131r ve resmi etkinliklerden \u015f\u0131k g\u00fcndelik toplant\u0131lara zahmetsizce ge\u00e7i\u015f yapan se\u00e7kin bir stil sunar. Ayakkab\u0131 koleksiyonunuzu hem dayan\u0131kl\u0131l\u0131k hem de zarif bir estetik vaat eden zamans\u0131z bir par\u00e7ayla y\u00fckseltin. Bu l\u00fcks <strong>erkek deri\u0307 p\u00fcsk\u00fcll\u00fc mokasen<\/strong> her stil sahibi bireyin gard\u0131robunun olmazsa olmaz\u0131d\u0131r.<\/p>\n<p>&nbsp;<\/p>\n<h3>Konfor ve \u00c7ok Y\u00f6nl\u00fcl\u00fck i\u00e7in Tasarland\u0131<\/h3>\n<p>Bunlar s\u0131radan bir \u00e7ift de\u011fil <strong>erkek deri\u0307 p\u00fcsk\u00fcll\u00fc mokasen<\/strong>; \u00dcst\u00fcn bir kullan\u0131m deneyimi i\u00e7in tasarlanm\u0131\u015ft\u0131r. Anatomik tasar\u0131m, yumu\u015fak ke\u00e7i derisi i\u00e7 k\u0131s\u0131mla birle\u015fti\u011finde aya\u011f\u0131n\u0131z\u0131n benzersiz \u015fekline uyum sa\u011flayarak ilk giyimden itibaren rahat bir uyum sa\u011flar. EU 39'dan 45'e kadar kapsaml\u0131 bir beden yelpazesinde mevcut oldu\u011fundan, m\u00fckemmel uyumunuzu bulmak \u00e7ok kolay. \u0130ster bir i\u015f toplant\u0131s\u0131na, ister bir d\u00fc\u011f\u00fcne kat\u0131l\u0131n, ister d\u0131\u015far\u0131da bir ak\u015fam\u0131n tad\u0131n\u0131 \u00e7\u0131kar\u0131n, bu \u00e7ok y\u00f6nl\u00fc loaferlar \u00f6zel dikim tak\u0131mlardan \u015f\u0131k chino pantolonlara kadar \u00e7ok \u00e7e\u015fitli k\u0131yafetleri tamamlayacakt\u0131r. Zamans\u0131z siyah renkleri, onlar\u0131 her sofistike gard\u0131rop i\u00e7in vazge\u00e7ilmez bir eklenti haline getiriyor. Kalitenin kal\u0131c\u0131 cazibesine yat\u0131r\u0131m yap\u0131n <strong>erkek deri\u0307 p\u00fcsk\u00fcll\u00fc mokasen<\/strong> g\u00f6r\u00fcn\u00fcm\u00fcn\u00fcz\u00fc tamamlamak i\u00e7in.<\/p>\n<h3>Perakendeciler i\u00e7in Toptan Sat\u0131\u015f F\u0131rsat\u0131<\/h3>\n<p>Birinci s\u0131n\u0131f ayakkab\u0131 stoklamak isteyen i\u015fletmeler i\u00e7in <strong>erkek deri\u0307 p\u00fcsk\u00fcll\u00fc mokasen<\/strong> toptan sat\u0131n al\u0131nabilir. Minimum 8 \u00e7ift sipari\u015fe ihtiya\u00e7 duyuyoruz, bu da butiklerin ve perakendecilerin y\u00fcksek kaliteli stok elde etmesini kolayla\u015ft\u0131r\u0131yor. Verimli \u00fcretim s\u00fcrecimiz, nakliye dahil sadece 12 g\u00fcnl\u00fck bir teslimat s\u00fcresi sa\u011flayarak envanterinizi bu aranan \u00fcr\u00fcnlerle h\u0131zl\u0131 bir \u015fekilde yenilemenize olanak tan\u0131r. M\u00fc\u015fterilerinize ustal\u0131kla haz\u0131rlanm\u0131\u015f deri mokasenlerin l\u00fcks\u00fcn\u00fc ve stilini rekabet\u00e7i bir fiyatla sunun. Bunlar sadece ayakkab\u0131 de\u011fil; T\u00fcrk ayakkab\u0131 sanat\u0131n\u0131n y\u00fcksek standartlar\u0131n\u0131 yans\u0131tan, kalite ve m\u00fc\u015fteri memnuniyetine yap\u0131lan bir yat\u0131r\u0131md\u0131r.<\/p>","protected":false},"excerpt":{"rendered":"<ul>\n<li><strong>D\u0131\u015f Malzeme:<\/strong> L\u00fcks Dana Derisi<\/li>\n<li><strong>\u0130\u00e7 Astar:<\/strong> Yumu\u015fak Ke\u00e7i Derisi<\/li>\n<li><strong>Taban Tipi:<\/strong> Hafif Microlight Taban<\/li>\n<li><strong>Topuk Y\u00fcksekli\u011fi:<\/strong> Rahat 1-3 cm<\/li>\n<li><strong>Mevcut Boyutlar:<\/strong> AB 39, 40, 41, 42, 43, 44, 45<\/li>\n<li><strong>Toptan Sat\u0131\u015f:<\/strong> Minimum 8 \u00e7ift sipari\u015f<\/li>\n<li><strong>Teslimat S\u00fcresi:<\/strong> 12 g\u00fcn + nakliye<\/li>\n<\/ul>","protected":false},"featured_media":3433,"template":"","meta":{"_acf_changed":false,"_uag_custom_page_level_css":"","site-sidebar-layout":"default","site-content-layout":"","ast-site-content-layout":"default","site-content-style":"default","site-sidebar-style":"default","ast-global-header-display":"","ast-banner-title-visibility":"","ast-main-header-display":"","ast-hfb-above-header-display":"","ast-hfb-below-header-display":"","ast-hfb-mobile-header-display":"","site-post-title":"","ast-breadcrumbs-content":"","ast-featured-img":"","footer-sml-layout":"","ast-disable-related-posts":"","theme-transparent-header-meta":"default","adv-header-id-meta":"","stick-header-meta":"","header-above-stick-meta":"","header-main-stick-meta":"","header-below-stick-meta":"","astra-migrate-meta-layouts":"set","ast-page-background-enabled":"default","ast-page-background-meta":{"desktop":{"background-color":"var(--ast-global-color-4)","background-image":"","background-repeat":"repeat","background-position":"center center","background-size":"auto","background-attachment":"scroll","background-type":"","background-media":"","overlay-type":"","overlay-color":"","overlay-opacity":"","overlay-gradient":""},"tablet":{"background-color":"","background-image":"","background-repeat":"repeat","background-position":"center center","background-size":"auto","background-attachment":"scroll","background-type":"","background-media":"","overlay-type":"","overlay-color":"","overlay-opacity":"","overlay-gradient":""},"mobile":{"background-color":"","background-image":"","background-repeat":"repeat","background-position":"center center","background-size":"auto","background-attachment":"scroll","background-type":"","background-media":"","overlay-type":"","overlay-color":"","overlay-opacity":"","overlay-gradient":""}},"ast-content-background-meta":{"desktop":{"background-color":"var(--ast-global-color-5)","background-image":"","background-repeat":"repeat","background-position":"center center","background-size":"auto","background-attachment":"scroll","background-type":"","background-media":"","overlay-type":"","overlay-color":"","overlay-opacity":"","overlay-gradient":""},"tablet":{"background-color":"var(--ast-global-color-5)","background-image":"","background-repeat":"repeat","background-position":"center center","background-size":"auto","background-attachment":"scroll","background-type":"","background-media":"","overlay-type":"","overlay-color":"","overlay-opacity":"","overlay-gradient":""},"mobile":{"background-color":"var(--ast-global-color-5)","background-image":"","background-repeat":"repeat","background-position":"center center","background-size":"auto","background-attachment":"scroll","background-type":"","background-media":"","overlay-type":"","overlay-color":"","overlay-opacity":"","overlay-gradient":""}}},"product_brand":[],"product_cat":[47,430,40],"product_tag":[370,672,453,202,284,251,437,215,198,186,466,349,285,281],"class_list":{"0":"post-5076","1":"product","2":"type-product","3":"status-publish","4":"has-post-thumbnail","6":"product_cat-classic","7":"product_cat-men","8":"product_cat-mens-shoes","9":"product_tag-black-loafers","10":"product_tag-brogues","11":"product_tag-bulk-footwear","12":"product_tag-calf-leather","13":"product_tag-dress-shoes","14":"product_tag-formal-shoes","15":"product_tag-goat-leather","16":"product_tag-leather-loafers","17":"product_tag-mens-fashion","18":"product_tag-mens-loafers","19":"product_tag-microlight-sole","20":"product_tag-tassel-loafers","21":"product_tag-turkish-shoes","22":"product_tag-wholesale-shoes","23":"desktop-align-center","24":"tablet-align-center","25":"mobile-align-center","27":"first","28":"instock","29":"shipping-taxable","30":"purchasable","31":"product-type-variable","32":"has-default-attributes"},"acf":[],"uagb_featured_image_src":{"full":["https:\/\/turkishtrade.co\/wp-content\/uploads\/2026\/01\/2400EJOMN00058-BLACK-DKS_7551.png",453,250,false],"thumbnail":["https:\/\/turkishtrade.co\/wp-content\/uploads\/2026\/01\/2400EJOMN00058-BLACK-DKS_7551-150x150.png",150,150,true],"medium":["https:\/\/turkishtrade.co\/wp-content\/uploads\/2026\/01\/2400EJOMN00058-BLACK-DKS_7551-300x166.png",300,166,true],"medium_large":["https:\/\/turkishtrade.co\/wp-content\/uploads\/2026\/01\/2400EJOMN00058-BLACK-DKS_7551.png",453,250,false],"large":["https:\/\/turkishtrade.co\/wp-content\/uploads\/2026\/01\/2400EJOMN00058-BLACK-DKS_7551.png",453,250,false],"1536x1536":["https:\/\/turkishtrade.co\/wp-content\/uploads\/2026\/01\/2400EJOMN00058-BLACK-DKS_7551.png",453,250,false],"2048x2048":["https:\/\/turkishtrade.co\/wp-content\/uploads\/2026\/01\/2400EJOMN00058-BLACK-DKS_7551.png",453,250,false],"trp-custom-language-flag":["https:\/\/turkishtrade.co\/wp-content\/uploads\/2026\/01\/2400EJOMN00058-BLACK-DKS_7551-18x10.png",18,10,true],"woocommerce_thumbnail":["https:\/\/turkishtrade.co\/wp-content\/uploads\/2026\/01\/2400EJOMN00058-BLACK-DKS_7551-400x250.png",400,250,true],"woocommerce_single":["https:\/\/turkishtrade.co\/wp-content\/uploads\/2026\/01\/2400EJOMN00058-BLACK-DKS_7551.png",453,250,false],"woocommerce_gallery_thumbnail":["https:\/\/turkishtrade.co\/wp-content\/uploads\/2026\/01\/2400EJOMN00058-BLACK-DKS_7551-100x100.png",100,100,true]},"uagb_author_info":{"display_name":"yaser olabi","author_link":"https:\/\/turkishtrade.co\/tr\/author\/"},"uagb_comment_info":0,"uagb_excerpt":"Outer Material: Luxurious Calf Leather Inner Lining: Soft Goat Leather Sole Type: Lightweight Microlight Sole Heel Height: Comfortable 1-3 cm Available Sizes: EU 39, 40, 41, 42, 43, 44, 45 Wholesale Availability: Minimum order of 8 pairs Delivery Time: 12 days + shipping","_links":{"self":[{"href":"https:\/\/turkishtrade.co\/tr\/wp-json\/wp\/v2\/product\/5076","targetHints":{"allow":["GET"]}}],"collection":[{"href":"https:\/\/turkishtrade.co\/tr\/wp-json\/wp\/v2\/product"}],"about":[{"href":"https:\/\/turkishtrade.co\/tr\/wp-json\/wp\/v2\/types\/product"}],"wp:featuredmedia":[{"embeddable":true,"href":"https:\/\/turkishtrade.co\/tr\/wp-json\/wp\/v2\/media\/3433"}],"wp:attachment":[{"href":"https:\/\/turkishtrade.co\/tr\/wp-json\/wp\/v2\/media?parent=5076"}],"wp:term":[{"taxonomy":"product_brand","embeddable":true,"href":"https:\/\/turkishtrade.co\/tr\/wp-json\/wp\/v2\/product_brand?post=5076"},{"taxonomy":"product_cat","embeddable":true,"href":"https:\/\/turkishtrade.co\/tr\/wp-json\/wp\/v2\/product_cat?post=5076"},{"taxonomy":"product_tag","embeddable":true,"href":"https:\/\/turkishtrade.co\/tr\/wp-json\/wp\/v2\/product_tag?post=5076"}],"curies":[{"name":"wp","href":"https:\/\/api.w.org\/{rel}","templated":true}]}}