{"id":5072,"date":"2026-01-14T11:09:22","date_gmt":"2026-01-14T11:09:22","guid":{"rendered":"https:\/\/turkishtrade.co\/product\/black-patent-leather-shoes\/"},"modified":"2026-04-09T19:45:06","modified_gmt":"2026-04-09T19:45:06","slug":"black-patent-leather-shoes","status":"publish","type":"product","link":"https:\/\/turkishtrade.co\/tr\/shop\/black-patent-leather-shoes\/","title":{"rendered":"Dokulu Buza\u011f\u0131 Detayl\u0131 Premium Siyah Rugan Elbise Ayakkab\u0131s\u0131"},"content":{"rendered":"<p><strong>Siyah Rugan Ayakkab\u0131<\/strong><\/p>\n<p>Resmi gard\u0131robunuzu zarif \u00fcr\u00fcnlerimizle y\u00fckseltin <strong>siyah rugan ayakkab\u0131<\/strong>, sofistike stilin ve ola\u011fan\u00fcst\u00fc i\u015f\u00e7ili\u011fin ger\u00e7ek bir kan\u0131t\u0131d\u0131r. Bunlar s\u0131radan bir elbise ayakkab\u0131s\u0131 de\u011fildir; her etkinlikte kal\u0131c\u0131 bir izlenim b\u0131rakman\u0131z\u0131 sa\u011flamak i\u00e7in tasarlanm\u0131\u015f bir ifade par\u00e7as\u0131d\u0131r. Siyah kravatl\u0131 galalardan \u00f6nemli i\u015f toplant\u0131lar\u0131na ve kutlamal\u0131 d\u00fc\u011f\u00fcnlere kadar, bu <strong>siyah rugan ayakkab\u0131<\/strong> se\u00e7kin durumlar i\u00e7in m\u00fckemmel bir arkada\u015f\u0131n\u0131zd\u0131r.<\/p>\n<p>Detaylara titizlikle \u00f6zen g\u00f6sterilerek \u00fcretilen bu \u00e7arp\u0131c\u0131 d\u0131\u015f <strong>siyah rugan ayakkab\u0131<\/strong> parlak rugan dana derisi ve sofistike dokulu dana derisinin uyumlu bir kombinasyonuna sahiptir. Bu benzersiz \u00e7ift dokulu tasar\u0131m, klasik siluete \u00e7a\u011fda\u015f bir hava katarak, bu ayakkab\u0131lar\u0131 <strong>siyah rugan ayakkab\u0131<\/strong> geleneksel resmi ayakkab\u0131lardan farkl\u0131d\u0131r. Zengin, koyu siyah kaplama, \u00e7ok y\u00f6nl\u00fcl\u00fck ve \u015f\u0131kl\u0131k sa\u011flayarak bu ayakkab\u0131lar\u0131 her se\u00e7kin beyefendinin koleksiyonuna vazge\u00e7ilmez bir katk\u0131 haline getirir.<\/p>\n<h3>Rakipsiz Konfor ve Kalite<\/h3>\n<p>\u00c7arp\u0131c\u0131 g\u00f6r\u00fcn\u00fcm\u00fcn\u00fcn \u00f6tesinde, konfor her \u015feyden \u00f6nemlidir. \u0130\u00e7 k\u0131sm\u0131nda bulunan son derece yumu\u015fak ve nefes alabilen ke\u00e7i derisi astar, uzun s\u00fcreli kullan\u0131mlarda bile ayaklar\u0131n\u0131z\u0131n rahat ve ferah kalmas\u0131n\u0131 sa\u011flar. Sa\u011flam ancak hafif Microlight taban m\u00fckemmel kavrama ve dayan\u0131kl\u0131l\u0131k sa\u011flarken, 1-3 cm'lik ince topuk konfordan \u00f6d\u00fcn vermeden m\u00fckemmel bir y\u00fckseklik sunar. Bu birinci s\u0131n\u0131f ayakkab\u0131lar\u0131n her bir \u00e7ifti <strong>siyah rugan ayakkab\u0131<\/strong> uzun \u00f6m\u00fcrl\u00fcl\u00fck ve kal\u0131c\u0131 stil vaat eden yetenekli bir sanat\u00e7\u0131l\u0131\u011f\u0131n sonucudur.<\/p>\n<h3>Her Resmi Davet \u0130\u00e7in \u0130deal Se\u00e7im<\/h3>\n<p>39'dan 45'e kadar geni\u015f bir beden yelpazesinde mevcut oldu\u011fundan, m\u00fckemmel uyumunuzu bulmak zahmetsizdir. \u0130ster keskin bir smokin, ister \u00f6zel dikim bir tak\u0131m elbise ya da sofistike bir resmi pantolonla e\u015fle\u015ftirin, bu <strong>siyah rugan ayakkab\u0131<\/strong> tak\u0131m\u0131n\u0131z\u0131 zahmetsizce tamamlayacakt\u0131r. Bu ayakkab\u0131lar bir ayakkab\u0131dan \u00e7ok daha fazlas\u0131d\u0131r; zamans\u0131z \u015f\u0131kl\u0131k ve g\u00fcvene yap\u0131lan bir yat\u0131r\u0131md\u0131r ve her ad\u0131m\u0131 l\u00fcks\u00fcn bir ifadesi haline getirir.<\/p>\n<h3>Toptan Sat\u0131\u015f F\u0131rsatlar\u0131 ve G\u00fcvenilir Teslimat<\/h3>\n<p>Y\u00fcksek kalite arayan i\u015fletmeler ve perakendeciler i\u00e7in <strong>siyah rugan ayakkab\u0131<\/strong>, esnek toptan sat\u0131\u015f se\u00e7enekleri sunuyoruz. Minimum sipari\u015f miktar\u0131 sadece 8 \u00e7ift oldu\u011fundan, bu \u00e7ok sevilen resmi ayakkab\u0131lar\u0131 stoklamak uygundur. Teslimat s\u00fcresi 12 g\u00fcn art\u0131 nakliye ile verimli hizmet vermeye kararl\u0131y\u0131z. Ola\u011fan\u00fcst\u00fc ayakkab\u0131lar\u0131m\u0131z\u0131n l\u00fcks\u00fcn\u00fc, farkl\u0131l\u0131\u011f\u0131n\u0131 ve benzersiz kalitesini deneyimleyin <strong>siyah rugan ayakkab\u0131<\/strong> Bug\u00fcn koleksiyonunuza veya m\u00fc\u015fterilerinize \u015f\u0131k bir dokunu\u015f getirin.<\/p>","protected":false},"excerpt":{"rendered":"<ul>\n<li><strong>Premium Siyah Rugan Ayakkab\u0131:<\/strong> Zarif dokulu dana aksanlar\u0131yla parlak rugan dana derisinden zarif bir \u015fekilde \u00fcretilmi\u015ftir.<\/li>\n<li><strong>L\u00fcks \u0130\u00e7 Mekan:<\/strong> \u00dcst\u00fcn konfor i\u00e7in yumu\u015fak, nefes alabilen ke\u00e7i derisi ile astarlanm\u0131\u015ft\u0131r.<\/li>\n<li><strong>Dayan\u0131kl\u0131 ve Hafif Taban:<\/strong> Hem esneklik hem de kullan\u0131m kolayl\u0131\u011f\u0131 sa\u011flayan Microlight tabana sahiptir.<\/li>\n<li><strong>M\u00fckemmel Topuk Y\u00fcksekli\u011fi:<\/strong> \u0130nce 1-3 cm topuk, resmi durumlar i\u00e7in rahat bir y\u00fckselti sa\u011flar.<\/li>\n<li><strong>Geni\u015f Boyut Aral\u0131\u011f\u0131:<\/strong> Her beyefendiye m\u00fckemmel uyum sa\u011flamak i\u00e7in 39-45 bedenleri mevcuttur.<\/li>\n<li><strong>Toplu Bulunabilirlik:<\/strong> Minimum sipari\u015f miktar\u0131 8 \u00e7ifttir, perakendeciler ve toptan sat\u0131\u015f ortaklar\u0131 i\u00e7in idealdir.<\/li>\n<li><strong>Etkili Teslimat:<\/strong> Sipari\u015finiz, kargo s\u00fcresi de dahil olmak \u00fczere 12 g\u00fcn i\u00e7inde g\u00f6nderilecektir.<\/li>\n<\/ul>","protected":false},"featured_media":3431,"template":"","meta":{"_acf_changed":false,"_uag_custom_page_level_css":"","site-sidebar-layout":"default","site-content-layout":"","ast-site-content-layout":"default","site-content-style":"default","site-sidebar-style":"default","ast-global-header-display":"","ast-banner-title-visibility":"","ast-main-header-display":"","ast-hfb-above-header-display":"","ast-hfb-below-header-display":"","ast-hfb-mobile-header-display":"","site-post-title":"","ast-breadcrumbs-content":"","ast-featured-img":"","footer-sml-layout":"","ast-disable-related-posts":"","theme-transparent-header-meta":"default","adv-header-id-meta":"","stick-header-meta":"","header-above-stick-meta":"","header-main-stick-meta":"","header-below-stick-meta":"","astra-migrate-meta-layouts":"set","ast-page-background-enabled":"default","ast-page-background-meta":{"desktop":{"background-color":"var(--ast-global-color-4)","background-image":"","background-repeat":"repeat","background-position":"center center","background-size":"auto","background-attachment":"scroll","background-type":"","background-media":"","overlay-type":"","overlay-color":"","overlay-opacity":"","overlay-gradient":""},"tablet":{"background-color":"","background-image":"","background-repeat":"repeat","background-position":"center center","background-size":"auto","background-attachment":"scroll","background-type":"","background-media":"","overlay-type":"","overlay-color":"","overlay-opacity":"","overlay-gradient":""},"mobile":{"background-color":"","background-image":"","background-repeat":"repeat","background-position":"center center","background-size":"auto","background-attachment":"scroll","background-type":"","background-media":"","overlay-type":"","overlay-color":"","overlay-opacity":"","overlay-gradient":""}},"ast-content-background-meta":{"desktop":{"background-color":"var(--ast-global-color-5)","background-image":"","background-repeat":"repeat","background-position":"center center","background-size":"auto","background-attachment":"scroll","background-type":"","background-media":"","overlay-type":"","overlay-color":"","overlay-opacity":"","overlay-gradient":""},"tablet":{"background-color":"var(--ast-global-color-5)","background-image":"","background-repeat":"repeat","background-position":"center center","background-size":"auto","background-attachment":"scroll","background-type":"","background-media":"","overlay-type":"","overlay-color":"","overlay-opacity":"","overlay-gradient":""},"mobile":{"background-color":"var(--ast-global-color-5)","background-image":"","background-repeat":"repeat","background-position":"center center","background-size":"auto","background-attachment":"scroll","background-type":"","background-media":"","overlay-type":"","overlay-color":"","overlay-opacity":"","overlay-gradient":""}}},"product_brand":[],"product_cat":[47,430,40],"product_tag":[663,202,480,251,437,217,324,666,466,665,664,281],"class_list":{"0":"post-5072","1":"product","2":"type-product","3":"status-publish","4":"has-post-thumbnail","6":"product_cat-classic","7":"product_cat-men","8":"product_cat-mens-shoes","9":"product_tag-black-patent-leather-shoes","10":"product_tag-calf-leather","11":"product_tag-elegant-shoes","12":"product_tag-formal-shoes","13":"product_tag-goat-leather","14":"product_tag-luxury-footwear","15":"product_tag-mens-dress-shoes","16":"product_tag-mens-formal-footwear","17":"product_tag-microlight-sole","18":"product_tag-special-occasion-shoes","19":"product_tag-tuxedo-shoes","20":"product_tag-wholesale-shoes","21":"desktop-align-center","22":"tablet-align-center","23":"mobile-align-center","25":"first","26":"instock","27":"shipping-taxable","28":"purchasable","29":"product-type-variable","30":"has-default-attributes"},"acf":[],"uagb_featured_image_src":{"full":["https:\/\/turkishtrade.co\/wp-content\/uploads\/2026\/01\/2400EJOMN00056-BLACK-X_12575.png",453,250,false],"thumbnail":["https:\/\/turkishtrade.co\/wp-content\/uploads\/2026\/01\/2400EJOMN00056-BLACK-X_12575-150x150.png",150,150,true],"medium":["https:\/\/turkishtrade.co\/wp-content\/uploads\/2026\/01\/2400EJOMN00056-BLACK-X_12575-300x166.png",300,166,true],"medium_large":["https:\/\/turkishtrade.co\/wp-content\/uploads\/2026\/01\/2400EJOMN00056-BLACK-X_12575.png",453,250,false],"large":["https:\/\/turkishtrade.co\/wp-content\/uploads\/2026\/01\/2400EJOMN00056-BLACK-X_12575.png",453,250,false],"1536x1536":["https:\/\/turkishtrade.co\/wp-content\/uploads\/2026\/01\/2400EJOMN00056-BLACK-X_12575.png",453,250,false],"2048x2048":["https:\/\/turkishtrade.co\/wp-content\/uploads\/2026\/01\/2400EJOMN00056-BLACK-X_12575.png",453,250,false],"trp-custom-language-flag":["https:\/\/turkishtrade.co\/wp-content\/uploads\/2026\/01\/2400EJOMN00056-BLACK-X_12575-18x10.png",18,10,true],"woocommerce_thumbnail":["https:\/\/turkishtrade.co\/wp-content\/uploads\/2026\/01\/2400EJOMN00056-BLACK-X_12575-400x250.png",400,250,true],"woocommerce_single":["https:\/\/turkishtrade.co\/wp-content\/uploads\/2026\/01\/2400EJOMN00056-BLACK-X_12575.png",453,250,false],"woocommerce_gallery_thumbnail":["https:\/\/turkishtrade.co\/wp-content\/uploads\/2026\/01\/2400EJOMN00056-BLACK-X_12575-100x100.png",100,100,true]},"uagb_author_info":{"display_name":"yaser olabi","author_link":"https:\/\/turkishtrade.co\/tr\/author\/"},"uagb_comment_info":0,"uagb_excerpt":"Premium Black Patent Leather Shoes: Exquisitely crafted from high-gloss patent calf leather with elegant textured calf accents. Luxurious Interior: Lined with soft, breathable goat leather for ultimate comfort. Durable &amp; Lightweight Sole: Features a Microlight sole, ensuring both resilience and ease of wear. Perfect Heel Height: A subtle 1-3 cm heel provides a comfortable lift&hellip;","_links":{"self":[{"href":"https:\/\/turkishtrade.co\/tr\/wp-json\/wp\/v2\/product\/5072","targetHints":{"allow":["GET"]}}],"collection":[{"href":"https:\/\/turkishtrade.co\/tr\/wp-json\/wp\/v2\/product"}],"about":[{"href":"https:\/\/turkishtrade.co\/tr\/wp-json\/wp\/v2\/types\/product"}],"wp:featuredmedia":[{"embeddable":true,"href":"https:\/\/turkishtrade.co\/tr\/wp-json\/wp\/v2\/media\/3431"}],"wp:attachment":[{"href":"https:\/\/turkishtrade.co\/tr\/wp-json\/wp\/v2\/media?parent=5072"}],"wp:term":[{"taxonomy":"product_brand","embeddable":true,"href":"https:\/\/turkishtrade.co\/tr\/wp-json\/wp\/v2\/product_brand?post=5072"},{"taxonomy":"product_cat","embeddable":true,"href":"https:\/\/turkishtrade.co\/tr\/wp-json\/wp\/v2\/product_cat?post=5072"},{"taxonomy":"product_tag","embeddable":true,"href":"https:\/\/turkishtrade.co\/tr\/wp-json\/wp\/v2\/product_tag?post=5072"}],"curies":[{"name":"wp","href":"https:\/\/api.w.org\/{rel}","templated":true}]}}