{"id":5070,"date":"2026-01-14T11:09:04","date_gmt":"2026-01-14T11:09:04","guid":{"rendered":"https:\/\/turkishtrade.co\/product\/mens-black-calf-leather-shoes\/"},"modified":"2026-04-09T19:45:09","modified_gmt":"2026-04-09T19:45:09","slug":"mens-black-calf-leather-shoes","status":"publish","type":"product","link":"https:\/\/turkishtrade.co\/tr\/shop\/mens-black-calf-leather-shoes\/","title":{"rendered":"Microlight Tabanl\u0131 L\u00fcks Erkek Siyah Dana Derisi Derby Ayakkab\u0131"},"content":{"rendered":"<p><strong>Erkek Siyah Dana Derisi Ayakkab\u0131<\/strong><\/p>\n<p>Enfes \u00fcr\u00fcnlerimizle benzersiz bir sofistike ortama ad\u0131m at\u0131n <b>Erkek Siyah Dana Derisi Ayakkab\u0131<\/b>. Hem zamans\u0131z stile hem de \u00fcst\u00fcn konfora de\u011fer veren modern beyefendiler i\u00e7in tasarlanan bu Derby ayakkab\u0131lar, ola\u011fan\u00fcst\u00fc i\u015f\u00e7ili\u011fin bir kan\u0131t\u0131d\u0131r. Her bir \u00e7ift, l\u00fcks malzemeleri \u00f6zenli tasar\u0131mla harmanlayarak se\u00e7kin gard\u0131roplar i\u00e7in vazge\u00e7ilmez bir eklenti haline getiriyor. \u00d6nemli i\u015f toplant\u0131lar\u0131ndan \u015f\u0131k ak\u015fam etkinliklerine kadar, bu birinci s\u0131n\u0131f <b>Erkek Siyah Dana Derisi Ayakkab\u0131<\/b> rafine esteti\u011fi ve birinci s\u0131n\u0131f hissi ile varl\u0131\u011f\u0131n\u0131z\u0131 y\u00fckseltmeyi vaat ediyor.<\/p>\n<h3>E\u015fsiz \u0130\u015f\u00e7ilik ve Birinci S\u0131n\u0131f Malzemeler<\/h3>\n<p>Kaliteye olan ba\u011fl\u0131l\u0131\u011f\u0131m\u0131z en iyi malzemelerin se\u00e7imiyle ba\u015flar. Bu \u00e7arp\u0131c\u0131 evlerin d\u0131\u015f cephesi <b>Erkek Siyah Dana Derisi Ayakkab\u0131<\/b> p\u00fcr\u00fczs\u00fcz dokusu, dayan\u0131kl\u0131l\u0131\u011f\u0131 ve parlak y\u00fczeyiyle tan\u0131nan hakiki dana derisinden titizlikle \u00fcretilmi\u015ftir. Bu birinci s\u0131n\u0131f d\u0131\u015f malzeme, zamana kar\u015f\u0131 dayan\u0131kl\u0131 sofistike bir g\u00f6r\u00fcn\u00fcm sa\u011flar. \u0130\u00e7 k\u0131s\u0131mda, ayaklar\u0131n\u0131z her ad\u0131mda nefes alabilirlik ve l\u00fcks bir his sa\u011flayan yumu\u015fak ke\u00e7i derisi astar\u0131n pel\u00fc\u015f konforunu ya\u015fayacak. Hafif ancak son derece dayan\u0131kl\u0131 Microlight taban, m\u00fckemmel \u015fok emilimi ve esneklik sunarak denge veya stilden \u00f6d\u00fcn vermeden g\u00fcn boyu konfor sa\u011flar. \u00dcst\u00fcn malzemelerin bu kombinasyonu, bu ayakkab\u0131lar\u0131 <b>Erkek Siyah Dana Derisi Ayakkab\u0131<\/b> ger\u00e7ekten ola\u011fan\u00fcst\u00fc bir se\u00e7im.<\/p>\n<h3>Konfor ve Stil i\u00e7in Tasarland\u0131<\/h3>\n<p>L\u00fcks malzemelerinin \u00f6tesinde, bu ayakkab\u0131lar optimum bir kullan\u0131m deneyimi i\u00e7in tasarlanm\u0131\u015ft\u0131r. \u0130nce 1-3 cm topuk, zarif bir siluet i\u00e7in do\u011fru miktarda kald\u0131rma sa\u011flar ve uzun s\u00fcreli kullan\u0131m i\u00e7in m\u00fckemmeldir. 39'dan 45'e (AB) kadar kapsaml\u0131 bir beden yelpazesinde mevcut olan bu ayakkab\u0131lar\u0131n her beyefendi i\u00e7in m\u00fckemmel bir uyum sa\u011flamas\u0131n\u0131 garanti ediyoruz. Sofistike bir burun ve ince doku detaylar\u0131yla zenginle\u015ftirilmi\u015f klasik Derby stili, bu ayakkab\u0131lar\u0131 inan\u0131lmaz derecede \u00e7ok y\u00f6nl\u00fc hale getiriyor. Resmi ortamlar i\u00e7in \u00f6zel dikim tak\u0131m elbiselerle, i\u015f ama\u00e7l\u0131 g\u00fcndelik ortamlar i\u00e7in \u015f\u0131k pantolonlarla ve hatta g\u00f6steri\u015fli bir hafta sonu g\u00f6r\u00fcn\u00fcm\u00fc i\u00e7in koyu renk kot pantolonlarla e\u015fle\u015ftirin. Bu ayakkab\u0131lar\u0131n \u00e7ok y\u00f6nl\u00fcl\u00fc\u011f\u00fc <b>Erkek Siyah Dana Derisi Ayakkab\u0131<\/b> onlar\u0131 ger\u00e7ekten farkl\u0131 k\u0131l\u0131yor.<\/p>\n<h3>Toplu Sipari\u015f ve G\u00fcvenilir Teslimat<\/h3>\n<p>Birinci s\u0131n\u0131f ayakkab\u0131lar sunmak isteyen i\u015fletmeler ve perakendeciler i\u00e7in <b>Erkek Siyah Dana Derisi Ayakkab\u0131<\/b> minimum sipari\u015f miktar\u0131 sadece 8 \u00e7ifttir. Bu, y\u00fcksek kaliteli \u00fcr\u00fcnlere eri\u015fim sa\u011flarken esnek envanter y\u00f6netimine olanak tan\u0131r. Zaman\u0131nda teslimat\u0131n \u00f6nemini anl\u0131yoruz, bu nedenle sipari\u015finizin verimli bir \u015fekilde ula\u015fmas\u0131n\u0131 ve m\u00fc\u015fterileriniz i\u00e7in haz\u0131r olmas\u0131n\u0131 sa\u011flamak i\u00e7in 12 g\u00fcn art\u0131 nakliye teslimat s\u00fcresini taahh\u00fct ediyoruz. Bu ola\u011fan\u00fcst\u00fc ayakkab\u0131lara yat\u0131r\u0131m yap\u0131n ve m\u00fc\u015fterilerinize \u015f\u0131kl\u0131k, dayan\u0131kl\u0131l\u0131k ve konforu bir arada sunan bir \u00fcr\u00fcn sunarken, kolayla\u015ft\u0131r\u0131lm\u0131\u015f toplu sipari\u015f s\u00fcrecimizden yararlan\u0131n.<\/p>","protected":false},"excerpt":{"rendered":"<ul>\n<li>D\u0131\u015f Malzeme: Sofistike bir g\u00f6r\u00fcn\u00fcm i\u00e7in birinci s\u0131n\u0131f hakiki dana derisi.<\/li>\n<li>\u0130\u00e7 Malzeme: \u00dcst\u00fcn konfor i\u00e7in yumu\u015fak ve nefes alabilen ke\u00e7i derisi astar.<\/li>\n<li>Taban: Hafif, esnek ve dayan\u0131kl\u0131 Microlight taban.<\/li>\n<li>Topuk Y\u00fcksekli\u011fi: Zarif bir siluet i\u00e7in 1-3 cm.<\/li>\n<li>Mevcut Bedenler: 39 ila 45 (AB) aras\u0131nda kapsaml\u0131 aral\u0131k.<\/li>\n<li>Tasar\u0131m: \u015e\u0131k rugan kapakl\u0131 burun ve ince dokulara sahip klasik Derby stili.<\/li>\n<li><strong>Minimum Sipari\u015f Miktar\u0131: 8 \u00c7ift.<\/strong><\/li>\n<li>Teslim S\u00fcresi: Yakla\u015f\u0131k 12 g\u00fcn + nakliye.<\/li>\n<\/ul>","protected":false},"featured_media":3430,"template":"","meta":{"_acf_changed":false,"_uag_custom_page_level_css":"","site-sidebar-layout":"default","site-content-layout":"","ast-site-content-layout":"default","site-content-style":"default","site-sidebar-style":"default","ast-global-header-display":"","ast-banner-title-visibility":"","ast-main-header-display":"","ast-hfb-above-header-display":"","ast-hfb-below-header-display":"","ast-hfb-mobile-header-display":"","site-post-title":"","ast-breadcrumbs-content":"","ast-featured-img":"","footer-sml-layout":"","ast-disable-related-posts":"","theme-transparent-header-meta":"default","adv-header-id-meta":"","stick-header-meta":"","header-above-stick-meta":"","header-main-stick-meta":"","header-below-stick-meta":"","astra-migrate-meta-layouts":"set","ast-page-background-enabled":"default","ast-page-background-meta":{"desktop":{"background-color":"var(--ast-global-color-4)","background-image":"","background-repeat":"repeat","background-position":"center center","background-size":"auto","background-attachment":"scroll","background-type":"","background-media":"","overlay-type":"","overlay-color":"","overlay-opacity":"","overlay-gradient":""},"tablet":{"background-color":"","background-image":"","background-repeat":"repeat","background-position":"center center","background-size":"auto","background-attachment":"scroll","background-type":"","background-media":"","overlay-type":"","overlay-color":"","overlay-opacity":"","overlay-gradient":""},"mobile":{"background-color":"","background-image":"","background-repeat":"repeat","background-position":"center center","background-size":"auto","background-attachment":"scroll","background-type":"","background-media":"","overlay-type":"","overlay-color":"","overlay-opacity":"","overlay-gradient":""}},"ast-content-background-meta":{"desktop":{"background-color":"var(--ast-global-color-5)","background-image":"","background-repeat":"repeat","background-position":"center center","background-size":"auto","background-attachment":"scroll","background-type":"","background-media":"","overlay-type":"","overlay-color":"","overlay-opacity":"","overlay-gradient":""},"tablet":{"background-color":"var(--ast-global-color-5)","background-image":"","background-repeat":"repeat","background-position":"center center","background-size":"auto","background-attachment":"scroll","background-type":"","background-media":"","overlay-type":"","overlay-color":"","overlay-opacity":"","overlay-gradient":""},"mobile":{"background-color":"var(--ast-global-color-5)","background-image":"","background-repeat":"repeat","background-position":"center center","background-size":"auto","background-attachment":"scroll","background-type":"","background-media":"","overlay-type":"","overlay-color":"","overlay-opacity":"","overlay-gradient":""}}},"product_brand":[],"product_cat":[47,430,40],"product_tag":[196,405,202,458,212,480,251,189,416,324,466,250,281],"class_list":{"0":"post-5070","1":"product","2":"type-product","3":"status-publish","4":"has-post-thumbnail","6":"product_cat-classic","7":"product_cat-men","8":"product_cat-mens-shoes","9":"product_tag-black-leather-shoes","10":"product_tag-business-shoes","11":"product_tag-calf-leather","12":"product_tag-cap-toe-shoes","13":"product_tag-derby-shoes","14":"product_tag-elegant-shoes","15":"product_tag-formal-shoes","16":"product_tag-goat-leather-lining","17":"product_tag-luxury-shoes","18":"product_tag-mens-dress-shoes","19":"product_tag-microlight-sole","20":"product_tag-premium-leather","21":"product_tag-wholesale-shoes","22":"desktop-align-center","23":"tablet-align-center","24":"mobile-align-center","26":"first","27":"instock","28":"shipping-taxable","29":"purchasable","30":"product-type-variable","31":"has-default-attributes"},"acf":[],"uagb_featured_image_src":{"full":["https:\/\/turkishtrade.co\/wp-content\/uploads\/2026\/01\/2400EJOMN00055-BLACK-MAT-X_12575.png",453,250,false],"thumbnail":["https:\/\/turkishtrade.co\/wp-content\/uploads\/2026\/01\/2400EJOMN00055-BLACK-MAT-X_12575-150x150.png",150,150,true],"medium":["https:\/\/turkishtrade.co\/wp-content\/uploads\/2026\/01\/2400EJOMN00055-BLACK-MAT-X_12575-300x166.png",300,166,true],"medium_large":["https:\/\/turkishtrade.co\/wp-content\/uploads\/2026\/01\/2400EJOMN00055-BLACK-MAT-X_12575.png",453,250,false],"large":["https:\/\/turkishtrade.co\/wp-content\/uploads\/2026\/01\/2400EJOMN00055-BLACK-MAT-X_12575.png",453,250,false],"1536x1536":["https:\/\/turkishtrade.co\/wp-content\/uploads\/2026\/01\/2400EJOMN00055-BLACK-MAT-X_12575.png",453,250,false],"2048x2048":["https:\/\/turkishtrade.co\/wp-content\/uploads\/2026\/01\/2400EJOMN00055-BLACK-MAT-X_12575.png",453,250,false],"trp-custom-language-flag":["https:\/\/turkishtrade.co\/wp-content\/uploads\/2026\/01\/2400EJOMN00055-BLACK-MAT-X_12575-18x10.png",18,10,true],"woocommerce_thumbnail":["https:\/\/turkishtrade.co\/wp-content\/uploads\/2026\/01\/2400EJOMN00055-BLACK-MAT-X_12575-400x250.png",400,250,true],"woocommerce_single":["https:\/\/turkishtrade.co\/wp-content\/uploads\/2026\/01\/2400EJOMN00055-BLACK-MAT-X_12575.png",453,250,false],"woocommerce_gallery_thumbnail":["https:\/\/turkishtrade.co\/wp-content\/uploads\/2026\/01\/2400EJOMN00055-BLACK-MAT-X_12575-100x100.png",100,100,true]},"uagb_author_info":{"display_name":"yaser olabi","author_link":"https:\/\/turkishtrade.co\/tr\/author\/"},"uagb_comment_info":0,"uagb_excerpt":"Outer Material: Premium genuine calf leather for a sophisticated finish. Inner Material: Soft and breathable goat leather lining for superior comfort. Sole: Lightweight, flexible, and durable Microlight sole. Heel Height: Elegant 1-3 cm for a refined silhouette. Available Sizes: Comprehensive range from 39 to 45 (EU). Design: Classic Derby style with a sleek patent leather&hellip;","_links":{"self":[{"href":"https:\/\/turkishtrade.co\/tr\/wp-json\/wp\/v2\/product\/5070","targetHints":{"allow":["GET"]}}],"collection":[{"href":"https:\/\/turkishtrade.co\/tr\/wp-json\/wp\/v2\/product"}],"about":[{"href":"https:\/\/turkishtrade.co\/tr\/wp-json\/wp\/v2\/types\/product"}],"wp:featuredmedia":[{"embeddable":true,"href":"https:\/\/turkishtrade.co\/tr\/wp-json\/wp\/v2\/media\/3430"}],"wp:attachment":[{"href":"https:\/\/turkishtrade.co\/tr\/wp-json\/wp\/v2\/media?parent=5070"}],"wp:term":[{"taxonomy":"product_brand","embeddable":true,"href":"https:\/\/turkishtrade.co\/tr\/wp-json\/wp\/v2\/product_brand?post=5070"},{"taxonomy":"product_cat","embeddable":true,"href":"https:\/\/turkishtrade.co\/tr\/wp-json\/wp\/v2\/product_cat?post=5070"},{"taxonomy":"product_tag","embeddable":true,"href":"https:\/\/turkishtrade.co\/tr\/wp-json\/wp\/v2\/product_tag?post=5070"}],"curies":[{"name":"wp","href":"https:\/\/api.w.org\/{rel}","templated":true}]}}