{"id":5068,"date":"2026-01-14T11:08:44","date_gmt":"2026-01-14T11:08:44","guid":{"rendered":"https:\/\/turkishtrade.co\/product\/mens-black-pom-pom-loafer\/"},"modified":"2026-04-09T19:45:13","modified_gmt":"2026-04-09T19:45:13","slug":"mens-black-pom-pom-loafer","status":"publish","type":"product","link":"https:\/\/turkishtrade.co\/tr\/shop\/mens-black-pom-pom-loafer\/","title":{"rendered":"L\u00fcks Erkek Siyah Rugan Pom-Pom Loafer"},"content":{"rendered":"<p data-rm-block-id=\"block-1\"><strong>Erkek Siyah Pom Pom Loafer<\/strong><\/p>\n<p data-rm-block-id=\"block-2\">Enfes \u00fcr\u00fcnlerimizle benzersiz bir sofistike ortama ad\u0131m at\u0131n <strong>Erkek Siyah Pom Pom Loafer<\/strong>. Hem stil hem de konfora \u00f6nem veren modern beyefendiler i\u00e7in tasarlanan bu l\u00fcks loafer, ger\u00e7ek bir ifade par\u00e7as\u0131d\u0131r. Detaylara titizlikle \u00f6zen g\u00f6sterilerek \u00fcretilen \u00e7arp\u0131c\u0131 siyah rugan dana derisi d\u0131\u015f y\u00fczeyi parlak bir \u0131\u015f\u0131lt\u0131 yayarak her t\u00fcrl\u00fc kombini an\u0131nda y\u00fckseltir. E\u011flenceli ama zarif siyah ponpon detay\u0131, bu mokasen ayakkab\u0131lar\u0131 s\u0131radanl\u0131ktan ay\u0131rarak benzersiz bir ki\u015filik dokunu\u015fu katar. Bu sofistike ayakkab\u0131y\u0131 se\u00e7ti\u011finizde <strong>Erkek Siyah Pom Pom Loafer<\/strong>, nereye giderseniz gidin ba\u015f\u0131n\u0131z\u0131 d\u00f6nd\u00fcrecek kaliteye ve zamans\u0131z \u015f\u0131kl\u0131\u011fa yat\u0131r\u0131m yap\u0131yorsunuz. Bu se\u00e7kin <strong>Erkek Siyah Pom Pom Loafer<\/strong> bir ayakkab\u0131dan daha fazlas\u0131d\u0131r; bir deneyimdir.<\/p>\n<h3 data-rm-block-id=\"block-3\">E\u015fsiz \u0130\u015f\u00e7ilik ve Birinci S\u0131n\u0131f Malzemeler<\/h3>\n<p data-rm-block-id=\"block-4\">\u00dcst\u00fcn i\u015f\u00e7ili\u011fin bir kan\u0131t\u0131 olan Erkek Siyah Pom Pom Loafer, dayan\u0131kl\u0131l\u0131k ve l\u00fcks i\u00e7in birinci s\u0131n\u0131f dana derisi d\u0131\u015f y\u00fczeye ve nefes alabilirlik ve konfor i\u00e7in yumu\u015fak ke\u00e7i derisi i\u00e7 y\u00fczeye sahiptir. Yenilik\u00e7i Microlight taban\u0131 ola\u011fan\u00fcst\u00fc hafiflik ve esneklik sunarak zahmetsiz ad\u0131mlar at\u0131lmas\u0131n\u0131 sa\u011flarken, 1-3 cm'lik ince topuk y\u00fcksekli\u011fi konfor veya dengeden \u00f6d\u00fcn vermeden m\u00fckemmel bir y\u00fckselme sa\u011flar.<\/p>\n<p data-rm-block-id=\"block-5\">\n<h3 data-rm-block-id=\"block-6\">Her Durum i\u00e7in \u00c7ok Y\u00f6nl\u00fc Stil<\/h3>\n<p data-rm-block-id=\"block-7\">\u0130ster resmi bir etkinli\u011fe, ister i\u015f ama\u00e7l\u0131 g\u00fcndelik bir toplant\u0131ya kat\u0131l\u0131yor olun, ister sadece sofistike bir ak\u015fam\u0131n tad\u0131n\u0131 \u00e7\u0131kar\u0131n. <strong>Erkek Siyah Pom Pom Loafer<\/strong> m\u00fckemmel arkada\u015f\u0131n\u0131zd\u0131r. \u015e\u0131k siyah tasar\u0131m\u0131 ve patent kaplamas\u0131 sayesinde son derece \u00e7ok y\u00f6nl\u00fcd\u00fcr; \u00f6zel tak\u0131m elbiseler, \u015f\u0131k pantolonlar ve hatta g\u00fcndelik bir g\u00f6r\u00fcn\u00fcm i\u00e7in birinci s\u0131n\u0131f kot pantolonlarla kolayca e\u015fle\u015ftirilebilir. Bu zarif <strong>Erkek Siyah Pom Pom Loafer<\/strong> 39'dan 45'e kadar kapsaml\u0131 bir beden yelpazesinde sunulan ayakkab\u0131lar, \u00e7ok say\u0131da se\u00e7kin beyefendi i\u00e7in m\u00fckemmel bir uyum sa\u011flar. En iyi ayakkab\u0131lardan bir \u00e7ifte yat\u0131r\u0131m yap\u0131n <strong>Erkek Siyah Pom Pom Loafer<\/strong> ve ayakkab\u0131 koleksiyonunuzu yeniden tan\u0131mlay\u0131n, her ad\u0131mda kusursuz zevkinizi sergileyin.<\/p>\n<h3 data-rm-block-id=\"block-8\">Toplu Bulunabilirlik ve G\u00fcvenilir Teslimat<\/h3>\n<p data-rm-block-id=\"block-9\">M\u00fc\u015fterilerine ola\u011fan\u00fcst\u00fc kalitede ayakkab\u0131lar sunmak isteyen perakendeciler ve i\u015fletmeler i\u00e7in zarif <strong>Erkek Siyah Pom Pom Loafer<\/strong> toptan sat\u0131\u015f i\u00e7in mevcuttur. Minimum 8 \u00e7ift sipari\u015f miktar\u0131 talep ediyoruz, bu da envanterinizi aranan bir \u00fcr\u00fcnle stoklamak i\u00e7in uygun hale getiriyor. Tahmini teslimat s\u00fcresi 12 g\u00fcn art\u0131 standart nakliye ile verimli hizmet sunmay\u0131 taahh\u00fct ediyoruz. Geleneksel ve \u00e7a\u011fda\u015f modan\u0131n kar\u0131\u015f\u0131m\u0131n\u0131 birinci s\u0131n\u0131f \u00fcr\u00fcnlerimizle deneyimleyin <strong>Erkek Siyah Pom Pom Loafer<\/strong>, Hem l\u00fcks hem de m\u00fckemmel de\u011fer vaat eden bir \u00fcr\u00fcn. Bu farkl\u0131 ve \u015f\u0131k ayakkab\u0131 se\u00e7ene\u011fiyle ma\u011fazan\u0131z\u0131n tekliflerini y\u00fckseltin ve m\u00fc\u015fterilerinizin yaln\u0131zca en iyisini almas\u0131n\u0131 sa\u011flay\u0131n <strong>Erkek Siyah Pom Pom Loafer<\/strong>.<\/p>","protected":false},"excerpt":{"rendered":"<ul>\n<li>Birinci s\u0131n\u0131f Dana Derisi d\u0131\u015f y\u00fczey ve yumu\u015fak Ke\u00e7i Derisi i\u00e7 k\u0131s\u0131mdan haz\u0131rlanm\u0131\u015f zarif Erkek Siyah Pom Pom Loafer.<\/li>\n<li>G\u00fcn boyu kullan\u0131m i\u00e7in ince 1-3 cm topuk y\u00fcksekli\u011fine sahip rahat Microlight taban.<\/li>\n<li>Geni\u015f bir beden yelpazesinde mevcuttur: 39, 40, 41, 42, 43, 44, 45.<\/li>\n<li>Toptan Sat\u0131\u015fa Haz\u0131r: Minimum sipari\u015f miktar\u0131 8 \u00e7ifttir.<\/li>\n<li>Tahmini Teslimat: 12 g\u00fcn art\u0131 nakliye s\u00fcresi.<\/li>\n<\/ul>","protected":false},"featured_media":3429,"template":"","meta":{"_acf_changed":false,"_uag_custom_page_level_css":"","site-sidebar-layout":"default","site-content-layout":"","ast-site-content-layout":"default","site-content-style":"default","site-sidebar-style":"default","ast-global-header-display":"","ast-banner-title-visibility":"","ast-main-header-display":"","ast-hfb-above-header-display":"","ast-hfb-below-header-display":"","ast-hfb-mobile-header-display":"","site-post-title":"","ast-breadcrumbs-content":"","ast-featured-img":"","footer-sml-layout":"","ast-disable-related-posts":"","theme-transparent-header-meta":"default","adv-header-id-meta":"","stick-header-meta":"","header-above-stick-meta":"","header-main-stick-meta":"","header-below-stick-meta":"","astra-migrate-meta-layouts":"set","ast-page-background-enabled":"default","ast-page-background-meta":{"desktop":{"background-color":"var(--ast-global-color-4)","background-image":"","background-repeat":"repeat","background-position":"center center","background-size":"auto","background-attachment":"scroll","background-type":"","background-media":"","overlay-type":"","overlay-color":"","overlay-opacity":"","overlay-gradient":""},"tablet":{"background-color":"","background-image":"","background-repeat":"repeat","background-position":"center center","background-size":"auto","background-attachment":"scroll","background-type":"","background-media":"","overlay-type":"","overlay-color":"","overlay-opacity":"","overlay-gradient":""},"mobile":{"background-color":"","background-image":"","background-repeat":"repeat","background-position":"center center","background-size":"auto","background-attachment":"scroll","background-type":"","background-media":"","overlay-type":"","overlay-color":"","overlay-opacity":"","overlay-gradient":""}},"ast-content-background-meta":{"desktop":{"background-color":"var(--ast-global-color-5)","background-image":"","background-repeat":"repeat","background-position":"center center","background-size":"auto","background-attachment":"scroll","background-type":"","background-media":"","overlay-type":"","overlay-color":"","overlay-opacity":"","overlay-gradient":""},"tablet":{"background-color":"var(--ast-global-color-5)","background-image":"","background-repeat":"repeat","background-position":"center center","background-size":"auto","background-attachment":"scroll","background-type":"","background-media":"","overlay-type":"","overlay-color":"","overlay-opacity":"","overlay-gradient":""},"mobile":{"background-color":"var(--ast-global-color-5)","background-image":"","background-repeat":"repeat","background-position":"center center","background-size":"auto","background-attachment":"scroll","background-type":"","background-media":"","overlay-type":"","overlay-color":"","overlay-opacity":"","overlay-gradient":""}}},"product_brand":[],"product_cat":[47,430,40],"product_tag":[370,202,530,284,352,189,217,198,186,466,657,661,184,280,456],"class_list":{"0":"post-5068","1":"product","2":"type-product","3":"status-publish","4":"has-post-thumbnail","6":"product_cat-classic","7":"product_cat-men","8":"product_cat-mens-shoes","9":"product_tag-black-loafers","10":"product_tag-calf-leather","11":"product_tag-designer-loafers","12":"product_tag-dress-shoes","13":"product_tag-formal-loafers","14":"product_tag-goat-leather-lining","15":"product_tag-luxury-footwear","16":"product_tag-mens-fashion","17":"product_tag-mens-loafers","18":"product_tag-microlight-sole","19":"product_tag-patent-leather-shoes","20":"product_tag-pom-pom-loafers","21":"product_tag-slip-on-shoes","22":"product_tag-smart-casual-shoes","23":"product_tag-wholesale-loafers","24":"desktop-align-center","25":"tablet-align-center","26":"mobile-align-center","28":"first","29":"instock","30":"shipping-taxable","31":"purchasable","32":"product-type-variable","33":"has-default-attributes"},"acf":[],"uagb_featured_image_src":{"full":["https:\/\/turkishtrade.co\/wp-content\/uploads\/2026\/01\/2400EJOMN00054-BLACK-X_12572.png",453,250,false],"thumbnail":["https:\/\/turkishtrade.co\/wp-content\/uploads\/2026\/01\/2400EJOMN00054-BLACK-X_12572-150x150.png",150,150,true],"medium":["https:\/\/turkishtrade.co\/wp-content\/uploads\/2026\/01\/2400EJOMN00054-BLACK-X_12572-300x166.png",300,166,true],"medium_large":["https:\/\/turkishtrade.co\/wp-content\/uploads\/2026\/01\/2400EJOMN00054-BLACK-X_12572.png",453,250,false],"large":["https:\/\/turkishtrade.co\/wp-content\/uploads\/2026\/01\/2400EJOMN00054-BLACK-X_12572.png",453,250,false],"1536x1536":["https:\/\/turkishtrade.co\/wp-content\/uploads\/2026\/01\/2400EJOMN00054-BLACK-X_12572.png",453,250,false],"2048x2048":["https:\/\/turkishtrade.co\/wp-content\/uploads\/2026\/01\/2400EJOMN00054-BLACK-X_12572.png",453,250,false],"trp-custom-language-flag":["https:\/\/turkishtrade.co\/wp-content\/uploads\/2026\/01\/2400EJOMN00054-BLACK-X_12572-18x10.png",18,10,true],"woocommerce_thumbnail":["https:\/\/turkishtrade.co\/wp-content\/uploads\/2026\/01\/2400EJOMN00054-BLACK-X_12572-400x250.png",400,250,true],"woocommerce_single":["https:\/\/turkishtrade.co\/wp-content\/uploads\/2026\/01\/2400EJOMN00054-BLACK-X_12572.png",453,250,false],"woocommerce_gallery_thumbnail":["https:\/\/turkishtrade.co\/wp-content\/uploads\/2026\/01\/2400EJOMN00054-BLACK-X_12572-100x100.png",100,100,true]},"uagb_author_info":{"display_name":"yaser olabi","author_link":"https:\/\/turkishtrade.co\/tr\/author\/"},"uagb_comment_info":0,"uagb_excerpt":"Exquisite Men's Black Pom Pom Loafer crafted from premium Calf Leather exterior and soft Goat Leather interior. Comfortable Microlight sole with a subtle 1-3 cm heel height for all-day wear. Available in a wide range of sizes: 39, 40, 41, 42, 43, 44, 45. Wholesale Ready: Minimum order quantity of 8 pairs. Estimated Delivery: 12&hellip;","_links":{"self":[{"href":"https:\/\/turkishtrade.co\/tr\/wp-json\/wp\/v2\/product\/5068","targetHints":{"allow":["GET"]}}],"collection":[{"href":"https:\/\/turkishtrade.co\/tr\/wp-json\/wp\/v2\/product"}],"about":[{"href":"https:\/\/turkishtrade.co\/tr\/wp-json\/wp\/v2\/types\/product"}],"wp:featuredmedia":[{"embeddable":true,"href":"https:\/\/turkishtrade.co\/tr\/wp-json\/wp\/v2\/media\/3429"}],"wp:attachment":[{"href":"https:\/\/turkishtrade.co\/tr\/wp-json\/wp\/v2\/media?parent=5068"}],"wp:term":[{"taxonomy":"product_brand","embeddable":true,"href":"https:\/\/turkishtrade.co\/tr\/wp-json\/wp\/v2\/product_brand?post=5068"},{"taxonomy":"product_cat","embeddable":true,"href":"https:\/\/turkishtrade.co\/tr\/wp-json\/wp\/v2\/product_cat?post=5068"},{"taxonomy":"product_tag","embeddable":true,"href":"https:\/\/turkishtrade.co\/tr\/wp-json\/wp\/v2\/product_tag?post=5068"}],"curies":[{"name":"wp","href":"https:\/\/api.w.org\/{rel}","templated":true}]}}