{"id":5066,"date":"2026-01-14T11:08:25","date_gmt":"2026-01-14T11:08:25","guid":{"rendered":"https:\/\/turkishtrade.co\/product\/black-patent-leather-loafers\/"},"modified":"2026-04-09T19:45:16","modified_gmt":"2026-04-09T19:45:16","slug":"black-patent-leather-loafers","status":"publish","type":"product","link":"https:\/\/turkishtrade.co\/tr\/shop\/black-patent-leather-loafers\/","title":{"rendered":"Erkek Siyah Rugan Tokal\u0131 Loafer"},"content":{"rendered":"<p><strong>Siyah Rugan Loaferlar<\/strong><\/p>\n<p>Enfes \u00fcr\u00fcnlerimizle benzersiz bir zarafet d\u00fcnyas\u0131na ad\u0131m at\u0131n <b>Siyah Rugan Loaferlar<\/b>. Se\u00e7kin beyefendiler i\u00e7in tasarlanan bu mokasen ayakkab\u0131lar, sofistike stilin ve \u00fcst\u00fcn i\u015f\u00e7ili\u011fin ger\u00e7ek bir kan\u0131t\u0131d\u0131r. Bu \u00e7arp\u0131c\u0131 ayakkab\u0131lar\u0131n her bir \u00e7ifti <b>Siyah Rugan Loaferlar<\/b> birinci s\u0131n\u0131f malzemeler kullan\u0131larak titizlikle \u00fcretilmi\u015ftir ve hem l\u00fcks bir his hem de zamana meydan okuyan uzun s\u00fcreli dayan\u0131kl\u0131l\u0131k sa\u011flar. D\u0131\u015f y\u00fczey, her k\u0131yafeti an\u0131nda y\u00fckselten o imrenilen patent kaplamay\u0131 elde etmek i\u00e7in ustal\u0131kla i\u015flenmi\u015f, y\u00fcksek parlakl\u0131kta, hakiki dana derisine sahiptir. Bu parlak, g\u00f6z al\u0131c\u0131 y\u00fczey sadece inkar edilemez bir incelik sergilemekle kalmaz, ayn\u0131 zamanda resmi durumlar, \u00f6nemli i\u015f toplant\u0131lar\u0131 veya g\u00fc\u00e7l\u00fc ve unutulmaz bir izlenim b\u0131rakman\u0131n \u00f6nemli oldu\u011fu herhangi bir etkinlik i\u00e7in m\u00fckemmel bir \u015fekilde uygun olan \u015f\u0131k ve modern bir estetik sunar.<\/p>\n<h3>Rakipsiz Konfor ve Birinci S\u0131n\u0131f Malzemeler<\/h3>\n<p>B\u00fcy\u00fcleyici d\u0131\u015f g\u00f6r\u00fcn\u00fcm\u00fcn\u00fcn \u00f6tesinde, bu erkek elbise ayakkab\u0131s\u0131 ola\u011fan\u00fcst\u00fc, t\u00fcm g\u00fcn konfor sunar. \u0130\u00e7 k\u0131sm\u0131, inan\u0131lmaz yumu\u015fakl\u0131\u011f\u0131 ve do\u011fal nefes alabilirli\u011fi ile tan\u0131nan esnek, hakiki ke\u00e7i derisi ile c\u00f6mert\u00e7e astarlanm\u0131\u015ft\u0131r ve her ad\u0131mda ger\u00e7ekten l\u00fcks bir his sa\u011flar. Genellikle resmi ayakkab\u0131larla ili\u015fkilendirilen rahats\u0131zl\u0131\u011fa elveda deyin; birinci s\u0131n\u0131f mokasen ayakkab\u0131lar\u0131m\u0131z, ayaklar\u0131n\u0131z\u0131 \u015fafaktan alacakaranl\u0131\u011fa kadar rahat\u00e7a saracak ve g\u00f6r\u00fcnd\u00fc\u011f\u00fcn\u00fcz kadar iyi hissetmenizi sa\u011flayacak \u015fekilde titizlikle tasarlanm\u0131\u015ft\u0131r. D\u00fc\u015f\u00fcnceli tasar\u0131m, hafif ancak inan\u0131lmaz derecede dayan\u0131kl\u0131 Microlight yap\u0131ya sahip tabana kadar sorunsuz bir \u015fekilde uzan\u0131r. Bu yenilik\u00e7i taban teknolojisi, \u00fcst\u00fcn esneklik ve hareket kolayl\u0131\u011f\u0131 sa\u011flayarak bu <b>Siyah Rugan Loaferlar<\/b> Son derece \u015f\u0131k olduklar\u0131 kadar rahatt\u0131rlar da. S\u0131rt k\u0131sm\u0131n\u0131 s\u00fcsleyen ince ama \u00e7arp\u0131c\u0131 metalik toka, zarif bir dokunu\u015f katarak bu y\u00fcksek kaliteli loafer'lar\u0131 s\u0131radanl\u0131ktan ay\u0131r\u0131r.<\/p>\n<h3>Kusursuz Stil i\u00e7in Toptan Sat\u0131\u015f F\u0131rsat\u0131<\/h3>\n<p>39'dan 45'e kadar kapsaml\u0131 bir beden yelpazesinde mevcut olan bu ayakkab\u0131lar, her m\u00fc\u015fterinin bu l\u00fcks\u00fc deneyimleyebilmesini sa\u011flayarak m\u00fckemmel uyumunuzu zahmetsizce bulman\u0131z\u0131 sa\u011flar. Hem kalite hem de kusursuz stil i\u00e7in g\u00fc\u00e7l\u00fc talebi anl\u0131yoruz, bu nedenle bu premium mokasenleri toptan sat\u0131\u015fa sunmaktan gurur duyuyoruz. Sadece 8 \u00e7iftlik esnek bir minimum sipari\u015f miktar\u0131yla, i\u015fletmeler bu olmazsa olmaz resmi ayakkab\u0131lar\u0131 kolayca stoklayabilir ve m\u00fc\u015fterilerini l\u00fcks, benzersiz konfor ve kusursuz tasar\u0131m\u0131 kusursuz bir \u015fekilde birle\u015ftiren bir \u00fcr\u00fcnle memnun edebilir. Teslimat verimlilik ve \u00f6zenle ger\u00e7ekle\u015ftirilir ve sipari\u015fler genellikle 12 g\u00fcn art\u0131 standart kargo s\u00fcresi i\u00e7inde sevkiyata haz\u0131r hale getirilerek sorunsuz bir tedarik zinciri sa\u011flan\u0131r. Bu ola\u011fan\u00fcst\u00fc \u00fcr\u00fcnlere yat\u0131r\u0131m yap\u0131n <b>Siyah Rugan Loaferlar<\/b> ve geleneksel zarafet ile \u00e7a\u011fda\u015f sofistikeli\u011fin m\u00fckemmel kar\u0131\u015f\u0131m\u0131n\u0131 deneyimleyin, onlar\u0131 her rafine gard\u0131robun vazge\u00e7ilmez bir eklentisi haline getirin.<\/p>","protected":false},"excerpt":{"rendered":"<ul>\n<li>Parlak bir y\u00fczey i\u00e7in zarif Siyah Patent Deri d\u0131\u015f y\u00fczey<\/li>\n<li>\u00dcst\u00fcn konfor ve nefes alabilirlik i\u00e7in l\u00fcks Ke\u00e7i Derisi i\u00e7 astar<\/li>\n<li>\u015e\u0131k metalik toka detay\u0131 zarif bir zarafet dokunu\u015fu katar<\/li>\n<li>T\u00fcm g\u00fcn kullan\u0131m i\u00e7in hafif ve esnek Microlight taban<\/li>\n<li>Geni\u015f bir ebat yelpazesinde mevcuttur: 39, 40, 41, 42, 43, 44, 45<\/li>\n<li>Minimum sipari\u015f miktar\u0131: 8 \u00e7ift (Toplu ve toptan al\u0131mlar i\u00e7in m\u00fckemmeldir)<\/li>\n<\/ul>","protected":false},"featured_media":3428,"template":"","meta":{"_acf_changed":false,"_uag_custom_page_level_css":"","site-sidebar-layout":"default","site-content-layout":"","ast-site-content-layout":"default","site-content-style":"default","site-sidebar-style":"default","ast-global-header-display":"","ast-banner-title-visibility":"","ast-main-header-display":"","ast-hfb-above-header-display":"","ast-hfb-below-header-display":"","ast-hfb-mobile-header-display":"","site-post-title":"","ast-breadcrumbs-content":"","ast-featured-img":"","footer-sml-layout":"","ast-disable-related-posts":"","theme-transparent-header-meta":"default","adv-header-id-meta":"","stick-header-meta":"","header-above-stick-meta":"","header-main-stick-meta":"","header-below-stick-meta":"","astra-migrate-meta-layouts":"set","ast-page-background-enabled":"default","ast-page-background-meta":{"desktop":{"background-color":"var(--ast-global-color-4)","background-image":"","background-repeat":"repeat","background-position":"center center","background-size":"auto","background-attachment":"scroll","background-type":"","background-media":"","overlay-type":"","overlay-color":"","overlay-opacity":"","overlay-gradient":""},"tablet":{"background-color":"","background-image":"","background-repeat":"repeat","background-position":"center center","background-size":"auto","background-attachment":"scroll","background-type":"","background-media":"","overlay-type":"","overlay-color":"","overlay-opacity":"","overlay-gradient":""},"mobile":{"background-color":"","background-image":"","background-repeat":"repeat","background-position":"center center","background-size":"auto","background-attachment":"scroll","background-type":"","background-media":"","overlay-type":"","overlay-color":"","overlay-opacity":"","overlay-gradient":""}},"ast-content-background-meta":{"desktop":{"background-color":"var(--ast-global-color-5)","background-image":"","background-repeat":"repeat","background-position":"center center","background-size":"auto","background-attachment":"scroll","background-type":"","background-media":"","overlay-type":"","overlay-color":"","overlay-opacity":"","overlay-gradient":""},"tablet":{"background-color":"var(--ast-global-color-5)","background-image":"","background-repeat":"repeat","background-position":"center center","background-size":"auto","background-attachment":"scroll","background-type":"","background-media":"","overlay-type":"","overlay-color":"","overlay-opacity":"","overlay-gradient":""},"mobile":{"background-color":"var(--ast-global-color-5)","background-image":"","background-repeat":"repeat","background-position":"center center","background-size":"auto","background-attachment":"scroll","background-type":"","background-media":"","overlay-type":"","overlay-color":"","overlay-opacity":"","overlay-gradient":""}}},"product_brand":[],"product_cat":[47,430,40],"product_tag":[660,315,263,609,352,189,384,324,198,466,285,254],"class_list":{"0":"post-5066","1":"product","2":"type-product","3":"status-publish","4":"has-post-thumbnail","6":"product_cat-classic","7":"product_cat-men","8":"product_cat-mens-shoes","9":"product_tag-black-patent-leather-loafers","10":"product_tag-buckle-loafers","11":"product_tag-calf-leather-loafers","12":"product_tag-elegant-mens-shoes","13":"product_tag-formal-loafers","14":"product_tag-goat-leather-lining","15":"product_tag-luxury-loafers","16":"product_tag-mens-dress-shoes","17":"product_tag-mens-fashion","18":"product_tag-microlight-sole","19":"product_tag-turkish-shoes","20":"product_tag-wholesale-footwear","21":"desktop-align-center","22":"tablet-align-center","23":"mobile-align-center","25":"first","26":"instock","27":"shipping-taxable","28":"purchasable","29":"product-type-variable","30":"has-default-attributes"},"acf":[],"uagb_featured_image_src":{"full":["https:\/\/turkishtrade.co\/wp-content\/uploads\/2026\/01\/2400EJOMN00053-BLACK-X_12572-3.png",453,250,false],"thumbnail":["https:\/\/turkishtrade.co\/wp-content\/uploads\/2026\/01\/2400EJOMN00053-BLACK-X_12572-3-150x150.png",150,150,true],"medium":["https:\/\/turkishtrade.co\/wp-content\/uploads\/2026\/01\/2400EJOMN00053-BLACK-X_12572-3-300x166.png",300,166,true],"medium_large":["https:\/\/turkishtrade.co\/wp-content\/uploads\/2026\/01\/2400EJOMN00053-BLACK-X_12572-3.png",453,250,false],"large":["https:\/\/turkishtrade.co\/wp-content\/uploads\/2026\/01\/2400EJOMN00053-BLACK-X_12572-3.png",453,250,false],"1536x1536":["https:\/\/turkishtrade.co\/wp-content\/uploads\/2026\/01\/2400EJOMN00053-BLACK-X_12572-3.png",453,250,false],"2048x2048":["https:\/\/turkishtrade.co\/wp-content\/uploads\/2026\/01\/2400EJOMN00053-BLACK-X_12572-3.png",453,250,false],"trp-custom-language-flag":["https:\/\/turkishtrade.co\/wp-content\/uploads\/2026\/01\/2400EJOMN00053-BLACK-X_12572-3-18x10.png",18,10,true],"woocommerce_thumbnail":["https:\/\/turkishtrade.co\/wp-content\/uploads\/2026\/01\/2400EJOMN00053-BLACK-X_12572-3-400x250.png",400,250,true],"woocommerce_single":["https:\/\/turkishtrade.co\/wp-content\/uploads\/2026\/01\/2400EJOMN00053-BLACK-X_12572-3.png",453,250,false],"woocommerce_gallery_thumbnail":["https:\/\/turkishtrade.co\/wp-content\/uploads\/2026\/01\/2400EJOMN00053-BLACK-X_12572-3-100x100.png",100,100,true]},"uagb_author_info":{"display_name":"yaser olabi","author_link":"https:\/\/turkishtrade.co\/tr\/author\/"},"uagb_comment_info":0,"uagb_excerpt":"Exquisite Black Patent Leather exterior for a high-gloss finish Luxurious Goat Leather interior lining for ultimate comfort and breathability Stylish metallic buckle detail adds a touch of refined elegance Lightweight and flexible Microlight sole for all-day wear Available in a wide range of sizes: 39, 40, 41, 42, 43, 44, 45 Minimum order quantity: 8&hellip;","_links":{"self":[{"href":"https:\/\/turkishtrade.co\/tr\/wp-json\/wp\/v2\/product\/5066","targetHints":{"allow":["GET"]}}],"collection":[{"href":"https:\/\/turkishtrade.co\/tr\/wp-json\/wp\/v2\/product"}],"about":[{"href":"https:\/\/turkishtrade.co\/tr\/wp-json\/wp\/v2\/types\/product"}],"wp:featuredmedia":[{"embeddable":true,"href":"https:\/\/turkishtrade.co\/tr\/wp-json\/wp\/v2\/media\/3428"}],"wp:attachment":[{"href":"https:\/\/turkishtrade.co\/tr\/wp-json\/wp\/v2\/media?parent=5066"}],"wp:term":[{"taxonomy":"product_brand","embeddable":true,"href":"https:\/\/turkishtrade.co\/tr\/wp-json\/wp\/v2\/product_brand?post=5066"},{"taxonomy":"product_cat","embeddable":true,"href":"https:\/\/turkishtrade.co\/tr\/wp-json\/wp\/v2\/product_cat?post=5066"},{"taxonomy":"product_tag","embeddable":true,"href":"https:\/\/turkishtrade.co\/tr\/wp-json\/wp\/v2\/product_tag?post=5066"}],"curies":[{"name":"wp","href":"https:\/\/api.w.org\/{rel}","templated":true}]}}