{"id":5064,"date":"2026-01-14T11:07:52","date_gmt":"2026-01-14T11:07:52","guid":{"rendered":"https:\/\/turkishtrade.co\/product\/men-s-black-patent-leather-loafers\/"},"modified":"2026-04-09T19:45:20","modified_gmt":"2026-04-09T19:45:20","slug":"style-mens-black-patent-leather-loafers","status":"publish","type":"product","link":"https:\/\/turkishtrade.co\/tr\/shop\/style-mens-black-patent-leather-loafers\/","title":{"rendered":"Microlight Tabanl\u0131 L\u00fcks Erkek Siyah Rugan Loafer"},"content":{"rendered":"<p data-rm-block-id=\"block-1\">\u00dcst\u00fcn kaliteli koleksiyonumuzla benzersiz bir \u015f\u0131kl\u0131\u011fa ad\u0131m at\u0131n <strong>Erkek Siyah Rugan Loafer<\/strong>. Se\u00e7kin beyefendiler i\u00e7in tasarlanan bu mokasen ayakkab\u0131lar, sofistike stilin ve ola\u011fan\u00fcst\u00fc konforun \u00f6z\u00fcd\u00fcr. \u0130ster siyah kravatl\u0131 bir etkinli\u011fe, ister resmi bir d\u00fc\u011f\u00fcne veya \u00f6nemli bir i\u015f toplant\u0131s\u0131na kat\u0131l\u0131yor olun, bu zarif ayakkab\u0131lar kal\u0131c\u0131 bir izlenim b\u0131rakman\u0131z\u0131 sa\u011flayacakt\u0131r.<\/p>\n<h3 data-rm-block-id=\"block-2\">Rakipsiz \u0130\u015f\u00e7ilik ve Birinci S\u0131n\u0131f Malzemeler<\/h3>\n<p data-rm-block-id=\"block-3\">Bu \u00e7arp\u0131c\u0131 \u00e7iftlerin her biri <strong>Erkek Siyah Rugan Loafer<\/strong> yaln\u0131zca en iyi malzemeler kullan\u0131larak titizlikle \u00fcretilmi\u015ftir. Y\u00fcksek parlakl\u0131kta, hakiki dana derisinden \u00fcretilen d\u0131\u015f y\u00fczeyi, her k\u0131yafeti an\u0131nda y\u00fckselten \u015f\u0131k ve cilal\u0131 bir g\u00f6r\u00fcn\u00fcm sunar. Bu l\u00fcks dana derisi sadece g\u00f6rsel olarak \u00e7arp\u0131c\u0131 olmakla kalmaz, ayn\u0131 zamanda dayan\u0131kl\u0131l\u0131k ve zaman\u0131n testine dayanacak zarif bir estetik vaat eder. \u0130\u00e7 k\u0131s\u0131mda ise ayaklar\u0131n\u0131z, her ad\u0131mda nefes alabilirlik ve pel\u00fc\u015f bir his sa\u011flayan hakiki ke\u00e7i derisi astar\u0131n yumu\u015fak kuca\u011f\u0131nda olacak. Bu birinci s\u0131n\u0131f derilerin birle\u015fimi hem zenginli\u011fi hem de uzun \u00f6m\u00fcrl\u00fc giyimi garanti eder.<\/p>\n<h3 data-rm-block-id=\"block-4\">Microlight Teknolojisi ile Geli\u015fmi\u015f Konfor<\/h3>\n<p data-rm-block-id=\"block-5\">Nefes kesici g\u00f6r\u00fcn\u00fcmlerinin \u00f6tesinde, bu <strong>Erkek Siyah Rugan Loafer<\/strong> konforunuza \u00f6ncelik verir. Ola\u011fan\u00fcst\u00fc hafif esneklik ve \u00fcst\u00fcn yast\u0131klama sa\u011flamak \u00fczere tasarlanm\u0131\u015f yenilik\u00e7i Microlight tabana sahiptir. Bu geli\u015fmi\u015f taban teknolojisi ayak yorgunlu\u011funu azaltarak uzun etkinlikler veya yo\u011fun g\u00fcnler boyunca rahat ve \u00f6zg\u00fcvenli kalman\u0131z\u0131 sa\u011flar. 1-3 cm'lik ince topuk y\u00fcksekli\u011fi ile bu mokasen ayakkab\u0131lar, denge veya konfordan \u00f6d\u00fcn vermeden zarif bir duru\u015f i\u00e7in m\u00fckemmel bir y\u00fckselti sunar. Slip-on tasar\u0131m\u0131 zahmetsiz bir kullan\u0131m sunarak her t\u00fcrl\u00fc resmi etkinlik i\u00e7in kullan\u0131\u015fl\u0131 ve \u015f\u0131k bir se\u00e7im olmas\u0131n\u0131 sa\u011flar.<\/p>\n<h3 data-rm-block-id=\"block-6\">Her Durum i\u00e7in \u00c7ok Y\u00f6nl\u00fcl\u00fck ve Stil<\/h3>\n<p data-rm-block-id=\"block-7\">Bunlar\u0131n zamans\u0131z tasar\u0131m\u0131 <strong>Erkek Siyah Rugan Loafer<\/strong> her gard\u0131rop i\u00e7in son derece \u00e7ok y\u00f6nl\u00fc bir eklentidir. Klasik siyah rugan kaplama smokinlerle, tak\u0131m elbiselerle ve hatta sofistike \u015f\u0131k g\u00fcndelik k\u0131yafetlerle e\u015fle\u015ftirmek i\u00e7in idealdir. S\u0131rt k\u0131sm\u0131ndaki ince metalik s\u00fcsleme, bu ayakkab\u0131lar\u0131 geleneksel resmi ayakkab\u0131lardan ay\u0131rarak benzersiz bir karakter ve l\u00fcks dokunu\u015fu katar. 39'dan 45'e kadar de\u011fi\u015fen beden se\u00e7enekleriyle, geni\u015f bir m\u00fc\u015fteri yelpazesi i\u00e7in m\u00fckemmel uyum sa\u011fl\u0131yoruz. Bu ola\u011fan\u00fcst\u00fc ayakkab\u0131larla ayakkab\u0131 koleksiyonunuzu geli\u015ftirin <strong>Erkek Siyah Rugan Loafer<\/strong>, kalite, konfor ve inkar edilemez stili takdir eden erkekler i\u00e7in tasarlanm\u0131\u015ft\u0131r.<\/p>","protected":false},"excerpt":{"rendered":"<ul>\n<li>Zarif Hakiki Dana Derisi D\u0131\u015f Y\u00fczey<\/li>\n<li>\u00dcst\u00fcn Konfor i\u00e7in L\u00fcks Ke\u00e7i Derisi \u0130\u00e7 Mekan<\/li>\n<li>Hafif Esneklik i\u00e7in Geli\u015fmi\u015f Microlight Taban<\/li>\n<li>Zarif Bir Duru\u015f \u0130\u00e7in \u0130nce 1-3 cm Topuk Y\u00fcksekli\u011fi<\/li>\n<li>Geni\u015f Bir Beden Yelpazesinde Mevcuttur: 39-45<\/li>\n<li>Minimum Sipari\u015f Miktar\u0131: 8 \u00c7ift (Toptan ve Toplu Sat\u0131\u015f i\u00e7in \u0130deal)<\/li>\n<li>Verimli Teslimat S\u00fcresi: 12 G\u00fcn + Kargo<\/li>\n<\/ul>","protected":false},"featured_media":3427,"template":"","meta":{"_acf_changed":false,"_uag_custom_page_level_css":"","site-sidebar-layout":"default","site-content-layout":"","ast-site-content-layout":"default","site-content-style":"default","site-sidebar-style":"default","ast-global-header-display":"","ast-banner-title-visibility":"","ast-main-header-display":"","ast-hfb-above-header-display":"","ast-hfb-below-header-display":"","ast-hfb-mobile-header-display":"","site-post-title":"","ast-breadcrumbs-content":"","ast-featured-img":"","footer-sml-layout":"","ast-disable-related-posts":"","theme-transparent-header-meta":"default","adv-header-id-meta":"","stick-header-meta":"","header-above-stick-meta":"","header-main-stick-meta":"","header-below-stick-meta":"","astra-migrate-meta-layouts":"set","ast-page-background-enabled":"default","ast-page-background-meta":{"desktop":{"background-color":"var(--ast-global-color-4)","background-image":"","background-repeat":"repeat","background-position":"center center","background-size":"auto","background-attachment":"scroll","background-type":"","background-media":"","overlay-type":"","overlay-color":"","overlay-opacity":"","overlay-gradient":""},"tablet":{"background-color":"","background-image":"","background-repeat":"repeat","background-position":"center center","background-size":"auto","background-attachment":"scroll","background-type":"","background-media":"","overlay-type":"","overlay-color":"","overlay-opacity":"","overlay-gradient":""},"mobile":{"background-color":"","background-image":"","background-repeat":"repeat","background-position":"center center","background-size":"auto","background-attachment":"scroll","background-type":"","background-media":"","overlay-type":"","overlay-color":"","overlay-opacity":"","overlay-gradient":""}},"ast-content-background-meta":{"desktop":{"background-color":"var(--ast-global-color-5)","background-image":"","background-repeat":"repeat","background-position":"center center","background-size":"auto","background-attachment":"scroll","background-type":"","background-media":"","overlay-type":"","overlay-color":"","overlay-opacity":"","overlay-gradient":""},"tablet":{"background-color":"var(--ast-global-color-5)","background-image":"","background-repeat":"repeat","background-position":"center center","background-size":"auto","background-attachment":"scroll","background-type":"","background-media":"","overlay-type":"","overlay-color":"","overlay-opacity":"","overlay-gradient":""},"mobile":{"background-color":"var(--ast-global-color-5)","background-image":"","background-repeat":"repeat","background-position":"center center","background-size":"auto","background-attachment":"scroll","background-type":"","background-media":"","overlay-type":"","overlay-color":"","overlay-opacity":"","overlay-gradient":""}}},"product_brand":[],"product_cat":[47,430,40],"product_tag":[370,202,284,609,251,221,437,215,217,658,186,466,657,184,281],"class_list":{"0":"post-5064","1":"product","2":"type-product","3":"status-publish","4":"has-post-thumbnail","6":"product_cat-classic","7":"product_cat-men","8":"product_cat-mens-shoes","9":"product_tag-black-loafers","10":"product_tag-calf-leather","11":"product_tag-dress-shoes","12":"product_tag-elegant-mens-shoes","13":"product_tag-formal-shoes","14":"product_tag-genuine-leather","15":"product_tag-goat-leather","16":"product_tag-leather-loafers","17":"product_tag-luxury-footwear","18":"product_tag-mens-formal-loafers","19":"product_tag-mens-loafers","20":"product_tag-microlight-sole","21":"product_tag-patent-leather-shoes","22":"product_tag-slip-on-shoes","23":"product_tag-wholesale-shoes","24":"desktop-align-center","25":"tablet-align-center","26":"mobile-align-center","28":"first","29":"instock","30":"shipping-taxable","31":"purchasable","32":"product-type-variable","33":"has-default-attributes"},"acf":[],"uagb_featured_image_src":{"full":["https:\/\/turkishtrade.co\/wp-content\/uploads\/2026\/01\/2400EJOMN00052-BLACK-X_12572.png",453,250,false],"thumbnail":["https:\/\/turkishtrade.co\/wp-content\/uploads\/2026\/01\/2400EJOMN00052-BLACK-X_12572-150x150.png",150,150,true],"medium":["https:\/\/turkishtrade.co\/wp-content\/uploads\/2026\/01\/2400EJOMN00052-BLACK-X_12572-300x166.png",300,166,true],"medium_large":["https:\/\/turkishtrade.co\/wp-content\/uploads\/2026\/01\/2400EJOMN00052-BLACK-X_12572.png",453,250,false],"large":["https:\/\/turkishtrade.co\/wp-content\/uploads\/2026\/01\/2400EJOMN00052-BLACK-X_12572.png",453,250,false],"1536x1536":["https:\/\/turkishtrade.co\/wp-content\/uploads\/2026\/01\/2400EJOMN00052-BLACK-X_12572.png",453,250,false],"2048x2048":["https:\/\/turkishtrade.co\/wp-content\/uploads\/2026\/01\/2400EJOMN00052-BLACK-X_12572.png",453,250,false],"trp-custom-language-flag":["https:\/\/turkishtrade.co\/wp-content\/uploads\/2026\/01\/2400EJOMN00052-BLACK-X_12572-18x10.png",18,10,true],"woocommerce_thumbnail":["https:\/\/turkishtrade.co\/wp-content\/uploads\/2026\/01\/2400EJOMN00052-BLACK-X_12572-400x250.png",400,250,true],"woocommerce_single":["https:\/\/turkishtrade.co\/wp-content\/uploads\/2026\/01\/2400EJOMN00052-BLACK-X_12572.png",453,250,false],"woocommerce_gallery_thumbnail":["https:\/\/turkishtrade.co\/wp-content\/uploads\/2026\/01\/2400EJOMN00052-BLACK-X_12572-100x100.png",100,100,true]},"uagb_author_info":{"display_name":"yaser olabi","author_link":"https:\/\/turkishtrade.co\/tr\/author\/"},"uagb_comment_info":0,"uagb_excerpt":"Exquisite Genuine Calf Leather Exterior Luxurious Goat Leather Interior for Supreme Comfort Advanced Microlight Sole for Lightweight Flexibility Subtle 1-3 cm Heel Height for an Elegant Stance Available in a Wide Range of Sizes: 39-45 Minimum Order Quantity: 8 Pairs (Ideal for Wholesale &amp; Bulk) Efficient Delivery Time: 12 Days + Shipping","_links":{"self":[{"href":"https:\/\/turkishtrade.co\/tr\/wp-json\/wp\/v2\/product\/5064","targetHints":{"allow":["GET"]}}],"collection":[{"href":"https:\/\/turkishtrade.co\/tr\/wp-json\/wp\/v2\/product"}],"about":[{"href":"https:\/\/turkishtrade.co\/tr\/wp-json\/wp\/v2\/types\/product"}],"wp:featuredmedia":[{"embeddable":true,"href":"https:\/\/turkishtrade.co\/tr\/wp-json\/wp\/v2\/media\/3427"}],"wp:attachment":[{"href":"https:\/\/turkishtrade.co\/tr\/wp-json\/wp\/v2\/media?parent=5064"}],"wp:term":[{"taxonomy":"product_brand","embeddable":true,"href":"https:\/\/turkishtrade.co\/tr\/wp-json\/wp\/v2\/product_brand?post=5064"},{"taxonomy":"product_cat","embeddable":true,"href":"https:\/\/turkishtrade.co\/tr\/wp-json\/wp\/v2\/product_cat?post=5064"},{"taxonomy":"product_tag","embeddable":true,"href":"https:\/\/turkishtrade.co\/tr\/wp-json\/wp\/v2\/product_tag?post=5064"}],"curies":[{"name":"wp","href":"https:\/\/api.w.org\/{rel}","templated":true}]}}