{"id":5057,"date":"2026-01-14T11:06:18","date_gmt":"2026-01-14T11:06:18","guid":{"rendered":"https:\/\/turkishtrade.co\/product\/men-calf-leather-dress-shoes\/"},"modified":"2026-04-09T19:45:33","modified_gmt":"2026-04-09T19:45:33","slug":"luxury-mens-calf-leather-dress-shoes","status":"publish","type":"product","link":"https:\/\/turkishtrade.co\/tr\/shop\/luxury-mens-calf-leather-dress-shoes\/","title":{"rendered":"Zarif Erkek Dana Derisi Derby Ayakkab\u0131"},"content":{"rendered":"<p><strong>Erkek Dana Derisi Elbise Ayakkab\u0131s\u0131<\/strong><\/p>\n<p>Koleksiyonumuzla benzersiz bir sofistikeli\u011fe ad\u0131m at\u0131n <strong>erkek dana derisi elbise ayakkab\u0131s\u0131<\/strong>. Se\u00e7kin beyefendiler i\u00e7in titizlikle tasarlanan bu ayakkab\u0131lar, klasik \u015f\u0131kl\u0131\u011f\u0131 modern konforla harmanlayarak her t\u00fcrl\u00fc resmi veya i\u015f gard\u0131robunun vazge\u00e7ilmez bir par\u00e7as\u0131 haline geliyor. M\u00fckemmellik i\u00e7in \u00fcretilen her bir \u00e7ift, kaliteye ve zamans\u0131z stile olan ba\u011fl\u0131l\u0131\u011f\u0131 yans\u0131t\u0131r.<\/p>\n<h3>\u00dcst\u00fcn Konfor ve Stil i\u00e7in M\u00fckemmel Malzemeler<\/h3>\n<p>Bu ola\u011fan\u00fcst\u00fc ayakkab\u0131lar\u0131n d\u0131\u015f y\u00fczeyi, p\u00fcr\u00fczs\u00fcz dokusu, do\u011fal parlakl\u0131\u011f\u0131 ve ola\u011fan\u00fcst\u00fc dayan\u0131kl\u0131l\u0131\u011f\u0131yla tan\u0131nan birinci s\u0131n\u0131f d\u0131\u015f dana derisinden yap\u0131lm\u0131\u015ft\u0131r. Bu y\u00fcksek kaliteli dana derisi sadece l\u00fcks bir estetik sa\u011flamakla kalmaz, ayn\u0131 zamanda zaman i\u00e7inde aya\u011f\u0131n\u0131za g\u00fczel bir \u015fekilde uyum sa\u011flayarak ki\u015fiselle\u015ftirilmi\u015f bir uyum sunar. Sa\u011flam d\u0131\u015f y\u00fczeyi tamamlayan i\u00e7 k\u0131s\u0131m, g\u00f6rkemli ke\u00e7i derisiyle astarlanm\u0131\u015ft\u0131r. Bu i\u00e7 malzeme se\u00e7imi nefes alabilirlik sa\u011flar, s\u00fcrt\u00fcnmeyi azalt\u0131r ve inan\u0131lmaz yumu\u015fak bir dokunu\u015f sunarak bu ayakkab\u0131lar\u0131 en rahat ayakkab\u0131lar haline getirir. <strong>erkek dana derisi elbise ayakkab\u0131s\u0131<\/strong> sahip olacaks\u0131n.<\/p>\n<h3>T\u00fcm G\u00fcn Kullan\u0131m i\u00e7in Yenilik\u00e7i Tasar\u0131m<\/h3>\n<p>Konfor, stilden \u00f6d\u00fcn vermek anlam\u0131na gelmez. Erkek resmi ayakkab\u0131lar\u0131m\u0131z, sizi a\u011f\u0131rla\u015ft\u0131rmadan esneklik ve uzun \u00f6m\u00fcrl\u00fc kullan\u0131m i\u00e7in tasarlanm\u0131\u015f hafif Microlight tabana sahiptir. \u0130nce 1-3 cm topuk, zarif bir siluet i\u00e7in do\u011fru miktarda y\u00fckseklik sa\u011flar, uzun g\u00fcnler veya ak\u015famlar boyunca denge sa\u011flar ve yorgunlu\u011fu azalt\u0131r. Hem zengin kahverengi hem de koyu lacivert se\u00e7eneklerinde g\u00f6r\u00fclebilen zarif moc-toe tasar\u0131m\u0131, trendlerin \u00f6tesine ge\u00e7en klasik bir sofistike dokunu\u015f katar.<\/p>\n<h3>Her Durum ve Toplu Sipari\u015fler i\u00e7in M\u00fckemmel<\/h3>\n<p>\u0130ster \u00f6nemli bir i\u015f toplant\u0131s\u0131, ister resmi bir etkinlik ya da sadece g\u00fcnl\u00fck k\u0131yafetinizi y\u00fckseltmek i\u00e7in olsun, bu <strong>erkek dana derisi elbise ayakkab\u0131s\u0131<\/strong> \u00e7e\u015fitli durumlara uyacak kadar \u00e7ok y\u00f6nl\u00fcd\u00fcr. Zamans\u0131z tasar\u0131mlar\u0131 tak\u0131m elbiseler, blazer ceketler ve \u015f\u0131k g\u00fcndelik k\u0131yafetlerle sorunsuz bir \u015fekilde e\u015fle\u015fmelerini sa\u011flar. Toptan sat\u0131\u015f ortaklar\u0131m\u0131z\u0131n ihtiya\u00e7lar\u0131n\u0131 anl\u0131yoruz, bu nedenle bu birinci s\u0131n\u0131f ayakkab\u0131lar minimum 8 \u00e7ift sipari\u015f miktar\u0131 ile mevcuttur. Sadece 12 g\u00fcnl\u00fck teslimat s\u00fcresi ve nakliye ile envanterinizi y\u00fcksek kaliteli ayakkab\u0131larla stoklamak hi\u00e7 bu kadar kolay olmam\u0131\u015ft\u0131. Bu enfes dana derisi elbise ayakkab\u0131lar\u0131yla m\u00fc\u015fterilerinize hak ettikleri l\u00fcks\u00fc ve i\u015f\u00e7ili\u011fi sunun.<\/p>","protected":false},"excerpt":{"rendered":"<ul>\n<li>Sofistike bir g\u00f6r\u00fcn\u00fcm ve ola\u011fan\u00fcst\u00fc dayan\u0131kl\u0131l\u0131k i\u00e7in birinci s\u0131n\u0131f d\u0131\u015f dana derisinden ustal\u0131kla \u00fcretilmi\u015ftir.<\/li>\n<li>Yumu\u015fak, nefes alabilen i\u00e7 ke\u00e7i derisi ile astarlanm\u0131\u015ft\u0131r ve g\u00fcn boyunca \u00fcst\u00fcn konfor sa\u011flar.<\/li>\n<li>Esneklik ve zahmetsiz kullan\u0131m i\u00e7in hafif Microlight tabana sahiptir.<\/li>\n<li>\u0130deal duru\u015f ve rahatl\u0131k sunan 1-3 cm'lik ince bir topuk ile tasarlanm\u0131\u015ft\u0131r.<\/li>\n<li>\u00c7ok y\u00f6nl\u00fc bir beden yelpazesinde mevcuttur: AB 39, 40, 41, 42, 43, 44, 45.<\/li>\n<li><b>Minimum sipari\u015f miktar\u0131 8 \u00e7ift<\/b>, Toptan ve perakende sat\u0131\u015f ortaklar\u0131 i\u00e7in m\u00fckemmeldir.<\/li>\n<\/ul>","protected":false},"featured_media":3424,"template":"","meta":{"_acf_changed":false,"_uag_custom_page_level_css":"","site-sidebar-layout":"default","site-content-layout":"","ast-site-content-layout":"default","site-content-style":"default","site-sidebar-style":"default","ast-global-header-display":"","ast-banner-title-visibility":"","ast-main-header-display":"","ast-hfb-above-header-display":"","ast-hfb-below-header-display":"","ast-hfb-mobile-header-display":"","site-post-title":"","ast-breadcrumbs-content":"","ast-featured-img":"","footer-sml-layout":"","ast-disable-related-posts":"","theme-transparent-header-meta":"default","adv-header-id-meta":"","stick-header-meta":"","header-above-stick-meta":"","header-main-stick-meta":"","header-below-stick-meta":"","astra-migrate-meta-layouts":"set","ast-page-background-enabled":"default","ast-page-background-meta":{"desktop":{"background-color":"var(--ast-global-color-4)","background-image":"","background-repeat":"repeat","background-position":"center center","background-size":"auto","background-attachment":"scroll","background-type":"","background-media":"","overlay-type":"","overlay-color":"","overlay-opacity":"","overlay-gradient":""},"tablet":{"background-color":"","background-image":"","background-repeat":"repeat","background-position":"center center","background-size":"auto","background-attachment":"scroll","background-type":"","background-media":"","overlay-type":"","overlay-color":"","overlay-opacity":"","overlay-gradient":""},"mobile":{"background-color":"","background-image":"","background-repeat":"repeat","background-position":"center center","background-size":"auto","background-attachment":"scroll","background-type":"","background-media":"","overlay-type":"","overlay-color":"","overlay-opacity":"","overlay-gradient":""}},"ast-content-background-meta":{"desktop":{"background-color":"var(--ast-global-color-5)","background-image":"","background-repeat":"repeat","background-position":"center center","background-size":"auto","background-attachment":"scroll","background-type":"","background-media":"","overlay-type":"","overlay-color":"","overlay-opacity":"","overlay-gradient":""},"tablet":{"background-color":"var(--ast-global-color-5)","background-image":"","background-repeat":"repeat","background-position":"center center","background-size":"auto","background-attachment":"scroll","background-type":"","background-media":"","overlay-type":"","overlay-color":"","overlay-opacity":"","overlay-gradient":""},"mobile":{"background-color":"var(--ast-global-color-5)","background-image":"","background-repeat":"repeat","background-position":"center center","background-size":"auto","background-attachment":"scroll","background-type":"","background-media":"","overlay-type":"","overlay-color":"","overlay-opacity":"","overlay-gradient":""}}},"product_brand":[],"product_cat":[47,430,40],"product_tag":[398,199,405,185,609,650,251,189,649,324,466,362,281],"class_list":{"0":"post-5057","1":"product","2":"type-product","3":"status-publish","4":"has-post-thumbnail","6":"product_cat-classic","7":"product_cat-men","8":"product_cat-mens-shoes","9":"product_tag-blue-dress-shoes","10":"product_tag-brown-dress-shoes","11":"product_tag-business-shoes","12":"product_tag-calf-leather-shoes","13":"product_tag-elegant-mens-shoes","14":"product_tag-eu-sizes","15":"product_tag-formal-shoes","16":"product_tag-goat-leather-lining","17":"product_tag-leather-derby-shoes","18":"product_tag-mens-dress-shoes","19":"product_tag-microlight-sole","20":"product_tag-premium-footwear","21":"product_tag-wholesale-shoes","22":"desktop-align-center","23":"tablet-align-center","24":"mobile-align-center","26":"first","27":"instock","28":"shipping-taxable","29":"purchasable","30":"product-type-variable","31":"has-default-attributes"},"acf":[],"uagb_featured_image_src":{"full":["https:\/\/turkishtrade.co\/wp-content\/uploads\/2026\/01\/2400EJOMN00049-DARK-BLUE-Y_541.png",453,250,false],"thumbnail":["https:\/\/turkishtrade.co\/wp-content\/uploads\/2026\/01\/2400EJOMN00049-DARK-BLUE-Y_541-150x150.png",150,150,true],"medium":["https:\/\/turkishtrade.co\/wp-content\/uploads\/2026\/01\/2400EJOMN00049-DARK-BLUE-Y_541-300x166.png",300,166,true],"medium_large":["https:\/\/turkishtrade.co\/wp-content\/uploads\/2026\/01\/2400EJOMN00049-DARK-BLUE-Y_541.png",453,250,false],"large":["https:\/\/turkishtrade.co\/wp-content\/uploads\/2026\/01\/2400EJOMN00049-DARK-BLUE-Y_541.png",453,250,false],"1536x1536":["https:\/\/turkishtrade.co\/wp-content\/uploads\/2026\/01\/2400EJOMN00049-DARK-BLUE-Y_541.png",453,250,false],"2048x2048":["https:\/\/turkishtrade.co\/wp-content\/uploads\/2026\/01\/2400EJOMN00049-DARK-BLUE-Y_541.png",453,250,false],"trp-custom-language-flag":["https:\/\/turkishtrade.co\/wp-content\/uploads\/2026\/01\/2400EJOMN00049-DARK-BLUE-Y_541-18x10.png",18,10,true],"woocommerce_thumbnail":["https:\/\/turkishtrade.co\/wp-content\/uploads\/2026\/01\/2400EJOMN00049-DARK-BLUE-Y_541-400x250.png",400,250,true],"woocommerce_single":["https:\/\/turkishtrade.co\/wp-content\/uploads\/2026\/01\/2400EJOMN00049-DARK-BLUE-Y_541.png",453,250,false],"woocommerce_gallery_thumbnail":["https:\/\/turkishtrade.co\/wp-content\/uploads\/2026\/01\/2400EJOMN00049-DARK-BLUE-Y_541-100x100.png",100,100,true]},"uagb_author_info":{"display_name":"yaser olabi","author_link":"https:\/\/turkishtrade.co\/tr\/author\/"},"uagb_comment_info":0,"uagb_excerpt":"Expertly crafted from premium outer calf leather for a sophisticated look and exceptional durability. Lined with soft, breathable inner goat leather, ensuring superior comfort throughout the day. Features a lightweight Microlight sole for flexibility and effortless wear. Designed with a subtle 1-3 cm heel, offering ideal posture and comfort. Available in a versatile range of&hellip;","_links":{"self":[{"href":"https:\/\/turkishtrade.co\/tr\/wp-json\/wp\/v2\/product\/5057","targetHints":{"allow":["GET"]}}],"collection":[{"href":"https:\/\/turkishtrade.co\/tr\/wp-json\/wp\/v2\/product"}],"about":[{"href":"https:\/\/turkishtrade.co\/tr\/wp-json\/wp\/v2\/types\/product"}],"wp:featuredmedia":[{"embeddable":true,"href":"https:\/\/turkishtrade.co\/tr\/wp-json\/wp\/v2\/media\/3424"}],"wp:attachment":[{"href":"https:\/\/turkishtrade.co\/tr\/wp-json\/wp\/v2\/media?parent=5057"}],"wp:term":[{"taxonomy":"product_brand","embeddable":true,"href":"https:\/\/turkishtrade.co\/tr\/wp-json\/wp\/v2\/product_brand?post=5057"},{"taxonomy":"product_cat","embeddable":true,"href":"https:\/\/turkishtrade.co\/tr\/wp-json\/wp\/v2\/product_cat?post=5057"},{"taxonomy":"product_tag","embeddable":true,"href":"https:\/\/turkishtrade.co\/tr\/wp-json\/wp\/v2\/product_tag?post=5057"}],"curies":[{"name":"wp","href":"https:\/\/api.w.org\/{rel}","templated":true}]}}