{"id":5055,"date":"2026-01-14T11:05:58","date_gmt":"2026-01-14T11:05:58","guid":{"rendered":"https:\/\/turkishtrade.co\/product\/men-s-leather-derby-shoes-2\/"},"modified":"2026-04-09T19:45:37","modified_gmt":"2026-04-09T19:45:37","slug":"style-premium-mens-leather-derby-shoes","status":"publish","type":"product","link":"https:\/\/turkishtrade.co\/tr\/shop\/style-premium-mens-leather-derby-shoes\/","title":{"rendered":"Premium Erkek Mavi Dana Derisi Derby Ayakkab\u0131"},"content":{"rendered":"<p><strong>Erkek Deri Derby Ayakkab\u0131<\/strong><\/p>\n<p>Rafine bir zarafet ve benzersiz bir konfor d\u00fcnyas\u0131na ad\u0131m at\u0131n <b>Premium Erkek Mavi Dana Derisi Derby Ayakkab\u0131<\/b>. Se\u00e7kin beyefendiler i\u00e7in titizlikle tasarlanan bu ayakkab\u0131lar sadece bir aksesuar de\u011fil, sofistike bir ifadedir. D\u0131\u015f y\u00fczeyi en iyi dana derisinden \u00fcretilen bu ayakkab\u0131lar, hem i\u015f k\u0131yafetlerinizi hem de \u015f\u0131k g\u00fcnl\u00fck k\u0131yafetlerinizi zahmetsizce tamamlayacak \u00e7arp\u0131c\u0131 bir mavi tonda p\u00fcr\u00fczs\u00fcz ve parlak bir y\u00fczey sunar. Zengin mavi renk, klasik bir tasar\u0131ma modern bir dokunu\u015f katarak abart\u0131s\u0131z bir zarafetle \u00f6ne \u00e7\u0131kman\u0131z\u0131 sa\u011flar.<\/p>\n<p>Ola\u011fan\u00fcst\u00fc kalite, yumu\u015fak, esnek ke\u00e7i derisinin aya\u011f\u0131n\u0131za l\u00fcks bir his verdi\u011fi, nefes alabilirlik ve g\u00fcn boyu konfor sa\u011flad\u0131\u011f\u0131 i\u00e7 k\u0131sma kadar uzan\u0131r. Stil i\u00e7in konfordan \u00f6d\u00fcn verdi\u011finiz g\u00fcnleri unutun; bu <b>erkek deri derby ayakkab\u0131<\/b> her ikisini de sunmak \u00fczere tasarlanm\u0131\u015ft\u0131r. A\u00e7\u0131k ba\u011fc\u0131k sistemiyle karakterize edilen klasik derby silueti, hem resmi hem de uyarlanabilir \u00e7ok y\u00f6nl\u00fc bir estetik sa\u011flayarak bu ayakkab\u0131lar\u0131 kurumsal ortamlardan l\u00fcks sosyal toplant\u0131lara kadar \u00e7e\u015fitli durumlar i\u00e7in m\u00fckemmel bir se\u00e7im haline getirir.<\/p>\n<h3>Rakipsiz Konfor ve \u0130\u015f\u00e7ilik<\/h3>\n<p>Microlight taban\u0131m\u0131z\u0131n yenilik\u00e7i tasar\u0131m\u0131n\u0131 deneyimleyin. Bu geli\u015fmi\u015f taban teknolojisi inan\u0131lmaz hafiflik ve esneklik sunarak do\u011fal ayak hareketine olanak tan\u0131r ve uzun s\u00fcreli kullan\u0131mlarda bile yorgunlu\u011fu azalt\u0131r. \u0130nce ama destekleyici 1-3 cm topuk ile birle\u015fti\u011finde, bu <b>erkek mavi deri derby ayakkab\u0131<\/b> dengeden veya konfordan \u00f6d\u00fcn vermeden do\u011fru miktarda y\u00fckselme sunar. Her bir \u00e7ift, \u00fcst\u00fcn i\u015f\u00e7ili\u011fin bir kan\u0131t\u0131d\u0131r, dayan\u0131kl\u0131l\u0131k ve gelecek sezonlar boyunca s\u00fcrecek zamans\u0131z bir \u00e7ekicilik sa\u011flar ve ayakkab\u0131 koleksiyonunuzun de\u011ferli bir par\u00e7as\u0131 haline gelir.<\/p>\n<h3>Premium Ayakkab\u0131lar i\u00e7in Toptan Sat\u0131\u015f F\u0131rsat\u0131<\/h3>\n<p>EU 39'dan 45'e kadar kapsaml\u0131 bir beden yelpazesinde sunulan bu birinci s\u0131n\u0131f elbise ayakkab\u0131lar\u0131, tam oturacak \u015fekilde tasarlanm\u0131\u015f olup, rahat ve destekleyici bir his sa\u011flar. \u0130ster \u00f6nemli bir i\u015f toplant\u0131s\u0131na, ister resmi bir etkinli\u011fe kat\u0131l\u0131yor olun, ister sadece sofistike bir ak\u015fam\u0131n tad\u0131n\u0131 \u00e7\u0131kar\u0131n, bu <b>erkek deri derby ayakkab\u0131<\/b> se\u00e7kin \u00e7ekicilikleriyle varl\u0131\u011f\u0131n\u0131z\u0131 y\u00fckseltecek. Y\u00fcksek kaliteli ayakkab\u0131lar sunmak isteyen i\u015fletmeler i\u00e7in, sadece 8 \u00e7iftlik minimum sipari\u015fle, 12 g\u00fcn i\u00e7inde verimli bir \u015fekilde teslim edilen esnek toptan sat\u0131\u015f se\u00e7enekleri sunuyoruz. Koleksiyonumuzla kal\u0131c\u0131 stil ve konfora yat\u0131r\u0131m yap\u0131n <b>erkek deri derby ayakkab\u0131<\/b> Klasik zarafeti \u00e7a\u011fda\u015f konforla birle\u015ftirerek her modern gard\u0131robun temel ta\u015f\u0131 olmay\u0131 vaat ediyor.<\/p>","protected":false},"excerpt":{"rendered":"<ul>\n<li>D\u0131\u015f\u0131 l\u00fcks dana derisi ve i\u00e7i yumu\u015fak ke\u00e7i derisinden \u00fcretilmi\u015ftir<\/li>\n<li>G\u00fcn boyu konfor ve esneklik i\u00e7in hafif Microlight taban<\/li>\n<li>Zarif bir y\u00fckseli\u015f i\u00e7in ince ama \u015f\u0131k 1-3 cm topuk<\/li>\n<li>Kapsaml\u0131 bir beden aral\u0131\u011f\u0131nda mevcuttur: AB 39, 40, 41, 42, 43, 44, 45<\/li>\n<li>Toptan sat\u0131\u015f i\u00e7in idealdir: Minimum 8 \u00e7ift sipari\u015f 12 g\u00fcnl\u00fck teslimat + kargo ile mevcuttur<\/li>\n<\/ul>","protected":false},"featured_media":3422,"template":"","meta":{"_acf_changed":false,"_uag_custom_page_level_css":"","site-sidebar-layout":"default","site-content-layout":"","ast-site-content-layout":"default","site-content-style":"default","site-sidebar-style":"default","ast-global-header-display":"","ast-banner-title-visibility":"","ast-main-header-display":"","ast-hfb-above-header-display":"","ast-hfb-below-header-display":"","ast-hfb-mobile-header-display":"","site-post-title":"","ast-breadcrumbs-content":"","ast-featured-img":"","footer-sml-layout":"","ast-disable-related-posts":"","theme-transparent-header-meta":"default","adv-header-id-meta":"","stick-header-meta":"","header-above-stick-meta":"","header-main-stick-meta":"","header-below-stick-meta":"","astra-migrate-meta-layouts":"set","ast-page-background-enabled":"default","ast-page-background-meta":{"desktop":{"background-color":"var(--ast-global-color-4)","background-image":"","background-repeat":"repeat","background-position":"center center","background-size":"auto","background-attachment":"scroll","background-type":"","background-media":"","overlay-type":"","overlay-color":"","overlay-opacity":"","overlay-gradient":""},"tablet":{"background-color":"","background-image":"","background-repeat":"repeat","background-position":"center center","background-size":"auto","background-attachment":"scroll","background-type":"","background-media":"","overlay-type":"","overlay-color":"","overlay-opacity":"","overlay-gradient":""},"mobile":{"background-color":"","background-image":"","background-repeat":"repeat","background-position":"center center","background-size":"auto","background-attachment":"scroll","background-type":"","background-media":"","overlay-type":"","overlay-color":"","overlay-opacity":"","overlay-gradient":""}},"ast-content-background-meta":{"desktop":{"background-color":"var(--ast-global-color-5)","background-image":"","background-repeat":"repeat","background-position":"center center","background-size":"auto","background-attachment":"scroll","background-type":"","background-media":"","overlay-type":"","overlay-color":"","overlay-opacity":"","overlay-gradient":""},"tablet":{"background-color":"var(--ast-global-color-5)","background-image":"","background-repeat":"repeat","background-position":"center center","background-size":"auto","background-attachment":"scroll","background-type":"","background-media":"","overlay-type":"","overlay-color":"","overlay-opacity":"","overlay-gradient":""},"mobile":{"background-color":"var(--ast-global-color-5)","background-image":"","background-repeat":"repeat","background-position":"center center","background-size":"auto","background-attachment":"scroll","background-type":"","background-media":"","overlay-type":"","overlay-color":"","overlay-opacity":"","overlay-gradient":""}}},"product_brand":[],"product_cat":[47,430,40],"product_tag":[646,405,202,212,284,251,437,227,198,466,362,280,281],"class_list":{"0":"post-5055","1":"product","2":"type-product","3":"status-publish","4":"has-post-thumbnail","6":"product_cat-classic","7":"product_cat-men","8":"product_cat-mens-shoes","9":"product_tag-blue-shoes","10":"product_tag-business-shoes","11":"product_tag-calf-leather","12":"product_tag-derby-shoes","13":"product_tag-dress-shoes","14":"product_tag-formal-shoes","15":"product_tag-goat-leather","16":"product_tag-leather-shoes","17":"product_tag-mens-fashion","18":"product_tag-microlight-sole","19":"product_tag-premium-footwear","20":"product_tag-smart-casual-shoes","21":"product_tag-wholesale-shoes","22":"desktop-align-center","23":"tablet-align-center","24":"mobile-align-center","26":"first","27":"instock","28":"shipping-taxable","29":"purchasable","30":"product-type-variable","31":"has-default-attributes"},"acf":[],"uagb_featured_image_src":{"full":["https:\/\/turkishtrade.co\/wp-content\/uploads\/2026\/01\/2400EJOMN00048-DARK-BLUE-Z_542.png",453,250,false],"thumbnail":["https:\/\/turkishtrade.co\/wp-content\/uploads\/2026\/01\/2400EJOMN00048-DARK-BLUE-Z_542-150x150.png",150,150,true],"medium":["https:\/\/turkishtrade.co\/wp-content\/uploads\/2026\/01\/2400EJOMN00048-DARK-BLUE-Z_542-300x166.png",300,166,true],"medium_large":["https:\/\/turkishtrade.co\/wp-content\/uploads\/2026\/01\/2400EJOMN00048-DARK-BLUE-Z_542.png",453,250,false],"large":["https:\/\/turkishtrade.co\/wp-content\/uploads\/2026\/01\/2400EJOMN00048-DARK-BLUE-Z_542.png",453,250,false],"1536x1536":["https:\/\/turkishtrade.co\/wp-content\/uploads\/2026\/01\/2400EJOMN00048-DARK-BLUE-Z_542.png",453,250,false],"2048x2048":["https:\/\/turkishtrade.co\/wp-content\/uploads\/2026\/01\/2400EJOMN00048-DARK-BLUE-Z_542.png",453,250,false],"trp-custom-language-flag":["https:\/\/turkishtrade.co\/wp-content\/uploads\/2026\/01\/2400EJOMN00048-DARK-BLUE-Z_542-18x10.png",18,10,true],"woocommerce_thumbnail":["https:\/\/turkishtrade.co\/wp-content\/uploads\/2026\/01\/2400EJOMN00048-DARK-BLUE-Z_542-400x250.png",400,250,true],"woocommerce_single":["https:\/\/turkishtrade.co\/wp-content\/uploads\/2026\/01\/2400EJOMN00048-DARK-BLUE-Z_542.png",453,250,false],"woocommerce_gallery_thumbnail":["https:\/\/turkishtrade.co\/wp-content\/uploads\/2026\/01\/2400EJOMN00048-DARK-BLUE-Z_542-100x100.png",100,100,true]},"uagb_author_info":{"display_name":"yaser olabi","author_link":"https:\/\/turkishtrade.co\/tr\/author\/"},"uagb_comment_info":0,"uagb_excerpt":"Crafted from luxurious calf leather outer and soft goat leather inner Lightweight Microlight sole for all-day comfort and flexibility Subtle yet stylish 1-3cm heel for an elegant lift Available in a comprehensive size range: EU 39, 40, 41, 42, 43, 44, 45 Ideal for wholesale: Minimum order of 8 pairs available with 12-day delivery +&hellip;","_links":{"self":[{"href":"https:\/\/turkishtrade.co\/tr\/wp-json\/wp\/v2\/product\/5055","targetHints":{"allow":["GET"]}}],"collection":[{"href":"https:\/\/turkishtrade.co\/tr\/wp-json\/wp\/v2\/product"}],"about":[{"href":"https:\/\/turkishtrade.co\/tr\/wp-json\/wp\/v2\/types\/product"}],"wp:featuredmedia":[{"embeddable":true,"href":"https:\/\/turkishtrade.co\/tr\/wp-json\/wp\/v2\/media\/3422"}],"wp:attachment":[{"href":"https:\/\/turkishtrade.co\/tr\/wp-json\/wp\/v2\/media?parent=5055"}],"wp:term":[{"taxonomy":"product_brand","embeddable":true,"href":"https:\/\/turkishtrade.co\/tr\/wp-json\/wp\/v2\/product_brand?post=5055"},{"taxonomy":"product_cat","embeddable":true,"href":"https:\/\/turkishtrade.co\/tr\/wp-json\/wp\/v2\/product_cat?post=5055"},{"taxonomy":"product_tag","embeddable":true,"href":"https:\/\/turkishtrade.co\/tr\/wp-json\/wp\/v2\/product_tag?post=5055"}],"curies":[{"name":"wp","href":"https:\/\/api.w.org\/{rel}","templated":true}]}}