{"id":5053,"date":"2026-01-14T11:05:35","date_gmt":"2026-01-14T11:05:35","guid":{"rendered":"https:\/\/turkishtrade.co\/product\/brown-leather-monk-strap-shoes\/"},"modified":"2026-04-09T19:45:40","modified_gmt":"2026-04-09T19:45:40","slug":"brown-leather-monk-strap-shoes","status":"publish","type":"product","link":"https:\/\/turkishtrade.co\/tr\/shop\/brown-leather-monk-strap-shoes\/","title":{"rendered":"Erkek Kahverengi Dana Derisi Monk Kay\u0131\u015fl\u0131 Ayakkab\u0131"},"content":{"rendered":"<p><strong>Kahverengi Deri Monk Kay\u0131\u015fl\u0131 Ayakkab\u0131<\/strong><\/p>\n<p>Ayakkab\u0131 koleksiyonunuzu se\u00e7kin \u00fcr\u00fcnlerimizle geli\u015ftirin <b>Kahverengi Deri Monk Kay\u0131\u015fl\u0131 Ayakkab\u0131<\/b>, se\u00e7ici beyefendiler i\u00e7in m\u00fckemmel bir par\u00e7a. Bu titizlikle haz\u0131rlanm\u0131\u015f <b>kahverengi deri tek kay\u0131\u015fl\u0131 ayakkab\u0131<\/b> zamans\u0131z stili benzersiz konforla birle\u015ftirerek hem i\u015f toplant\u0131lar\u0131 hem de sofistike sosyal etkinlikler i\u00e7in m\u00fckemmel hale getiriyor. Her bir \u00e7ift, rafine esteti\u011fi ve ola\u011fan\u00fcst\u00fc yap\u0131 kalitesiyle kal\u0131c\u0131 bir etki b\u0131rakmak i\u00e7in tasarlanm\u0131\u015f \u00fcst\u00fcn bir sanat sergilemektedir.<\/p>\n<h3>E\u015fsiz Kalite ve Konfor<\/h3>\n<p>Bizim <b>kahverengi deri tek kay\u0131\u015fl\u0131 ayakkab\u0131<\/b> en iyi hakiki dana derisinden \u00fcretilmi\u015ftir ve zaman i\u00e7inde g\u00fczel bir \u015fekilde eskiyen zengin, parlak kahverengi bir d\u0131\u015f y\u00fczey sunar. Dana derisinin do\u011fal dayan\u0131kl\u0131l\u0131\u011f\u0131 ve esnek yap\u0131s\u0131, bu ayakkab\u0131lar\u0131n y\u0131llarca gard\u0131robunuzun vazge\u00e7ilmezi olmas\u0131n\u0131 sa\u011flar. \u0130\u00e7 k\u0131sma ad\u0131m att\u0131\u011f\u0131n\u0131zda, yumu\u015fakl\u0131\u011f\u0131 ve nefes alabilirli\u011fi ile \u00fcnl\u00fc ke\u00e7i derisi astar\u0131n l\u00fcks kucaklamas\u0131n\u0131 deneyimleyeceksiniz. Bu birinci s\u0131n\u0131f i\u00e7 k\u0131s\u0131m, ki\u015fiselle\u015ftirilmi\u015f bir uyum i\u00e7in aya\u011f\u0131n\u0131za uyum sa\u011flayarak ve uzun s\u00fcreli kullan\u0131mdan sonra bile yorgunlu\u011fu en aza indirerek ola\u011fan\u00fcst\u00fc konfor sa\u011flar.<\/p>\n<p>Ay\u0131rt edici tekli monk kay\u0131\u015f tasar\u0131m\u0131, klasik sofistike bir dokunu\u015f katarken, ince ama \u015f\u0131k bir s\u00fcsleme sa\u011flayan \u015fapka parma\u011f\u0131ndaki zarif brogue detaylar\u0131yla tamamlanmaktad\u0131r. Bunlar <b>kahverengi deri tek kay\u0131\u015fl\u0131 ayakkab\u0131<\/b> ayakkab\u0131dan daha fazlas\u0131d\u0131r; rafine bir zevkin ifadesi ve geleneksel ayakkab\u0131c\u0131l\u0131k i\u015f\u00e7ili\u011finin bir kan\u0131t\u0131d\u0131r.<\/p>\n<h3>Performans ve Stil i\u00e7in Tasarland\u0131<\/h3>\n<p>Alt k\u0131s\u0131mdaki hafif Microlight taban, gereksiz hacim eklemeden m\u00fckemmel kavrama ve esneklik sa\u011flar. Bu yenilik\u00e7i taban teknolojisi, rahat bir ad\u0131m ve \u00fcst\u00fcn \u015fok emilimi sa\u011flayarak bu ayakkab\u0131lar\u0131 <b>kahverengi deri tek kay\u0131\u015fl\u0131 ayakkab\u0131<\/b> \u00e7e\u015fitli kentsel ortamlar i\u00e7in uygundur. 1-3 cm'lik ince topuk y\u00fcksekli\u011fi ile kendinden emin bir duru\u015f ve zarif bir siluet i\u00e7in do\u011fru miktarda kald\u0131rma sa\u011flar.<\/p>\n<p>\u0130ster keskin bir i\u015f tak\u0131m\u0131yla, ister \u015f\u0131k g\u00fcndelik pantolonlarla e\u015fle\u015ftirilsin, isterse de zarif bir hafta sonu g\u00f6r\u00fcn\u00fcm\u00fc i\u00e7in birinci s\u0131n\u0131f kot pantolonlarla giyilsin <b>kahverengi deri tek kay\u0131\u015fl\u0131 ayakkab\u0131<\/b> ola\u011fan\u00fcst\u00fc \u00e7ok y\u00f6nl\u00fcl\u00fck sunar. 39'dan 45'e kadar uzanan geni\u015f bir beden yelpazesinde her beyefendi i\u00e7in m\u00fckemmel bir uyum sa\u011fl\u0131yoruz. Bu ola\u011fan\u00fcst\u00fc <b>kahverengi deri tek kay\u0131\u015fl\u0131 ayakkab\u0131<\/b> minimum 8 \u00e7ift sipari\u015f miktar\u0131 ve 12 g\u00fcn art\u0131 nakliye s\u00fcresi ile toptan sat\u0131n al\u0131nabilir. Bu zarif ayakkab\u0131lardan bir \u00e7ifte yat\u0131r\u0131m yap\u0131n <b>kahverengi deri tek kay\u0131\u015fl\u0131 ayakkab\u0131<\/b> ve gelenek, kalite ve modern sofistikeli\u011fin m\u00fckemmel kar\u0131\u015f\u0131m\u0131n\u0131 ke\u015ffedin.<\/p>","protected":false},"excerpt":{"rendered":"<ul>\n<li>\u00dcst\u00fcn kalite ve y\u00fczey i\u00e7in birinci s\u0131n\u0131f dana derisinden \u00fcretilmi\u015ftir.<\/li>\n<li>Ola\u011fan\u00fcst\u00fc konfor ve nefes alabilirlik i\u00e7in l\u00fcks Ke\u00e7i Derisi i\u00e7 astar.<\/li>\n<li>M\u00fckemmel kavrama \u00f6zelli\u011fiyle g\u00fcn boyu kullan\u0131m i\u00e7in hafif ve dayan\u0131kl\u0131 Microlight taban.<\/li>\n<li>\u015e\u0131k Monk Strap tasar\u0131m\u0131 ve burnunda sofistike brogue detaylar.<\/li>\n<li>Minimum 8 \u00e7ift miktar\u0131nda toptan sipari\u015fler i\u00e7in mevcuttur.<\/li>\n<li>Kendinden emin bir ad\u0131m i\u00e7in 1-3 cm aras\u0131nda de\u011fi\u015fen ince topuk y\u00fcksekli\u011fi.<\/li>\n<\/ul>","protected":false},"featured_media":3421,"template":"","meta":{"_acf_changed":false,"_uag_custom_page_level_css":"","site-sidebar-layout":"default","site-content-layout":"","ast-site-content-layout":"default","site-content-style":"default","site-sidebar-style":"default","ast-global-header-display":"","ast-banner-title-visibility":"","ast-main-header-display":"","ast-hfb-above-header-display":"","ast-hfb-below-header-display":"","ast-hfb-mobile-header-display":"","site-post-title":"","ast-breadcrumbs-content":"","ast-featured-img":"","footer-sml-layout":"","ast-disable-related-posts":"","theme-transparent-header-meta":"default","adv-header-id-meta":"","stick-header-meta":"","header-above-stick-meta":"","header-main-stick-meta":"","header-below-stick-meta":"","astra-migrate-meta-layouts":"set","ast-page-background-enabled":"default","ast-page-background-meta":{"desktop":{"background-color":"var(--ast-global-color-4)","background-image":"","background-repeat":"repeat","background-position":"center center","background-size":"auto","background-attachment":"scroll","background-type":"","background-media":"","overlay-type":"","overlay-color":"","overlay-opacity":"","overlay-gradient":""},"tablet":{"background-color":"","background-image":"","background-repeat":"repeat","background-position":"center center","background-size":"auto","background-attachment":"scroll","background-type":"","background-media":"","overlay-type":"","overlay-color":"","overlay-opacity":"","overlay-gradient":""},"mobile":{"background-color":"","background-image":"","background-repeat":"repeat","background-position":"center center","background-size":"auto","background-attachment":"scroll","background-type":"","background-media":"","overlay-type":"","overlay-color":"","overlay-opacity":"","overlay-gradient":""}},"ast-content-background-meta":{"desktop":{"background-color":"var(--ast-global-color-5)","background-image":"","background-repeat":"repeat","background-position":"center center","background-size":"auto","background-attachment":"scroll","background-type":"","background-media":"","overlay-type":"","overlay-color":"","overlay-opacity":"","overlay-gradient":""},"tablet":{"background-color":"var(--ast-global-color-5)","background-image":"","background-repeat":"repeat","background-position":"center center","background-size":"auto","background-attachment":"scroll","background-type":"","background-media":"","overlay-type":"","overlay-color":"","overlay-opacity":"","overlay-gradient":""},"mobile":{"background-color":"var(--ast-global-color-5)","background-image":"","background-repeat":"repeat","background-position":"center center","background-size":"auto","background-attachment":"scroll","background-type":"","background-media":"","overlay-type":"","overlay-color":"","overlay-opacity":"","overlay-gradient":""}}},"product_brand":[],"product_cat":[47,430,40],"product_tag":[643,292,391,202,644,480,251,189,450,416,324,198,466,261,642,281],"class_list":{"0":"post-5053","1":"product","2":"type-product","3":"status-publish","4":"has-post-thumbnail","6":"product_cat-classic","7":"product_cat-men","8":"product_cat-mens-shoes","9":"product_tag-brogue-detailing","10":"product_tag-brown-leather-shoes","11":"product_tag-buckle-shoes","12":"product_tag-calf-leather","13":"product_tag-classic-footwear","14":"product_tag-elegant-shoes","15":"product_tag-formal-shoes","16":"product_tag-goat-leather-lining","17":"product_tag-handcrafted-shoes","18":"product_tag-luxury-shoes","19":"product_tag-mens-dress-shoes","20":"product_tag-mens-fashion","21":"product_tag-microlight-sole","22":"product_tag-monk-strap-shoes","23":"product_tag-semi-formal-shoes","24":"product_tag-wholesale-shoes","25":"desktop-align-center","26":"tablet-align-center","27":"mobile-align-center","29":"first","30":"instock","31":"shipping-taxable","32":"purchasable","33":"product-type-variable","34":"has-default-attributes"},"acf":[],"uagb_featured_image_src":{"full":["https:\/\/turkishtrade.co\/wp-content\/uploads\/2026\/01\/2400EJOMN00047-BROWN-Z_950.png",453,250,false],"thumbnail":["https:\/\/turkishtrade.co\/wp-content\/uploads\/2026\/01\/2400EJOMN00047-BROWN-Z_950-150x150.png",150,150,true],"medium":["https:\/\/turkishtrade.co\/wp-content\/uploads\/2026\/01\/2400EJOMN00047-BROWN-Z_950-300x166.png",300,166,true],"medium_large":["https:\/\/turkishtrade.co\/wp-content\/uploads\/2026\/01\/2400EJOMN00047-BROWN-Z_950.png",453,250,false],"large":["https:\/\/turkishtrade.co\/wp-content\/uploads\/2026\/01\/2400EJOMN00047-BROWN-Z_950.png",453,250,false],"1536x1536":["https:\/\/turkishtrade.co\/wp-content\/uploads\/2026\/01\/2400EJOMN00047-BROWN-Z_950.png",453,250,false],"2048x2048":["https:\/\/turkishtrade.co\/wp-content\/uploads\/2026\/01\/2400EJOMN00047-BROWN-Z_950.png",453,250,false],"trp-custom-language-flag":["https:\/\/turkishtrade.co\/wp-content\/uploads\/2026\/01\/2400EJOMN00047-BROWN-Z_950-18x10.png",18,10,true],"woocommerce_thumbnail":["https:\/\/turkishtrade.co\/wp-content\/uploads\/2026\/01\/2400EJOMN00047-BROWN-Z_950-400x250.png",400,250,true],"woocommerce_single":["https:\/\/turkishtrade.co\/wp-content\/uploads\/2026\/01\/2400EJOMN00047-BROWN-Z_950.png",453,250,false],"woocommerce_gallery_thumbnail":["https:\/\/turkishtrade.co\/wp-content\/uploads\/2026\/01\/2400EJOMN00047-BROWN-Z_950-100x100.png",100,100,true]},"uagb_author_info":{"display_name":"yaser olabi","author_link":"https:\/\/turkishtrade.co\/tr\/author\/"},"uagb_comment_info":0,"uagb_excerpt":"Crafted from premium Calf Leather for superior quality and finish. Luxurious Goat Leather interior lining for exceptional comfort and breathability. Lightweight and durable Microlight sole for all-day wear with excellent grip. Elegant Monk Strap design with sophisticated brogue detailing on the cap toe. Available for wholesale orders with a minimum quantity of 8 pairs. Subtle&hellip;","_links":{"self":[{"href":"https:\/\/turkishtrade.co\/tr\/wp-json\/wp\/v2\/product\/5053","targetHints":{"allow":["GET"]}}],"collection":[{"href":"https:\/\/turkishtrade.co\/tr\/wp-json\/wp\/v2\/product"}],"about":[{"href":"https:\/\/turkishtrade.co\/tr\/wp-json\/wp\/v2\/types\/product"}],"wp:featuredmedia":[{"embeddable":true,"href":"https:\/\/turkishtrade.co\/tr\/wp-json\/wp\/v2\/media\/3421"}],"wp:attachment":[{"href":"https:\/\/turkishtrade.co\/tr\/wp-json\/wp\/v2\/media?parent=5053"}],"wp:term":[{"taxonomy":"product_brand","embeddable":true,"href":"https:\/\/turkishtrade.co\/tr\/wp-json\/wp\/v2\/product_brand?post=5053"},{"taxonomy":"product_cat","embeddable":true,"href":"https:\/\/turkishtrade.co\/tr\/wp-json\/wp\/v2\/product_cat?post=5053"},{"taxonomy":"product_tag","embeddable":true,"href":"https:\/\/turkishtrade.co\/tr\/wp-json\/wp\/v2\/product_tag?post=5053"}],"curies":[{"name":"wp","href":"https:\/\/api.w.org\/{rel}","templated":true}]}}