{"id":5047,"date":"2026-01-14T11:04:53","date_gmt":"2026-01-14T11:04:53","guid":{"rendered":"https:\/\/turkishtrade.co\/product\/men-calf-leather-derby-shoes\/"},"modified":"2026-04-09T19:45:52","modified_gmt":"2026-04-09T19:45:52","slug":"mens-calf-leather-derby-shoes-luxury","status":"publish","type":"product","link":"https:\/\/turkishtrade.co\/tr\/shop\/mens-calf-leather-derby-shoes-luxury\/","title":{"rendered":"Premium Erkek Dana Derisi Cap Toe Derby Ayakkab\u0131"},"content":{"rendered":"<p><strong>Erkek Dana Derisi Derby Ayakkab\u0131<\/strong><\/p>\n<p>Enfes koleksiyonumuzla benzersiz bir sofistike ve rahatl\u0131\u011fa ad\u0131m at\u0131n <strong>Erkek Dana Derisi Derby Ayakkab\u0131<\/strong>. Se\u00e7kin beyefendiler i\u00e7in tasarlanan bu birinci s\u0131n\u0131f elbise ayakkab\u0131lar\u0131, zamans\u0131z \u015f\u0131kl\u0131\u011f\u0131 modern i\u015f\u00e7ilikle harmanl\u0131yor. Her bir \u00e7ift, en iyi malzemeler kullan\u0131larak titizlikle \u00fcretilmi\u015ftir ve yaln\u0131zca se\u00e7kin bir g\u00f6r\u00fcn\u00fcm de\u011fil, ayn\u0131 zamanda ola\u011fan\u00fcst\u00fc dayan\u0131kl\u0131l\u0131k ve giyilebilirlik de sa\u011flar. \u0130ster \u00f6nemli bir i\u015f toplant\u0131s\u0131na, ister resmi bir etkinli\u011fe kat\u0131l\u0131yor olun, ister sadece g\u00fcnl\u00fck k\u0131yafetinizi y\u00fckseltiyor olun, bu Derby ayakkab\u0131lar g\u00f6steri\u015fli bir topluluk i\u00e7in m\u00fckemmel bir temel olu\u015fturur.<\/p>\n<h3>Rakipsiz Kalite ve \u00dcst\u00fcn Konfor<\/h3>\n<p>Bu l\u00fcks binalar\u0131n d\u0131\u015f cephesi <strong>Erkek Dana Derisi Derby Ayakkab\u0131<\/strong> esnek, y\u00fcksek kaliteli dana derisinden \u00fcretilmi\u015ftir. P\u00fcr\u00fczs\u00fcz dokusu, esnekli\u011fi ve zarif parlakl\u0131\u011f\u0131 ile bilinen dana derisi, zaman i\u00e7inde g\u00fczel bir \u015fekilde eskiyen birinci s\u0131n\u0131f bir estetik sunar. Bu malzeme se\u00e7imi, ayakkab\u0131lar\u0131n\u0131z\u0131n d\u00fczenli kullan\u0131mda bile bozulmam\u0131\u015f g\u00f6r\u00fcn\u00fcm\u00fcn\u00fc korumas\u0131n\u0131 garanti eder ve \u00f6ne \u00e7\u0131kan bir kalite taahh\u00fcd\u00fcn\u00fc yans\u0131t\u0131r. \u0130\u00e7 k\u0131s\u0131mda, ayaklar\u0131n\u0131z hakiki ke\u00e7i derisi astar\u0131n ho\u015fg\u00f6r\u00fcl\u00fc yumu\u015fakl\u0131\u011f\u0131n\u0131 deneyimleyecektir. Ke\u00e7i derisi nefes alabilirli\u011fi ve esnekli\u011fi ile \u00fcnl\u00fcd\u00fcr, aya\u011f\u0131n\u0131z\u0131n \u015fekline uyum sa\u011flayarak ki\u015fiye \u00f6zel bir uyum sunar ve destekten \u00f6d\u00fcn vermeden g\u00fcn boyu rahatl\u0131k sa\u011flar.<\/p>\n<h3>Modern Giyim i\u00e7in Yenilik\u00e7i Tasar\u0131m<\/h3>\n<p>Konfor i\u00e7 mekanla bitmiyor. Bizim <strong>Erkek Dana Derisi Derby Ayakkab\u0131<\/strong> hafif yast\u0131klama ve \u00fcst\u00fcn esneklik sa\u011flamak \u00fczere tasarlanm\u0131\u015f geli\u015fmi\u015f Microlight tabana sahiptir. Bu yenilik\u00e7i taban teknolojisi darbeyi emerek her ad\u0131m\u0131n zahmetsizce at\u0131lmas\u0131n\u0131 sa\u011flarken, 1-3 cm'lik ince topuk y\u00fcksekli\u011fi dengeden \u00f6d\u00fcn vermeden sofistike bir dokunu\u015f katar. Klasik kap-toe Derby tasar\u0131m\u0131, bu ayakkab\u0131lar\u0131 en resmi ortamlardan \u015f\u0131k ve g\u00fcndelik toplant\u0131lara kadar \u00e7ok \u00e7e\u015fitli durumlar i\u00e7in uygun hale getirerek ola\u011fan\u00fcst\u00fc bir \u00e7ok y\u00f6nl\u00fcl\u00fck sunar. 39 ile 45 numara aras\u0131nda mevcut olan bu ayakkab\u0131lar, zarif ayakkab\u0131lar arayan her beyefendi i\u00e7in m\u00fckemmel bir uyum sa\u011flar.<\/p>\n<h3>Toplu Sipari\u015fler i\u00e7in G\u00fcvenilir Orta\u011f\u0131n\u0131z<\/h3>\n<p>Perakendeciler, moda evleri veya y\u00fcksek kaliteli ayakkab\u0131 stoklamak isteyenler i\u00e7in toplu al\u0131mlarda cazip se\u00e7enekler sunuyoruz. Minimum 8 \u00e7ift sipari\u015fle, bu aranan ayakkab\u0131lar\u0131 zahmetsizce edinebilirsiniz <strong>Erkek Dana Derisi Derby Ayakkab\u0131<\/strong> m\u00fc\u015fterileriniz i\u00e7in. Etkin s\u00fcrecimiz, yakla\u015f\u0131k 12 g\u00fcn art\u0131 nakliye s\u00fcresi sa\u011flayarak envanterinizi g\u00fcvenle planlaman\u0131za olanak tan\u0131r. Klasik stili, birinci s\u0131n\u0131f malzemeleri ve ola\u011fan\u00fcst\u00fc konforu bir araya getirerek koleksiyonunuz i\u00e7in yeni bir \u00f6l\u00e7\u00fct olu\u015fturan ayakkab\u0131lara yat\u0131r\u0131m yap\u0131n.<\/p>","protected":false},"excerpt":{"rendered":"<ul>\n<li><b>Premium Dana Derisi D\u0131\u015f Y\u00fczey:<\/b> Kal\u0131c\u0131 \u015f\u0131kl\u0131k i\u00e7in l\u00fcks ve dayan\u0131kl\u0131 kaplama.<\/li>\n<li><b>Yumu\u015fak Ke\u00e7i Derisi \u0130\u00e7 Mekan:<\/b> G\u00fcn boyu maksimum konfor ve nefes alabilirlik sa\u011flar.<\/li>\n<li><b>Hafif Microlight Taban:<\/b> 1-3 cm topuk ile ola\u011fan\u00fcst\u00fc konfor ve esneklik sa\u011flar.<\/li>\n<li><b>\u00c7ok y\u00f6nl\u00fc Cap Toe Derby Stili:<\/b> Resmi ve \u015f\u0131k g\u00fcndelik davetler i\u00e7in m\u00fckemmeldir.<\/li>\n<li><b>Mevcut Boyutlar:<\/b> M\u00fckemmel bir uyum sa\u011flamak i\u00e7in 39 ile 45 aras\u0131nda de\u011fi\u015fir.<\/li>\n<li><b>Toplu Bulunabilirlik:<\/b> Minimum 8 \u00e7ift sipari\u015f; perakendeciler ve b\u00fcy\u00fck al\u0131mlar i\u00e7in idealdir.<\/li>\n<\/ul>","protected":false},"featured_media":3418,"template":"","meta":{"_acf_changed":false,"_uag_custom_page_level_css":"","site-sidebar-layout":"default","site-content-layout":"","ast-site-content-layout":"default","site-content-style":"default","site-sidebar-style":"default","ast-global-header-display":"","ast-banner-title-visibility":"","ast-main-header-display":"","ast-hfb-above-header-display":"","ast-hfb-below-header-display":"","ast-hfb-mobile-header-display":"","site-post-title":"","ast-breadcrumbs-content":"","ast-featured-img":"","footer-sml-layout":"","ast-disable-related-posts":"","theme-transparent-header-meta":"default","adv-header-id-meta":"","stick-header-meta":"","header-above-stick-meta":"","header-main-stick-meta":"","header-below-stick-meta":"","astra-migrate-meta-layouts":"set","ast-page-background-enabled":"default","ast-page-background-meta":{"desktop":{"background-color":"var(--ast-global-color-4)","background-image":"","background-repeat":"repeat","background-position":"center center","background-size":"auto","background-attachment":"scroll","background-type":"","background-media":"","overlay-type":"","overlay-color":"","overlay-opacity":"","overlay-gradient":""},"tablet":{"background-color":"","background-image":"","background-repeat":"repeat","background-position":"center center","background-size":"auto","background-attachment":"scroll","background-type":"","background-media":"","overlay-type":"","overlay-color":"","overlay-opacity":"","overlay-gradient":""},"mobile":{"background-color":"","background-image":"","background-repeat":"repeat","background-position":"center center","background-size":"auto","background-attachment":"scroll","background-type":"","background-media":"","overlay-type":"","overlay-color":"","overlay-opacity":"","overlay-gradient":""}},"ast-content-background-meta":{"desktop":{"background-color":"var(--ast-global-color-5)","background-image":"","background-repeat":"repeat","background-position":"center center","background-size":"auto","background-attachment":"scroll","background-type":"","background-media":"","overlay-type":"","overlay-color":"","overlay-opacity":"","overlay-gradient":""},"tablet":{"background-color":"var(--ast-global-color-5)","background-image":"","background-repeat":"repeat","background-position":"center center","background-size":"auto","background-attachment":"scroll","background-type":"","background-media":"","overlay-type":"","overlay-color":"","overlay-opacity":"","overlay-gradient":""},"mobile":{"background-color":"var(--ast-global-color-5)","background-image":"","background-repeat":"repeat","background-position":"center center","background-size":"auto","background-attachment":"scroll","background-type":"","background-media":"","overlay-type":"","overlay-color":"","overlay-opacity":"","overlay-gradient":""}}},"product_brand":[],"product_cat":[47,430,40],"product_tag":[196,202,638,212,609,251,189,416,324,466,392,281],"class_list":{"0":"post-5047","1":"product","2":"type-product","3":"status-publish","4":"has-post-thumbnail","6":"product_cat-classic","7":"product_cat-men","8":"product_cat-mens-shoes","9":"product_tag-black-leather-shoes","10":"product_tag-calf-leather","11":"product_tag-cap-toe","12":"product_tag-derby-shoes","13":"product_tag-elegant-mens-shoes","14":"product_tag-formal-shoes","15":"product_tag-goat-leather-lining","16":"product_tag-luxury-shoes","17":"product_tag-mens-dress-shoes","18":"product_tag-microlight-sole","19":"product_tag-premium-dress-shoes","20":"product_tag-wholesale-shoes","21":"desktop-align-center","22":"tablet-align-center","23":"mobile-align-center","25":"first","26":"instock","27":"shipping-taxable","28":"purchasable","29":"product-type-variable","30":"has-default-attributes"},"acf":[],"uagb_featured_image_src":{"full":["https:\/\/turkishtrade.co\/wp-content\/uploads\/2026\/01\/2400EJOMN00045-DARK-BLUE-Z_234.png",453,250,false],"thumbnail":["https:\/\/turkishtrade.co\/wp-content\/uploads\/2026\/01\/2400EJOMN00045-DARK-BLUE-Z_234-150x150.png",150,150,true],"medium":["https:\/\/turkishtrade.co\/wp-content\/uploads\/2026\/01\/2400EJOMN00045-DARK-BLUE-Z_234-300x166.png",300,166,true],"medium_large":["https:\/\/turkishtrade.co\/wp-content\/uploads\/2026\/01\/2400EJOMN00045-DARK-BLUE-Z_234.png",453,250,false],"large":["https:\/\/turkishtrade.co\/wp-content\/uploads\/2026\/01\/2400EJOMN00045-DARK-BLUE-Z_234.png",453,250,false],"1536x1536":["https:\/\/turkishtrade.co\/wp-content\/uploads\/2026\/01\/2400EJOMN00045-DARK-BLUE-Z_234.png",453,250,false],"2048x2048":["https:\/\/turkishtrade.co\/wp-content\/uploads\/2026\/01\/2400EJOMN00045-DARK-BLUE-Z_234.png",453,250,false],"trp-custom-language-flag":["https:\/\/turkishtrade.co\/wp-content\/uploads\/2026\/01\/2400EJOMN00045-DARK-BLUE-Z_234-18x10.png",18,10,true],"woocommerce_thumbnail":["https:\/\/turkishtrade.co\/wp-content\/uploads\/2026\/01\/2400EJOMN00045-DARK-BLUE-Z_234-400x250.png",400,250,true],"woocommerce_single":["https:\/\/turkishtrade.co\/wp-content\/uploads\/2026\/01\/2400EJOMN00045-DARK-BLUE-Z_234.png",453,250,false],"woocommerce_gallery_thumbnail":["https:\/\/turkishtrade.co\/wp-content\/uploads\/2026\/01\/2400EJOMN00045-DARK-BLUE-Z_234-100x100.png",100,100,true]},"uagb_author_info":{"display_name":"yaser olabi","author_link":"https:\/\/turkishtrade.co\/tr\/author\/"},"uagb_comment_info":0,"uagb_excerpt":"Premium Calf Leather Exterior: Luxurious and durable finish for lasting elegance. Soft Goat Leather Interior: Ensures maximum comfort and breathability all day long. Lightweight Microlight Sole: Provides exceptional comfort and flexibility with a 1-3 cm heel. Versatile Cap Toe Derby Style: Perfect for formal and smart-casual occasions. Available Sizes: Ranging from 39 to 45 to&hellip;","_links":{"self":[{"href":"https:\/\/turkishtrade.co\/tr\/wp-json\/wp\/v2\/product\/5047","targetHints":{"allow":["GET"]}}],"collection":[{"href":"https:\/\/turkishtrade.co\/tr\/wp-json\/wp\/v2\/product"}],"about":[{"href":"https:\/\/turkishtrade.co\/tr\/wp-json\/wp\/v2\/types\/product"}],"wp:featuredmedia":[{"embeddable":true,"href":"https:\/\/turkishtrade.co\/tr\/wp-json\/wp\/v2\/media\/3418"}],"wp:attachment":[{"href":"https:\/\/turkishtrade.co\/tr\/wp-json\/wp\/v2\/media?parent=5047"}],"wp:term":[{"taxonomy":"product_brand","embeddable":true,"href":"https:\/\/turkishtrade.co\/tr\/wp-json\/wp\/v2\/product_brand?post=5047"},{"taxonomy":"product_cat","embeddable":true,"href":"https:\/\/turkishtrade.co\/tr\/wp-json\/wp\/v2\/product_cat?post=5047"},{"taxonomy":"product_tag","embeddable":true,"href":"https:\/\/turkishtrade.co\/tr\/wp-json\/wp\/v2\/product_tag?post=5047"}],"curies":[{"name":"wp","href":"https:\/\/api.w.org\/{rel}","templated":true}]}}