{"id":5039,"date":"2026-01-14T11:03:47","date_gmt":"2026-01-14T11:03:47","guid":{"rendered":"https:\/\/turkishtrade.co\/product\/men-black-leather-derby-shoes-2\/"},"modified":"2026-04-09T19:46:08","modified_gmt":"2026-04-09T19:46:08","slug":"epic-mens-black-leather-derby-shoes","status":"publish","type":"product","link":"https:\/\/turkishtrade.co\/tr\/shop\/epic-mens-black-leather-derby-shoes\/","title":{"rendered":"Microlight Tabanl\u0131 Premium Erkek Siyah Deri Derby Ayakkab\u0131"},"content":{"rendered":"<p><strong>Erkek Siyah Deri Derby Ayakkab\u0131<\/strong><\/p>\n<p>Ayakkab\u0131 koleksiyonunuzu se\u00e7kin \u00fcr\u00fcnlerimizle geli\u015ftirin <strong>Erkek Siyah Deri Derby Ayakkab\u0131<\/strong>. Titizlikle m\u00fckemmel bir \u015fekilde \u00fcretilen bu birinci s\u0131n\u0131f ayakkab\u0131lar, zamans\u0131z \u015f\u0131kl\u0131\u011f\u0131 benzersiz konforla birle\u015ftirerek her se\u00e7kin beyefendinin gard\u0131robuna vazge\u00e7ilmez bir katk\u0131 sa\u011flar. Hem resmi davetler hem de \u015f\u0131k g\u00fcndelik tak\u0131mlar i\u00e7in tasarlanan <strong>Erkek Siyah Deri Derby Ayakkab\u0131<\/strong> \u00fcst\u00fcn i\u015f\u00e7ilik ve l\u00fcks malzemelerin bir kan\u0131t\u0131d\u0131r.<\/p>\n<h3>Rakipsiz Kalite ve Konfor<\/h3>\n<p>Bu \u00e7arp\u0131c\u0131 \u00e7iftlerin her biri <strong>Erkek Siyah Deri Derby Ayakkab\u0131<\/strong> D\u0131\u015f y\u00fczeyi p\u00fcr\u00fczs\u00fcz dokusu, dayan\u0131kl\u0131l\u0131\u011f\u0131 ve sofistike g\u00f6r\u00fcn\u00fcm\u00fcyle bilinen en iyi kalite dana derisinden yap\u0131lm\u0131\u015ft\u0131r. \u0130\u00e7 k\u0131sm\u0131 yumu\u015fak ke\u00e7i derisi ile astarlanm\u0131\u015ft\u0131r ve g\u00fcn boyu s\u00fcren ola\u011fan\u00fcst\u00fc nefes alabilirlik ve konfor sa\u011flar. Bu m\u00fckemmel kombinasyon, her ad\u0131mda eldiven gibi bir uyum ve l\u00fcks bir his sa\u011flar. Sa\u011flam ancak hafif Microlight taban, \u00fcst\u00fcn yast\u0131klama ve esneklik sunarak yorgunlu\u011fu azalt\u0131r ve bu <strong>Erkek Siyah Deri Derby Ayakkab\u0131<\/strong> sabahtan ak\u015fama kadar giymek i\u00e7in bir zevk. 1-3 cm'lik ince topuk y\u00fcksekli\u011fi ile dengeden \u00f6d\u00fcn vermeden do\u011fru y\u00fckseli\u015fi sa\u011flar.<\/p>\n<h3>Her Durum i\u00e7in \u00c7ok Y\u00f6nl\u00fc Stil<\/h3>\n<p>A\u00e7\u0131k ba\u011fc\u0131k sistemiyle karakterize edilen klasik Derby silueti, toplant\u0131 odas\u0131ndan ak\u015fam d\u0131\u015far\u0131 \u00e7\u0131kmaya kadar sorunsuz bir \u015fekilde ge\u00e7i\u015f yapabilen \u00e7ok y\u00f6nl\u00fc bir g\u00f6r\u00fcn\u00fcm sunar. Bu sofistike siyah kaplama <strong>Erkek Siyah Deri Derby Ayakkab\u0131<\/strong> Keskin i\u015f tak\u0131mlar\u0131ndan daha rahat chino pantolonlara ve blazer ceketlere kadar \u00e7e\u015fitli k\u0131yafetlerle zahmetsizce e\u015fle\u015fmelerini sa\u011flar. \u0130ster kritik bir toplant\u0131ya, ister resmi bir etkinli\u011fe kat\u0131l\u0131yor olun, ister sadece g\u00fcnl\u00fck stilinizi y\u00fckseltmek istiyor olun, bu <strong>Erkek Siyah Deri Derby Ayakkab\u0131<\/strong> m\u00fckemmel bir se\u00e7imdir. \u0130nce dokulu panellere sahip zamans\u0131z tasar\u0131mlar\u0131, klasik \u00e7ekiciliklerinden \u00f6d\u00fcn vermeden benzersiz bir dokunu\u015f katar.<\/p>\n<h3>Toplu Al\u0131mlar i\u00e7in \u0130deal<\/h3>\n<p>Perakendeciler, toptanc\u0131lar veya y\u00fcksek kaliteli ayakkab\u0131 stoklamak isteyenler i\u00e7in \u015fu istisnai \u00fcr\u00fcnleri sunuyoruz <strong>Erkek Siyah Deri Derby Ayakkab\u0131<\/strong> Minimum 8 \u00e7ift sipari\u015f miktar\u0131 ile. \u00c7ift ba\u015f\u0131na rekabet\u00e7i fiyatlardan ve 12 g\u00fcn art\u0131 nakliye gibi g\u00fcvenilir bir teslim s\u00fcresinden yararlan\u0131n. \u00dcst\u00fcn kaliteli koleksiyonumuzla kal\u0131c\u0131 stil ve konfora yat\u0131r\u0131m yap\u0131n <strong>Erkek Siyah Deri Derby Ayakkab\u0131<\/strong>.<\/p>","protected":false},"excerpt":{"rendered":"<ul>\n<li>Birinci s\u0131n\u0131f Dana Derisi d\u0131\u015f y\u00fczey ve yumu\u015fak Ke\u00e7i Derisi i\u00e7 k\u0131s\u0131mdan el yap\u0131m\u0131 olarak \u00fcretilmi\u015ftir.<\/li>\n<li>T\u00fcm g\u00fcn kullan\u0131m i\u00e7in rahat ve hafif Microlight tabana sahiptir.<\/li>\n<li>1-3 cm topuk y\u00fcksekli\u011fine sahip klasik Derby stili.<\/li>\n<li>M\u00fckemmel uyum i\u00e7in 39-45 bedenleri mevcuttur.<\/li>\n<li>Minimum 8 \u00e7ift sipari\u015f; toptan ve toplu al\u0131mlar i\u00e7in idealdir.<\/li>\n<li>Teslim s\u00fcresi: 12 g\u00fcn + nakliye.<\/li>\n<\/ul>","protected":false},"featured_media":3412,"template":"","meta":{"_acf_changed":false,"_uag_custom_page_level_css":"","site-sidebar-layout":"default","site-content-layout":"","ast-site-content-layout":"default","site-content-style":"default","site-sidebar-style":"default","ast-global-header-display":"","ast-banner-title-visibility":"","ast-main-header-display":"","ast-hfb-above-header-display":"","ast-hfb-below-header-display":"","ast-hfb-mobile-header-display":"","site-post-title":"","ast-breadcrumbs-content":"","ast-featured-img":"","footer-sml-layout":"","ast-disable-related-posts":"","theme-transparent-header-meta":"default","adv-header-id-meta":"","stick-header-meta":"","header-above-stick-meta":"","header-main-stick-meta":"","header-below-stick-meta":"","astra-migrate-meta-layouts":"set","ast-page-background-enabled":"default","ast-page-background-meta":{"desktop":{"background-color":"var(--ast-global-color-4)","background-image":"","background-repeat":"repeat","background-position":"center center","background-size":"auto","background-attachment":"scroll","background-type":"","background-media":"","overlay-type":"","overlay-color":"","overlay-opacity":"","overlay-gradient":""},"tablet":{"background-color":"","background-image":"","background-repeat":"repeat","background-position":"center center","background-size":"auto","background-attachment":"scroll","background-type":"","background-media":"","overlay-type":"","overlay-color":"","overlay-opacity":"","overlay-gradient":""},"mobile":{"background-color":"","background-image":"","background-repeat":"repeat","background-position":"center center","background-size":"auto","background-attachment":"scroll","background-type":"","background-media":"","overlay-type":"","overlay-color":"","overlay-opacity":"","overlay-gradient":""}},"ast-content-background-meta":{"desktop":{"background-color":"var(--ast-global-color-5)","background-image":"","background-repeat":"repeat","background-position":"center center","background-size":"auto","background-attachment":"scroll","background-type":"","background-media":"","overlay-type":"","overlay-color":"","overlay-opacity":"","overlay-gradient":""},"tablet":{"background-color":"var(--ast-global-color-5)","background-image":"","background-repeat":"repeat","background-position":"center center","background-size":"auto","background-attachment":"scroll","background-type":"","background-media":"","overlay-type":"","overlay-color":"","overlay-opacity":"","overlay-gradient":""},"mobile":{"background-color":"var(--ast-global-color-5)","background-image":"","background-repeat":"repeat","background-position":"center center","background-size":"auto","background-attachment":"scroll","background-type":"","background-media":"","overlay-type":"","overlay-color":"","overlay-opacity":"","overlay-gradient":""}}},"product_brand":[],"product_cat":[47,430,40],"product_tag":[407,629,405,202,145,222,284,439,251,437,219,227,217,198,466,628,281],"class_list":{"0":"post-5039","1":"product","2":"type-product","3":"status-publish","4":"has-post-thumbnail","6":"product_cat-classic","7":"product_cat-men","8":"product_cat-mens-shoes","9":"product_tag-black-derby-shoes","10":"product_tag-bulk-order-shoes","11":"product_tag-business-shoes","12":"product_tag-calf-leather","13":"product_tag-classic-shoes","14":"product_tag-comfortable-shoes","15":"product_tag-dress-shoes","16":"product_tag-durable-shoes","17":"product_tag-formal-shoes","18":"product_tag-goat-leather","19":"product_tag-handmade-shoes","20":"product_tag-leather-shoes","21":"product_tag-luxury-footwear","22":"product_tag-mens-fashion","23":"product_tag-microlight-sole","24":"product_tag-office-shoes","25":"product_tag-wholesale-shoes","26":"desktop-align-center","27":"tablet-align-center","28":"mobile-align-center","30":"first","31":"instock","32":"shipping-taxable","33":"purchasable","34":"product-type-variable","35":"has-default-attributes"},"acf":[],"uagb_featured_image_src":{"full":["https:\/\/turkishtrade.co\/wp-content\/uploads\/2026\/01\/2400EJOMN00042-BLACK-X_12571.png",453,250,false],"thumbnail":["https:\/\/turkishtrade.co\/wp-content\/uploads\/2026\/01\/2400EJOMN00042-BLACK-X_12571-150x150.png",150,150,true],"medium":["https:\/\/turkishtrade.co\/wp-content\/uploads\/2026\/01\/2400EJOMN00042-BLACK-X_12571-300x166.png",300,166,true],"medium_large":["https:\/\/turkishtrade.co\/wp-content\/uploads\/2026\/01\/2400EJOMN00042-BLACK-X_12571.png",453,250,false],"large":["https:\/\/turkishtrade.co\/wp-content\/uploads\/2026\/01\/2400EJOMN00042-BLACK-X_12571.png",453,250,false],"1536x1536":["https:\/\/turkishtrade.co\/wp-content\/uploads\/2026\/01\/2400EJOMN00042-BLACK-X_12571.png",453,250,false],"2048x2048":["https:\/\/turkishtrade.co\/wp-content\/uploads\/2026\/01\/2400EJOMN00042-BLACK-X_12571.png",453,250,false],"trp-custom-language-flag":["https:\/\/turkishtrade.co\/wp-content\/uploads\/2026\/01\/2400EJOMN00042-BLACK-X_12571-18x10.png",18,10,true],"woocommerce_thumbnail":["https:\/\/turkishtrade.co\/wp-content\/uploads\/2026\/01\/2400EJOMN00042-BLACK-X_12571-400x250.png",400,250,true],"woocommerce_single":["https:\/\/turkishtrade.co\/wp-content\/uploads\/2026\/01\/2400EJOMN00042-BLACK-X_12571.png",453,250,false],"woocommerce_gallery_thumbnail":["https:\/\/turkishtrade.co\/wp-content\/uploads\/2026\/01\/2400EJOMN00042-BLACK-X_12571-100x100.png",100,100,true]},"uagb_author_info":{"display_name":"yaser olabi","author_link":"https:\/\/turkishtrade.co\/tr\/author\/"},"uagb_comment_info":0,"uagb_excerpt":"Handcrafted from premium Calf Leather exterior and soft Goat Leather interior. Features a comfortable and lightweight Microlight sole for all-day wear. Classic Derby style with a subtle 1-3 cm heel height. Available in sizes 39-45 for a perfect fit. Minimum order of 8 pairs; ideal for wholesale and bulk purchases. Lead time: 12 days +&hellip;","_links":{"self":[{"href":"https:\/\/turkishtrade.co\/tr\/wp-json\/wp\/v2\/product\/5039","targetHints":{"allow":["GET"]}}],"collection":[{"href":"https:\/\/turkishtrade.co\/tr\/wp-json\/wp\/v2\/product"}],"about":[{"href":"https:\/\/turkishtrade.co\/tr\/wp-json\/wp\/v2\/types\/product"}],"wp:featuredmedia":[{"embeddable":true,"href":"https:\/\/turkishtrade.co\/tr\/wp-json\/wp\/v2\/media\/3412"}],"wp:attachment":[{"href":"https:\/\/turkishtrade.co\/tr\/wp-json\/wp\/v2\/media?parent=5039"}],"wp:term":[{"taxonomy":"product_brand","embeddable":true,"href":"https:\/\/turkishtrade.co\/tr\/wp-json\/wp\/v2\/product_brand?post=5039"},{"taxonomy":"product_cat","embeddable":true,"href":"https:\/\/turkishtrade.co\/tr\/wp-json\/wp\/v2\/product_cat?post=5039"},{"taxonomy":"product_tag","embeddable":true,"href":"https:\/\/turkishtrade.co\/tr\/wp-json\/wp\/v2\/product_tag?post=5039"}],"curies":[{"name":"wp","href":"https:\/\/api.w.org\/{rel}","templated":true}]}}